{"id":15,"date":"2023-04-11T13:16:40","date_gmt":"2023-04-11T11:16:40","guid":{"rendered":"https:\/\/webs.uab.cat\/gsb\/?page_id=15"},"modified":"2023-04-11T13:19:28","modified_gmt":"2023-04-11T11:19:28","slug":"about-us","status":"publish","type":"page","link":"https:\/\/webs.uab.cat\/gsb\/about-us\/","title":{"rendered":"About us"},"content":{"rendered":"\n<p><strong>Senior Staff<\/strong><\/p>\n\n\n\n<ul class=\"wp-block-list\"><li>Prof. Dr. Salvador Alegret Sanrom\u00e0<\/li><li><a href=\"http:\/\/gsbanalyticalmicrosystems.wordpress.com\/\">Prof. Dr. Juli\u00e1n Alonso Chamarro<\/a><\/li><li>Prof. Dr. Jordi Bartrol\u00ed Molins<\/li><li>Dr. Francisco C\u00e9spedes Mulero<\/li><li>Dr. Esteve F\u00e0bregas Mart\u00ednez<\/li><li><a href=\"https:\/\/isabelpividori.net\/\">Prof. Dr. M\u00aa Isabel Pividori Gurgo<\/a><\/li><li><a href=\"http:\/\/gsbanalyticalmicrosystems.wordpress.com\/\">Dr. M\u00aa del Mar Puyol Bosch<\/a><\/li><li>Prof. Dr. Manel del Valle Zafra<\/li><\/ul>\n","protected":false},"excerpt":{"rendered":"<p>Senior Staff Prof. Dr. Salvador Alegret Sanrom\u00e0 Prof. Dr. Juli\u00e1n Alonso Chamarro Prof. Dr. Jordi Bartrol\u00ed Molins Dr. Francisco C\u00e9spedes Mulero Dr. Esteve F\u00e0bregas Mart\u00ednez Prof. Dr. M\u00aa Isabel Pividori Gurgo Dr. M\u00aa del Mar Puyol Bosch Prof. Dr. Manel del Valle Zafra<\/p>\n","protected":false},"author":2568,"featured_media":0,"parent":0,"menu_order":0,"comment_status":"closed","ping_status":"closed","template":"","meta":{"footnotes":""},"class_list":["post-15","page","type-page","status-publish","hentry"],"_links":{"self":[{"href":"https:\/\/webs.uab.cat\/gsb\/wp-json\/wp\/v2\/pages\/15","targetHints":{"allow":["GET"]}}],"collection":[{"href":"https:\/\/webs.uab.cat\/gsb\/wp-json\/wp\/v2\/pages"}],"about":[{"href":"https:\/\/webs.uab.cat\/gsb\/wp-json\/wp\/v2\/types\/page"}],"author":[{"embeddable":true,"href":"https:\/\/webs.uab.cat\/gsb\/wp-json\/wp\/v2\/users\/2568"}],"replies":[{"embeddable":true,"href":"https:\/\/webs.uab.cat\/gsb\/wp-json\/wp\/v2\/comments?post=15"}],"version-history":[{"count":5,"href":"https:\/\/webs.uab.cat\/gsb\/wp-json\/wp\/v2\/pages\/15\/revisions"}],"predecessor-version":[{"id":20,"href":"https:\/\/webs.uab.cat\/gsb\/wp-json\/wp\/v2\/pages\/15\/revisions\/20"}],"wp:attachment":[{"href":"https:\/\/webs.uab.cat\/gsb\/wp-json\/wp\/v2\/media?parent=15"}],"curies":[{"name":"wp","href":"https:\/\/api.w.org\/{rel}","templated":true}]}}