{"id":286,"date":"2016-11-24T19:07:01","date_gmt":"2016-11-24T17:07:01","guid":{"rendered":"https:\/\/webs.uab.cat\/gnam\/former-gnams-members-2\/"},"modified":"2025-07-17T15:55:47","modified_gmt":"2025-07-17T13:55:47","slug":"former-gnams-members-2","status":"publish","type":"page","link":"https:\/\/webs.uab.cat\/gtnam\/former-gnams-members-2\/","title":{"rendered":"Former GTNaM&#8217;s members"},"content":{"rendered":"\n<figure class=\"wp-block-table\"><table><tbody><tr><td><img decoding=\"async\" src=\"https:\/\/webs.uab.cat\/gnam\/wp-content\/uploads\/sites\/281\/2015\/04\/marta_r.jpg\" alt=\"\"><\/td><td><h2>Marta Rodr\u00edguez L\u00f3pez<\/h2><\/td><\/tr><tr><td><img decoding=\"async\" src=\"https:\/\/webs.uab.cat\/gnam\/wp-content\/uploads\/sites\/281\/2015\/04\/ana.jpg\" alt=\"\"><br><\/td><td><h2>Ana Vila Costa<\/h2><\/td><\/tr><tr><td>\u00a0<img decoding=\"async\" width=\"600\" class=\" size-full wp-image-257\" src=\"https:\/\/webs.uab.cat\/gnam\/wp-content\/uploads\/sites\/281\/2016\/11\/manelmolinatesis.jpg\" alt=\"PhD Manel Molina Ruix after thesis\" srcset=\"https:\/\/webs.uab.cat\/gtnam\/wp-content\/uploads\/sites\/281\/2016\/11\/manelmolinatesis.jpg 580w, https:\/\/webs.uab.cat\/gtnam\/wp-content\/uploads\/sites\/281\/2016\/11\/manelmolinatesis-290x300.jpg 290w\" sizes=\"(max-width: 580px) 100vw, 580px\" \/><\/td><td>\n<p>&nbsp;<\/p>\n<h2>Manel Molina Ruiz<\/h2>\n<\/td><\/tr><tr><td><img loading=\"lazy\" decoding=\"async\" class=\" size-full wp-image-262\" src=\"https:\/\/webs.uab.cat\/gnam\/wp-content\/uploads\/sites\/281\/2016\/11\/joan-2_0.jpg\" alt=\"\" width=\"624\" height=\"416\" srcset=\"https:\/\/webs.uab.cat\/gtnam\/wp-content\/uploads\/sites\/281\/2016\/11\/joan-2_0.jpg 800w, https:\/\/webs.uab.cat\/gtnam\/wp-content\/uploads\/sites\/281\/2016\/11\/joan-2_0-300x200.jpg 300w, https:\/\/webs.uab.cat\/gtnam\/wp-content\/uploads\/sites\/281\/2016\/11\/joan-2_0-768x512.jpg 768w\" sizes=\"auto, (max-width: 624px) 100vw, 624px\" \/><\/td><td>\n<p>&nbsp;<\/p>\n<p><span style=\"font-size: 28px\"><span style=\"font-family: arial,helvetica,sans-serif\">Joan R\u00e0fols Rib\u00e9&nbsp;<\/span><\/span><\/p>\n<\/td><\/tr><tr><td>\n<figure><img loading=\"lazy\" decoding=\"async\" class=\" size-full wp-image-265\" src=\"https:\/\/webs.uab.cat\/gnam\/wp-content\/uploads\/sites\/281\/2016\/11\/maria_teresa_medio.jpg\" alt=\"\" width=\"266\" height=\"354\"><\/figure><p style=\"text-align: center\"><\/p>\n<\/td><td>\n<p>&nbsp;<\/p>\n<p>&nbsp;<\/p>\n<p><span style=\"font-size: 28px\"><span style=\"font-family: arial,helvetica,sans-serif\">Maria Teresa Mora i Aznar<\/span><\/span><\/p>\n<\/td><\/tr><tr><td><img loading=\"lazy\" decoding=\"async\" class=\" size-full wp-image-268\" src=\"https:\/\/webs.uab.cat\/gnam\/wp-content\/uploads\/sites\/281\/2016\/11\/antonio-2.jpg\" alt=\"\" width=\"589\" height=\"392\" srcset=\"https:\/\/webs.uab.cat\/gtnam\/wp-content\/uploads\/sites\/281\/2016\/11\/antonio-2.jpg 800w, https:\/\/webs.uab.cat\/gtnam\/wp-content\/uploads\/sites\/281\/2016\/11\/antonio-2-300x200.jpg 300w, https:\/\/webs.uab.cat\/gtnam\/wp-content\/uploads\/sites\/281\/2016\/11\/antonio-2-768x512.jpg 768w\" sizes=\"auto, (max-width: 589px) 100vw, 589px\" \/><\/td><td>\n<p>&nbsp;<\/p>\n<p><span style=\"font-size: 28px\">Antonio Pablo P\u00e9rez Mar\u00edn<\/span><\/p>\n<\/td><\/tr><tr><td><img loading=\"lazy\" decoding=\"async\" class=\" size-full wp-image-271\" src=\"https:\/\/webs.uab.cat\/gnam\/wp-content\/uploads\/sites\/281\/2016\/11\/pablo-2.jpg\" alt=\"\" width=\"589\" height=\"393\" srcset=\"https:\/\/webs.uab.cat\/gtnam\/wp-content\/uploads\/sites\/281\/2016\/11\/pablo-2.jpg 800w, https:\/\/webs.uab.cat\/gtnam\/wp-content\/uploads\/sites\/281\/2016\/11\/pablo-2-300x200.jpg 300w, https:\/\/webs.uab.cat\/gtnam\/wp-content\/uploads\/sites\/281\/2016\/11\/pablo-2-768x512.jpg 768w\" sizes=\"auto, (max-width: 589px) 100vw, 589px\" \/><\/td><td>\n<p>&nbsp;<\/p>\n<p><span style=\"font-size: 28px\">Pablo Ferrando Villalba<\/span><\/p>\n<\/td><\/tr><tr><td><img loading=\"lazy\" decoding=\"async\" class=\" size-full wp-image-274\" src=\"https:\/\/webs.uab.cat\/gnam\/wp-content\/uploads\/sites\/281\/2016\/11\/gustavo-2.jpg\" alt=\"\" width=\"587\" height=\"391\" srcset=\"https:\/\/webs.uab.cat\/gtnam\/wp-content\/uploads\/sites\/281\/2016\/11\/gustavo-2.jpg 800w, https:\/\/webs.uab.cat\/gtnam\/wp-content\/uploads\/sites\/281\/2016\/11\/gustavo-2-300x200.jpg 300w, https:\/\/webs.uab.cat\/gtnam\/wp-content\/uploads\/sites\/281\/2016\/11\/gustavo-2-768x512.jpg 768w\" sizes=\"auto, (max-width: 587px) 100vw, 587px\" \/><\/td><td>\n<p>&nbsp;<\/p>\n<p><span style=\"font-size: 28px\">Gustavo Dalkiranis<\/span><\/p>\n<\/td><\/tr><tr><td><img loading=\"lazy\" decoding=\"async\" class=\" size-full wp-image-277\" src=\"https:\/\/webs.uab.cat\/gnam\/wp-content\/uploads\/sites\/281\/2016\/11\/ivan-2.jpg\" alt=\"\" width=\"586\" height=\"390\" srcset=\"https:\/\/webs.uab.cat\/gtnam\/wp-content\/uploads\/sites\/281\/2016\/11\/ivan-2.jpg 800w, https:\/\/webs.uab.cat\/gtnam\/wp-content\/uploads\/sites\/281\/2016\/11\/ivan-2-300x200.jpg 300w, https:\/\/webs.uab.cat\/gtnam\/wp-content\/uploads\/sites\/281\/2016\/11\/ivan-2-768x512.jpg 768w\" sizes=\"auto, (max-width: 586px) 100vw, 586px\" \/><\/td><td>\n<p>&nbsp;<\/p>\n<p><span style=\"font-size: 28px\">Ivan \u00c1lvarez Corzo<\/span><\/p>\n<\/td><\/tr><tr><td><img loading=\"lazy\" decoding=\"async\" class=\" size-full wp-image-280\" src=\"https:\/\/webs.uab.cat\/gnam\/wp-content\/uploads\/sites\/281\/2016\/11\/claudia-2.jpg\" alt=\"\" width=\"584\" height=\"388\" srcset=\"https:\/\/webs.uab.cat\/gtnam\/wp-content\/uploads\/sites\/281\/2016\/11\/claudia-2.jpg 800w, https:\/\/webs.uab.cat\/gtnam\/wp-content\/uploads\/sites\/281\/2016\/11\/claudia-2-300x200.jpg 300w, https:\/\/webs.uab.cat\/gtnam\/wp-content\/uploads\/sites\/281\/2016\/11\/claudia-2-768x512.jpg 768w\" sizes=\"auto, (max-width: 584px) 100vw, 584px\" \/><\/td><td>\n<p>&nbsp;<\/p>\n<p><span style=\"font-size: 28px\">Cl\u00e0udia Grimal Bosch<\/span><\/p>\n<\/td><\/tr><tr><td><img loading=\"lazy\" decoding=\"async\" class=\" size-full wp-image-283\" src=\"https:\/\/webs.uab.cat\/gnam\/wp-content\/uploads\/sites\/281\/2016\/11\/pere-2.jpg\" alt=\"\" width=\"584\" height=\"389\" srcset=\"https:\/\/webs.uab.cat\/gtnam\/wp-content\/uploads\/sites\/281\/2016\/11\/pere-2.jpg 800w, https:\/\/webs.uab.cat\/gtnam\/wp-content\/uploads\/sites\/281\/2016\/11\/pere-2-300x200.jpg 300w, https:\/\/webs.uab.cat\/gtnam\/wp-content\/uploads\/sites\/281\/2016\/11\/pere-2-768x512.jpg 768w\" sizes=\"auto, (max-width: 584px) 100vw, 584px\" \/><\/td><td>\n<p>&nbsp;<\/p>\n<p><span style=\"font-size: 28px\">Pere Barber Llor\u00e9ns<\/span><\/p>\n<\/td><\/tr><tr><td>&nbsp;<\/td><td>\n<p>&nbsp;<\/p>\n<p>&nbsp;<\/p>\n<\/td><\/tr><\/tbody><\/table><\/figure>\n\n\n\n<p><\/p>\n","protected":false},"excerpt":{"rendered":"<p>Marta Rodr\u00edguez L\u00f3pez Ana Vila Costa \u00a0 &nbsp; Manel Molina Ruiz &nbsp; Joan R\u00e0fols Rib\u00e9&nbsp; &nbsp; &nbsp; Maria Teresa Mora i Aznar &nbsp; Antonio Pablo P\u00e9rez Mar\u00edn &nbsp; Pablo Ferrando Villalba &nbsp; Gustavo Dalkiranis &nbsp; Ivan \u00c1lvarez Corzo &nbsp; Cl\u00e0udia Grimal Bosch &nbsp; Pere Barber Llor\u00e9ns &nbsp; &nbsp; &nbsp;<\/p>\n","protected":false},"author":20,"featured_media":0,"parent":0,"menu_order":0,"comment_status":"closed","ping_status":"closed","template":"","meta":{"footnotes":""},"class_list":["post-286","page","type-page","status-publish","hentry"],"_links":{"self":[{"href":"https:\/\/webs.uab.cat\/gtnam\/wp-json\/wp\/v2\/pages\/286","targetHints":{"allow":["GET"]}}],"collection":[{"href":"https:\/\/webs.uab.cat\/gtnam\/wp-json\/wp\/v2\/pages"}],"about":[{"href":"https:\/\/webs.uab.cat\/gtnam\/wp-json\/wp\/v2\/types\/page"}],"author":[{"embeddable":true,"href":"https:\/\/webs.uab.cat\/gtnam\/wp-json\/wp\/v2\/users\/20"}],"replies":[{"embeddable":true,"href":"https:\/\/webs.uab.cat\/gtnam\/wp-json\/wp\/v2\/comments?post=286"}],"version-history":[{"count":3,"href":"https:\/\/webs.uab.cat\/gtnam\/wp-json\/wp\/v2\/pages\/286\/revisions"}],"predecessor-version":[{"id":1300,"href":"https:\/\/webs.uab.cat\/gtnam\/wp-json\/wp\/v2\/pages\/286\/revisions\/1300"}],"wp:attachment":[{"href":"https:\/\/webs.uab.cat\/gtnam\/wp-json\/wp\/v2\/media?parent=286"}],"curies":[{"name":"wp","href":"https:\/\/api.w.org\/{rel}","templated":true}]}}