{"id":101,"date":"2009-05-25T13:07:54","date_gmt":"2009-05-25T11:07:54","guid":{"rendered":"https:\/\/webs.uab.cat\/gts\/inici\/"},"modified":"2024-09-30T16:15:48","modified_gmt":"2024-09-30T14:15:48","slug":"inici","status":"publish","type":"page","link":"https:\/\/webs.uab.cat\/gts\/en\/inici\/","title":{"rendered":"Who we are"},"content":{"rendered":"\n<h2 class=\"wp-block-heading alignwide has-large-font-size\">Who we are<\/h2>\n\n\n\n<p class=\"has-text-align-center\"><strong>G T S | Presentation<\/strong> The Research Group of Separation Techniques in Chemistry, GTS, has developed its activity during the last years in both basic and applied aspects of separation science and technology. The GTS Center research is currently addressed to different separation techniques applied to environmental research, biomedical and agrofood applications and analytical processes. Our activity includes, beside the development of specific projects, consultancy, assessment and services to customers. Financial support to this activity is given by National and European Research Programs as well as public and private organisms and companies. GTS collaborates actively with research groups from Europe, Asia and America, with both academic and industrial specific R&amp;D and educational purposes.<\/p>\n\n\n\n<p class=\"has-text-align-center\">The GTS Group follows the International Quality Norm ISO 9001. <\/p>\n\n\n\n<h2 class=\"wp-block-heading alignwide has-large-font-size\"><strong>Objectives<\/strong><\/h2>\n\n\n\n<figure class=\"wp-block-image size-large\"><img loading=\"lazy\" decoding=\"async\" width=\"1024\" height=\"576\" src=\"https:\/\/webs.uab.cat\/gts\/wp-content\/uploads\/sites\/61\/2022\/10\/Objectives_ENG-1-1024x576.jpg\" alt=\"\" class=\"wp-image-1471\" srcset=\"https:\/\/webs.uab.cat\/gts\/wp-content\/uploads\/sites\/61\/2022\/10\/Objectives_ENG-1-1024x576.jpg 1024w, https:\/\/webs.uab.cat\/gts\/wp-content\/uploads\/sites\/61\/2022\/10\/Objectives_ENG-1-300x169.jpg 300w, https:\/\/webs.uab.cat\/gts\/wp-content\/uploads\/sites\/61\/2022\/10\/Objectives_ENG-1-768x432.jpg 768w, https:\/\/webs.uab.cat\/gts\/wp-content\/uploads\/sites\/61\/2022\/10\/Objectives_ENG-1-1200x675.jpg 1200w, https:\/\/webs.uab.cat\/gts\/wp-content\/uploads\/sites\/61\/2022\/10\/Objectives_ENG-1.jpg 1280w\" sizes=\"auto, (max-width: 1024px) 100vw, 1024px\" \/><\/figure>\n\n\n\n<h2 class=\"wp-block-heading alignwide has-large-font-size\"><strong>Contact &amp; Location<\/strong> <strong>|<\/strong>&nbsp;<strong>G T S<\/strong><\/h2>\n\n\n\n<p><strong>Executive Direction<\/strong><\/p>\n\n\n\n<p><a href=\"mailto:manuel.valiente@uab.es\">Manuel Valiente<\/a>&nbsp;\u2013 +34 93 581 2903<\/p>\n\n\n\n<p><strong>Technical Direction<\/strong><\/p>\n\n\n\n<p><a href=\"https:\/\/www.linkedin.com\/in\/montserrat-lopez-mesas-04224831?authType=NAME_SEARCH&amp;authToken=yil9&amp;locale=es_ES&amp;srchid=290859541480072972106&amp;srchindex=1&amp;srchtotal=1198&amp;trk=vsrp_people_res_name&amp;trkInfo=VSRPsearchId%3A290859541480072972106%2CVSRPtargetId%3A111075890%2CVSRPcmpt%3Aprimary%2CVSRPnm%3Atrue%2CauthType%3ANAME_SEARCH\">Montserrat L\u00f3pez Mesas<\/a>&nbsp;\u2013 +34 93 581 1011<\/p>\n\n\n\n<p><a href=\"https:\/\/www.linkedin.com\/in\/cristina-palet-8154839?authType=NAME_SEARCH&amp;authToken=8tKF&amp;locale=es_ES&amp;trk=tyah&amp;trkInfo=clickedVertical%3Amynetwork%2CentityType%3AentityHistoryName%2CclickedEntityId%3Amynetwork_28041425%2Cidx%3A1\">Cristina Palet<\/a>&nbsp;\u2013 +34 93 581 3475<\/p>\n\n\n\n<p><a href=\"https:\/\/www.linkedin.com\/in\/mjsanchezm\/\">Mar\u00eda Jes\u00fas S\u00e1nchez<\/a>&nbsp;\u2013 +34 93 581 1700<\/p>\n\n\n\n<p><a href=\"https:\/\/www.linkedin.com\/in\/roberto-boada-633625a\/\">Roberto Boada<\/a>&nbsp;\u2013 +34 93 581 4638<\/p>\n\n\n\n<p><strong>Project Manager<\/strong><\/p>\n\n\n\n<p><a href=\"https:\/\/www.linkedin.com\/in\/gustavo-perez-gonzalez-6283481b?authType=name&amp;authToken=6_85&amp;trk=prof-sb-browse_map-name\">Gustavo P\u00e9rez Gonz\u00e1lez<\/a>&nbsp;\u2013 +34 93 581 4938<\/p>\n\n\n\n<p><em>Phone assistance: 9.00-18.00 h<\/em><\/p>\n\n\n\n<p><strong>Direction Secretary:<\/strong>&nbsp;+34 93 581 1985<br><strong>E-mail:<\/strong>&nbsp;<a href=\"mailto:gts@uab.es\" target=\"_blank\" rel=\"noreferrer noopener\">gts@uab.es<\/a><\/p>\n\n\n\n<p><strong>Name: CENTRE GRUP DE T\u00c8CNIQUES DE SEPARACI\u00d3 EN QU\u00cdMICA<\/strong><\/p>\n\n\n\n<p><strong>Address:<\/strong>&nbsp;Facultat de Ci\u00e8ncies. Departament de Qu\u00edmica. Unitat de Qu\u00edmica Anal\u00edtica. Campus de Bellaterra, Edifici CN. UAB. 08193. Bellaterra. Barcelona.<\/p>\n\n\n\n<p><strong>Service hours:<\/strong>&nbsp;from 9 to 18h Monday to Friday.<\/p>\n\n\n\n<figure class=\"wp-block-image\"><a href=\"https:\/\/www.google.es\/maps\/place\/Departamento+de+Qu%C3%ADmica\/@41.5017756,2.1094019,18.5z\/data=!3m1!5s0x12a4967ff5709665:0xa75832fca0f0355c!4m9!1m2!2m1!1squimica+uab!3m5!1s0x12a4967f60e00da7:0xa9be233aeed2bf89!8m2!3d41.5017685!4d2.1092858!15sCgtxdWltaWNhIHVhYpIBFXVuaXZlcnNpdHlfZGVwYXJ0bWVudOABAA\" target=\"_blank\" rel=\"noreferrer noopener\"><img loading=\"lazy\" decoding=\"async\" width=\"1024\" height=\"496\" src=\"https:\/\/webs.uab.cat\/gts\/wp-content\/uploads\/sites\/61\/2022\/09\/Mapa-UAB-1024x496.jpg\" alt=\"\" class=\"wp-image-1065\" srcset=\"https:\/\/webs.uab.cat\/gts\/wp-content\/uploads\/sites\/61\/2022\/09\/Mapa-UAB-1024x496.jpg 1024w, https:\/\/webs.uab.cat\/gts\/wp-content\/uploads\/sites\/61\/2022\/09\/Mapa-UAB-300x145.jpg 300w, https:\/\/webs.uab.cat\/gts\/wp-content\/uploads\/sites\/61\/2022\/09\/Mapa-UAB-768x372.jpg 768w, https:\/\/webs.uab.cat\/gts\/wp-content\/uploads\/sites\/61\/2022\/09\/Mapa-UAB-1200x581.jpg 1200w, https:\/\/webs.uab.cat\/gts\/wp-content\/uploads\/sites\/61\/2022\/09\/Mapa-UAB.jpg 1277w\" sizes=\"auto, (max-width: 1024px) 100vw, 1024px\" \/><\/a><\/figure>\n","protected":false},"excerpt":{"rendered":"<p>Who we are G T S | Presentation The Research Group of Separation Techniques in Chemistry, GTS, has developed its activity during the last years in both basic and applied aspects of separation science and technology. The GTS Center research is currently addressed to different separation techniques applied to environmental research, biomedical and agrofood applications [&hellip;]<\/p>\n","protected":false},"author":44,"featured_media":0,"parent":0,"menu_order":0,"comment_status":"closed","ping_status":"closed","template":"","meta":{"footnotes":""},"class_list":["post-101","page","type-page","status-publish","hentry"],"_links":{"self":[{"href":"https:\/\/webs.uab.cat\/gts\/en\/wp-json\/wp\/v2\/pages\/101","targetHints":{"allow":["GET"]}}],"collection":[{"href":"https:\/\/webs.uab.cat\/gts\/en\/wp-json\/wp\/v2\/pages"}],"about":[{"href":"https:\/\/webs.uab.cat\/gts\/en\/wp-json\/wp\/v2\/types\/page"}],"author":[{"embeddable":true,"href":"https:\/\/webs.uab.cat\/gts\/en\/wp-json\/wp\/v2\/users\/44"}],"replies":[{"embeddable":true,"href":"https:\/\/webs.uab.cat\/gts\/en\/wp-json\/wp\/v2\/comments?post=101"}],"version-history":[{"count":11,"href":"https:\/\/webs.uab.cat\/gts\/en\/wp-json\/wp\/v2\/pages\/101\/revisions"}],"predecessor-version":[{"id":1996,"href":"https:\/\/webs.uab.cat\/gts\/en\/wp-json\/wp\/v2\/pages\/101\/revisions\/1996"}],"wp:attachment":[{"href":"https:\/\/webs.uab.cat\/gts\/en\/wp-json\/wp\/v2\/media?parent=101"}],"curies":[{"name":"wp","href":"https:\/\/api.w.org\/{rel}","templated":true}]}}