{"id":317,"date":"2011-07-06T08:57:23","date_gmt":"2011-07-06T06:57:23","guid":{"rendered":"https:\/\/webs.uab.cat\/gts\/inici2-2\/"},"modified":"2026-02-25T15:15:07","modified_gmt":"2026-02-25T13:15:07","slug":"inici2-2","status":"publish","type":"page","link":"https:\/\/webs.uab.cat\/gts\/en\/","title":{"rendered":"Home"},"content":{"rendered":"\n<h2 class=\"wp-block-heading alignwide\"><strong>G T S | Presentation<\/strong><\/h2>\n\n\n\n<div class=\"wp-block-media-text alignwide is-stacked-on-mobile\" style=\"grid-template-columns:30% auto\"><figure class=\"wp-block-media-text__media\"><img loading=\"lazy\" decoding=\"async\" width=\"724\" height=\"1024\" src=\"https:\/\/webs.uab.cat\/gts\/wp-content\/uploads\/sites\/61\/2026\/02\/Bombeta-2026-724x1024.jpg\" alt=\"\" class=\"wp-image-2534 size-full\" srcset=\"https:\/\/webs.uab.cat\/gts\/wp-content\/uploads\/sites\/61\/2026\/02\/Bombeta-2026-724x1024.jpg 724w, https:\/\/webs.uab.cat\/gts\/wp-content\/uploads\/sites\/61\/2026\/02\/Bombeta-2026-212x300.jpg 212w, https:\/\/webs.uab.cat\/gts\/wp-content\/uploads\/sites\/61\/2026\/02\/Bombeta-2026-768x1086.jpg 768w, https:\/\/webs.uab.cat\/gts\/wp-content\/uploads\/sites\/61\/2026\/02\/Bombeta-2026-1086x1536.jpg 1086w, https:\/\/webs.uab.cat\/gts\/wp-content\/uploads\/sites\/61\/2026\/02\/Bombeta-2026-1448x2048.jpg 1448w, https:\/\/webs.uab.cat\/gts\/wp-content\/uploads\/sites\/61\/2026\/02\/Bombeta-2026-1200x1697.jpg 1200w, https:\/\/webs.uab.cat\/gts\/wp-content\/uploads\/sites\/61\/2026\/02\/Bombeta-2026-1980x2800.jpg 1980w, https:\/\/webs.uab.cat\/gts\/wp-content\/uploads\/sites\/61\/2026\/02\/Bombeta-2026-scaled.jpg 1810w\" sizes=\"auto, (max-width: 724px) 100vw, 724px\" \/><\/figure><div class=\"wp-block-media-text__content\">\n<p class=\"has-text-align-center\">The<strong> Centre Grup de T\u00e8cniques de Separaci\u00f3 en Qu\u00edmica, GTS<\/strong>, is a Consolidated Quality Research Group since 1993. The GTS Centre has been active for the last 30 years in basic and applied aspects of separation science and technology.<\/p>\n\n\n\n<p class=\"has-text-align-center\">The GTS Center&#8217;s research focuses on the <strong>design<\/strong> and <strong>development<\/strong> of new separation techniques as well as the improvement of existing ones, applying them to a wide variety of situations including: environmental research, biomedical and agri-food applications and analytical processes.<\/p>\n\n\n\n<p class=\"has-text-align-center\">The activity of GTS includes the development of<strong> projects, consultancy, advice <\/strong>and <strong>customer service in specific topics<\/strong>. The economic support for the development of these activities is provided by national and European research programs as well as agreements with p<strong>ublic and private organizations <\/strong>and <strong>companies<\/strong>. To emphasize the international collaboration of the GTS Center with research groups from <strong>Europe, USA <\/strong>and <strong>China <\/strong>for specific<strong> R&amp;D&amp;I<\/strong> and <strong>academic <\/strong>purposes.<\/p>\n\n\n\n<p class=\"has-text-align-center\">The GTS Center follows the guidelines of the International Quality Standard ISO 9001:2015.&nbsp;<\/p>\n<\/div><\/div>\n\n\n\n<h2 class=\"wp-block-heading alignwide\">Social media<\/h2>\n\n\n\n<div class=\"wp-block-columns alignwide is-layout-flex wp-container-core-columns-is-layout-9d6595d7 wp-block-columns-is-layout-flex\">\n<div class=\"wp-block-column is-vertically-aligned-center is-layout-flow wp-block-column-is-layout-flow\">\n<figure class=\"wp-block-image size-full is-resized\"><a href=\"https:\/\/www.youtube.com\/watch?v=7GOYRJN7470&amp;t=9s\" target=\"_blank\" rel=\" noreferrer noopener\"><img loading=\"lazy\" decoding=\"async\" width=\"1628\" height=\"2044\" src=\"https:\/\/webs.uab.cat\/gts\/wp-content\/uploads\/sites\/61\/2025\/10\/GTS-Youtube.jpg\" alt=\"\" class=\"wp-image-2292\" style=\"width:204px;height:auto\" srcset=\"https:\/\/webs.uab.cat\/gts\/wp-content\/uploads\/sites\/61\/2025\/10\/GTS-Youtube.jpg 1628w, https:\/\/webs.uab.cat\/gts\/wp-content\/uploads\/sites\/61\/2025\/10\/GTS-Youtube-239x300.jpg 239w, https:\/\/webs.uab.cat\/gts\/wp-content\/uploads\/sites\/61\/2025\/10\/GTS-Youtube-816x1024.jpg 816w, https:\/\/webs.uab.cat\/gts\/wp-content\/uploads\/sites\/61\/2025\/10\/GTS-Youtube-768x964.jpg 768w, https:\/\/webs.uab.cat\/gts\/wp-content\/uploads\/sites\/61\/2025\/10\/GTS-Youtube-1223x1536.jpg 1223w, https:\/\/webs.uab.cat\/gts\/wp-content\/uploads\/sites\/61\/2025\/10\/GTS-Youtube-1200x1507.jpg 1200w\" sizes=\"auto, (max-width: 1628px) 100vw, 1628px\" \/><\/a><\/figure>\n<\/div>\n\n\n\n<div class=\"wp-block-column is-vertically-aligned-center is-layout-flow wp-block-column-is-layout-flow\"><div class=\"wp-block-image\">\n<figure class=\"aligncenter size-full is-resized\"><a href=\"https:\/\/www.linkedin.com\/notifications\/?filter=all\" target=\"_blank\" rel=\"noreferrer noopener\"><img loading=\"lazy\" decoding=\"async\" width=\"2553\" height=\"1462\" src=\"https:\/\/webs.uab.cat\/gts\/wp-content\/uploads\/sites\/61\/2024\/12\/LinkedIn_GTS-1.jpg\" alt=\"\" class=\"wp-image-2191\" style=\"width:210px;height:auto\" srcset=\"https:\/\/webs.uab.cat\/gts\/wp-content\/uploads\/sites\/61\/2024\/12\/LinkedIn_GTS-1.jpg 2553w, https:\/\/webs.uab.cat\/gts\/wp-content\/uploads\/sites\/61\/2024\/12\/LinkedIn_GTS-1-300x172.jpg 300w, https:\/\/webs.uab.cat\/gts\/wp-content\/uploads\/sites\/61\/2024\/12\/LinkedIn_GTS-1-1024x586.jpg 1024w, https:\/\/webs.uab.cat\/gts\/wp-content\/uploads\/sites\/61\/2024\/12\/LinkedIn_GTS-1-768x440.jpg 768w, https:\/\/webs.uab.cat\/gts\/wp-content\/uploads\/sites\/61\/2024\/12\/LinkedIn_GTS-1-1536x880.jpg 1536w, https:\/\/webs.uab.cat\/gts\/wp-content\/uploads\/sites\/61\/2024\/12\/LinkedIn_GTS-1-2048x1173.jpg 2048w, https:\/\/webs.uab.cat\/gts\/wp-content\/uploads\/sites\/61\/2024\/12\/LinkedIn_GTS-1-1200x687.jpg 1200w, https:\/\/webs.uab.cat\/gts\/wp-content\/uploads\/sites\/61\/2024\/12\/LinkedIn_GTS-1-1980x1134.jpg 1980w\" sizes=\"auto, (max-width: 2553px) 100vw, 2553px\" \/><\/a><\/figure>\n<\/div><\/div>\n\n\n\n<div class=\"wp-block-column is-vertically-aligned-center is-layout-flow wp-block-column-is-layout-flow\"><div class=\"wp-block-image\">\n<figure class=\"aligncenter size-full is-resized\"><a href=\"https:\/\/www.instagram.com\/gts_uab\/\" target=\"_blank\" rel=\"noreferrer noopener\"><img loading=\"lazy\" decoding=\"async\" width=\"940\" height=\"958\" src=\"https:\/\/webs.uab.cat\/gts\/wp-content\/uploads\/sites\/61\/2026\/02\/Logo-GTS_IG.jpg\" alt=\"\" class=\"wp-image-2546\" style=\"aspect-ratio:0.9812725878874164;width:215px;height:auto\" srcset=\"https:\/\/webs.uab.cat\/gts\/wp-content\/uploads\/sites\/61\/2026\/02\/Logo-GTS_IG.jpg 940w, https:\/\/webs.uab.cat\/gts\/wp-content\/uploads\/sites\/61\/2026\/02\/Logo-GTS_IG-294x300.jpg 294w, https:\/\/webs.uab.cat\/gts\/wp-content\/uploads\/sites\/61\/2026\/02\/Logo-GTS_IG-768x783.jpg 768w\" sizes=\"auto, (max-width: 940px) 100vw, 940px\" \/><\/a><\/figure>\n<\/div><\/div>\n<\/div>\n\n\n\n<h2 class=\"wp-block-heading alignwide\"><br>News<\/h2>\n\n\n\n<div class=\"wp-block-media-text alignwide is-stacked-on-mobile\" style=\"grid-template-columns:33% auto\"><figure class=\"wp-block-media-text__media\"><a href=\"https:\/\/www.uab.cat\/web\/newsroom\/news-detail\/the-uab-is-the-institution-with-the-highest-number-of-msca-staff-exchanges-grants-awarded-1345830290613.html?detid=1345956626953\" target=\"_blank\" rel=\"noreferrer noopener\"><img loading=\"lazy\" decoding=\"async\" width=\"1017\" height=\"720\" src=\"https:\/\/webs.uab.cat\/gts\/wp-content\/uploads\/sites\/61\/2026\/02\/MSCA.jpg\" alt=\"\" class=\"wp-image-2556 size-full\" srcset=\"https:\/\/webs.uab.cat\/gts\/wp-content\/uploads\/sites\/61\/2026\/02\/MSCA.jpg 1017w, https:\/\/webs.uab.cat\/gts\/wp-content\/uploads\/sites\/61\/2026\/02\/MSCA-300x212.jpg 300w, https:\/\/webs.uab.cat\/gts\/wp-content\/uploads\/sites\/61\/2026\/02\/MSCA-768x544.jpg 768w\" sizes=\"auto, (max-width: 1017px) 100vw, 1017px\" \/><\/a><\/figure><div class=\"wp-block-media-text__content\">\n<p class=\"has-text-align-center\">The UAB is the university with the largest number of coordinated projects in the Marie Sklodowska-Curie Actions (MSCA) Staff Exchanges 2024 call, with five projects in total. The call is aimed at promoting international, inter-sectoral and interdisciplinary collaboration in research and innovation through the exchange of staff. Clic on the image for more information<\/p>\n<\/div><\/div>\n\n\n\n<h2 class=\"wp-block-heading alignwide\"><br><br>Centre GTS collaborating with ALBA-CELLS<\/h2>\n\n\n\n<div class=\"wp-block-media-text alignwide is-stacked-on-mobile\" style=\"grid-template-columns:33% auto\"><figure class=\"wp-block-media-text__media\"><a href=\"https:\/\/www.cells.es\/ca\/home?set_language=ca\" target=\"_blank\" rel=\"noreferrer noopener\"><img loading=\"lazy\" decoding=\"async\" width=\"323\" height=\"175\" src=\"https:\/\/webs.uab.cat\/gts\/wp-content\/uploads\/sites\/61\/2016\/11\/alba2_0.jpg\" alt=\"alba2\" class=\"wp-image-61 size-full\" srcset=\"https:\/\/webs.uab.cat\/gts\/wp-content\/uploads\/sites\/61\/2016\/11\/alba2_0.jpg 323w, https:\/\/webs.uab.cat\/gts\/wp-content\/uploads\/sites\/61\/2016\/11\/alba2_0-300x163.jpg 300w\" sizes=\"auto, (max-width: 323px) 100vw, 323px\" \/><\/a><\/figure><div class=\"wp-block-media-text__content\">\n<p class=\"has-text-align-center\">The GTS Center is a regular collaborator of the ALBA Synchrotron.<\/p>\n\n\n\n<p class=\"has-text-align-center\">The ALBA Synchrotron is a <strong>third generation scientific infrastructure<\/strong> located in Cerdanyola del Vall\u00e8s (Barcelona) and is the <strong>most important in the Mediterranean area.<\/strong><\/p>\n\n\n\n<p class=\"has-text-align-center\">It is a <strong>complex of electron accelerators <\/strong>to produce synchrotron light, which allows to visualize the atomic and molecular structure of materials and to study their properties.<\/p>\n<\/div><\/div>\n\n\n\n<p><br><\/p>\n","protected":false},"excerpt":{"rendered":"<p>G T S | Presentation The Centre Grup de T\u00e8cniques de Separaci\u00f3 en Qu\u00edmica, GTS, is a Consolidated Quality Research Group since 1993. The GTS Centre has been active for the last 30 years in basic and applied aspects of separation science and technology. The GTS Center&#8217;s research focuses on the design and development of [&hellip;]<\/p>\n","protected":false},"author":44,"featured_media":0,"parent":0,"menu_order":0,"comment_status":"closed","ping_status":"closed","template":"index.php","meta":{"footnotes":""},"class_list":["post-317","page","type-page","status-publish","hentry"],"_links":{"self":[{"href":"https:\/\/webs.uab.cat\/gts\/en\/wp-json\/wp\/v2\/pages\/317","targetHints":{"allow":["GET"]}}],"collection":[{"href":"https:\/\/webs.uab.cat\/gts\/en\/wp-json\/wp\/v2\/pages"}],"about":[{"href":"https:\/\/webs.uab.cat\/gts\/en\/wp-json\/wp\/v2\/types\/page"}],"author":[{"embeddable":true,"href":"https:\/\/webs.uab.cat\/gts\/en\/wp-json\/wp\/v2\/users\/44"}],"replies":[{"embeddable":true,"href":"https:\/\/webs.uab.cat\/gts\/en\/wp-json\/wp\/v2\/comments?post=317"}],"version-history":[{"count":43,"href":"https:\/\/webs.uab.cat\/gts\/en\/wp-json\/wp\/v2\/pages\/317\/revisions"}],"predecessor-version":[{"id":2574,"href":"https:\/\/webs.uab.cat\/gts\/en\/wp-json\/wp\/v2\/pages\/317\/revisions\/2574"}],"wp:attachment":[{"href":"https:\/\/webs.uab.cat\/gts\/en\/wp-json\/wp\/v2\/media?parent=317"}],"curies":[{"name":"wp","href":"https:\/\/api.w.org\/{rel}","templated":true}]}}