{"id":1631,"date":"2009-05-25T13:54:57","date_gmt":"2009-05-25T11:54:57","guid":{"rendered":"https:\/\/webs.uab.cat\/gts\/links-publicacions\/"},"modified":"2025-10-06T14:02:05","modified_gmt":"2025-10-06T12:02:05","slug":"links-publicacions","status":"publish","type":"page","link":"https:\/\/webs.uab.cat\/gts\/es\/links-publicacions\/","title":{"rendered":"Publicaciones"},"content":{"rendered":"\n<h2 class=\"wp-block-heading alignwide has-large-font-size\">Portal de Investigaci\u00f3n<\/h2>\n\n\n\n<p class=\"has-text-align-center\"><strong>UAB-CEI<\/strong> es un portal web que permite a los usuarios buscar, explorar y encontrar expertos dentro de las instituciones de la <strong>UAB-CEI<\/strong> (<em>Universitat Aut\u00f2noma de Barcelona &#8211; Campus d&#8217;Excel \u00b7 l\u00e8ncia Internacional<\/em>). Perfiles de expertos <strong>UAB-CEI<\/strong> pueden ayudar a las persones en la industria, los grupos de la comunidad y personal de la universidad en los esfuerzos para encontrar informaci\u00f3n y posibles colaboradores para la investigaci\u00f3n y resoluci\u00f3n de problemas. Este portal de conocimientos es un componente clave de <strong>UAB-CEI <\/strong>para promover la aplicaci\u00f3n de nuevos conocimientos y t\u00e9cnicas innovadoras que respondan a les demandas de la sociedad.<\/p>\n\n\n\n<figure class=\"wp-block-image size-large\"><img loading=\"lazy\" decoding=\"async\" width=\"1024\" height=\"683\" src=\"https:\/\/webs.uab.cat\/gts\/wp-content\/uploads\/sites\/61\/2022\/09\/Llibres-1024x683.jpg\" alt=\"\" class=\"wp-image-1375\" srcset=\"https:\/\/webs.uab.cat\/gts\/wp-content\/uploads\/sites\/61\/2022\/09\/Llibres-1024x683.jpg 1024w, https:\/\/webs.uab.cat\/gts\/wp-content\/uploads\/sites\/61\/2022\/09\/Llibres-300x200.jpg 300w, https:\/\/webs.uab.cat\/gts\/wp-content\/uploads\/sites\/61\/2022\/09\/Llibres-768x512.jpg 768w, https:\/\/webs.uab.cat\/gts\/wp-content\/uploads\/sites\/61\/2022\/09\/Llibres-1536x1024.jpg 1536w, https:\/\/webs.uab.cat\/gts\/wp-content\/uploads\/sites\/61\/2022\/09\/Llibres-2048x1365.jpg 2048w, https:\/\/webs.uab.cat\/gts\/wp-content\/uploads\/sites\/61\/2022\/09\/Llibres-1200x800.jpg 1200w, https:\/\/webs.uab.cat\/gts\/wp-content\/uploads\/sites\/61\/2022\/09\/Llibres-1980x1320.jpg 1980w\" sizes=\"auto, (max-width: 1024px) 100vw, 1024px\" \/><\/figure>\n\n\n\n<p class=\"has-text-align-center\">La producci\u00f3n cient\u00edfica en la UAB incluye proyectos de investigaci\u00f3n, publicaciones (art\u00edculos, libros, cap\u00edtulos de libro, working papers, etc.) de los investigadores de los cuales se disponga de su curriculum vitae actualitzado.<\/p>\n\n\n\n<p><strong>Publicaciones de los miembros del Centre GTS:<\/strong> \u200b<a href=\"https:\/\/portalrecerca.uab.cat\/\" target=\"_blank\" rel=\"noreferrer noopener\">Portal de Investigaci\u00f3n de la UAB<\/a><\/p>\n","protected":false},"excerpt":{"rendered":"<p>Portal de Investigaci\u00f3n UAB-CEI es un portal web que permite a los usuarios buscar, explorar y encontrar expertos dentro de las instituciones de la UAB-CEI (Universitat Aut\u00f2noma de Barcelona &#8211; Campus d&#8217;Excel \u00b7 l\u00e8ncia Internacional). Perfiles de expertos UAB-CEI pueden ayudar a las persones en la industria, los grupos de la comunidad y personal de [&hellip;]<\/p>\n","protected":false},"author":44,"featured_media":0,"parent":0,"menu_order":0,"comment_status":"closed","ping_status":"closed","template":"","meta":{"footnotes":""},"class_list":["post-1631","page","type-page","status-publish","hentry"],"_links":{"self":[{"href":"https:\/\/webs.uab.cat\/gts\/es\/wp-json\/wp\/v2\/pages\/1631","targetHints":{"allow":["GET"]}}],"collection":[{"href":"https:\/\/webs.uab.cat\/gts\/es\/wp-json\/wp\/v2\/pages"}],"about":[{"href":"https:\/\/webs.uab.cat\/gts\/es\/wp-json\/wp\/v2\/types\/page"}],"author":[{"embeddable":true,"href":"https:\/\/webs.uab.cat\/gts\/es\/wp-json\/wp\/v2\/users\/44"}],"replies":[{"embeddable":true,"href":"https:\/\/webs.uab.cat\/gts\/es\/wp-json\/wp\/v2\/comments?post=1631"}],"version-history":[{"count":6,"href":"https:\/\/webs.uab.cat\/gts\/es\/wp-json\/wp\/v2\/pages\/1631\/revisions"}],"predecessor-version":[{"id":2387,"href":"https:\/\/webs.uab.cat\/gts\/es\/wp-json\/wp\/v2\/pages\/1631\/revisions\/2387"}],"wp:attachment":[{"href":"https:\/\/webs.uab.cat\/gts\/es\/wp-json\/wp\/v2\/media?parent=1631"}],"curies":[{"name":"wp","href":"https:\/\/api.w.org\/{rel}","templated":true}]}}