{"id":250,"date":"2011-07-04T14:43:26","date_gmt":"2011-07-04T14:43:26","guid":{"rendered":"https:\/\/webs.uab.cat\/gts\/mapa-de-la-web-es\/"},"modified":"2022-07-22T12:22:23","modified_gmt":"2022-07-22T12:22:23","slug":"mapa-de-la-web-es","status":"publish","type":"page","link":"https:\/\/webs.uab.cat\/gts\/es\/mapa-de-la-web-es\/","title":{"rendered":"Mapa del web"},"content":{"rendered":"\n<div class=\"wp-block-columns is-layout-flex wp-container-core-columns-is-layout-9d6595d7 wp-block-columns-is-layout-flex\">\n<div class=\"wp-block-column is-layout-flow wp-block-column-is-layout-flow\" style=\"flex-basis:33.33%\">\n<figure class=\"wp-block-image\"><img decoding=\"async\" src=\"http:\/\/grupsderecerca.uab.cat\/gts\/sites\/grupsderecerca.uab.cat.gts\/files\/images\/mapa.jpg\" alt=\"\"\/><\/figure>\n\n\n\n<figure class=\"wp-block-image\"><img decoding=\"async\" src=\"http:\/\/grupsderecerca.uab.cat\/gts\/sites\/grupsderecerca.uab.cat.gts\/files\/images\/GTS%20Logo.JPG\" alt=\"\"\/><\/figure>\n<\/div>\n\n\n\n<div class=\"wp-block-column is-layout-flow wp-block-column-is-layout-flow\" style=\"flex-basis:66.66%\">\n<p><a href=\"http:\/\/webs.uab.cat\/gts\/es\/inicio\"><u>INICIO<\/u><\/a><\/p>\n\n\n\n<p>&nbsp;&nbsp;&nbsp; Pol\u00edtica de Cualidad<br>&nbsp;&nbsp;&nbsp; Ofertas tecnol\u00f3gicas<br>&nbsp;&nbsp;&nbsp; Boletines<\/p>\n\n\n\n<p><a href=\"http:\/\/webs.uab.cat\/gts\/es\">QUIENES SOMOS<\/a><\/p>\n\n\n\n<p>&nbsp;&nbsp;&nbsp; Objetivos<br>&nbsp;&nbsp;&nbsp; Ubicaci\u00f3n<br>&nbsp;&nbsp;&nbsp; Contacto<\/p>\n\n\n\n<p><a href=\"http:\/\/webs.uab.cat\/gts\/es\/servicios-a-la-empresa\">SERVICIOS A LA EMPRESA<\/a><\/p>\n\n\n\n<p>&nbsp;&nbsp;&nbsp; Servicios<br>&nbsp;&nbsp;&nbsp; Gesti\u00f3n de proyectos<br>&nbsp;&nbsp;&nbsp; Colaboradores<br>&nbsp;&nbsp;&nbsp; Proyectos desarrollados<br>&nbsp;&nbsp;&nbsp; Proyectos en desarrollo<\/p>\n\n\n\n<p>\u00a0<br><a href=\"http:\/\/webs.uab.cat\/gts\/es\/lineas-de-investigacion\">L\u00cdNIAS DE INVESTIGACI\u00d3N<\/a><\/p>\n\n\n\n<p>&nbsp;&nbsp;&nbsp; L\u00edneas de investigaci\u00f3n<br>&nbsp;&nbsp;&nbsp; Publicaciones<br>&nbsp;&nbsp;&nbsp; Patentes<br>&nbsp;&nbsp;&nbsp; Enlaces<br>&nbsp;&nbsp;&nbsp; Tesis defendidas desde el a\u00f1o 2000<\/p>\n\n\n\n<p><a href=\"http:\/\/webs.uab.cat\/gts\/es\/personal\">EQUIPO<\/a><\/p>\n\n\n\n<p>&nbsp;&nbsp;&nbsp; GTS Personal<\/p>\n\n\n\n<p><a href=\"http:\/\/webs.uab.cat\/gts\/es\/actualidad\">ACTUALIDAD<\/a><\/p>\n<\/div>\n<\/div>\n","protected":false},"excerpt":{"rendered":"<p>INICIO &nbsp;&nbsp;&nbsp; Pol\u00edtica de Cualidad&nbsp;&nbsp;&nbsp; Ofertas tecnol\u00f3gicas&nbsp;&nbsp;&nbsp; Boletines QUIENES SOMOS &nbsp;&nbsp;&nbsp; Objetivos&nbsp;&nbsp;&nbsp; Ubicaci\u00f3n&nbsp;&nbsp;&nbsp; Contacto SERVICIOS A LA EMPRESA &nbsp;&nbsp;&nbsp; Servicios&nbsp;&nbsp;&nbsp; Gesti\u00f3n de proyectos&nbsp;&nbsp;&nbsp; Colaboradores&nbsp;&nbsp;&nbsp; Proyectos desarrollados&nbsp;&nbsp;&nbsp; Proyectos en desarrollo \u00a0L\u00cdNIAS DE INVESTIGACI\u00d3N &nbsp;&nbsp;&nbsp; L\u00edneas de investigaci\u00f3n&nbsp;&nbsp;&nbsp; Publicaciones&nbsp;&nbsp;&nbsp; Patentes&nbsp;&nbsp;&nbsp; Enlaces&nbsp;&nbsp;&nbsp; Tesis defendidas desde el a\u00f1o 2000 EQUIPO &nbsp;&nbsp;&nbsp; GTS Personal ACTUALIDAD<\/p>\n","protected":false},"author":44,"featured_media":0,"parent":0,"menu_order":0,"comment_status":"closed","ping_status":"closed","template":"","meta":{"footnotes":""},"class_list":["post-250","page","type-page","status-publish","hentry"],"_links":{"self":[{"href":"https:\/\/webs.uab.cat\/gts\/es\/wp-json\/wp\/v2\/pages\/250","targetHints":{"allow":["GET"]}}],"collection":[{"href":"https:\/\/webs.uab.cat\/gts\/es\/wp-json\/wp\/v2\/pages"}],"about":[{"href":"https:\/\/webs.uab.cat\/gts\/es\/wp-json\/wp\/v2\/types\/page"}],"author":[{"embeddable":true,"href":"https:\/\/webs.uab.cat\/gts\/es\/wp-json\/wp\/v2\/users\/44"}],"replies":[{"embeddable":true,"href":"https:\/\/webs.uab.cat\/gts\/es\/wp-json\/wp\/v2\/comments?post=250"}],"version-history":[{"count":1,"href":"https:\/\/webs.uab.cat\/gts\/es\/wp-json\/wp\/v2\/pages\/250\/revisions"}],"predecessor-version":[{"id":863,"href":"https:\/\/webs.uab.cat\/gts\/es\/wp-json\/wp\/v2\/pages\/250\/revisions\/863"}],"wp:attachment":[{"href":"https:\/\/webs.uab.cat\/gts\/es\/wp-json\/wp\/v2\/media?parent=250"}],"curies":[{"name":"wp","href":"https:\/\/api.w.org\/{rel}","templated":true}]}}