{"id":257,"date":"2011-06-30T16:04:16","date_gmt":"2011-06-30T16:04:16","guid":{"rendered":"https:\/\/webs.uab.cat\/gts\/enlaces\/"},"modified":"2011-07-04T17:56:50","modified_gmt":"2011-07-04T17:56:50","slug":"enlaces","status":"publish","type":"page","link":"https:\/\/webs.uab.cat\/gts\/es\/enlaces\/","title":{"rendered":"Enlaces"},"content":{"rendered":"<p><strong><a name=\"puja\"><\/a>ENLACES WEB GTS<\/strong><\/p>\n<p><strong>Instituciones<\/strong><\/p>\n<p><strong>&nbsp;&nbsp;&nbsp; www.bcn.es Ayuntamiento de Barcelona<br \/>&nbsp;&nbsp;&nbsp; www.boe.es Boletin Oficial del Estado<br \/>&nbsp;&nbsp;&nbsp; http:\/\/www.gencat.es\/diari\/ Diari Oficial de la Generalitat de Catalunya<br \/>&nbsp;&nbsp;&nbsp; www.cidem.es CIDEM<br \/>&nbsp;&nbsp;&nbsp; http:\/\/www.colquim.org\/ Col\u00b7legi oficial de qu\u00edmics de Catalunya<br \/>&nbsp;&nbsp;&nbsp; www.diba.es Diputaci\u00f3 de Barcelona<br \/>&nbsp;&nbsp;&nbsp; www.ddgi.es Diputaci\u00f3 de Girona<br \/>&nbsp;&nbsp;&nbsp; www.diputaciolleida.es Diputaci\u00f3 de Lleida<br \/>&nbsp;&nbsp;&nbsp; www.gencat.es Generalitat de Catalunya<br \/>&nbsp;&nbsp;&nbsp; www.iecat.net Institut d\u2019Estudis Catalans<br \/>&nbsp;&nbsp;&nbsp; www.mcyt.es Ministerio de ciencia y tecnologia<br \/>&nbsp;&nbsp;&nbsp; www.mce.es Ministerio de Educaci\u00f3n Cultura y Deporte<br \/>&nbsp;&nbsp;&nbsp; http:\/\/www.ucm.es\/info\/rsequim\/ Real Sociedad Espa\u00f1ola de Qu\u00edmica<br \/>&nbsp;&nbsp;&nbsp; www.universia.net Red de universidades espa\u00f1olas y sudamericanas<br \/>&nbsp;&nbsp;&nbsp; www.vives.org Red de Universidades de Catalu\u00f1a.<br \/>&nbsp;&nbsp;&nbsp; www.iecat.net\/scq Societat Catalana de Qu\u00edmica<br \/>&nbsp;&nbsp;&nbsp; http:\/\/www.seqa.es\/ Sociedad Espa\u00f1ola de Qu\u00edmica Anal\u00edtica<br \/>&nbsp;&nbsp;&nbsp; www.cordis.lu Uni\u00f3n Europea<br \/>&nbsp;&nbsp;&nbsp; www.uab.es Univesitat Aut\u00f2noma de Barcelona<br \/>&nbsp;&nbsp;&nbsp; http:\/\/www10.gencat.net\/pls\/cid\/xit.directori Xarxa IT<\/strong><\/p>\n<p>&nbsp;<\/p>\n<p><strong>Membranas<\/strong><\/p>\n<p><strong>&nbsp;&nbsp;&nbsp; Network Young Membrains NYM 5: <a href=\"http:\/\/www.etseq.urv.es\/nym5\/\" target=\"_blank\" rel=\"noopener\">http:\/\/www.etseq.urv.es\/nym5\/<\/a><br \/>&nbsp;&nbsp;&nbsp; <a href=\"http:\/\/www.etseq.urv.es\/ml\/SYSTEMIC\/WELCOME.html\" target=\"_blank\" rel=\"noopener\">Grup de Biopol\u00edmers Vegetals. ETSEQ<\/a>. Universitat Rovira i Virgili (Tarragona).<br \/>&nbsp;&nbsp;&nbsp; Grup de Qu\u00edmica Anal\u00edtica i Ambiental. Universitat de Girona. (Girona).<br \/>&nbsp;&nbsp;&nbsp; Estudi i tractament de residus industrials. UPC. (Barcelona).<br \/>&nbsp;&nbsp;&nbsp; Dep. of Chemical Engineering and Environmental Tech.Universidad de Oviedo.<br \/>&nbsp;&nbsp;&nbsp; <a href=\"http:\/\/departamentos.unican.es\/quimica\/\" target=\"_blank\" rel=\"noopener\">Dep. of Chemical Engineering and Inorganic Chemistry.<\/a> Universidad de Cantabria.<br \/>&nbsp;&nbsp;&nbsp; Chemical Engineering Department. Instituto Superior T\u00e9cnico. Univ. Lisboa.<br \/>&nbsp;&nbsp;&nbsp; <a href=\"http:\/\/www.bath.ac.uk\/chem-eng\/\" target=\"_blank\" rel=\"noopener\">Department of Chemical Engineering. University of Bath.<\/a><br \/>&nbsp;&nbsp;&nbsp; INSA. Toulouse.<br \/>&nbsp;&nbsp;&nbsp; LGC-UPS. Paul Sabatier University. Toulouse.<br \/>&nbsp;&nbsp;&nbsp; <a href=\"http:\/\/www.hzg.de\/\" target=\"_blank\" rel=\"noopener\">GKSS<\/a>. Forschungszentrum.<br \/>&nbsp;&nbsp;&nbsp; <a href=\"http:\/\/www.iemm.univ-montp2.fr\/\" target=\"_blank\" rel=\"noopener\">Institut Europ\u00e9en des Membranes<\/a><br \/>&nbsp;&nbsp;&nbsp; <a href=\"http:\/\/pbs.labos.univ-rouen.fr\/\" target=\"_blank\" rel=\"noopener\">Laboratoire Polym\u00e8res, Biopolym\u00e8res, Membranes<\/a><br \/>&nbsp;&nbsp;&nbsp; <a href=\"http:\/\/www.ipfdd.de\/frameset.html?people\/hpages.html\" target=\"_blank\" rel=\"noopener\">Institute for Polymer Research Dresden<\/a><br \/>&nbsp;&nbsp;&nbsp; <a href=\"http:\/\/www.imc.cas.cz\/en\/umch\/\" target=\"_blank\" rel=\"noopener\">Institute of Macromolecular Chemistry<\/a><br \/>&nbsp;&nbsp;&nbsp; Karpov Institute of Physical Chemistry<br \/>&nbsp;&nbsp;&nbsp; <a href=\"http:\/\/www.avt.rwth-aachen.de\/AVT\/\" target=\"_blank\" rel=\"noopener\">IVT<\/a>. Aachen.<br \/>&nbsp;&nbsp;&nbsp; <a href=\"http:\/\/www.tu-berlin.de\/\" target=\"_blank\" rel=\"noopener\">ITU<\/a>. Berlin.<br \/>&nbsp;&nbsp;&nbsp; EMS. European Membrane Society.<br \/>&nbsp;&nbsp;&nbsp; EDS. European Desalination Society.<br \/>&nbsp;&nbsp;&nbsp; <a href=\"http:\/\/www.cfm-membrane.com\/\" target=\"_blank\" rel=\"noopener\">Club franc\u00e8s de Membranes<\/a>. French membrane club.<br \/>&nbsp;&nbsp;&nbsp; <a href=\"http:\/\/www.vito.be\/VITO\/NL\/HomePageAdmin\/Home\" target=\"_blank\" rel=\"noopener\">VITO<\/a>. Vito.<br \/>&nbsp;&nbsp;&nbsp; <a href=\"http:\/\/www.awwa.org\/index.cfm?showLogin=N\" target=\"_blank\" rel=\"noopener\">AWWA<\/a>. American Water Works Association.<br \/>&nbsp;&nbsp;&nbsp; <a href=\"http:\/\/www.che.utexas.edu\/nams\/NAMSHP.html\" target=\"_blank\" rel=\"noopener\">NAMS<\/a>. North American Membrane Society.<br \/>&nbsp;&nbsp;&nbsp; <a href=\"http:\/\/www.membranes-amta.org\/\" target=\"_blank\" rel=\"noopener\">AMTA<\/a>. American Membrane Technology Association.<br \/>&nbsp;&nbsp;&nbsp; Events. Database of events related on membranes.<\/strong><\/p>\n<p>&nbsp;<\/p>\n<p><strong>Biomateriales<\/strong><\/p>\n<p>&nbsp;<\/p>\n<p><strong>Materiales Dentales<\/strong><\/p>\n<p><strong>&nbsp;&nbsp;&nbsp; Loma Linda University: <a href=\"http:\/\/www.llu.edu\/\" target=\"_blank\" rel=\"noopener\">http:\/\/www.llu.edu<\/a><br \/>&nbsp;&nbsp;&nbsp; Indiana University: <a href=\"http:\/\/www.iusd.iupui.edu\/\" target=\"_blank\" rel=\"noopener\">http:\/\/www.iusd.iupui.edu<\/a><\/strong><\/p>\n<p>&nbsp;<\/p>\n<p><strong>Litiasis Urologicas<\/strong><\/p>\n<p><strong>&nbsp;&nbsp;&nbsp; http:\/\/www.niddk.nih.gov\/health\/kidney\/pubs\/stonadul\/stonadul.htm<br \/>&nbsp;&nbsp;&nbsp; http:\/\/www.kidneystonepage.com\/<br \/>&nbsp;&nbsp;&nbsp; http:\/\/www.kidney.org\/<br \/>&nbsp;&nbsp;&nbsp; http:\/\/www.niddk.nih.gov\/health\/kidney\/pubs\/piedras\/piedras.htm<\/strong><\/p>\n<p>&nbsp;<\/p>\n<p><strong>Medio Ambiente | Suelos<\/strong><\/p>\n<p><strong>&nbsp;&nbsp;&nbsp; Senspol, Sensors for Monitoring Water Pollution from Contaminated Land, Landfills and Sediments: http:\/\/www.cranfield.ac.uk\/biotech\/senspol\/<br \/>&nbsp;&nbsp;&nbsp; Sednet, Sediment Resechach Net: http:\/\/www.sednet.org\/<br \/>&nbsp;&nbsp;&nbsp; Institute for reference materials and measurements: http:\/\/www.irmm.jrc.be\/<br \/>&nbsp;&nbsp;&nbsp; http:\/\/junres.gencat.net\/altres\/sols\/index.stm. Pagina web de la Generalitat de Catalunya dedicada a suelos contaminados<br \/>&nbsp;&nbsp;&nbsp; http:\/\/medioambiente.madrid.org\/areastematicas\/suelo\/contaminado.html Pagina web de la comunidad aut\u00f3noma de Madrid dedicada a suelos contaminados<br \/>&nbsp;&nbsp;&nbsp; http:\/\/www.ihobe.net\/suelos\/suelos.htm. Pagina web de la comunidad aut\u00f3noma vasca dedicada a suelos contaminados<br \/>&nbsp;&nbsp;&nbsp; http:\/\/www.larioja.org\/ma\/suelo\/suelos_contaminados\/introduccion.htm. Pagina web de la comunidad aut\u00f3noma de La Rioja dedicada a suelos contaminados<br \/>&nbsp;&nbsp;&nbsp; http:\/\/www.juntadeandalucia.es\/medioambiente\/suelo_usos\/indsuelousos.html Pagina web de la Junta de Andaluc\u00eda dedicada a suelos contaminados<br \/>&nbsp;&nbsp;&nbsp; http:\/\/www.mma.es&nbsp; Pagina del ministerio de medioambiente espa\u00f1ol<br \/>&nbsp;&nbsp;&nbsp; http:\/\/www.esi.unav.es\/asignaturas\/ecologia\/informes\/suelos\/home.htm Breve descripci\u00f3n de t\u00e9cnicas para la recuperaci\u00f3n de suelos contaminados<br \/>&nbsp;&nbsp;&nbsp; http:\/\/www.epa.gov\/ebtpages\/pollsoilcontaminants.html Listado de contaminantes frecuentes localizados por el US EPA en superfund, o sitios de investigaci\u00f3n<br \/>&nbsp;&nbsp;&nbsp; http:\/\/www.epa.gov\/ebtpages\/treatmentcontrol.html P\u00e1gina de la EPA para el tratamiento y control de la contaminaci\u00f3n<br \/>&nbsp;&nbsp;&nbsp; http:\/\/www.epa.gov\/ebtpages\/environmentalmanagement.html P\u00e1gina de la EPA dedicada a an\u00e1lisis de riesgos, indicadores medioambientales, etc<br \/>&nbsp;&nbsp;&nbsp; http:\/\/themes.eea.eu.int\/ T\u00f3picos de inter\u00e9s medioambiental de la pagina web de la agencia medioambiental europea.<br \/>&nbsp;&nbsp;&nbsp; http:\/\/www.eugris.org | http:\/\/www.eugris.info EUGRIS<\/strong><\/p>\n<p>&nbsp;<\/p>\n<p><strong>Publicaciones | Revistas | Bibliotecas<\/strong><\/p>\n<p><strong>&nbsp;&nbsp;&nbsp; http:\/\/www.amjdent.com\/: American Journal of Dentistry<br \/>&nbsp;&nbsp;&nbsp; http:\/\/link.springer.de\/link\/service\/journals\/00216\/tocs.htm: Analytical and Bioanalytical Chemistry<br \/>&nbsp;&nbsp;&nbsp; http:\/\/pubs.acs.org\/journals\/ancham\/:&nbsp; Analytical Chemistry<br \/>&nbsp;&nbsp;&nbsp; http:\/\/www.elsevier.nl\/locate\/inca\/502681: Analytica Chimica Acta<br \/>&nbsp;&nbsp;&nbsp; http:\/\/content.karger.com\/ProdukteDB\/produkte.asp?Aktion=BackIssues&amp;ProduktNr=224219&amp;ContentOnly=false: Caries Research<br \/>&nbsp;&nbsp;&nbsp; http:\/\/www.wiley-vch.de\/contents\/jc_2049\/: Electroanalysis<br \/>&nbsp;&nbsp;&nbsp; http:\/\/pubs.acs.org\/journals\/esthag\/: Environmental Science and Technology<br \/>&nbsp;&nbsp;&nbsp; http:\/\/www.sciencedirect.com\/science\/journal\/00219673:&nbsp; Journal of Chromatography A<br \/>&nbsp;&nbsp;&nbsp; http:\/\/www.thejcdp.com\/: Journal of Contemporary Dental Practice<br \/>&nbsp;&nbsp;&nbsp; http:\/\/www3.interscience.wiley.com\/cgi-bin\/issuetoc?ID=101525748:Journal of Chemical Technology &amp; Biotechnology<br \/>&nbsp;&nbsp;&nbsp; http:\/\/jdr.iadrjournals.org\/: Journal of Dental Research<br \/>&nbsp;&nbsp;&nbsp; http:\/\/www.elsevier.nl\/inca\/publications\/store\/5\/0\/4\/0\/8\/7\/ Journal of Electroanalytical Chemistry<br \/>&nbsp;&nbsp;&nbsp; JMS. Journal of Membrane Science.<br \/>&nbsp;&nbsp;&nbsp; http:\/\/www.interscience.wiley.com\/jpages\/0887-624X\/: Journal of Polymer Science<br \/>&nbsp;&nbsp;&nbsp; http:\/\/www.kluweronline.com\/issn\/0236-5731\/contents: Journal of Radioanalytical and Nuclear Chemistry<br \/>&nbsp;&nbsp;&nbsp; http:\/\/www.wiley-vch.de\/publish\/dt\/journals\/alphabeticIndex\/2259\/: Journal of Separation Science<br \/>&nbsp;&nbsp;&nbsp; http:\/\/www.elsevier.nl\/locate\/issn\/13815148: Reactive and Functional Polymers<br \/>&nbsp;&nbsp;&nbsp; http:\/\/www.dekker.com\/servlet\/product\/productid\/SEI\/toc\/: Solvent Extraction and Ion Exchange<br \/>&nbsp;&nbsp;&nbsp; http:\/\/www.sciencedirect.com\/science\/journal\/00399140: Talanta<br \/>&nbsp;&nbsp;&nbsp; http:\/\/authors.elsevier.com\/ Elsevier Author Gateway<br \/>&nbsp;&nbsp;&nbsp; http:\/\/www.cbuc.es\/ Consorci de Biblioteques Universit\u00e0ries de Catalunya<br \/>&nbsp;&nbsp;&nbsp; http:\/\/www.separationsnow.com\/basehtml\/SepH Willey, Separations Now!<br \/>&nbsp;&nbsp;&nbsp; http:\/\/www.dow.com\/homepage\/index.html The Dow Chemical Company<br \/>&nbsp;&nbsp;&nbsp; http:\/\/www.portaltecnociencia.es\/index.jsp?pantalla=1024&amp;enlace=&amp;cadena= Portal Tecnociencia<br \/>&nbsp;&nbsp;&nbsp; http:\/\/abeto.csic.es\/especiales\/index.htm Portal TecnoCiencia: Especiales<\/strong><\/p>\n<p>&nbsp;<\/p>\n<p><a href=\"#puja\">Sube<\/a><\/p>\n<p>&nbsp;<\/p>\n<p><strong><br \/><\/strong><\/p>\n","protected":false},"excerpt":{"rendered":"<p>ENLACES WEB GTS Instituciones &nbsp;&nbsp;&nbsp; www.bcn.es Ayuntamiento de Barcelona&nbsp;&nbsp;&nbsp; www.boe.es Boletin Oficial del Estado&nbsp;&nbsp;&nbsp; http:\/\/www.gencat.es\/diari\/ Diari Oficial de la Generalitat de Catalunya&nbsp;&nbsp;&nbsp; www.cidem.es CIDEM&nbsp;&nbsp;&nbsp; http:\/\/www.colquim.org\/ Col\u00b7legi oficial de qu\u00edmics de Catalunya&nbsp;&nbsp;&nbsp; www.diba.es Diputaci\u00f3 de Barcelona&nbsp;&nbsp;&nbsp; www.ddgi.es Diputaci\u00f3 de Girona&nbsp;&nbsp;&nbsp; www.diputaciolleida.es Diputaci\u00f3 de Lleida&nbsp;&nbsp;&nbsp; www.gencat.es Generalitat de Catalunya&nbsp;&nbsp;&nbsp; www.iecat.net Institut d\u2019Estudis Catalans&nbsp;&nbsp;&nbsp; www.mcyt.es Ministerio de ciencia [&hellip;]<\/p>\n","protected":false},"author":44,"featured_media":0,"parent":0,"menu_order":0,"comment_status":"closed","ping_status":"closed","template":"","meta":{"footnotes":""},"class_list":["post-257","page","type-page","status-publish","hentry"],"_links":{"self":[{"href":"https:\/\/webs.uab.cat\/gts\/es\/wp-json\/wp\/v2\/pages\/257","targetHints":{"allow":["GET"]}}],"collection":[{"href":"https:\/\/webs.uab.cat\/gts\/es\/wp-json\/wp\/v2\/pages"}],"about":[{"href":"https:\/\/webs.uab.cat\/gts\/es\/wp-json\/wp\/v2\/types\/page"}],"author":[{"embeddable":true,"href":"https:\/\/webs.uab.cat\/gts\/es\/wp-json\/wp\/v2\/users\/44"}],"replies":[{"embeddable":true,"href":"https:\/\/webs.uab.cat\/gts\/es\/wp-json\/wp\/v2\/comments?post=257"}],"version-history":[{"count":0,"href":"https:\/\/webs.uab.cat\/gts\/es\/wp-json\/wp\/v2\/pages\/257\/revisions"}],"wp:attachment":[{"href":"https:\/\/webs.uab.cat\/gts\/es\/wp-json\/wp\/v2\/media?parent=257"}],"curies":[{"name":"wp","href":"https:\/\/api.w.org\/{rel}","templated":true}]}}