{"id":330,"date":"2011-07-06T08:57:23","date_gmt":"2011-07-06T06:57:23","guid":{"rendered":"https:\/\/webs.uab.cat\/gts\/inici2-2\/"},"modified":"2026-02-25T15:13:10","modified_gmt":"2026-02-25T13:13:10","slug":"inici2-2","status":"publish","type":"page","link":"https:\/\/webs.uab.cat\/gts\/es\/","title":{"rendered":"Inicio"},"content":{"rendered":"\n<h2 class=\"wp-block-heading alignwide\">G T S | Presentaci\u00f3n<\/h2>\n\n\n\n<div class=\"wp-block-media-text alignwide is-stacked-on-mobile\" style=\"grid-template-columns:30% auto\"><figure class=\"wp-block-media-text__media\"><img loading=\"lazy\" decoding=\"async\" width=\"724\" height=\"1024\" src=\"https:\/\/webs.uab.cat\/gts\/wp-content\/uploads\/sites\/61\/2026\/02\/Bombeta-2026-724x1024.jpg\" alt=\"\" class=\"wp-image-2535 size-full\" srcset=\"https:\/\/webs.uab.cat\/gts\/wp-content\/uploads\/sites\/61\/2026\/02\/Bombeta-2026-724x1024.jpg 724w, https:\/\/webs.uab.cat\/gts\/wp-content\/uploads\/sites\/61\/2026\/02\/Bombeta-2026-212x300.jpg 212w, https:\/\/webs.uab.cat\/gts\/wp-content\/uploads\/sites\/61\/2026\/02\/Bombeta-2026-768x1086.jpg 768w, https:\/\/webs.uab.cat\/gts\/wp-content\/uploads\/sites\/61\/2026\/02\/Bombeta-2026-1086x1536.jpg 1086w, https:\/\/webs.uab.cat\/gts\/wp-content\/uploads\/sites\/61\/2026\/02\/Bombeta-2026-1448x2048.jpg 1448w, https:\/\/webs.uab.cat\/gts\/wp-content\/uploads\/sites\/61\/2026\/02\/Bombeta-2026-1200x1697.jpg 1200w, https:\/\/webs.uab.cat\/gts\/wp-content\/uploads\/sites\/61\/2026\/02\/Bombeta-2026-1980x2800.jpg 1980w, https:\/\/webs.uab.cat\/gts\/wp-content\/uploads\/sites\/61\/2026\/02\/Bombeta-2026-scaled.jpg 1810w\" sizes=\"auto, (max-width: 724px) 100vw, 724px\" \/><\/figure><div class=\"wp-block-media-text__content\">\n<p class=\"has-text-align-center\">El <strong>Centro Grupo de T\u00e9cnicas de Separaci\u00f3n en Qu\u00edmica, GTS<\/strong>, es un \u00abGrupo Consolidado de Investigaci\u00f3n de Calidad\u00bb desde 1993. El Centro GTS ha desarrollado su actividad durante los \u00faltimos 30 a\u00f1os en aspectos b\u00e1sicos y aplicados en ciencia y tecnolog\u00eda de separaciones.<\/p>\n\n\n\n<p class=\"has-text-align-center\">La b\u00fasqueda del Centro GTS se centra en el <strong>dise\u00f1o<\/strong> y <strong>desarrollo<\/strong> de nuevas t\u00e9cnicas de separaci\u00f3n as\u00ed como de la mejora de las que ya existen, aplic\u00e1ndolas a gran variedad de situaciones que incluyen: investigaci\u00f3n medioambiental, aplicaciones biom\u00e9dicas y agroalimentarias y procesos anal\u00edticos.<\/p>\n\n\n\n<p class=\"has-text-align-center\">La actividad de GTS incluye, el desarrollo de <strong> proyectos, consultor\u00eda, asesoramiento y servicio al cliente en temas concretos<\/strong>. El apoyo econ\u00f3mico para el desarrollo de estas actividades lo aportan programas de investigaci\u00f3n nacionales y europeos, as\u00ed como convenios con <strong>organismos y compa\u00f1\u00edas p\u00fablicas y privadas<\/strong>. Destacar la colaboraci\u00f3n internacional del Centro GTS con grupos de investigaci\u00f3n <strong>de Europa, USA y China<\/strong> con fines espec\u00edficos de <strong>I+D+i<\/strong> as\u00ed como <strong>acad\u00e9micas.<\/strong><\/p>\n\n\n\n<p class=\"has-text-align-center\">El Centro GTS sigue las directrices&nbsp;Norma de Calidad Internacional ISO 9001:2015.<\/p>\n<\/div><\/div>\n\n\n\n<h2 class=\"wp-block-heading alignwide\">Redes sociales<\/h2>\n\n\n\n<div class=\"wp-block-columns alignwide is-layout-flex wp-container-core-columns-is-layout-9d6595d7 wp-block-columns-is-layout-flex\">\n<div class=\"wp-block-column is-vertically-aligned-center is-layout-flow wp-block-column-is-layout-flow\">\n<figure class=\"wp-block-image size-full is-resized\"><a href=\"https:\/\/www.youtube.com\/watch?v=7GOYRJN7470&amp;t=9s\" target=\"_blank\" rel=\" noreferrer noopener\"><img loading=\"lazy\" decoding=\"async\" width=\"1628\" height=\"2044\" src=\"https:\/\/webs.uab.cat\/gts\/wp-content\/uploads\/sites\/61\/2025\/10\/GTS-Youtube.jpg\" alt=\"\" class=\"wp-image-2292\" style=\"width:204px;height:auto\" srcset=\"https:\/\/webs.uab.cat\/gts\/wp-content\/uploads\/sites\/61\/2025\/10\/GTS-Youtube.jpg 1628w, https:\/\/webs.uab.cat\/gts\/wp-content\/uploads\/sites\/61\/2025\/10\/GTS-Youtube-239x300.jpg 239w, https:\/\/webs.uab.cat\/gts\/wp-content\/uploads\/sites\/61\/2025\/10\/GTS-Youtube-816x1024.jpg 816w, https:\/\/webs.uab.cat\/gts\/wp-content\/uploads\/sites\/61\/2025\/10\/GTS-Youtube-768x964.jpg 768w, https:\/\/webs.uab.cat\/gts\/wp-content\/uploads\/sites\/61\/2025\/10\/GTS-Youtube-1223x1536.jpg 1223w, https:\/\/webs.uab.cat\/gts\/wp-content\/uploads\/sites\/61\/2025\/10\/GTS-Youtube-1200x1507.jpg 1200w\" sizes=\"auto, (max-width: 1628px) 100vw, 1628px\" \/><\/a><\/figure>\n<\/div>\n\n\n\n<div class=\"wp-block-column is-vertically-aligned-center is-layout-flow wp-block-column-is-layout-flow\"><div class=\"wp-block-image\">\n<figure class=\"aligncenter size-full is-resized\"><a href=\"https:\/\/www.linkedin.com\/notifications\/?filter=all\" target=\"_blank\" rel=\"noreferrer noopener\"><img loading=\"lazy\" decoding=\"async\" width=\"2553\" height=\"1462\" src=\"https:\/\/webs.uab.cat\/gts\/wp-content\/uploads\/sites\/61\/2024\/12\/LinkedIn_GTS-1.jpg\" alt=\"\" class=\"wp-image-2191\" style=\"width:210px;height:auto\" srcset=\"https:\/\/webs.uab.cat\/gts\/wp-content\/uploads\/sites\/61\/2024\/12\/LinkedIn_GTS-1.jpg 2553w, https:\/\/webs.uab.cat\/gts\/wp-content\/uploads\/sites\/61\/2024\/12\/LinkedIn_GTS-1-300x172.jpg 300w, https:\/\/webs.uab.cat\/gts\/wp-content\/uploads\/sites\/61\/2024\/12\/LinkedIn_GTS-1-1024x586.jpg 1024w, https:\/\/webs.uab.cat\/gts\/wp-content\/uploads\/sites\/61\/2024\/12\/LinkedIn_GTS-1-768x440.jpg 768w, https:\/\/webs.uab.cat\/gts\/wp-content\/uploads\/sites\/61\/2024\/12\/LinkedIn_GTS-1-1536x880.jpg 1536w, https:\/\/webs.uab.cat\/gts\/wp-content\/uploads\/sites\/61\/2024\/12\/LinkedIn_GTS-1-2048x1173.jpg 2048w, https:\/\/webs.uab.cat\/gts\/wp-content\/uploads\/sites\/61\/2024\/12\/LinkedIn_GTS-1-1200x687.jpg 1200w, https:\/\/webs.uab.cat\/gts\/wp-content\/uploads\/sites\/61\/2024\/12\/LinkedIn_GTS-1-1980x1134.jpg 1980w\" sizes=\"auto, (max-width: 2553px) 100vw, 2553px\" \/><\/a><\/figure>\n<\/div><\/div>\n\n\n\n<div class=\"wp-block-column is-vertically-aligned-center is-layout-flow wp-block-column-is-layout-flow\"><div class=\"wp-block-image\">\n<figure class=\"aligncenter size-full is-resized\"><a href=\"https:\/\/www.instagram.com\/gts_uab\/\" target=\"_blank\" rel=\"noreferrer noopener\"><img loading=\"lazy\" decoding=\"async\" width=\"940\" height=\"958\" src=\"https:\/\/webs.uab.cat\/gts\/wp-content\/uploads\/sites\/61\/2026\/02\/Logo-GTS_IG.jpg\" alt=\"\" class=\"wp-image-2548\" style=\"aspect-ratio:0.9812725878874164;width:227px;height:auto\" srcset=\"https:\/\/webs.uab.cat\/gts\/wp-content\/uploads\/sites\/61\/2026\/02\/Logo-GTS_IG.jpg 940w, https:\/\/webs.uab.cat\/gts\/wp-content\/uploads\/sites\/61\/2026\/02\/Logo-GTS_IG-294x300.jpg 294w, https:\/\/webs.uab.cat\/gts\/wp-content\/uploads\/sites\/61\/2026\/02\/Logo-GTS_IG-768x783.jpg 768w\" sizes=\"auto, (max-width: 940px) 100vw, 940px\" \/><\/a><\/figure>\n<\/div><\/div>\n<\/div>\n\n\n\n<h2 class=\"wp-block-heading alignwide\">Noticias<\/h2>\n\n\n\n<div class=\"wp-block-media-text alignwide is-stacked-on-mobile\" style=\"grid-template-columns:33% auto\"><figure class=\"wp-block-media-text__media\"><a href=\"https:\/\/www.uab.cat\/web\/newsroom\/news-detail\/the-uab-is-the-institution-with-the-highest-number-of-msca-staff-exchanges-grants-awarded-1345830290613.html?detid=1345956626953\" target=\"_blank\" rel=\"noreferrer noopener\"><img loading=\"lazy\" decoding=\"async\" width=\"1017\" height=\"720\" src=\"https:\/\/webs.uab.cat\/gts\/wp-content\/uploads\/sites\/61\/2026\/02\/MSCA.jpg\" alt=\"\" class=\"wp-image-2558 size-full\" srcset=\"https:\/\/webs.uab.cat\/gts\/wp-content\/uploads\/sites\/61\/2026\/02\/MSCA.jpg 1017w, https:\/\/webs.uab.cat\/gts\/wp-content\/uploads\/sites\/61\/2026\/02\/MSCA-300x212.jpg 300w, https:\/\/webs.uab.cat\/gts\/wp-content\/uploads\/sites\/61\/2026\/02\/MSCA-768x544.jpg 768w\" sizes=\"auto, (max-width: 1017px) 100vw, 1017px\" \/><\/a><\/figure><div class=\"wp-block-media-text__content\">\n<p class=\"has-text-align-center\">La UAB es la universidad con el mayor n\u00famero de proyectos coordinados en la convocatoria 2024 de las Acciones Marie Sk\u0142odowska-Curie (MSCA) de Intercambio de Personal, con un total de cinco proyectos. La convocatoria tiene como objetivo promover la colaboraci\u00f3n internacional, intersectorial e interdisciplinaria en investigaci\u00f3n e innovaci\u00f3n mediante el intercambio de personal. Clic en la imagen para m\u00e1s informaci\u00f3n<\/p>\n<\/div><\/div>\n\n\n\n<p><br><\/p>\n\n\n\n<h2 class=\"wp-block-heading alignwide\">Centro GTS &#8211; Colaborador de ALBA-CELLS<\/h2>\n\n\n\n<div class=\"wp-block-media-text alignwide is-stacked-on-mobile\" style=\"grid-template-columns:33% auto\"><figure class=\"wp-block-media-text__media\"><a href=\"https:\/\/www.cells.es\/ca\/home?set_language=ca\" target=\"_blank\" rel=\"noreferrer noopener\"><img loading=\"lazy\" decoding=\"async\" width=\"323\" height=\"175\" src=\"https:\/\/webs.uab.cat\/gts\/wp-content\/uploads\/sites\/61\/2016\/11\/alba2_0.jpg\" alt=\"alba2\" class=\"wp-image-61 size-full\" srcset=\"https:\/\/webs.uab.cat\/gts\/wp-content\/uploads\/sites\/61\/2016\/11\/alba2_0.jpg 323w, https:\/\/webs.uab.cat\/gts\/wp-content\/uploads\/sites\/61\/2016\/11\/alba2_0-300x163.jpg 300w\" sizes=\"auto, (max-width: 323px) 100vw, 323px\" \/><\/a><\/figure><div class=\"wp-block-media-text__content\">\n<p class=\"has-text-align-center\">El Centro GTS es un colaborador habitual del Sincrotr\u00f3n ALBA.<\/p>\n\n\n\n<p class=\"has-text-align-center\">El Sincrotr\u00f3n ALBA es una&nbsp;<strong>infraestructura cient\u00edfica de tercera generaci\u00f3n<\/strong>&nbsp;situada en Cerdanyola del Vall\u00e8s (Barcelona) y es la&nbsp;<strong>m\u00e1s importante de la zona del Mediterr\u00e1neo.<\/strong><\/p>\n\n\n\n<p class=\"has-text-align-center\">Se trata de un&nbsp;<strong>complejo de aceleradores de electrones<\/strong>&nbsp;para producir luz de sincrotr\u00f3n, la cual permite visualizar la estructura at\u00f3mica y molecular de los materiales y estudiar sus propiedades.<\/p>\n<\/div><\/div>\n","protected":false},"excerpt":{"rendered":"<p>G T S | Presentaci\u00f3n El Centro Grupo de T\u00e9cnicas de Separaci\u00f3n en Qu\u00edmica, GTS, es un \u00abGrupo Consolidado de Investigaci\u00f3n de Calidad\u00bb desde 1993. El Centro GTS ha desarrollado su actividad durante los \u00faltimos 30 a\u00f1os en aspectos b\u00e1sicos y aplicados en ciencia y tecnolog\u00eda de separaciones. La b\u00fasqueda del Centro GTS se centra [&hellip;]<\/p>\n","protected":false},"author":44,"featured_media":0,"parent":0,"menu_order":0,"comment_status":"closed","ping_status":"closed","template":"index.php","meta":{"footnotes":""},"class_list":["post-330","page","type-page","status-publish","hentry"],"_links":{"self":[{"href":"https:\/\/webs.uab.cat\/gts\/es\/wp-json\/wp\/v2\/pages\/330","targetHints":{"allow":["GET"]}}],"collection":[{"href":"https:\/\/webs.uab.cat\/gts\/es\/wp-json\/wp\/v2\/pages"}],"about":[{"href":"https:\/\/webs.uab.cat\/gts\/es\/wp-json\/wp\/v2\/types\/page"}],"author":[{"embeddable":true,"href":"https:\/\/webs.uab.cat\/gts\/es\/wp-json\/wp\/v2\/users\/44"}],"replies":[{"embeddable":true,"href":"https:\/\/webs.uab.cat\/gts\/es\/wp-json\/wp\/v2\/comments?post=330"}],"version-history":[{"count":35,"href":"https:\/\/webs.uab.cat\/gts\/es\/wp-json\/wp\/v2\/pages\/330\/revisions"}],"predecessor-version":[{"id":2572,"href":"https:\/\/webs.uab.cat\/gts\/es\/wp-json\/wp\/v2\/pages\/330\/revisions\/2572"}],"wp:attachment":[{"href":"https:\/\/webs.uab.cat\/gts\/es\/wp-json\/wp\/v2\/media?parent=330"}],"curies":[{"name":"wp","href":"https:\/\/api.w.org\/{rel}","templated":true}]}}