{"id":98,"date":"2009-05-25T13:30:47","date_gmt":"2009-05-25T11:30:47","guid":{"rendered":"https:\/\/webs.uab.cat\/gts\/ubicacion\/"},"modified":"2010-01-21T13:40:57","modified_gmt":"2010-01-21T13:40:57","slug":"ubicacion","status":"publish","type":"page","link":"https:\/\/webs.uab.cat\/gts\/es\/ubicacion\/","title":{"rendered":"Ubicaci\u00f3n"},"content":{"rendered":"<p><strong><\/strong><strong><\/strong><\/p>\n<p><strong>Nombre: CENTRE GRUP DE T\u00c8CNIQUES DE SEPARACI\u00d3 EN QU\u00cdMICA<\/strong><\/p>\n<p><strong>Direcci\u00f3n:<\/strong> Facultat de Ci\u00e8ncies. Departament de Qu\u00edmica. Unitat de Qu\u00edmica Anal\u00edtica. Campus de Bellaterra, Edifici CN. UAB. 08193. Bellaterra. Barcelona.<\/p>\n<p><strong>Horario de atenci\u00f3n:<\/strong> de 9 a 18 horas de de lunes a viernes.<\/p>\n<p><iframe loading=\"lazy\" width=\"425\" height=\"350\" frameborder=\"0\" scrolling=\"no\" marginheight=\"0\" marginwidth=\"0\" src=\"http:\/\/maps.google.es\/maps?source=embed&amp;f=d&amp;hl=ca&amp;geocode=&amp;saddr=&amp;daddr=41.501655,2.109434&amp;mra=mi&amp;mrsp=0&amp;sz=18&amp;sll=41.501462,2.109144&amp;sspn=0.002921,0.005021&amp;ie=UTF8&amp;t=h&amp;ll=41.499257,2.107916&amp;spn=0.015428,0.027466&amp;output=embed\"><\/iframe><br \/><small><a href=\"http:\/\/maps.google.es\/maps?source=embed&amp;f=d&amp;hl=ca&amp;geocode=&amp;saddr=&amp;daddr=41.501655,2.109434&amp;mra=mi&amp;mrsp=0&amp;sz=18&amp;sll=41.501462,2.109144&amp;sspn=0.002921,0.005021&amp;ie=UTF8&amp;t=h&amp;ll=41.499257,2.107916&amp;spn=0.015428,0.027466\" style=\"color:#0000FF;text-align:left\">Mostra un mapa m\u00e9s gran<\/a><\/small><\/p>\n","protected":false},"excerpt":{"rendered":"<p>Nombre: CENTRE GRUP DE T\u00c8CNIQUES DE SEPARACI\u00d3 EN QU\u00cdMICA Direcci\u00f3n: Facultat de Ci\u00e8ncies. Departament de Qu\u00edmica. Unitat de Qu\u00edmica Anal\u00edtica. Campus de Bellaterra, Edifici CN. UAB. 08193. Bellaterra. Barcelona. Horario de atenci\u00f3n: de 9 a 18 horas de de lunes a viernes. Mostra un mapa m\u00e9s gran<\/p>\n","protected":false},"author":44,"featured_media":0,"parent":0,"menu_order":0,"comment_status":"closed","ping_status":"closed","template":"","meta":{"footnotes":""},"class_list":["post-98","page","type-page","status-publish","hentry"],"_links":{"self":[{"href":"https:\/\/webs.uab.cat\/gts\/es\/wp-json\/wp\/v2\/pages\/98","targetHints":{"allow":["GET"]}}],"collection":[{"href":"https:\/\/webs.uab.cat\/gts\/es\/wp-json\/wp\/v2\/pages"}],"about":[{"href":"https:\/\/webs.uab.cat\/gts\/es\/wp-json\/wp\/v2\/types\/page"}],"author":[{"embeddable":true,"href":"https:\/\/webs.uab.cat\/gts\/es\/wp-json\/wp\/v2\/users\/44"}],"replies":[{"embeddable":true,"href":"https:\/\/webs.uab.cat\/gts\/es\/wp-json\/wp\/v2\/comments?post=98"}],"version-history":[{"count":0,"href":"https:\/\/webs.uab.cat\/gts\/es\/wp-json\/wp\/v2\/pages\/98\/revisions"}],"wp:attachment":[{"href":"https:\/\/webs.uab.cat\/gts\/es\/wp-json\/wp\/v2\/media?parent=98"}],"curies":[{"name":"wp","href":"https:\/\/api.w.org\/{rel}","templated":true}]}}