{"id":193,"date":"2011-06-30T15:21:04","date_gmt":"2011-06-30T15:21:04","guid":{"rendered":"https:\/\/webs.uab.cat\/gts\/collaboracions\/"},"modified":"2011-06-30T15:21:04","modified_gmt":"2011-06-30T15:21:04","slug":"collaboracions","status":"publish","type":"page","link":"https:\/\/webs.uab.cat\/gts\/collaboracions\/","title":{"rendered":"Col\u00b7laboracions"},"content":{"rendered":"<p><P><STRONG>CRANFIELD UNIVERSITY (UK) | www.cranfield.ac.uk<BR>INSTITUT DE CI\u00c8NCIES DEL MAR | www.icm.csic.es<BR>INSTITUTO SUPERIOR TECNICO (LISBOA, PORTUGAL) | www.ist.utl.pt<BR>INSTITUTUL DE METALE NEFEROASE SI RARE (BUCAREST, RUMANIA) | www.biomat.ro<BR>INSTITUT DE RECHERCHES HYDROLOGIQUES (FRANCIA)<BR>LINK\u00d6PING UNIVERSITY, MERK KG AA | www.liu.se<BR>NATIONAL UNIVERSITY OF IRELAND (CORK, IRLANDA) | www.ucc.ie<BR>NORWEGIAN UNIVERSITY OF SCIENCE AND TECHNOLOGY | www.ntnu.no<BR>PETROBRAZI S.A. (PLOIESTI, RUMANIA) | www.pbrazi.ro<BR>PRIDESA S.A. | www.pridesa.com<BR>ROYAL INSTITUTE OF TECHNOLOGY (ESTOCOLMO, SUECIA) | www.kth.se\/eng<BR>TPA T\u00c9CNICAS DE PROTECCI\u00d3N AMBIENTAL S.A. (ESPA\u00d1A) | www.fcc.es<BR>THERMO OPTEK, S.A. | www.thermo.com<BR>UNIVERSIDAD AUT\u00d3NOMA DE M\u00c9XICO | www.unam.mx<BR>UNIVERSITAT DE BARCELONA ,QU\u00cdMICA FARMAC\u00c9UTICA, FACULTAT DE FARMACIA, BARCELONA, SPAIN | www.ub.es\/farmacia\/<BR>UNIVERSIDAD DE BUENOS AIRES (ARGENTINA) | www.uba.ar<BR>UNIVERSIDAD DE C\u00c1DIZ | www.uca.es<BR>UNIVERSITY OF KENTUCKY. DEPARTMENT OF CHEMISTRY AND CENTER OF MEMBRANE SCIENCE. LEXINGTON, KENTUCKY. ESTADOS<BR>UNIDOS | www.uky.edu<BR>UNIVERSITAT DE GIRONA | www.udg.es<BR>UNIVERSITY OF HERTFORDSHIRE (UK) | www.herts.ac.uk<BR>UNIVERSIDADE NOVA DE LISBOA (PORTUGAL) | www.unl.pt<BR>UNIVERSIDAD DE M\u00c1LAGA | www.uma.es<BR>UNIVERSIDAD DE OVIEDO | www.uniovi.es<BR>UNIVERSIT\u00c0 DI PALERMO (ITALIA) | www.unipa.it<BR>UNIVERSIT\u00c0 DEGLI STUDI DI PAVIA DIPARTIMENTO DI CHIMICA GENERALE ITALY. | http:\/\/chifis1.unipv.it\/<BR>UNIVERSITY \u201cPETROL-GAZE\u201d (PLOIESTI, RUMANIA) | www.upg-ploiesti.ro<BR>UNIVERSITAT POLIT\u00c8CNICA DE CATALUNYA | www.upc.es<BR>UNIVERSITY \u201cPOLITEHNICA\u201d (BUCAREST, RUMANIA) | www.pub.ro<BR>UNIVERSIT\u00c0 DI ROMA \u201cLA SAPIENZA\u201d, DIPARTIMENTO DI CHIMICA, ROMA, ITALY. | http:\/\/www.chem.uniroma1.it\/<BR>UNIVERSIT\u00c0 DEGLI STUDI&nbsp; DI FIRENZE (ITALIA) | www.unifi.it<BR>UNIVERSIDADE TECNICA DE LISBOA (PORTUGAL) | www.utl.pt<BR>UNIVERSITAT ROVIRA I VIRGILI DEPARTAMENT INGENIER\u00cdA QU\u00cdMICA, ESCOLA T\u00c9CNICA SUPERIOR D\u2019ENGINYERIA QU\u00cdMICA (ETSEQ), , TARRAGONA, SPAIN | www.etseq.urv.es<BR><BR>LRA (LABORATORI DE RADIOACTIVITAT AMBIENTAL), DEPT. F\u00cdSICA, UAB<BR>LIPPSO (LABORATORI D&#8217;INNOVACI\u00d3 EN PROCESSOS I PRODUCTES DE S\u00cdNTESI ORG\u00c0NICA), DEPARTAMENT DE QU\u00cdMICA, UdG<\/STRONG><\/P><\/p>\n","protected":false},"excerpt":{"rendered":"<p>CRANFIELD UNIVERSITY (UK) | www.cranfield.ac.ukINSTITUT DE CI\u00c8NCIES DEL MAR | www.icm.csic.esINSTITUTO SUPERIOR TECNICO (LISBOA, PORTUGAL) | www.ist.utl.ptINSTITUTUL DE METALE NEFEROASE SI RARE (BUCAREST, RUMANIA) | www.biomat.roINSTITUT DE RECHERCHES HYDROLOGIQUES (FRANCIA)LINK\u00d6PING UNIVERSITY, MERK KG AA | www.liu.seNATIONAL UNIVERSITY OF IRELAND (CORK, IRLANDA) | www.ucc.ieNORWEGIAN UNIVERSITY OF SCIENCE AND TECHNOLOGY | www.ntnu.noPETROBRAZI S.A. (PLOIESTI, RUMANIA) | www.pbrazi.roPRIDESA [&hellip;]<\/p>\n","protected":false},"author":44,"featured_media":0,"parent":0,"menu_order":0,"comment_status":"closed","ping_status":"closed","template":"","meta":{"footnotes":""},"class_list":["post-193","page","type-page","status-publish","hentry"],"_links":{"self":[{"href":"https:\/\/webs.uab.cat\/gts\/wp-json\/wp\/v2\/pages\/193","targetHints":{"allow":["GET"]}}],"collection":[{"href":"https:\/\/webs.uab.cat\/gts\/wp-json\/wp\/v2\/pages"}],"about":[{"href":"https:\/\/webs.uab.cat\/gts\/wp-json\/wp\/v2\/types\/page"}],"author":[{"embeddable":true,"href":"https:\/\/webs.uab.cat\/gts\/wp-json\/wp\/v2\/users\/44"}],"replies":[{"embeddable":true,"href":"https:\/\/webs.uab.cat\/gts\/wp-json\/wp\/v2\/comments?post=193"}],"version-history":[{"count":0,"href":"https:\/\/webs.uab.cat\/gts\/wp-json\/wp\/v2\/pages\/193\/revisions"}],"wp:attachment":[{"href":"https:\/\/webs.uab.cat\/gts\/wp-json\/wp\/v2\/media?parent=193"}],"curies":[{"name":"wp","href":"https:\/\/api.w.org\/{rel}","templated":true}]}}