{"id":29,"date":"2009-05-25T13:07:54","date_gmt":"2009-05-25T13:07:54","guid":{"rendered":"https:\/\/webs.uab.cat\/gts\/qui-som\/"},"modified":"2024-09-30T12:23:13","modified_gmt":"2024-09-30T10:23:13","slug":"qui-som","status":"publish","type":"page","link":"https:\/\/webs.uab.cat\/gts\/qui-som\/","title":{"rendered":"Qui som"},"content":{"rendered":"\n<h2 class=\"wp-block-heading alignwide\">Qui som<\/h2>\n\n\n\n<p class=\"has-text-align-center\"><strong>G T S | Presentaci\u00f3 <\/strong> El Centre Grup de T\u00e8cniques de Separaci\u00f3 en Qu\u00edmica, GTS, ha desenvolupat la seva activitat durant els \u00faltims \u00a0anys en aspectes b\u00e0sics i aplicats en ci\u00e8ncia i tecnologia de separacions. La recerca del Centre GTS es centra en el disseny i desenvolupament de t\u00e8cniques de separaci\u00f3 aplicades a recerca mediambiental, aplicacions biom\u00e8diques i agroaliment\u00e0ries i processos anal\u00edtics. L&#8217;activitat de GTS inclou, el desenvolupament de projectes, consultoria, assessorament i servei al client. El desenvolupament d&#8217;aquestes activitats se suporta en programes de recerca nacionals i europeus aix\u00ed com convenis amb organismes i companyies p\u00fabliques i privades. El Centre GTS col\u00b7labora de forma activa amb grups de recerca d&#8217;Europa, \u00c0sia i Am\u00e8rica amb finalitats espec\u00edfiques de R+D+i aix\u00ed com acad\u00e8miques.<\/p>\n\n\n\n<p class=\"has-text-align-center\">El Centre GTS segueix&nbsp;la filosofia de la Norma de Qualitat Internacional ISO 9001. <\/p>\n\n\n\n<h2 class=\"wp-block-heading alignwide\">Objectius<\/h2>\n\n\n\n<p class=\"has-text-align-center has-larger-font-size\"><\/p>\n\n\n\n<figure class=\"wp-block-gallery has-nested-images columns-default is-cropped wp-block-gallery-1 is-layout-flex wp-block-gallery-is-layout-flex\">\n<figure class=\"wp-block-image size-large\"><img loading=\"lazy\" decoding=\"async\" width=\"1024\" height=\"484\" data-id=\"1143\" src=\"https:\/\/webs.uab.cat\/gts\/wp-content\/uploads\/sites\/61\/2022\/09\/Objectius-3-1024x484.jpg\" alt=\"\" class=\"wp-image-1143\" srcset=\"https:\/\/webs.uab.cat\/gts\/wp-content\/uploads\/sites\/61\/2022\/09\/Objectius-3-1024x484.jpg 1024w, https:\/\/webs.uab.cat\/gts\/wp-content\/uploads\/sites\/61\/2022\/09\/Objectius-3-300x142.jpg 300w, https:\/\/webs.uab.cat\/gts\/wp-content\/uploads\/sites\/61\/2022\/09\/Objectius-3-768x363.jpg 768w, https:\/\/webs.uab.cat\/gts\/wp-content\/uploads\/sites\/61\/2022\/09\/Objectius-3-1200x567.jpg 1200w, https:\/\/webs.uab.cat\/gts\/wp-content\/uploads\/sites\/61\/2022\/09\/Objectius-3.jpg 1277w\" sizes=\"auto, (max-width: 1024px) 100vw, 1024px\" \/><\/figure>\n<\/figure>\n\n\n\n<p><\/p>\n\n\n\n<h2 class=\"wp-block-heading alignwide has-large-font-size\">Contacte i Ubicaci\u00f3 <strong>|<\/strong> <strong>G T S <\/strong><\/h2>\n\n\n\n<p><strong>Direcci\u00f3 Executiva<\/strong><\/p>\n\n\n\n<p><a href=\"mailto:manuel.valiente@uab.es\">Manuel Valiente<\/a> \u2013 +34 93 581 2903<\/p>\n\n\n\n<p><strong>Direcci\u00f3 T\u00e8cnica<\/strong><\/p>\n\n\n\n<p><a href=\"https:\/\/www.linkedin.com\/in\/montserrat-lopez-mesas-04224831?authType=NAME_SEARCH&amp;authToken=yil9&amp;locale=es_ES&amp;srchid=290859541480072972106&amp;srchindex=1&amp;srchtotal=1198&amp;trk=vsrp_people_res_name&amp;trkInfo=VSRPsearchId%3A290859541480072972106%2CVSRPtargetId%3A111075890%2CVSRPcmpt%3Aprimary%2CVSRPnm%3Atrue%2CauthType%3ANAME_SEARCH\">Montserrat L\u00f3pez Mesas<\/a> \u2013 +34 93 581 1011<\/p>\n\n\n\n<p><a href=\"https:\/\/www.linkedin.com\/in\/cristina-palet-8154839?authType=NAME_SEARCH&amp;authToken=8tKF&amp;locale=es_ES&amp;trk=tyah&amp;trkInfo=clickedVertical%3Amynetwork%2CentityType%3AentityHistoryName%2CclickedEntityId%3Amynetwork_28041425%2Cidx%3A1\">Cristina Palet<\/a> \u2013 +34 93 581 3475<\/p>\n\n\n\n<p><a href=\"https:\/\/www.linkedin.com\/in\/mjsanchezm\/\">Mar\u00eda Jes\u00fas S\u00e1nchez<\/a> \u2013 +34 93 581 1700<\/p>\n\n\n\n<p><a href=\"https:\/\/www.linkedin.com\/in\/roberto-boada-633625a\/\">Roberto Boada<\/a> \u2013 +34 93 581 4638<\/p>\n\n\n\n<p><strong>Gestor-Promotor<\/strong><\/p>\n\n\n\n<p><a href=\"https:\/\/www.linkedin.com\/in\/gustavo-perez-gonzalez-6283481b?authType=name&amp;authToken=6_85&amp;trk=prof-sb-browse_map-name\">Gustavo P\u00e9rez Gonz\u00e1lez<\/a> \u2013 +34 93 581 4938<\/p>\n\n\n\n<p><em>Assist\u00e8ncia telef\u00f2nica 9.00-18.00 h <\/em><br><\/p>\n\n\n\n<p><strong>Secret\u00e0ria de Direcci\u00f3:<\/strong>&nbsp;+34 93 581 1985<br><strong>Correu electr\u00f2nic:<\/strong>&nbsp;<a href=\"mailto:gts@uab.es\" target=\"_blank\" rel=\"noreferrer noopener\">gts@uab.es<\/a><\/p>\n\n\n\n<p><strong>Nom: CENTRE GRUP DE T\u00c8CNIQUES DE SEPARACI\u00d3 EN QU\u00cdMICA<\/strong><\/p>\n\n\n\n<p><strong>Direcci\u00f3:<\/strong>&nbsp;Facultat de Ci\u00e8ncies. Departament de Qu\u00edmica. Unitat de Qu\u00edmica Anal\u00edtica. Campus de Bellaterra, Edifici CN. UAB. 08193. Bellaterra. Barcelona.<\/p>\n\n\n\n<p><strong>Horari d\u2019atenci\u00f3 :<\/strong>&nbsp;de 9 a 18 hores de dilluns a divendres.<\/p>\n\n\n\n<figure class=\"wp-block-image\"><a href=\"https:\/\/www.google.es\/maps\/place\/Departamento+de+Qu%C3%ADmica\/@41.5017756,2.1094019,18.5z\/data=!3m1!5s0x12a4967ff5709665:0xa75832fca0f0355c!4m9!1m2!2m1!1squimica+uab!3m5!1s0x12a4967f60e00da7:0xa9be233aeed2bf89!8m2!3d41.5017685!4d2.1092858!15sCgtxdWltaWNhIHVhYpIBFXVuaXZlcnNpdHlfZGVwYXJ0bWVudOABAA\" target=\"_blank\" rel=\"noreferrer noopener\"><img loading=\"lazy\" decoding=\"async\" width=\"1024\" height=\"496\" src=\"https:\/\/webs.uab.cat\/gts\/wp-content\/uploads\/sites\/61\/2022\/09\/Mapa-UAB-1024x496.jpg\" alt=\"\" class=\"wp-image-1064\" srcset=\"https:\/\/webs.uab.cat\/gts\/wp-content\/uploads\/sites\/61\/2022\/09\/Mapa-UAB-1024x496.jpg 1024w, https:\/\/webs.uab.cat\/gts\/wp-content\/uploads\/sites\/61\/2022\/09\/Mapa-UAB-300x145.jpg 300w, https:\/\/webs.uab.cat\/gts\/wp-content\/uploads\/sites\/61\/2022\/09\/Mapa-UAB-768x372.jpg 768w, https:\/\/webs.uab.cat\/gts\/wp-content\/uploads\/sites\/61\/2022\/09\/Mapa-UAB-1200x581.jpg 1200w, https:\/\/webs.uab.cat\/gts\/wp-content\/uploads\/sites\/61\/2022\/09\/Mapa-UAB.jpg 1277w\" sizes=\"auto, (max-width: 1024px) 100vw, 1024px\" \/><\/a><\/figure>\n\n\n\n<h2 class=\"wp-block-heading\"><\/h2>\n","protected":false},"excerpt":{"rendered":"<p>Qui som G T S | Presentaci\u00f3 El Centre Grup de T\u00e8cniques de Separaci\u00f3 en Qu\u00edmica, GTS, ha desenvolupat la seva activitat durant els \u00faltims \u00a0anys en aspectes b\u00e0sics i aplicats en ci\u00e8ncia i tecnologia de separacions. La recerca del Centre GTS es centra en el disseny i desenvolupament de t\u00e8cniques de separaci\u00f3 aplicades a [&hellip;]<\/p>\n","protected":false},"author":44,"featured_media":0,"parent":0,"menu_order":0,"comment_status":"closed","ping_status":"closed","template":"","meta":{"footnotes":""},"class_list":["post-29","page","type-page","status-publish","hentry"],"_links":{"self":[{"href":"https:\/\/webs.uab.cat\/gts\/wp-json\/wp\/v2\/pages\/29","targetHints":{"allow":["GET"]}}],"collection":[{"href":"https:\/\/webs.uab.cat\/gts\/wp-json\/wp\/v2\/pages"}],"about":[{"href":"https:\/\/webs.uab.cat\/gts\/wp-json\/wp\/v2\/types\/page"}],"author":[{"embeddable":true,"href":"https:\/\/webs.uab.cat\/gts\/wp-json\/wp\/v2\/users\/44"}],"replies":[{"embeddable":true,"href":"https:\/\/webs.uab.cat\/gts\/wp-json\/wp\/v2\/comments?post=29"}],"version-history":[{"count":16,"href":"https:\/\/webs.uab.cat\/gts\/wp-json\/wp\/v2\/pages\/29\/revisions"}],"predecessor-version":[{"id":1942,"href":"https:\/\/webs.uab.cat\/gts\/wp-json\/wp\/v2\/pages\/29\/revisions\/1942"}],"wp:attachment":[{"href":"https:\/\/webs.uab.cat\/gts\/wp-json\/wp\/v2\/media?parent=29"}],"curies":[{"name":"wp","href":"https:\/\/api.w.org\/{rel}","templated":true}]}}