{"id":67,"date":"2009-05-25T13:22:03","date_gmt":"2009-05-25T13:22:03","guid":{"rendered":"https:\/\/webs.uab.cat\/gts\/linies-de-recerca\/"},"modified":"2025-10-06T13:46:38","modified_gmt":"2025-10-06T11:46:38","slug":"linies-de-recerca","status":"publish","type":"page","link":"https:\/\/webs.uab.cat\/gts\/linies-de-recerca\/","title":{"rendered":"L\u00ednies d&#8217;investigaci\u00f3"},"content":{"rendered":"\n<figure class=\"wp-block-image\" id=\"block-e23a9034-4b4b-4bdf-915e-6f80b41d46c1\"><img decoding=\"async\" src=\"https:\/\/webs.uab.cat\/gts\/wp-content\/uploads\/sites\/61\/2022\/10\/Researh-Lines_10_2022-1024x576.jpg\" alt=\"Aquesta imatge t\u00e9 l'atribut alt buit; el seu nom \u00e9s Researh-Lines_10_2022-1024x576.jpg\" \/><\/figure>\n\n\n\n<div class=\"wp-block-group\"><div class=\"wp-block-group__inner-container is-layout-flow wp-block-group-is-layout-flow\">\n<div class=\"wp-block-columns is-layout-flex wp-container-core-columns-is-layout-9d6595d7 wp-block-columns-is-layout-flex\">\n<div class=\"wp-block-column is-layout-flow wp-block-column-is-layout-flow\" style=\"flex-basis:100%\"><\/div>\n<\/div>\n<\/div><\/div>\n\n\n\n<h2 class=\"wp-block-heading alignwide has-large-font-size\"><strong>Medi Ambient<\/strong><\/h2>\n\n\n\n<div class=\"wp-block-group\"><div class=\"wp-block-group__inner-container is-layout-flow wp-block-group-is-layout-flow\">\n<p><strong>Tecnologies Energ\u00e8tiques i Medi Ambient<\/strong><br>Tractament, caracteritzaci\u00f3 i monitoritzaci\u00f3 d&#8217;aig\u00fces, s\u00f2ls i sediments contaminats.<\/p>\n\n\n\n<p>An\u00e0lisi del contingut i mobilitat de metalls t\u00f2xics en s\u00f2ls Industrials i d&#8217;aig\u00fces \u00e0cides de mines.<\/p>\n\n\n\n<p>Avaluaci\u00f3 de l&#8217;especiaci\u00f3 de contaminants org\u00e0nics i inorg\u00e0nics mitjan\u00e7ant t\u00e8cniques anal\u00edtiques i de sincrotr\u00f3.<\/p>\n\n\n\n<p>Aplicaci\u00f3 de t\u00e8cniques geoestad\u00edstiques i quimiom\u00e8triques els estudis d&#8217;especiaci\u00f3 per a l&#8217;obtenci\u00f3 de mapes de distribuci\u00f3 d&#8217;esp\u00e8cies contaminants.<\/p>\n<\/div><\/div>\n\n\n\n<p><strong>Tecnologies Qu\u00edmiques<\/strong><br>Qu\u00edmica anal\u00edtica i an\u00e0lisi qu\u00edmica.<br>Pretractament i an\u00e0lisi de mostres en espectrosc\u00f2pia at\u00f2mica i cromatografia.<br>Caracteritzaci\u00f3 i desenvolupament d&#8217;instrumentaci\u00f3 anal\u00edtica d&#8217;ICP-MS, AF4, FP-XRF, HPLC-MS, GC-MS.<\/p>\n\n\n\n<h2 class=\"wp-block-heading alignwide has-large-font-size\"><strong>Aplicacions agroaliment\u00e0ries<\/strong><\/h2>\n\n\n\n<p><strong>Aliments funcionals<\/strong><br>Desenvolupament i caracteritzaci\u00f3 d&#8217;aliments biofortificats amb seleni, amb la funci\u00f3 espec\u00edfica de millorar la salut i reduir el risc de contraure malalties.<\/p>\n\n\n\n<p><strong>Biotecnologia<\/strong><br>Desenvolupament i caracteritzaci\u00f3 de biomassa emprada en la sorci\u00f3 de diferents Biotecnologies.<\/p>\n\n\n\n<p>Caracteritzaci\u00f3 de sistemes biocompatibles per la separaci\u00f3 i recuperaci\u00f3 de diferents compostos inorg\u00e0nics.<\/p>\n\n\n\n<p>Estudi de diferents biomasses d&#8217;origen vegetal i animal.<\/p>\n\n\n\n<h2 class=\"wp-block-heading alignwide has-large-font-size\"><strong>Biomedicina<\/strong><\/h2>\n\n\n\n<p><strong>Ci\u00e8ncies de la Salut<\/strong><br>Desenvolupament i caracteritzaci\u00f3 de biomaterials dentals (Estudis de des \/ remineralitzaci\u00f3, de blanqueig dental, d&#8217;abrasi\u00f3, de disponibilitat de fluorur i incorporaci\u00f3 a l&#8217;enamel dental).<\/p>\n\n\n\n<p>Estudis d&#8217;alliberament controlat de f\u00e0rmacs.<\/p>\n\n\n\n<p>Caracteritzaci\u00f3 i an\u00e0lisi de c\u00e0lculs renals i predicci\u00f3 de la litiasi urol\u00f2gica en humans i animals, estudis d&#8217;inhibidors i promotors de c\u00e0lculs renals.<\/p>\n\n\n\n<h2 class=\"wp-block-heading alignwide has-large-font-size\"><strong>Instrumentaci\u00f3 anal\u00edtica<\/strong><\/h2>\n\n\n\n<p>Caracteritzaci\u00f3 i desenvolupament d&#8217;instrumentaci\u00f3 d&#8217;ICP-MS.<br>Pretractament i introducci\u00f3 de mostres en espectrosc\u00f2pia at\u00f2mica.<\/p>\n\n\n\n<p><\/p>\n","protected":false},"excerpt":{"rendered":"<p>Medi Ambient Tecnologies Energ\u00e8tiques i Medi AmbientTractament, caracteritzaci\u00f3 i monitoritzaci\u00f3 d&#8217;aig\u00fces, s\u00f2ls i sediments contaminats. An\u00e0lisi del contingut i mobilitat de metalls t\u00f2xics en s\u00f2ls Industrials i d&#8217;aig\u00fces \u00e0cides de mines. Avaluaci\u00f3 de l&#8217;especiaci\u00f3 de contaminants org\u00e0nics i inorg\u00e0nics mitjan\u00e7ant t\u00e8cniques anal\u00edtiques i de sincrotr\u00f3. Aplicaci\u00f3 de t\u00e8cniques geoestad\u00edstiques i quimiom\u00e8triques els estudis d&#8217;especiaci\u00f3 per [&hellip;]<\/p>\n","protected":false},"author":44,"featured_media":0,"parent":0,"menu_order":0,"comment_status":"closed","ping_status":"closed","template":"","meta":{"footnotes":""},"class_list":["post-67","page","type-page","status-publish","hentry"],"_links":{"self":[{"href":"https:\/\/webs.uab.cat\/gts\/wp-json\/wp\/v2\/pages\/67","targetHints":{"allow":["GET"]}}],"collection":[{"href":"https:\/\/webs.uab.cat\/gts\/wp-json\/wp\/v2\/pages"}],"about":[{"href":"https:\/\/webs.uab.cat\/gts\/wp-json\/wp\/v2\/types\/page"}],"author":[{"embeddable":true,"href":"https:\/\/webs.uab.cat\/gts\/wp-json\/wp\/v2\/users\/44"}],"replies":[{"embeddable":true,"href":"https:\/\/webs.uab.cat\/gts\/wp-json\/wp\/v2\/comments?post=67"}],"version-history":[{"count":23,"href":"https:\/\/webs.uab.cat\/gts\/wp-json\/wp\/v2\/pages\/67\/revisions"}],"predecessor-version":[{"id":2382,"href":"https:\/\/webs.uab.cat\/gts\/wp-json\/wp\/v2\/pages\/67\/revisions\/2382"}],"wp:attachment":[{"href":"https:\/\/webs.uab.cat\/gts\/wp-json\/wp\/v2\/media?parent=67"}],"curies":[{"name":"wp","href":"https:\/\/api.w.org\/{rel}","templated":true}]}}