{"id":93,"date":"2009-05-25T13:54:57","date_gmt":"2009-05-25T13:54:57","guid":{"rendered":"https:\/\/webs.uab.cat\/gts\/links-publicacions\/"},"modified":"2025-10-06T13:54:47","modified_gmt":"2025-10-06T11:54:47","slug":"links-publicacions","status":"publish","type":"page","link":"https:\/\/webs.uab.cat\/gts\/links-publicacions\/","title":{"rendered":"Publicacions"},"content":{"rendered":"\n<h2 class=\"wp-block-heading alignwide has-large-font-size\">Portal de Recerca<\/h2>\n\n\n\n<p class=\"has-text-align-center\"><strong>UAB-CEI<\/strong> \u00e9s un portal web que permet als usuaris buscar, explorar i trobar experts dins de les institucions de la <strong>UAB-CEI<\/strong> (<em>Universitat Aut\u00f2noma de Barcelona &#8211; Campus<br> d&#8217;Excel \u00b7 l\u00e8ncia Internacional<\/em>). Perfils d&#8217;experts <strong>UAB-CEI<\/strong> poden ajudar les persones en la ind\u00fastria, els grups de la comunitat i personal de la universitat en els esfor\u00e7os per trobar informaci\u00f3 i possibles col \u00b7 laboradors per a la investigaci\u00f3 i resoluci\u00f3 de problemes. Aquest portal de coneixements \u00e9s un component clau de <strong>UAB-CEI <\/strong>per promoure l&#8217;aplicaci\u00f3 de nous coneixements i t\u00e8cniques innovadores que responguin a les demandes de la societat.<\/p>\n\n\n\n<figure class=\"wp-block-image size-large\"><img loading=\"lazy\" decoding=\"async\" width=\"1024\" height=\"683\" src=\"https:\/\/webs.uab.cat\/gts\/wp-content\/uploads\/sites\/61\/2022\/09\/Llibres-1024x683.jpg\" alt=\"\" class=\"wp-image-1373\" srcset=\"https:\/\/webs.uab.cat\/gts\/wp-content\/uploads\/sites\/61\/2022\/09\/Llibres-1024x683.jpg 1024w, https:\/\/webs.uab.cat\/gts\/wp-content\/uploads\/sites\/61\/2022\/09\/Llibres-300x200.jpg 300w, https:\/\/webs.uab.cat\/gts\/wp-content\/uploads\/sites\/61\/2022\/09\/Llibres-768x512.jpg 768w, https:\/\/webs.uab.cat\/gts\/wp-content\/uploads\/sites\/61\/2022\/09\/Llibres-1536x1024.jpg 1536w, https:\/\/webs.uab.cat\/gts\/wp-content\/uploads\/sites\/61\/2022\/09\/Llibres-2048x1365.jpg 2048w, https:\/\/webs.uab.cat\/gts\/wp-content\/uploads\/sites\/61\/2022\/09\/Llibres-1200x800.jpg 1200w, https:\/\/webs.uab.cat\/gts\/wp-content\/uploads\/sites\/61\/2022\/09\/Llibres-1980x1320.jpg 1980w\" sizes=\"auto, (max-width: 1024px) 100vw, 1024px\" \/><\/figure>\n\n\n\n<p class=\"has-text-align-center\">La producci\u00f3 cient\u00edfica a la UAB inclou projectes d&#8217;investigaci\u00f3, publicacions (articles, llibres, cap\u00edtols de llibre, working papers, etc.) dels investigadors dels quals es disposi del seu curriculum vitae actualitzat.<\/p>\n\n\n\n<p><strong>Publicacions dels membres del Centre GTS:<\/strong> \u200b<a href=\"https:\/\/portalrecerca.uab.cat\/\" target=\"_blank\" rel=\"noreferrer noopener\">Portal de Recerca de la UAB<\/a><\/p>\n\n\n\n<p><\/p>\n","protected":false},"excerpt":{"rendered":"<p>Portal de Recerca UAB-CEI \u00e9s un portal web que permet als usuaris buscar, explorar i trobar experts dins de les institucions de la UAB-CEI (Universitat Aut\u00f2noma de Barcelona &#8211; Campus d&#8217;Excel \u00b7 l\u00e8ncia Internacional). Perfils d&#8217;experts UAB-CEI poden ajudar les persones en la ind\u00fastria, els grups de la comunitat i personal de la universitat en [&hellip;]<\/p>\n","protected":false},"author":44,"featured_media":0,"parent":0,"menu_order":0,"comment_status":"closed","ping_status":"closed","template":"","meta":{"footnotes":""},"class_list":["post-93","page","type-page","status-publish","hentry"],"_links":{"self":[{"href":"https:\/\/webs.uab.cat\/gts\/wp-json\/wp\/v2\/pages\/93","targetHints":{"allow":["GET"]}}],"collection":[{"href":"https:\/\/webs.uab.cat\/gts\/wp-json\/wp\/v2\/pages"}],"about":[{"href":"https:\/\/webs.uab.cat\/gts\/wp-json\/wp\/v2\/types\/page"}],"author":[{"embeddable":true,"href":"https:\/\/webs.uab.cat\/gts\/wp-json\/wp\/v2\/users\/44"}],"replies":[{"embeddable":true,"href":"https:\/\/webs.uab.cat\/gts\/wp-json\/wp\/v2\/comments?post=93"}],"version-history":[{"count":12,"href":"https:\/\/webs.uab.cat\/gts\/wp-json\/wp\/v2\/pages\/93\/revisions"}],"predecessor-version":[{"id":2383,"href":"https:\/\/webs.uab.cat\/gts\/wp-json\/wp\/v2\/pages\/93\/revisions\/2383"}],"wp:attachment":[{"href":"https:\/\/webs.uab.cat\/gts\/wp-json\/wp\/v2\/media?parent=93"}],"curies":[{"name":"wp","href":"https:\/\/api.w.org\/{rel}","templated":true}]}}