{"id":107,"date":"2014-07-09T13:04:49","date_gmt":"2014-07-09T11:04:49","guid":{"rendered":"http:\/\/gurbuab.wordpress.com\/?page_id=107"},"modified":"2014-07-09T13:04:49","modified_gmt":"2014-07-09T11:04:49","slug":"recerca","status":"publish","type":"page","link":"https:\/\/webs.uab.cat\/gurb\/recerca\/","title":{"rendered":"RECERCA"},"content":{"rendered":"<p>El <em><strong>Grup de Recerca sobre Territori, Energia i Societat<\/strong><\/em> centra la seva recerca per el per\u00edode 2018-2022 en els seg\u00fcents projectes:<\/p>\n<p style=\"padding-left:30px\">&#8211; <strong>Efecto barrio. Los impactos sociales de las desigualdades territoriales y las pol\u00edticas urbanas redistributivas en las grandes ciudades espa\u00f1olas. <\/strong>Ministerio de Economia y Competitividad (MINECO). Retos Investigaci\u00f3n, Proyectos I+D+i 2016 correspondientes al Programa Estatal de Investigaci\u00f3n, Desarrollo e Innovaci\u00f3n Orientada a los Retos de la Sociedad. 30\/12\/2016 &#8211; 29\/12\/2019. Investigador principal: Oriol Nel\u00b7lo. [CSO2016-75236-C2-2-R]<\/p>\n<p style=\"padding-left:30px\">&#8211; <strong>SUDIAP: Segregaci\u00f3n urbana, densidad institucional, innovaci\u00f3n social y actitudes pol\u00edticas en las grandes ciudades espa\u00f1olas. <\/strong>Convocatoria Retos de la Sociedad del Plan Estatal I+D+i 2017-2020. Investigadores principales: Oriol Nel\u00b7lo, Ismael Blanco. [PID2019-108120RB-C32]<\/p>\n<hr \/>\n<p>El <em><strong>Grup de Recerca sobre Territori, Energia i Societat<\/strong><\/em> centra la seva recerca per el per\u00edode 2013-2017 en els seg\u00fcents projectes:<\/p>\n<p style=\"padding-left:30px\">&#8211; <strong>Informe de diagnosi i recomanacions dels elements territorials de l\u2019\u00e0mbit del Sistema tarifari integrat de l\u2019ATM de Barcelona i la seva relaci\u00f3 amb la mobilitat<\/strong>. (ATM, maig 2017 &#8211; desembre 2017).<\/p>\n<p style=\"padding-left:30px\">&#8211; <strong>In lumine sapientia. El proc\u00e9s d\u2019urbanitzaci\u00f3 als Pa\u00efsos Catalans a la llum de la imatge satel\u00b7lit\u00e0ria nocturna de la terra<\/strong>. (Institut d&#8217;Estudis Catalans, abril 2017 &#8211; desembre 2017).<\/p>\n<p style=\"padding-left:30px\">&#8211; <strong>Efecto barrio. Los impactos sociales de las desigualdades territoriales y las pol\u00edticas urbanas redistributivas en las grandes ciudades espa\u00f1olas<\/strong>. (Ministerio de Econom\u00eda y Competitividad. Programa Estatal de Investigaci\u00f3n, Desarrollo e Innovaci\u00f3n Orientada a los Retos de la Sociedad. Plan Estatal de Investigaci\u00f3n Cient\u00edfica y T\u00e9cnica y de Innovaci\u00f3n, gener 2017 &#8211; desembre 2019).<\/p>\n<p style=\"padding-left:30px\">&#8211;\u00a0<strong>Recull i classificaci\u00f3 de pol\u00edtiques i transformacions territorials a partir de la base de l&#8217;Anuari Territorial de Catalunya 2003-2015<\/strong>. (Societat Catalana d&#8217;Ordenaci\u00f3 del Territori. Institut d&#8217;Estudis Catalans, novembre 2016 &#8211; febrer 2017).<\/p>\n<p style=\"padding-left:30px\">&#8211; <strong>Supporto tecnico-scientifico per la elaborazione della \u201cMappa sintetica della pianificazione dei Comuni della Val d&#8217;Agri\u201d<\/strong>. (Societ\u00e0 Lucana Sistemi, Regione Basilicata, Italia, octubre 2014 &#8211; maig 2015).<\/p>\n<p style=\"padding-left:30px\">&#8211; <strong>Ciutat i Territori en l&#8217;obra de Gabriel Alomar i Vilallonga<\/strong>. (Institut d&#8217;Estudis Catalans, maig 2014 &#8211; maig 2015).<\/p>\n<p style=\"padding-left:30px\">&#8211; <strong>La luz de la ciudad. La delimitaci\u00f3n, evoluci\u00f3n y consumo de suelo en las \u00c1reas Metropolitanas Espa\u00f1olas a partir de im\u00e1genes sat\u00e9lite nocturnas de la Tierra, 1992-2012<\/strong>. (Ministerio de Econom\u00eda y Competitividad. Programa Estatal de Investigaci\u00f3n, Desarrollo e Innovaci\u00f3n Orientada a los Retos de la Sociedad, gener 2014 &#8211; desembre 2016).<\/p>\n<p style=\"padding-left:30px\">&#8211; <strong>Acc\u00e9s universal a l&#8217;energia, energies renovables i desenvolupament local a Maurit\u00e0nia: una proposta per a la recerca-acci\u00f3 participativa<\/strong>. (Fundaci\u00f3 Aut\u00f2noma Solid\u00e0ria, juliol 2014 &#8211; maig 2015).<\/p>\n<p style=\"padding-left:30px\">&#8211; <strong>Barris desafavorits enfront de la crisi: segregaci\u00f3 urbana, innovaci\u00f3 social i capacitat c\u00edvica<\/strong>. (Programa RecerCaixa. Associaci\u00f3 Catalana d\u2019Universitats P\u00fabliques (ACUP) i Obra Social \u201dla Caixa\u201d, gener 2013 &#8211; desembre 2015).<\/p>\n<p style=\"padding-left:30px\">&#8211; <strong>Renewable energy efficiency, landscape integration and social acceptability<\/strong>.\u00a0(Enel Foundation, setembre 2013 &#8211; agost 2015).<\/p>\n<p style=\"padding-left:30px\">&#8211; <strong>Urban fabric, housing typology and electric energy consumption<\/strong>. (Enel Foundation, setembre 2013 &#8211; agost 2015).<\/p>\n<p style=\"padding-left:30px\">\n<p style=\"padding-left:30px\">\n","protected":false},"excerpt":{"rendered":"<p>El Grup de Recerca sobre Territori, Energia i Societat centra la seva recerca per el per\u00edode 2018-2022 en els seg\u00fcents projectes: &#8211; Efecto barrio. Los impactos sociales de las desigualdades territoriales y las pol\u00edticas urbanas redistributivas en las grandes ciudades espa\u00f1olas. Ministerio de Economia y Competitividad (MINECO). Retos Investigaci\u00f3n, Proyectos I+D+i 2016 correspondientes al Programa [&hellip;]<\/p>\n","protected":false},"author":2819,"featured_media":0,"parent":0,"menu_order":0,"comment_status":"closed","ping_status":"closed","template":"","meta":{"footnotes":""},"class_list":["post-107","page","type-page","status-publish","hentry"],"_links":{"self":[{"href":"https:\/\/webs.uab.cat\/gurb\/wp-json\/wp\/v2\/pages\/107","targetHints":{"allow":["GET"]}}],"collection":[{"href":"https:\/\/webs.uab.cat\/gurb\/wp-json\/wp\/v2\/pages"}],"about":[{"href":"https:\/\/webs.uab.cat\/gurb\/wp-json\/wp\/v2\/types\/page"}],"author":[{"embeddable":true,"href":"https:\/\/webs.uab.cat\/gurb\/wp-json\/wp\/v2\/users\/2819"}],"replies":[{"embeddable":true,"href":"https:\/\/webs.uab.cat\/gurb\/wp-json\/wp\/v2\/comments?post=107"}],"version-history":[{"count":0,"href":"https:\/\/webs.uab.cat\/gurb\/wp-json\/wp\/v2\/pages\/107\/revisions"}],"wp:attachment":[{"href":"https:\/\/webs.uab.cat\/gurb\/wp-json\/wp\/v2\/media?parent=107"}],"curies":[{"name":"wp","href":"https:\/\/api.w.org\/{rel}","templated":true}]}}