{"id":1145,"date":"2017-11-24T12:09:04","date_gmt":"2017-11-24T10:09:04","guid":{"rendered":"http:\/\/gurbuab.com\/?page_id=1145"},"modified":"2017-11-24T12:09:04","modified_gmt":"2017-11-24T10:09:04","slug":"vero-mejia-juarez","status":"publish","type":"page","link":"https:\/\/webs.uab.cat\/gurb\/vero-mejia-juarez\/","title":{"rendered":"Vero Mejia Ju\u00e1rez"},"content":{"rendered":"<p style=\"text-align:justify\"><em><strong><img loading=\"lazy\" decoding=\"async\" class=\" size-full wp-image-1146 alignleft\" src=\"https:\/\/webs.uab.cat\/gurb\/wp-content\/uploads\/sites\/586\/2017\/11\/img_web_mejia.jpg\" alt=\"img_web_mejia\" width=\"249\" height=\"300\" \/>Vero Mejia<\/strong><\/em>\u00a0<span lang=\"ca\"><em><strong>Ju\u00e1rez<\/strong><\/em> \u00e9s Doctora en Geografia per la Universitat Aut\u00f2noma de Barcelona (2020), arquitecta per la Universitat de Cuenca (Equador, 2012), enginyera en Gesti\u00f3 Ambiental per la Universitat T\u00e8cnica Particular de Loja (Equador, 2015) i m\u00e0ster en Gesti\u00f3 i Valoraci\u00f3 Urbana per la Universitat Polit\u00e8cnica de Catalunya (UPC, 2014). Ha treballat com a consultora en la redacci\u00f3 de plans territorials i urban\u00edstics, ha format part de l&#8217;equip redactor del Pla Urb\u00e0 de la ciutat de Cuenca (Equador) i de les eines de gesti\u00f3 del s\u00f2l del Canton Cuenca (Equador).<\/span><\/p>\n<hr \/>\n<p style=\"text-align:center\"><strong>Publicacions | Actes<\/strong><\/p>\n<p style=\"text-align:center\"><img loading=\"lazy\" decoding=\"async\" class=\"alignnone  wp-image-908\" src=\"https:\/\/webs.uab.cat\/gurb\/wp-content\/uploads\/sites\/586\/2016\/12\/linkedin.png\" alt=\"linkedin\" width=\"30\" height=\"30\" \/>\u00a0<img loading=\"lazy\" decoding=\"async\" class=\"alignnone  wp-image-907\" src=\"https:\/\/webs.uab.cat\/gurb\/wp-content\/uploads\/sites\/586\/2016\/12\/mendeley.png\" alt=\"mendeley\" width=\"30\" height=\"30\" \/>\u00a0<img loading=\"lazy\" decoding=\"async\" class=\"alignnone  wp-image-904\" src=\"https:\/\/webs.uab.cat\/gurb\/wp-content\/uploads\/sites\/586\/2016\/12\/academia.png\" alt=\"academia\" width=\"30\" height=\"30\" \/>\u00a0<img loading=\"lazy\" decoding=\"async\" class=\"alignnone  wp-image-906\" src=\"https:\/\/webs.uab.cat\/gurb\/wp-content\/uploads\/sites\/586\/2016\/12\/twitter.png\" alt=\"twitter\" width=\"30\" height=\"30\" \/>\u00a0<img loading=\"lazy\" decoding=\"async\" class=\"alignnone  wp-image-905\" src=\"https:\/\/webs.uab.cat\/gurb\/wp-content\/uploads\/sites\/586\/2016\/12\/facebook.png\" alt=\"facebook\" width=\"30\" height=\"30\" \/>\u00a0<img loading=\"lazy\" decoding=\"async\" class=\"alignnone  wp-image-918\" src=\"https:\/\/webs.uab.cat\/gurb\/wp-content\/uploads\/sites\/586\/2016\/12\/instagram.png\" alt=\"instagram\" width=\"30\" height=\"30\" \/><\/p>\n","protected":false},"excerpt":{"rendered":"<p>Vero Mejia\u00a0Ju\u00e1rez \u00e9s Doctora en Geografia per la Universitat Aut\u00f2noma de Barcelona (2020), arquitecta per la Universitat de Cuenca (Equador, 2012), enginyera en Gesti\u00f3 Ambiental per la Universitat T\u00e8cnica Particular de Loja (Equador, 2015) i m\u00e0ster en Gesti\u00f3 i Valoraci\u00f3 Urbana per la Universitat Polit\u00e8cnica de Catalunya (UPC, 2014). Ha treballat com a consultora en [&hellip;]<\/p>\n","protected":false},"author":2819,"featured_media":0,"parent":0,"menu_order":0,"comment_status":"closed","ping_status":"closed","template":"","meta":{"footnotes":""},"class_list":["post-1145","page","type-page","status-publish","hentry"],"_links":{"self":[{"href":"https:\/\/webs.uab.cat\/gurb\/wp-json\/wp\/v2\/pages\/1145","targetHints":{"allow":["GET"]}}],"collection":[{"href":"https:\/\/webs.uab.cat\/gurb\/wp-json\/wp\/v2\/pages"}],"about":[{"href":"https:\/\/webs.uab.cat\/gurb\/wp-json\/wp\/v2\/types\/page"}],"author":[{"embeddable":true,"href":"https:\/\/webs.uab.cat\/gurb\/wp-json\/wp\/v2\/users\/2819"}],"replies":[{"embeddable":true,"href":"https:\/\/webs.uab.cat\/gurb\/wp-json\/wp\/v2\/comments?post=1145"}],"version-history":[{"count":0,"href":"https:\/\/webs.uab.cat\/gurb\/wp-json\/wp\/v2\/pages\/1145\/revisions"}],"wp:attachment":[{"href":"https:\/\/webs.uab.cat\/gurb\/wp-json\/wp\/v2\/media?parent=1145"}],"curies":[{"name":"wp","href":"https:\/\/api.w.org\/{rel}","templated":true}]}}