{"id":1877,"date":"2022-01-19T14:02:28","date_gmt":"2022-01-19T12:02:28","guid":{"rendered":"https:\/\/gurbuab.com\/?page_id=1877"},"modified":"2022-01-19T14:02:28","modified_gmt":"2022-01-19T12:02:28","slug":"sudiap","status":"publish","type":"page","link":"https:\/\/webs.uab.cat\/gurb\/sudiap\/","title":{"rendered":"SUDIAP"},"content":{"rendered":"\n<p><strong>PID2019-108120RB-C32. SUDIAP: Segregaci\u00f3n urbana, densidad institucional, innovaci\u00f3n social y actitudes pol\u00edticas en las grandes ciudades espa\u00f1olas. Convocatoria Retos de la Sociedad del Plan Estatal I+D+i 2017-2020. Investigadors principals: O. Nel\u00b7lo, I. Blanco.\u00a0<\/strong><\/p>\n\n\n\n<p>Les actituds pol\u00edtiques de la ciutadania estan condicionades pel lloc de resid\u00e8ncia? La pres\u00e8ncia d&#8217;institucions i serveis al territori t\u00e9 relaci\u00f3 amb la renda de la poblaci\u00f3 que hi resideix? La segregaci\u00f3 urbana i la densitat institucional afecten la propensi\u00f3 de la ciutadania a organitzar-se i actuar en la vida p\u00fablica? En els darrers anys, aquestes q\u00fcestions i altres de similars han vist augmentar especialment la seva rellev\u00e0ncia a causa del sorgiment, en bona part de les ciutats i pa\u00efsos europeus, d&#8217;actituds pol\u00edtiques i comportaments electorals de car\u00e0cter disruptiu. A l&#8217;hora d&#8217;analitzar-los, diversos autors han afirmat que el descontentament seria m\u00e9s el resultat del sentiment de postergaci\u00f3 de determinats territoris que de les desigualtats socials. Sense negar, la import\u00e0ncia que puguin tenir aquests factors, aquesta investigaci\u00f3 es proposa seguir un altre cam\u00ed interpretatiu.<\/p>\n\n\n\n<p><br \/>En concret, el projecte SUDIAP t\u00e9 per objectiu explorar la relaci\u00f3 dels canvis en les actituds pol\u00edtiques i les mutacions dels comportaments electorals amb dos tipus de factors explicatius: d&#8217;una banda, el proc\u00e9s d&#8217;urbanitzaci\u00f3, l&#8217;increment de les desigualtats urbanes i la segregaci\u00f3 residencial que se&#8217;n deriva; de l&#8217;altra, la densitat institucional, tant pel que fa a la pres\u00e8ncia d&#8217;equipaments i serveis, com a la vida associativa i la innovaci\u00f3 social.<\/p>\n\n\n\n<p><br \/>La investigaci\u00f3 parteix de la hip\u00f2tesi que ambdues q\u00fcestions es troben estretament interrelacionades, ja que la densitat institucional \u00e9s, alhora, causa i efecte de la segregaci\u00f3 urbana, i les actituds pol\u00edtiques es relacionen estretament amb les desigualtats socials que es plasmen en la segregaci\u00f3 residencial. Aix\u00ed, la segregaci\u00f3 residencial, que afecta amb una intensitat creixent les \u00e0rees urbanes i el conjunt del territori espanyol, seria, des del punt de vista espacial, un dels principals factors explicatius de les actituds pol\u00edtiques de la poblaci\u00f3.<\/p>\n\n\n\n<p><br \/>El projecte SUDIAP s&#8217;insereix en la l\u00ednia de recerca sobre les implicacions socials i pol\u00edtiques de la segregaci\u00f3 urbana en qu\u00e8, entre el 2013 i el 2019, hi han participat bona part dels membres de l&#8217;equip investigador, les fites fonamentals dels quals han estat els projectes Barris i Crisi (Recercaixa, 2013-2016) i Efecto barrio (Programa Retos de la Sociedad, 2017-2019). <\/p>\n\n\n\n<p>Concretament, el subproyecto SUDIAP, es un dels subprojectes del Projecte Coordinat Metr\u00f3polis fracturadas. Vivienda, segregaci\u00f3n, densidad institucional y actitudes pol\u00edticas en las grandes ciudades espa\u00f1olas de la convocat\u00f2ria Retos de la Sociedad del Plan Estatal I+D+i 2017-2020 que coordina la Universidad de Santiago de Compostela, amb el subprojecte El problema de la vivienda en las metr\u00f3polis fragmentadas espa\u00f1olas. Permanencia en el tiempo, nuevos mercados de la vivienda y alternativas desde las pol\u00edticas p\u00fablicas dirigit per Rub\u00e9n Camilo Lois Gonz\u00e1lez i del que forma part tamb\u00e9 el subprojecte del Grupo de Investigaci\u00f3n en Arquitectura, Urbanismo y Sostenibilidad (GIAU+s) de la ETSAM de la Universidad Polit\u00e9cnica de Madrid (UPM), InURBA: Metr\u00f3polis fracturadas. Vulnerabilidad, reequilibrio territorial e institucionalizaci\u00f3n de las estrategias de desarrollo urbano integrado, amb Agust\u00edn Hern\u00e1ndez Aja com investigador principal.<\/p>\n","protected":false},"excerpt":{"rendered":"<p>PID2019-108120RB-C32. SUDIAP: Segregaci\u00f3n urbana, densidad institucional, innovaci\u00f3n social y actitudes pol\u00edticas en las grandes ciudades espa\u00f1olas. Convocatoria Retos de la Sociedad del Plan Estatal I+D+i 2017-2020. Investigadors principals: O. Nel\u00b7lo, I. Blanco.\u00a0 Les actituds pol\u00edtiques de la ciutadania estan condicionades pel lloc de resid\u00e8ncia? La pres\u00e8ncia d&#8217;institucions i serveis al territori t\u00e9 relaci\u00f3 amb la [&hellip;]<\/p>\n","protected":false},"author":2819,"featured_media":0,"parent":0,"menu_order":0,"comment_status":"closed","ping_status":"closed","template":"","meta":{"footnotes":""},"class_list":["post-1877","page","type-page","status-publish","hentry"],"_links":{"self":[{"href":"https:\/\/webs.uab.cat\/gurb\/wp-json\/wp\/v2\/pages\/1877","targetHints":{"allow":["GET"]}}],"collection":[{"href":"https:\/\/webs.uab.cat\/gurb\/wp-json\/wp\/v2\/pages"}],"about":[{"href":"https:\/\/webs.uab.cat\/gurb\/wp-json\/wp\/v2\/types\/page"}],"author":[{"embeddable":true,"href":"https:\/\/webs.uab.cat\/gurb\/wp-json\/wp\/v2\/users\/2819"}],"replies":[{"embeddable":true,"href":"https:\/\/webs.uab.cat\/gurb\/wp-json\/wp\/v2\/comments?post=1877"}],"version-history":[{"count":0,"href":"https:\/\/webs.uab.cat\/gurb\/wp-json\/wp\/v2\/pages\/1877\/revisions"}],"wp:attachment":[{"href":"https:\/\/webs.uab.cat\/gurb\/wp-json\/wp\/v2\/media?parent=1877"}],"curies":[{"name":"wp","href":"https:\/\/api.w.org\/{rel}","templated":true}]}}