{"id":1907,"date":"2022-01-26T13:46:16","date_gmt":"2022-01-26T11:46:16","guid":{"rendered":"https:\/\/gurbuab.com\/?page_id=1907"},"modified":"2022-01-26T13:46:16","modified_gmt":"2022-01-26T11:46:16","slug":"desigualtats-energetiques","status":"publish","type":"page","link":"https:\/\/webs.uab.cat\/gurb\/desigualtats-energetiques\/","title":{"rendered":"DESIGUALTATS ENERG\u00c8TIQUES"},"content":{"rendered":"\n<figure class=\"wp-block-image size-large\"><a href=\"https:\/\/webs.uab.cat\/gurb\/wp-content\/uploads\/sites\/586\/2022\/01\/20220126_desigualdades-energeticas.png\"><img loading=\"lazy\" decoding=\"async\" width=\"955\" height=\"703\" src=\"https:\/\/webs.uab.cat\/gurb\/wp-content\/uploads\/sites\/586\/2022\/01\/20220126_desigualdades-energeticas.png?w=955\" alt=\"\" class=\"wp-image-1909\" srcset=\"https:\/\/webs.uab.cat\/gurb\/wp-content\/uploads\/sites\/586\/2022\/01\/20220126_desigualdades-energeticas.png 955w, https:\/\/webs.uab.cat\/gurb\/wp-content\/uploads\/sites\/586\/2022\/01\/20220126_desigualdades-energeticas-300x221.png 300w, https:\/\/webs.uab.cat\/gurb\/wp-content\/uploads\/sites\/586\/2022\/01\/20220126_desigualdades-energeticas-768x565.png 768w\" sizes=\"auto, (max-width: 955px) 100vw, 955px\" \/><\/a><\/figure>\n\n\n\n<p><strong>DESIGUALDADES ENERG\u00c9TICAS: Segregaci\u00f3n urbana y acceso a la energ\u00eda en el \u00e1mbito metropolitano de Barcelona bajo condiciones de crisis sanitaria, social y ambiental. <\/strong><strong>Desenvolupat en el marc de Premis de Recerca Cient\u00edfica a Reptes Urbans a la ciutat de Barcelona 2020, \u201cFons COVID\u201d de l&#8217;Ajuntament de Barcelona. Investigadora principal Ver\u00f3nica Mej\u00eda Ju\u00e1rez. Projecte tutoritzat per Oriol Nel\u00b7lo<\/strong><\/p>\n\n\n\n<p>La situaci\u00f3 de crisi sanit\u00e0ria i social resultant de la irrupci\u00f3 de la pand\u00e8mia COVID-19 ha posat en evid\u00e8ncia les mancances en mat\u00e8ria d\u2019habitabilitat de bona part de les llars de l\u2019\u00e0mbit metropolit\u00e0 de Barcelona. Aquestes mancances es troben desigualment distribu\u00efdes, de manera que afecten amb particular intensitat els grups socials i els territoris que compten amb menors recursos. Un dels aspectes m\u00e9s destacats de la problem\u00e0tica consisteix en les dificultats per accedir i gaudir dels subministraments energ\u00e8tics essencials. Aix\u00ed, la situaci\u00f3 de crisi i el per\u00edode de confinament han posat en relleu fins a quin punt les mancances en mat\u00e8ria d&#8217;efici\u00e8ncia energ\u00e8tica i les dificultats per fer front als costos de gas i electricitat afecten un nombre molt elevat de llars a la Barcelona metropolitana .<\/p>\n\n\n\n<p>D&#8217;altra banda, l&#8217;evid\u00e8ncia del canvi clim\u00e0tic i l&#8217;esgotament dels combustibles f\u00f2ssils obliguen les ciutats a adoptar estrat\u00e8gies de transici\u00f3 energ\u00e8tica que permetin avan\u00e7ar cap a l&#8217;autoconsum dom\u00e8stic. La ciutat de Barcelona est\u00e0 impulsant diverses iniciatives en aquesta direcci\u00f3. Tanmateix, la distribuci\u00f3 d&#8217;aquestes pr\u00e0ctiques entre els diversos grups socials i les \u00e0rees territorials es troben lluny d\u2019esdevenir una situaci\u00f3 homog\u00e8nia. Aix\u00f2 \u00e9s degut al fet que l&#8217;adopci\u00f3 de les noves formes de generaci\u00f3 energ\u00e8tica dom\u00e8stica es troba vinculada en bona mesura al capital social hi ha &nbsp;la capacitat econ\u00f2mica de les llars.<\/p>\n\n\n\n<p>Tant des del punt de vista de les privacions en mat\u00e8ria energ\u00e8tica com des de la perspectiva de la transici\u00f3 energ\u00e8tica, la q\u00fcesti\u00f3 de la desigualtat social i la segregaci\u00f3 urbana resulta un factor clau. No hi ha, per\u00f2, estudis complets que estableixin de manera cient\u00edfica la relaci\u00f3 entre uns i altres factors a la ciutat de Barcelona. Aquesta proposta es proposa venir a cobrir aquesta necessitat.<\/p>\n\n\n\n<p>El projecte es planteja un triple objectiu general, per a la consecuci\u00f3 del qual es proposen quatre objectius espec\u00edfics, sis preguntes de recerca i dues hip\u00f2tesis de treball.<\/p>\n\n\n\n<p>1. En primer lloc, analitzar la situaci\u00f3 de Barcelona i el seu entorn metropolit\u00e0 en relaci\u00f3 amb les eventuals desigualtats en el consum energ\u00e8tic i l\u2019efici\u00e8ncia energ\u00e8tica de les llars en relaci\u00f3 amb la distribuci\u00f3 territorial de la renda.<\/p>\n\n\n\n<p>2. En segon lloc, identificar el nivell d\u2019implantaci\u00f3 de les pr\u00e0ctiques d\u2019autoconsum el\u00e8ctric i establir la seva relaci\u00f3 amb el nivell socioecon\u00f2mic de la poblaci\u00f3.<\/p>\n\n\n\n<p>3. I, finalment, identificar els factors que permeten explicar les difer\u00e8ncies observades i, en conseq\u00fc\u00e8ncia, proposar mesures d\u2019actuaci\u00f3.<\/p>\n\n\n\n<p>L&#8217;\u00e0mbit territorial considerat \u00e9s la ciutat de Barcelona i la resta de 35 municipis de la seva \u00e0rea metropolitana. El per\u00edode d&#8217;estudi considerat seran els darrers deu anys, amb una atenci\u00f3 especial a la situaci\u00f3 existent a partir de l&#8217;inici de la crisi sanit\u00e0ria com a resultat de la pand\u00e8mia COVID-19.<\/p>\n","protected":false},"excerpt":{"rendered":"<p>DESIGUALDADES ENERG\u00c9TICAS: Segregaci\u00f3n urbana y acceso a la energ\u00eda en el \u00e1mbito metropolitano de Barcelona bajo condiciones de crisis sanitaria, social y ambiental. Desenvolupat en el marc de Premis de Recerca Cient\u00edfica a Reptes Urbans a la ciutat de Barcelona 2020, \u201cFons COVID\u201d de l&#8217;Ajuntament de Barcelona. Investigadora principal Ver\u00f3nica Mej\u00eda Ju\u00e1rez. Projecte tutoritzat per [&hellip;]<\/p>\n","protected":false},"author":2819,"featured_media":0,"parent":0,"menu_order":0,"comment_status":"closed","ping_status":"closed","template":"","meta":{"footnotes":""},"class_list":["post-1907","page","type-page","status-publish","hentry"],"_links":{"self":[{"href":"https:\/\/webs.uab.cat\/gurb\/wp-json\/wp\/v2\/pages\/1907","targetHints":{"allow":["GET"]}}],"collection":[{"href":"https:\/\/webs.uab.cat\/gurb\/wp-json\/wp\/v2\/pages"}],"about":[{"href":"https:\/\/webs.uab.cat\/gurb\/wp-json\/wp\/v2\/types\/page"}],"author":[{"embeddable":true,"href":"https:\/\/webs.uab.cat\/gurb\/wp-json\/wp\/v2\/users\/2819"}],"replies":[{"embeddable":true,"href":"https:\/\/webs.uab.cat\/gurb\/wp-json\/wp\/v2\/comments?post=1907"}],"version-history":[{"count":0,"href":"https:\/\/webs.uab.cat\/gurb\/wp-json\/wp\/v2\/pages\/1907\/revisions"}],"wp:attachment":[{"href":"https:\/\/webs.uab.cat\/gurb\/wp-json\/wp\/v2\/media?parent=1907"}],"curies":[{"name":"wp","href":"https:\/\/api.w.org\/{rel}","templated":true}]}}