{"id":1919,"date":"2022-01-26T14:20:29","date_gmt":"2022-01-26T12:20:29","guid":{"rendered":"https:\/\/gurbuab.com\/?page_id=1919"},"modified":"2022-01-26T14:20:29","modified_gmt":"2022-01-26T12:20:29","slug":"mar-esteve-guell","status":"publish","type":"page","link":"https:\/\/webs.uab.cat\/gurb\/mar-esteve-guell\/","title":{"rendered":"Mar Esteve G\u00fcell"},"content":{"rendered":"\n<div class=\"wp-block-columns is-layout-flex wp-container-core-columns-is-layout-9d6595d7 wp-block-columns-is-layout-flex\">\n<div class=\"wp-block-column is-layout-flow wp-block-column-is-layout-flow\" style=\"flex-basis:33.33%\">\n<figure class=\"wp-block-image size-large\"><a href=\"https:\/\/webs.uab.cat\/gurb\/wp-content\/uploads\/sites\/586\/2022\/01\/img_web_mar_esteve.jpg\"><img loading=\"lazy\" decoding=\"async\" width=\"248\" height=\"300\" src=\"https:\/\/webs.uab.cat\/gurb\/wp-content\/uploads\/sites\/586\/2022\/01\/img_web_mar_esteve.jpg?w=248\" alt=\"\" class=\"wp-image-1916\" \/><\/a><\/figure>\n<\/div>\n\n\n\n<div class=\"wp-block-column is-layout-flow wp-block-column-is-layout-flow\" style=\"flex-basis:66.66%\">\n<p><strong>Mar Esteve<\/strong> <strong>G\u00fcell<\/strong> (Vilafranca, 1993) \u00e9s arquitecta per l&#8217;Escola T\u00e8cnica Superior d&#8217;Arquitectura del Vall\u00e8s de la UPC (grau 2017 i m\u00e0ster 2018). Actualment, est\u00e0 cursant el m\u00e0ster Metr\u00f2polis en estudis urbans i metropolitans de la Universitat Aut\u00f2noma de Barcelona i el IERMB i estudis de doctorat en el programa de Geografia a la Universitat Aut\u00f2noma de Barcelona (2020-2023). Gaudeix de la beca INPhINIT Retaining de &#8220;la Caixa&#8221; per a cursar estudis doctorals.<\/p>\n\n\n\n<p>Ha col\u00b7laborat amb diversos estudis d&#8217;arquitectura i com a investigadora en el departament d&#8217;Urbanisme de la Universitat Polit\u00e8cnica de Catalunya i en el grup d&#8217;Arquitectura de la Lule\u00e5 University of Technology (Su\u00e8cia).<\/p>\n<\/div>\n<\/div>\n","protected":false},"excerpt":{"rendered":"<p>Mar Esteve G\u00fcell (Vilafranca, 1993) \u00e9s arquitecta per l&#8217;Escola T\u00e8cnica Superior d&#8217;Arquitectura del Vall\u00e8s de la UPC (grau 2017 i m\u00e0ster 2018). Actualment, est\u00e0 cursant el m\u00e0ster Metr\u00f2polis en estudis urbans i metropolitans de la Universitat Aut\u00f2noma de Barcelona i el IERMB i estudis de doctorat en el programa de Geografia a la Universitat Aut\u00f2noma [&hellip;]<\/p>\n","protected":false},"author":2819,"featured_media":0,"parent":0,"menu_order":0,"comment_status":"closed","ping_status":"closed","template":"","meta":{"footnotes":""},"class_list":["post-1919","page","type-page","status-publish","hentry"],"_links":{"self":[{"href":"https:\/\/webs.uab.cat\/gurb\/wp-json\/wp\/v2\/pages\/1919","targetHints":{"allow":["GET"]}}],"collection":[{"href":"https:\/\/webs.uab.cat\/gurb\/wp-json\/wp\/v2\/pages"}],"about":[{"href":"https:\/\/webs.uab.cat\/gurb\/wp-json\/wp\/v2\/types\/page"}],"author":[{"embeddable":true,"href":"https:\/\/webs.uab.cat\/gurb\/wp-json\/wp\/v2\/users\/2819"}],"replies":[{"embeddable":true,"href":"https:\/\/webs.uab.cat\/gurb\/wp-json\/wp\/v2\/comments?post=1919"}],"version-history":[{"count":0,"href":"https:\/\/webs.uab.cat\/gurb\/wp-json\/wp\/v2\/pages\/1919\/revisions"}],"wp:attachment":[{"href":"https:\/\/webs.uab.cat\/gurb\/wp-json\/wp\/v2\/media?parent=1919"}],"curies":[{"name":"wp","href":"https:\/\/api.w.org\/{rel}","templated":true}]}}