{"id":60,"date":"2014-07-09T10:40:21","date_gmt":"2014-07-09T08:40:21","guid":{"rendered":"http:\/\/gurbuab.wordpress.com\/?page_id=60"},"modified":"2014-07-09T10:40:21","modified_gmt":"2014-07-09T08:40:21","slug":"dr-carles-donat-munoz","status":"publish","type":"page","link":"https:\/\/webs.uab.cat\/gurb\/dr-carles-donat-munoz\/","title":{"rendered":"Carles Donat Mu\u00f1oz"},"content":{"rendered":"<p style=\"text-align:justify\"><em><strong><img loading=\"lazy\" decoding=\"async\" class=\"alignleft size-medium wp-image-472\" src=\"https:\/\/webs.uab.cat\/gurb\/wp-content\/uploads\/sites\/586\/2015\/03\/img_web_donat.jpg?w=249\" alt=\"img_web_donat\" width=\"249\" height=\"300\" srcset=\"https:\/\/webs.uab.cat\/gurb\/wp-content\/uploads\/sites\/586\/2015\/03\/img_web_donat.jpg 429w, https:\/\/webs.uab.cat\/gurb\/wp-content\/uploads\/sites\/586\/2015\/03\/img_web_donat-249x300.jpg 249w\" sizes=\"auto, (max-width: 249px) 100vw, 249px\" \/>Carles Donat Mu\u00f1oz<\/strong><\/em> (Ontinyent, 1976) \u00e9s ge\u00f2graf especialitzat en habitatge, ordenaci\u00f3 del territori i estudis urbans. Llicenciat en geografia per la Universitat Aut\u00f2noma de Barcelona (2001) i doctor en geografia (2014). Ha realitzat estades de recerca a la Universit\u00e0 IUAV di Venezia (1999\/2000) i a la Universit\u00e0 degli Studi di Sassari (2013). Actualment, \u00e9s investigador en l\u2019<a href=\"http:\/\/www.iermb.uab.es\/\" target=\"_blank\" rel=\"noopener\">Institut d\u2019Estudis Regionals i Metropolitans de Barcelona<\/a> i professor associat del <a href=\"http:\/\/geografia.uab.es\/\" target=\"_blank\" rel=\"noopener\">Departament de Geografia<\/a> de la Universitat Aut\u00f2noma de Barcelona.<\/p>\n<hr \/>\n<p style=\"text-align:center\"><strong><a title=\"PUBLICACIONS CARLES DONAT\" href=\"https:\/\/gurbuab.wordpress.com\/publicacions-carles-donat\/\">Publicacions<\/a> | <a title=\"ACTES CARLES DONAT\" href=\"https:\/\/gurbuab.wordpress.com\/actes-carles-donat\/\">Actes<\/a><\/strong><\/p>\n<p style=\"text-align:center\"><img loading=\"lazy\" decoding=\"async\" class=\"alignnone  wp-image-908\" src=\"https:\/\/webs.uab.cat\/gurb\/wp-content\/uploads\/sites\/586\/2016\/12\/linkedin.png\" alt=\"linkedin\" width=\"30\" height=\"30\" \/>\u00a0<img loading=\"lazy\" decoding=\"async\" class=\"alignnone  wp-image-907\" src=\"https:\/\/webs.uab.cat\/gurb\/wp-content\/uploads\/sites\/586\/2016\/12\/mendeley.png\" alt=\"mendeley\" width=\"30\" height=\"30\" \/>\u00a0<img loading=\"lazy\" decoding=\"async\" class=\"alignnone  wp-image-904\" src=\"https:\/\/webs.uab.cat\/gurb\/wp-content\/uploads\/sites\/586\/2016\/12\/academia.png\" alt=\"academia\" width=\"30\" height=\"30\" \/>\u00a0<img loading=\"lazy\" decoding=\"async\" class=\"alignnone  wp-image-906\" src=\"https:\/\/webs.uab.cat\/gurb\/wp-content\/uploads\/sites\/586\/2016\/12\/twitter.png\" alt=\"twitter\" width=\"30\" height=\"30\" \/>\u00a0<img loading=\"lazy\" decoding=\"async\" class=\"alignnone  wp-image-905\" src=\"https:\/\/webs.uab.cat\/gurb\/wp-content\/uploads\/sites\/586\/2016\/12\/facebook.png\" alt=\"facebook\" width=\"30\" height=\"30\" \/>\u00a0<img loading=\"lazy\" decoding=\"async\" class=\"alignnone  wp-image-918\" src=\"https:\/\/webs.uab.cat\/gurb\/wp-content\/uploads\/sites\/586\/2016\/12\/instagram.png\" alt=\"instagram\" width=\"30\" height=\"30\" \/><\/p>\n","protected":false},"excerpt":{"rendered":"<p>Carles Donat Mu\u00f1oz (Ontinyent, 1976) \u00e9s ge\u00f2graf especialitzat en habitatge, ordenaci\u00f3 del territori i estudis urbans. Llicenciat en geografia per la Universitat Aut\u00f2noma de Barcelona (2001) i doctor en geografia (2014). Ha realitzat estades de recerca a la Universit\u00e0 IUAV di Venezia (1999\/2000) i a la Universit\u00e0 degli Studi di Sassari (2013). Actualment, \u00e9s investigador [&hellip;]<\/p>\n","protected":false},"author":2819,"featured_media":0,"parent":0,"menu_order":0,"comment_status":"closed","ping_status":"closed","template":"","meta":{"footnotes":""},"class_list":["post-60","page","type-page","status-publish","hentry"],"_links":{"self":[{"href":"https:\/\/webs.uab.cat\/gurb\/wp-json\/wp\/v2\/pages\/60","targetHints":{"allow":["GET"]}}],"collection":[{"href":"https:\/\/webs.uab.cat\/gurb\/wp-json\/wp\/v2\/pages"}],"about":[{"href":"https:\/\/webs.uab.cat\/gurb\/wp-json\/wp\/v2\/types\/page"}],"author":[{"embeddable":true,"href":"https:\/\/webs.uab.cat\/gurb\/wp-json\/wp\/v2\/users\/2819"}],"replies":[{"embeddable":true,"href":"https:\/\/webs.uab.cat\/gurb\/wp-json\/wp\/v2\/comments?post=60"}],"version-history":[{"count":0,"href":"https:\/\/webs.uab.cat\/gurb\/wp-json\/wp\/v2\/pages\/60\/revisions"}],"wp:attachment":[{"href":"https:\/\/webs.uab.cat\/gurb\/wp-json\/wp\/v2\/media?parent=60"}],"curies":[{"name":"wp","href":"https:\/\/api.w.org\/{rel}","templated":true}]}}