{"id":64,"date":"2014-07-09T10:45:15","date_gmt":"2014-07-09T08:45:15","guid":{"rendered":"http:\/\/gurbuab.wordpress.com\/?page_id=64"},"modified":"2014-07-09T10:45:15","modified_gmt":"2014-07-09T08:45:15","slug":"que-fem","status":"publish","type":"page","link":"https:\/\/webs.uab.cat\/gurb\/que-fem\/","title":{"rendered":"QUE FEM"},"content":{"rendered":"<p>El <em><strong>Grup d\u2019Estudis sobre Energia, Territori i Societat<\/strong><\/em> \u00e9s un Grup de Recerca Emergent que la Generalitat de Catalunya ha reconegut el mes de maig de 2014 per al trienni 2014-2016 (GRE 473).<\/p>\n<p>L\u2019objectiu principal del grup de recerca \u00e9s estudiar la interrelaci\u00f3 entre din\u00e0miques territorials, consum energ\u00e8tic i pol\u00edtiques p\u00fabliques.<\/p>\n<p>El grup que es va comen\u00e7ar a configurar l\u2019any 2013 treballa en quatre l\u00ednies de recerca:<\/p>\n<p style=\"padding-left:30px\">&#8211; Energia i morfologia urbana.<\/p>\n<p style=\"padding-left:30px\">&#8211; Producci\u00f3 d\u2019energia i paisatge.<\/p>\n<p style=\"padding-left:30px\">&#8211; Activitats econ\u00f2miques, rehabilitaci\u00f3 urbana i habitatge.<\/p>\n<p style=\"padding-left:30px\">&#8211; Regulaci\u00f3 i planejament dels processos d\u2019urbanitzaci\u00f3.<\/p>\n","protected":false},"excerpt":{"rendered":"<p>El Grup d\u2019Estudis sobre Energia, Territori i Societat \u00e9s un Grup de Recerca Emergent que la Generalitat de Catalunya ha reconegut el mes de maig de 2014 per al trienni 2014-2016 (GRE 473). L\u2019objectiu principal del grup de recerca \u00e9s estudiar la interrelaci\u00f3 entre din\u00e0miques territorials, consum energ\u00e8tic i pol\u00edtiques p\u00fabliques. El grup que es [&hellip;]<\/p>\n","protected":false},"author":2819,"featured_media":0,"parent":0,"menu_order":0,"comment_status":"closed","ping_status":"closed","template":"","meta":{"footnotes":""},"class_list":["post-64","page","type-page","status-publish","hentry"],"_links":{"self":[{"href":"https:\/\/webs.uab.cat\/gurb\/wp-json\/wp\/v2\/pages\/64","targetHints":{"allow":["GET"]}}],"collection":[{"href":"https:\/\/webs.uab.cat\/gurb\/wp-json\/wp\/v2\/pages"}],"about":[{"href":"https:\/\/webs.uab.cat\/gurb\/wp-json\/wp\/v2\/types\/page"}],"author":[{"embeddable":true,"href":"https:\/\/webs.uab.cat\/gurb\/wp-json\/wp\/v2\/users\/2819"}],"replies":[{"embeddable":true,"href":"https:\/\/webs.uab.cat\/gurb\/wp-json\/wp\/v2\/comments?post=64"}],"version-history":[{"count":0,"href":"https:\/\/webs.uab.cat\/gurb\/wp-json\/wp\/v2\/pages\/64\/revisions"}],"wp:attachment":[{"href":"https:\/\/webs.uab.cat\/gurb\/wp-json\/wp\/v2\/media?parent=64"}],"curies":[{"name":"wp","href":"https:\/\/api.w.org\/{rel}","templated":true}]}}