{"id":704,"date":"2015-07-07T14:13:52","date_gmt":"2015-07-07T12:13:52","guid":{"rendered":"https:\/\/gurbuab.wordpress.com\/?page_id=704"},"modified":"2015-07-07T14:13:52","modified_gmt":"2015-07-07T12:13:52","slug":"adreces-dinteres","status":"publish","type":"page","link":"https:\/\/webs.uab.cat\/gurb\/adreces-dinteres\/","title":{"rendered":"ADRECES D&#8217;INTER\u00c8S"},"content":{"rendered":"<p>P\u00e0gina web del Departament de Geografia, UAB:\u00a0<a href=\"http:\/\/www.uab.cat\/departament\/geografia\/\" target=\"_blank\" rel=\"noopener\">http:\/\/www.uab.cat\/departament\/geografia\/<\/a><\/p>\n<p>Blog personal, Oriol Nel\u00b7lo: <a href=\"http:\/\/oriolnello.blogspot.com.es\/\" target=\"_blank\" rel=\"noopener\">http:\/\/oriolnello.blogspot.com.es\/<\/a><\/p>\n<p>L\u00e0mines d&#8217;Informaci\u00f3 Territorial, Joan L\u00f3pez: <a href=\"http:\/\/lit2.jimdo.com\/\" target=\"_blank\" rel=\"noopener\">http:\/\/lit2.jimdo.com\/<\/a><\/p>\n<p>Blog personal, Margalida Mestre: <a href=\"http:\/\/paralelocero.blogspot.com.es\/\" target=\"_blank\" rel=\"noopener\">http:\/\/paralelocero.blogspot.com.es\/<\/a><\/p>\n<p>P\u00e0gina web de la Societat Catalana d&#8217;Ordenaci\u00f3 del Territori: <a href=\"http:\/\/www.scot.cat\/\" target=\"_blank\" rel=\"noopener\">http:\/\/scot.cat\/<\/a><\/p>\n<p>P\u00e0gina web de la Societat Catalana de Geografia:\u00a0<a href=\"http:\/\/scg.iec.cat\/\" target=\"_blank\" rel=\"noopener\">http:\/\/scg.iec.cat\/<\/a><\/p>\n","protected":false},"excerpt":{"rendered":"<p>P\u00e0gina web del Departament de Geografia, UAB:\u00a0http:\/\/www.uab.cat\/departament\/geografia\/ Blog personal, Oriol Nel\u00b7lo: http:\/\/oriolnello.blogspot.com.es\/ L\u00e0mines d&#8217;Informaci\u00f3 Territorial, Joan L\u00f3pez: http:\/\/lit2.jimdo.com\/ Blog personal, Margalida Mestre: http:\/\/paralelocero.blogspot.com.es\/ P\u00e0gina web de la Societat Catalana d&#8217;Ordenaci\u00f3 del Territori: http:\/\/scot.cat\/ P\u00e0gina web de la Societat Catalana de Geografia:\u00a0http:\/\/scg.iec.cat\/<\/p>\n","protected":false},"author":2819,"featured_media":0,"parent":0,"menu_order":0,"comment_status":"closed","ping_status":"closed","template":"","meta":{"footnotes":""},"class_list":["post-704","page","type-page","status-publish","hentry"],"_links":{"self":[{"href":"https:\/\/webs.uab.cat\/gurb\/wp-json\/wp\/v2\/pages\/704","targetHints":{"allow":["GET"]}}],"collection":[{"href":"https:\/\/webs.uab.cat\/gurb\/wp-json\/wp\/v2\/pages"}],"about":[{"href":"https:\/\/webs.uab.cat\/gurb\/wp-json\/wp\/v2\/types\/page"}],"author":[{"embeddable":true,"href":"https:\/\/webs.uab.cat\/gurb\/wp-json\/wp\/v2\/users\/2819"}],"replies":[{"embeddable":true,"href":"https:\/\/webs.uab.cat\/gurb\/wp-json\/wp\/v2\/comments?post=704"}],"version-history":[{"count":0,"href":"https:\/\/webs.uab.cat\/gurb\/wp-json\/wp\/v2\/pages\/704\/revisions"}],"wp:attachment":[{"href":"https:\/\/webs.uab.cat\/gurb\/wp-json\/wp\/v2\/media?parent=704"}],"curies":[{"name":"wp","href":"https:\/\/api.w.org\/{rel}","templated":true}]}}