{"id":76,"date":"2014-07-09T12:08:28","date_gmt":"2014-07-09T10:08:28","guid":{"rendered":"http:\/\/gurbuab.wordpress.com\/?page_id=76"},"modified":"2014-07-09T12:08:28","modified_gmt":"2014-07-09T10:08:28","slug":"laura-capel-tatjer","status":"publish","type":"page","link":"https:\/\/webs.uab.cat\/gurb\/laura-capel-tatjer\/","title":{"rendered":"Laura Capel Tatjer"},"content":{"rendered":"<p style=\"text-align:justify\"><span class=\"\" lang=\"CA\"><img loading=\"lazy\" decoding=\"async\" class=\"alignleft size-medium wp-image-474\" src=\"https:\/\/webs.uab.cat\/gurb\/wp-content\/uploads\/sites\/586\/2015\/03\/img_web_capel.jpg?w=249\" alt=\"img_web_capel\" width=\"249\" height=\"300\" srcset=\"https:\/\/webs.uab.cat\/gurb\/wp-content\/uploads\/sites\/586\/2015\/03\/img_web_capel.jpg 429w, https:\/\/webs.uab.cat\/gurb\/wp-content\/uploads\/sites\/586\/2015\/03\/img_web_capel-249x300.jpg 249w\" sizes=\"auto, (max-width: 249px) 100vw, 249px\" \/><\/span><\/p>\n<p><strong>Laura Capel Tatjer<\/strong> t\u00e9 una formaci\u00f3 multidisciplinar, essent doctora en Geografia per la Universitat Aut\u00f2noma de Barcelona (2017), llicenciada en Sociologia per la Universitat de Barcelona (1998) i amb un M\u00e0ster en Gesti\u00f3 Urbana per la Erasmus University Rotterdam (1999) i el Diploma d\u2019Estudis Avan\u00e7ats en Ci\u00e8ncies Pol\u00edtiques i Socials per la Universitat Pompeu Fabra (2005).\u00a0Ha treballat com investigadora a l\u2019European Institute for Comparative Urban Researchde Rotterdam (2000-2001) i a l\u2019Institut d\u2019Estudis Territorials (2002-2013), on va participar en l\u2019elaboraci\u00f3 del Pla Territorial Parcial de la Regi\u00f3 Metropolitana de Barcelona aix\u00ed com en l\u2019estudi econ\u00f2mic i financer d\u2019aquest i altres plans territorials. Va treballar com investigadora a la C\u00e0tedra Repsol de Competitivitat i Desenvolupament Regional de la Universitat de Lleida (2014). Actualment combina la seva tasca com consultora en desenvolupament territorial i innovaci\u00f3 amb la seva col\u00b7laboraci\u00f3 amb aquest Grup de recerca. D\u00f3na classes al programa universitari \u201cStudy Abroad\u201d de la Universitat Aut\u00f2noma de Barcelona.<\/p>\n<hr \/>\n<p style=\"text-align:center\"><strong><a title=\"PUBLICACIONS LAURA CAPEL\" href=\"https:\/\/gurbuab.wordpress.com\/publicacions-laura-capel\/\">Publicacions<\/a> | <a title=\"ACTES LAURA CAPEL\" href=\"https:\/\/gurbuab.wordpress.com\/actes-laura-capel\/\">Actes<\/a><\/strong><\/p>\n<p style=\"text-align:center\"><img loading=\"lazy\" decoding=\"async\" class=\"alignnone  wp-image-908\" src=\"https:\/\/webs.uab.cat\/gurb\/wp-content\/uploads\/sites\/586\/2016\/12\/linkedin.png\" alt=\"linkedin\" width=\"30\" height=\"30\" \/>\u00a0<img loading=\"lazy\" decoding=\"async\" class=\"alignnone  wp-image-907\" src=\"https:\/\/webs.uab.cat\/gurb\/wp-content\/uploads\/sites\/586\/2016\/12\/mendeley.png\" alt=\"mendeley\" width=\"30\" height=\"30\" \/>\u00a0<img loading=\"lazy\" decoding=\"async\" class=\"alignnone  wp-image-904\" src=\"https:\/\/webs.uab.cat\/gurb\/wp-content\/uploads\/sites\/586\/2016\/12\/academia.png\" alt=\"academia\" width=\"30\" height=\"30\" \/>\u00a0<img loading=\"lazy\" decoding=\"async\" class=\"alignnone  wp-image-906\" src=\"https:\/\/webs.uab.cat\/gurb\/wp-content\/uploads\/sites\/586\/2016\/12\/twitter.png\" alt=\"twitter\" width=\"30\" height=\"30\" \/>\u00a0<img loading=\"lazy\" decoding=\"async\" class=\"alignnone  wp-image-905\" src=\"https:\/\/webs.uab.cat\/gurb\/wp-content\/uploads\/sites\/586\/2016\/12\/facebook.png\" alt=\"facebook\" width=\"30\" height=\"30\" \/>\u00a0<img loading=\"lazy\" decoding=\"async\" class=\"alignnone  wp-image-918\" src=\"https:\/\/webs.uab.cat\/gurb\/wp-content\/uploads\/sites\/586\/2016\/12\/instagram.png\" alt=\"instagram\" width=\"30\" height=\"30\" \/><\/p>\n<p>&nbsp;<\/p>\n","protected":false},"excerpt":{"rendered":"<p>Laura Capel Tatjer t\u00e9 una formaci\u00f3 multidisciplinar, essent doctora en Geografia per la Universitat Aut\u00f2noma de Barcelona (2017), llicenciada en Sociologia per la Universitat de Barcelona (1998) i amb un M\u00e0ster en Gesti\u00f3 Urbana per la Erasmus University Rotterdam (1999) i el Diploma d\u2019Estudis Avan\u00e7ats en Ci\u00e8ncies Pol\u00edtiques i Socials per la Universitat Pompeu Fabra [&hellip;]<\/p>\n","protected":false},"author":2819,"featured_media":0,"parent":0,"menu_order":0,"comment_status":"closed","ping_status":"closed","template":"","meta":{"footnotes":""},"class_list":["post-76","page","type-page","status-publish","hentry"],"_links":{"self":[{"href":"https:\/\/webs.uab.cat\/gurb\/wp-json\/wp\/v2\/pages\/76","targetHints":{"allow":["GET"]}}],"collection":[{"href":"https:\/\/webs.uab.cat\/gurb\/wp-json\/wp\/v2\/pages"}],"about":[{"href":"https:\/\/webs.uab.cat\/gurb\/wp-json\/wp\/v2\/types\/page"}],"author":[{"embeddable":true,"href":"https:\/\/webs.uab.cat\/gurb\/wp-json\/wp\/v2\/users\/2819"}],"replies":[{"embeddable":true,"href":"https:\/\/webs.uab.cat\/gurb\/wp-json\/wp\/v2\/comments?post=76"}],"version-history":[{"count":0,"href":"https:\/\/webs.uab.cat\/gurb\/wp-json\/wp\/v2\/pages\/76\/revisions"}],"wp:attachment":[{"href":"https:\/\/webs.uab.cat\/gurb\/wp-json\/wp\/v2\/media?parent=76"}],"curies":[{"name":"wp","href":"https:\/\/api.w.org\/{rel}","templated":true}]}}