{"id":82,"date":"2014-07-09T12:09:50","date_gmt":"2014-07-09T10:09:50","guid":{"rendered":"http:\/\/gurbuab.wordpress.com\/?page_id=82"},"modified":"2014-07-09T12:09:50","modified_gmt":"2014-07-09T10:09:50","slug":"jordi-martin-oriol","status":"publish","type":"page","link":"https:\/\/webs.uab.cat\/gurb\/jordi-martin-oriol\/","title":{"rendered":"Jordi Mart\u00edn i Oriol"},"content":{"rendered":"<p style=\"text-align: justify\"><em><strong><img loading=\"lazy\" decoding=\"async\" class=\"alignleft size-medium wp-image-478\" src=\"https:\/\/webs.uab.cat\/gurb\/wp-content\/uploads\/sites\/586\/2015\/03\/img_web_martin.jpg?w=249\" alt=\"img_web_martin\" width=\"249\" height=\"300\" srcset=\"https:\/\/webs.uab.cat\/gurb\/wp-content\/uploads\/sites\/586\/2015\/03\/img_web_martin.jpg 429w, https:\/\/webs.uab.cat\/gurb\/wp-content\/uploads\/sites\/586\/2015\/03\/img_web_martin-249x300.jpg 249w\" sizes=\"auto, (max-width: 249px) 100vw, 249px\" \/>Jordi Mart\u00edn i Oriol<\/strong><\/em> (Barcelona, 1974) \u00e9s Doctor en Geografia (UAB, 2018) i premi extraordinari de Doctorat (UAB, 2021). Llicenciat en Geografia (UB, 1997), Postgrau en Cartografia Digital i Sistemes d&#8217;Informaci\u00f3 Geogr\u00e0fica (UPC, 1999), Postgrau en Ci\u00e8ncia de Dades per a Mobilitat i Transport (UPC, 2024), M\u00e0ster en Tecnologies de la Informaci\u00f3 Geogr\u00e0fica (UAB, 2001) i M\u00e0ster en Estudis Territorials i de la Poblaci\u00f3 (UAB, 2013). Del 2001 al 2013 fou investigador associat s\u00e8nior a l&#8217;<a title=\"Institut d'Estudis Territorials\" href=\"http:\/\/www.ietcat.org\/\" target=\"_blank\" rel=\"noopener\">Institut d&#8217;Estudis Territorials<\/a>. Del 2004 al 2012 professor associat a l&#8217;<a title=\"Escola Superior Polit\u00e8cnica\" href=\"http:\/\/www.upf.edu\/esup\/\" target=\"_blank\" rel=\"noopener\">Escola Superior Polit\u00e8cnica<\/a> de la Universitat Pompeu Fabra. \u00c9s membre del GURB des de setembre del 2013 i, des del juny del 2015, responsable de Cartografia Digital i Sistemes d&#8217;Informaci\u00f3 Geogr\u00e0fica a l&#8217;\u00c0rea de Mobilitat de l&#8217;<a href=\"http:\/\/www.atm.cat\/web\/index.php\">Autoritat del Transport Metropolit\u00e0<\/a>.<\/p>\n<hr \/>\n<p style=\"text-align: center\"><a href=\"https:\/\/orcid.org\/0000-0001-9993-8207\" target=\"_blank\" rel=\"noopener\"><img loading=\"lazy\" decoding=\"async\" class=\"alignnone  wp-image-2184\" src=\"https:\/\/webs.uab.cat\/gurb\/wp-content\/uploads\/sites\/586\/2024\/08\/orcid_id.svg_.png\" alt=\"ORCID_iD.svg\" width=\"30\" height=\"30\" srcset=\"https:\/\/webs.uab.cat\/gurb\/wp-content\/uploads\/sites\/586\/2024\/08\/orcid_id.svg_.png 1200w, https:\/\/webs.uab.cat\/gurb\/wp-content\/uploads\/sites\/586\/2024\/08\/orcid_id.svg_-300x300.png 300w, https:\/\/webs.uab.cat\/gurb\/wp-content\/uploads\/sites\/586\/2024\/08\/orcid_id.svg_-1024x1024.png 1024w, https:\/\/webs.uab.cat\/gurb\/wp-content\/uploads\/sites\/586\/2024\/08\/orcid_id.svg_-150x150.png 150w, https:\/\/webs.uab.cat\/gurb\/wp-content\/uploads\/sites\/586\/2024\/08\/orcid_id.svg_-768x768.png 768w\" sizes=\"auto, (max-width: 30px) 100vw, 30px\" \/><\/a> <a href=\"https:\/\/www.linkedin.com\/in\/jordimartinoriol\/\" target=\"_blank\" rel=\"noopener\"><img loading=\"lazy\" decoding=\"async\" class=\"alignnone  wp-image-908\" src=\"https:\/\/webs.uab.cat\/gurb\/wp-content\/uploads\/sites\/586\/2016\/12\/linkedin.png\" alt=\"linkedin\" width=\"30\" height=\"30\" \/><\/a> <a href=\"https:\/\/x.com\/martinoriol\" target=\"_blank\" rel=\"noopener\"><img loading=\"lazy\" decoding=\"async\" class=\"alignnone  wp-image-906\" src=\"https:\/\/webs.uab.cat\/gurb\/wp-content\/uploads\/sites\/586\/2016\/12\/twitter.png\" alt=\"twitter\" width=\"30\" height=\"30\" \/><\/a>\u00a0<\/p>\n\n\n<p><\/p>\n","protected":false},"excerpt":{"rendered":"<p>Jordi Mart\u00edn i Oriol (Barcelona, 1974) \u00e9s Doctor en Geografia (UAB, 2018) i premi extraordinari de Doctorat (UAB, 2021). Llicenciat en Geografia (UB, 1997), Postgrau en Cartografia Digital i Sistemes d&#8217;Informaci\u00f3 Geogr\u00e0fica (UPC, 1999), Postgrau en Ci\u00e8ncia de Dades per a Mobilitat i Transport (UPC, 2024), M\u00e0ster en Tecnologies de la Informaci\u00f3 Geogr\u00e0fica (UAB, 2001) [&hellip;]<\/p>\n","protected":false},"author":2819,"featured_media":0,"parent":0,"menu_order":0,"comment_status":"closed","ping_status":"closed","template":"","meta":{"footnotes":""},"class_list":["post-82","page","type-page","status-publish","hentry"],"_links":{"self":[{"href":"https:\/\/webs.uab.cat\/gurb\/wp-json\/wp\/v2\/pages\/82","targetHints":{"allow":["GET"]}}],"collection":[{"href":"https:\/\/webs.uab.cat\/gurb\/wp-json\/wp\/v2\/pages"}],"about":[{"href":"https:\/\/webs.uab.cat\/gurb\/wp-json\/wp\/v2\/types\/page"}],"author":[{"embeddable":true,"href":"https:\/\/webs.uab.cat\/gurb\/wp-json\/wp\/v2\/users\/2819"}],"replies":[{"embeddable":true,"href":"https:\/\/webs.uab.cat\/gurb\/wp-json\/wp\/v2\/comments?post=82"}],"version-history":[{"count":0,"href":"https:\/\/webs.uab.cat\/gurb\/wp-json\/wp\/v2\/pages\/82\/revisions"}],"wp:attachment":[{"href":"https:\/\/webs.uab.cat\/gurb\/wp-json\/wp\/v2\/media?parent=82"}],"curies":[{"name":"wp","href":"https:\/\/api.w.org\/{rel}","templated":true}]}}