{"id":85,"date":"2014-07-09T12:12:51","date_gmt":"2014-07-09T10:12:51","guid":{"rendered":"http:\/\/gurbuab.wordpress.com\/?page_id=85"},"modified":"2014-07-09T12:12:51","modified_gmt":"2014-07-09T10:12:51","slug":"joan-checa-rius","status":"publish","type":"page","link":"https:\/\/webs.uab.cat\/gurb\/joan-checa-rius\/","title":{"rendered":"Joan Checa Rius"},"content":{"rendered":"<p><em><strong><img loading=\"lazy\" decoding=\"async\" class=\"alignnone  wp-image-463 alignleft\" src=\"https:\/\/webs.uab.cat\/gurb\/wp-content\/uploads\/sites\/586\/2017\/11\/img_web_checa.jpg\" alt=\"img_web_checa\" width=\"250\" height=\"301\" \/><\/strong><\/em><\/p>\n<p><strong>Joan Checa Rius<\/strong> (Vic, 1992) graduat en Geografia (2015) i Doctor en Geografia (2023) per la Universitat Aut\u00f2noma de Barcelona. M\u00e0ster en Estudis Territorials i de la Poblaci\u00f3 (UAB, 2016) i M\u00e0ster Metr\u00f2poli en Estudis Urbans i Metropolitans (UAB-IERMB, 2018). Especialista en Ordenaci\u00f3 del Territori, Desenvolupament Local i Planificaci\u00f3 Territorial. Ha estat becari de col\u00b7laboraci\u00f3 del GURB en el projecte \u201cLa luz de la Ciudad\u201d. Actualment segueix vinculat el grup amb noves l\u00ednies de recerca. Professor associat de la UAB i t\u00e8cnic de l&#8217;\u00c0rea de Mobilitat de l&#8217;<a href=\"https:\/\/www.institutmetropoli.cat\/ca\/\">Institut Metr\u00f2poli<\/a>.<\/p>\n<p style=\"text-align: center\"><img loading=\"lazy\" decoding=\"async\" class=\"alignnone  wp-image-908\" src=\"https:\/\/webs.uab.cat\/gurb\/wp-content\/uploads\/sites\/586\/2016\/12\/linkedin.png\" alt=\"linkedin\" width=\"30\" height=\"30\" \/>\u00a0<img loading=\"lazy\" decoding=\"async\" class=\"alignnone  wp-image-907\" src=\"https:\/\/webs.uab.cat\/gurb\/wp-content\/uploads\/sites\/586\/2016\/12\/mendeley.png\" alt=\"mendeley\" width=\"30\" height=\"30\" \/>\u00a0<img loading=\"lazy\" decoding=\"async\" class=\"alignnone  wp-image-904\" src=\"https:\/\/webs.uab.cat\/gurb\/wp-content\/uploads\/sites\/586\/2016\/12\/academia.png\" alt=\"academia\" width=\"30\" height=\"30\" \/>\u00a0<img loading=\"lazy\" decoding=\"async\" class=\"alignnone  wp-image-906\" src=\"https:\/\/webs.uab.cat\/gurb\/wp-content\/uploads\/sites\/586\/2016\/12\/twitter.png\" alt=\"twitter\" width=\"30\" height=\"30\" \/>\u00a0<img loading=\"lazy\" decoding=\"async\" class=\"alignnone  wp-image-905\" src=\"https:\/\/webs.uab.cat\/gurb\/wp-content\/uploads\/sites\/586\/2016\/12\/facebook.png\" alt=\"facebook\" width=\"30\" height=\"30\" \/>\u00a0<img loading=\"lazy\" decoding=\"async\" class=\"alignnone  wp-image-918\" src=\"https:\/\/webs.uab.cat\/gurb\/wp-content\/uploads\/sites\/586\/2016\/12\/instagram.png\" alt=\"instagram\" width=\"30\" height=\"30\" \/><\/p>\n","protected":false},"excerpt":{"rendered":"<p>Joan Checa Rius (Vic, 1992) graduat en Geografia (2015) i Doctor en Geografia (2023) per la Universitat Aut\u00f2noma de Barcelona. M\u00e0ster en Estudis Territorials i de la Poblaci\u00f3 (UAB, 2016) i M\u00e0ster Metr\u00f2poli en Estudis Urbans i Metropolitans (UAB-IERMB, 2018). Especialista en Ordenaci\u00f3 del Territori, Desenvolupament Local i Planificaci\u00f3 Territorial. Ha estat becari de col\u00b7laboraci\u00f3 [&hellip;]<\/p>\n","protected":false},"author":2819,"featured_media":0,"parent":0,"menu_order":0,"comment_status":"closed","ping_status":"closed","template":"","meta":{"footnotes":""},"class_list":["post-85","page","type-page","status-publish","hentry"],"_links":{"self":[{"href":"https:\/\/webs.uab.cat\/gurb\/wp-json\/wp\/v2\/pages\/85","targetHints":{"allow":["GET"]}}],"collection":[{"href":"https:\/\/webs.uab.cat\/gurb\/wp-json\/wp\/v2\/pages"}],"about":[{"href":"https:\/\/webs.uab.cat\/gurb\/wp-json\/wp\/v2\/types\/page"}],"author":[{"embeddable":true,"href":"https:\/\/webs.uab.cat\/gurb\/wp-json\/wp\/v2\/users\/2819"}],"replies":[{"embeddable":true,"href":"https:\/\/webs.uab.cat\/gurb\/wp-json\/wp\/v2\/comments?post=85"}],"version-history":[{"count":0,"href":"https:\/\/webs.uab.cat\/gurb\/wp-json\/wp\/v2\/pages\/85\/revisions"}],"wp:attachment":[{"href":"https:\/\/webs.uab.cat\/gurb\/wp-json\/wp\/v2\/media?parent=85"}],"curies":[{"name":"wp","href":"https:\/\/api.w.org\/{rel}","templated":true}]}}