{"id":88,"date":"2014-07-09T12:15:44","date_gmt":"2014-07-09T10:15:44","guid":{"rendered":"http:\/\/gurbuab.wordpress.com\/?page_id=88"},"modified":"2014-07-09T12:15:44","modified_gmt":"2014-07-09T10:15:44","slug":"josep-baguena-latorre","status":"publish","type":"page","link":"https:\/\/webs.uab.cat\/gurb\/josep-baguena-latorre\/","title":{"rendered":"Josep B\u00e1guena Latorre"},"content":{"rendered":"<p style=\"text-align:justify\"><strong><img loading=\"lazy\" decoding=\"async\" class=\"alignleft size-medium wp-image-465\" src=\"https:\/\/webs.uab.cat\/gurb\/wp-content\/uploads\/sites\/586\/2015\/03\/img_web_baguena1.jpg?w=249\" alt=\"img_web_baguena\" width=\"249\" height=\"300\" srcset=\"https:\/\/webs.uab.cat\/gurb\/wp-content\/uploads\/sites\/586\/2015\/03\/img_web_baguena1.jpg 429w, https:\/\/webs.uab.cat\/gurb\/wp-content\/uploads\/sites\/586\/2015\/03\/img_web_baguena1-249x300.jpg 249w\" sizes=\"auto, (max-width: 249px) 100vw, 249px\" \/>Josep B\u00e1guena Latorre <\/strong>\u00e9s\u00a0<span style=\"font-size:small\"><span style=\"font-size:10pt\">Llicenciat en Geografia per la Universitat Aut\u00f2noma de Barcelona (1999) i M\u00e0ster en Urbanisme per l&#8217;IUG de Grenoble (2001). Ha estat professor associat dels Departaments de Geografia de la Universitat Aut\u00f2noma de Barcelona (2000-2001) i la Universitat de Girona (2012-2013) aix\u00ed com investigador-docent a l&#8217;\u00c9cole Nationale des Travaux Publics de l&#8217;\u00c9tat de Lyon (2001-2004). A l&#8217;Institut d&#8217;Estudis Regionals i Metropolitans de Barcelona va ser investigador i posteriorment Cap d&#8217;\u00c0rea d&#8217;Estudis Territorials (2004-2007). Fora de l&#8217;\u00e0mbit acad\u00e8mic ha estat Assessor en mat\u00e8ria de planejament territorial al Departament de Pol\u00edtica Territorial i Obres P\u00fabliques de la Generalitat de Catalunya (2007-2010). Actualment \u00e9s membre del Servei de Planificaci\u00f3 i Avaluaci\u00f3 de la Diputaci\u00f3 de Barcelona. President de la Junta de la Societat Catalana d&#8217;Ordenaci\u00f3 del Territori.<br \/>\n<\/span><\/span><\/p>\n<hr \/>\n<p style=\"text-align:center\"><strong><a title=\"PUBLICACIONS JOSEP B\u00c1GUENA\" href=\"https:\/\/gurbuab.wordpress.com\/publicacions-josep-baguena\/\">Publicacions<\/a> | <a title=\"ACTES JOSEP B\u00c1GUENA\" href=\"https:\/\/gurbuab.wordpress.com\/actes-josep-baguena\/\">Actes<\/a><br \/>\n<\/strong><\/p>\n<p style=\"text-align:center\"><img loading=\"lazy\" decoding=\"async\" class=\"alignnone  wp-image-908\" src=\"https:\/\/webs.uab.cat\/gurb\/wp-content\/uploads\/sites\/586\/2016\/12\/linkedin.png\" alt=\"linkedin\" width=\"30\" height=\"30\" \/>\u00a0<img loading=\"lazy\" decoding=\"async\" class=\"alignnone  wp-image-907\" src=\"https:\/\/webs.uab.cat\/gurb\/wp-content\/uploads\/sites\/586\/2016\/12\/mendeley.png\" alt=\"mendeley\" width=\"30\" height=\"30\" \/>\u00a0<img loading=\"lazy\" decoding=\"async\" class=\"alignnone  wp-image-904\" src=\"https:\/\/webs.uab.cat\/gurb\/wp-content\/uploads\/sites\/586\/2016\/12\/academia.png\" alt=\"academia\" width=\"30\" height=\"30\" \/>\u00a0<img loading=\"lazy\" decoding=\"async\" class=\"alignnone  wp-image-906\" src=\"https:\/\/webs.uab.cat\/gurb\/wp-content\/uploads\/sites\/586\/2016\/12\/twitter.png\" alt=\"twitter\" width=\"30\" height=\"30\" \/>\u00a0<img loading=\"lazy\" decoding=\"async\" class=\"alignnone  wp-image-905\" src=\"https:\/\/webs.uab.cat\/gurb\/wp-content\/uploads\/sites\/586\/2016\/12\/facebook.png\" alt=\"facebook\" width=\"30\" height=\"30\" \/>\u00a0<img loading=\"lazy\" decoding=\"async\" class=\"alignnone  wp-image-918\" src=\"https:\/\/webs.uab.cat\/gurb\/wp-content\/uploads\/sites\/586\/2016\/12\/instagram.png\" alt=\"instagram\" width=\"30\" height=\"30\" \/><\/p>\n","protected":false},"excerpt":{"rendered":"<p>Josep B\u00e1guena Latorre \u00e9s\u00a0Llicenciat en Geografia per la Universitat Aut\u00f2noma de Barcelona (1999) i M\u00e0ster en Urbanisme per l&#8217;IUG de Grenoble (2001). Ha estat professor associat dels Departaments de Geografia de la Universitat Aut\u00f2noma de Barcelona (2000-2001) i la Universitat de Girona (2012-2013) aix\u00ed com investigador-docent a l&#8217;\u00c9cole Nationale des Travaux Publics de l&#8217;\u00c9tat de [&hellip;]<\/p>\n","protected":false},"author":2819,"featured_media":0,"parent":0,"menu_order":0,"comment_status":"closed","ping_status":"closed","template":"","meta":{"footnotes":""},"class_list":["post-88","page","type-page","status-publish","hentry"],"_links":{"self":[{"href":"https:\/\/webs.uab.cat\/gurb\/wp-json\/wp\/v2\/pages\/88","targetHints":{"allow":["GET"]}}],"collection":[{"href":"https:\/\/webs.uab.cat\/gurb\/wp-json\/wp\/v2\/pages"}],"about":[{"href":"https:\/\/webs.uab.cat\/gurb\/wp-json\/wp\/v2\/types\/page"}],"author":[{"embeddable":true,"href":"https:\/\/webs.uab.cat\/gurb\/wp-json\/wp\/v2\/users\/2819"}],"replies":[{"embeddable":true,"href":"https:\/\/webs.uab.cat\/gurb\/wp-json\/wp\/v2\/comments?post=88"}],"version-history":[{"count":0,"href":"https:\/\/webs.uab.cat\/gurb\/wp-json\/wp\/v2\/pages\/88\/revisions"}],"wp:attachment":[{"href":"https:\/\/webs.uab.cat\/gurb\/wp-json\/wp\/v2\/media?parent=88"}],"curies":[{"name":"wp","href":"https:\/\/api.w.org\/{rel}","templated":true}]}}