{"id":91,"date":"2014-07-09T12:16:32","date_gmt":"2014-07-09T10:16:32","guid":{"rendered":"http:\/\/gurbenproves.wordpress.com\/?page_id=91"},"modified":"2014-07-09T12:16:32","modified_gmt":"2014-07-09T10:16:32","slug":"margalida-mestre-morey","status":"publish","type":"page","link":"https:\/\/webs.uab.cat\/gurb\/margalida-mestre-morey\/","title":{"rendered":"Margalida Mestre Morey"},"content":{"rendered":"<p style=\"text-align:justify\"><em><strong><img loading=\"lazy\" decoding=\"async\" class=\"alignleft size-medium wp-image-468\" src=\"https:\/\/webs.uab.cat\/gurb\/wp-content\/uploads\/sites\/586\/2015\/03\/img_web_mestre.jpg?w=249\" alt=\"img_web_mestre\" width=\"249\" height=\"300\" \/>Margalida Mestre Morey<\/strong><\/em> \u00e9s Llicenciada en Geografia per la Universitat de les Illes Balears. Especialitzada en Planificaci\u00f3 Territorial i Desenvolupament Sostenible amb el m\u00e0ster &#8220;Planificaci\u00f3n y desarrollo territorial Sostenible&#8221; per la Universitat Aut\u00f2noma de Madrid. Doctora en Geografia a la Universitat Aut\u00f2noma de Barcelona (2016), on t\u00e9 dipositada una tesis sobre la dimensi\u00f3 de l\u2019espai metropolit\u00e0 de la ciutat de Palma de Mallorca del qual ha publicat diversos articles.<\/p>\n<hr \/>\n<p style=\"text-align:center\"><strong><a title=\"PUBLICACIONS MARGALIDA MESTRE\" href=\"https:\/\/gurbenproves.wordpress.com\/publicacions-margalida-mestre\/\">Publicacions<\/a> | <a title=\"ACTES MARGALIDA MESTRE\" href=\"https:\/\/gurbenproves.wordpress.com\/actes-margalida-mestre\/\">Actes<\/a><\/strong><\/p>\n<p style=\"text-align:center\"><img loading=\"lazy\" decoding=\"async\" class=\"alignnone  wp-image-908\" src=\"https:\/\/webs.uab.cat\/gurb\/wp-content\/uploads\/sites\/586\/2016\/12\/linkedin.png\" alt=\"linkedin\" width=\"30\" height=\"30\" \/>\u00a0<img loading=\"lazy\" decoding=\"async\" class=\"alignnone  wp-image-907\" src=\"https:\/\/webs.uab.cat\/gurb\/wp-content\/uploads\/sites\/586\/2016\/12\/mendeley.png\" alt=\"mendeley\" width=\"30\" height=\"30\" \/>\u00a0<img loading=\"lazy\" decoding=\"async\" class=\"alignnone  wp-image-904\" src=\"https:\/\/webs.uab.cat\/gurb\/wp-content\/uploads\/sites\/586\/2016\/12\/academia.png\" alt=\"academia\" width=\"30\" height=\"30\" \/>\u00a0<img loading=\"lazy\" decoding=\"async\" class=\"alignnone  wp-image-906\" src=\"https:\/\/webs.uab.cat\/gurb\/wp-content\/uploads\/sites\/586\/2016\/12\/twitter.png\" alt=\"twitter\" width=\"30\" height=\"30\" \/>\u00a0<img loading=\"lazy\" decoding=\"async\" class=\"alignnone  wp-image-905\" src=\"https:\/\/webs.uab.cat\/gurb\/wp-content\/uploads\/sites\/586\/2016\/12\/facebook.png\" alt=\"facebook\" width=\"30\" height=\"30\" \/>\u00a0<img loading=\"lazy\" decoding=\"async\" class=\"alignnone  wp-image-918\" src=\"https:\/\/webs.uab.cat\/gurb\/wp-content\/uploads\/sites\/586\/2016\/12\/instagram.png\" alt=\"instagram\" width=\"30\" height=\"30\" \/><\/p>\n","protected":false},"excerpt":{"rendered":"<p>Margalida Mestre Morey \u00e9s Llicenciada en Geografia per la Universitat de les Illes Balears. Especialitzada en Planificaci\u00f3 Territorial i Desenvolupament Sostenible amb el m\u00e0ster &#8220;Planificaci\u00f3n y desarrollo territorial Sostenible&#8221; per la Universitat Aut\u00f2noma de Madrid. Doctora en Geografia a la Universitat Aut\u00f2noma de Barcelona (2016), on t\u00e9 dipositada una tesis sobre la dimensi\u00f3 de l\u2019espai [&hellip;]<\/p>\n","protected":false},"author":2819,"featured_media":0,"parent":0,"menu_order":0,"comment_status":"closed","ping_status":"closed","template":"","meta":{"footnotes":""},"class_list":["post-91","page","type-page","status-publish","hentry"],"_links":{"self":[{"href":"https:\/\/webs.uab.cat\/gurb\/wp-json\/wp\/v2\/pages\/91","targetHints":{"allow":["GET"]}}],"collection":[{"href":"https:\/\/webs.uab.cat\/gurb\/wp-json\/wp\/v2\/pages"}],"about":[{"href":"https:\/\/webs.uab.cat\/gurb\/wp-json\/wp\/v2\/types\/page"}],"author":[{"embeddable":true,"href":"https:\/\/webs.uab.cat\/gurb\/wp-json\/wp\/v2\/users\/2819"}],"replies":[{"embeddable":true,"href":"https:\/\/webs.uab.cat\/gurb\/wp-json\/wp\/v2\/comments?post=91"}],"version-history":[{"count":0,"href":"https:\/\/webs.uab.cat\/gurb\/wp-json\/wp\/v2\/pages\/91\/revisions"}],"wp:attachment":[{"href":"https:\/\/webs.uab.cat\/gurb\/wp-json\/wp\/v2\/media?parent=91"}],"curies":[{"name":"wp","href":"https:\/\/api.w.org\/{rel}","templated":true}]}}