{"id":94,"date":"2014-07-09T12:34:51","date_gmt":"2014-07-09T10:34:51","guid":{"rendered":"http:\/\/gurbuab.wordpress.com\/?page_id=94"},"modified":"2014-07-09T12:34:51","modified_gmt":"2014-07-09T10:34:51","slug":"contacte","status":"publish","type":"page","link":"https:\/\/webs.uab.cat\/gurb\/contacte\/","title":{"rendered":"CONTACTE"},"content":{"rendered":"<p><img loading=\"lazy\" decoding=\"async\" class=\"  wp-image-964 alignnone\" src=\"https:\/\/webs.uab.cat\/gurb\/wp-content\/uploads\/sites\/586\/2016\/12\/sobre.jpg\" alt=\"sobre\" width=\"25\" height=\"25\" srcset=\"https:\/\/webs.uab.cat\/gurb\/wp-content\/uploads\/sites\/586\/2016\/12\/sobre.jpg 626w, https:\/\/webs.uab.cat\/gurb\/wp-content\/uploads\/sites\/586\/2016\/12\/sobre-300x300.jpg 300w, https:\/\/webs.uab.cat\/gurb\/wp-content\/uploads\/sites\/586\/2016\/12\/sobre-150x150.jpg 150w\" sizes=\"auto, (max-width: 25px) 100vw, 25px\" \/>\u00a0 <strong>Gen\u00e8ric<\/strong>:<\/p>\n<p><a href=\"mailto:gurbuab@gmail.com\">gurbuab@gmail.com<\/a><\/p>\n<hr \/>\n<p><img loading=\"lazy\" decoding=\"async\" class=\"wp-image-964 alignnone\" src=\"https:\/\/webs.uab.cat\/gurb\/wp-content\/uploads\/sites\/586\/2016\/12\/sobre.jpg\" alt=\"sobre\" width=\"25\" height=\"25\" srcset=\"https:\/\/webs.uab.cat\/gurb\/wp-content\/uploads\/sites\/586\/2016\/12\/sobre.jpg 626w, https:\/\/webs.uab.cat\/gurb\/wp-content\/uploads\/sites\/586\/2016\/12\/sobre-300x300.jpg 300w, https:\/\/webs.uab.cat\/gurb\/wp-content\/uploads\/sites\/586\/2016\/12\/sobre-150x150.jpg 150w\" sizes=\"auto, (max-width: 25px) 100vw, 25px\" \/> <strong>Investigador Principal<\/strong>:<\/p>\n<p>Dr. Oriol Nel\u00b7lo i Colom: <a class=\"o365button\"><span class=\"_rpc_61 allowTextSelection _rpc_o1 _rpc_81 _rpc_s1\">oriol.nello@uab.cat<\/span><\/a><\/p>\n<hr \/>\n<p><img loading=\"lazy\" decoding=\"async\" class=\"alignnone  wp-image-964\" src=\"https:\/\/webs.uab.cat\/gurb\/wp-content\/uploads\/sites\/586\/2016\/12\/sobre.jpg?w=150\" alt=\"sobre\" width=\"24\" height=\"24\" srcset=\"https:\/\/webs.uab.cat\/gurb\/wp-content\/uploads\/sites\/586\/2016\/12\/sobre.jpg 626w, https:\/\/webs.uab.cat\/gurb\/wp-content\/uploads\/sites\/586\/2016\/12\/sobre-300x300.jpg 300w, https:\/\/webs.uab.cat\/gurb\/wp-content\/uploads\/sites\/586\/2016\/12\/sobre-150x150.jpg 150w\" sizes=\"auto, (max-width: 24px) 100vw, 24px\" \/>\u00a0 <strong>Membres del grup de recerca<\/strong>:<\/p>\n<p>Josep B\u00e1guena Latorre: <a class=\"o365button\"><span class=\"_rpc_61 allowTextSelection _rpc_o1 _rpc_81 _rpc_s1\">baguenalj@diba.cat<\/span><\/a><\/p>\n<p>Dr. Joan Checa Rius: <a class=\"o365button\"><span class=\"_rpc_61 allowTextSelection _rpc_o1 _rpc_81 _rpc_s1\">joan.checa@uab.cat<\/span><\/a><\/p>\n<p>Dr. Carles Donat Mu\u00f1oz: <a class=\"o365button\"><span class=\"_rpc_61 allowTextSelection _rpc_o1 _rpc_81 _rpc_s1\">carles.donat@uab.cat<\/span><\/a><\/p>\n<p>Mar Esteve G\u00fcell: <a href=\"mailto:mar.esteve@uab.cat\">mar.esteve@uab.cat<\/a><\/p>\n<p>Dr. Joan L\u00f3pez Redondo: <a class=\"o365button\"><span class=\"_rpc_61 allowTextSelection _rpc_o1 _rpc_81 _rpc_s1\">juan.lopez@uab.cat<\/span><\/a><\/p>\n<p>Dr. Jordi Mart\u00edn i Oriol: <a class=\"o365button\"><span class=\"_rpc_61 allowTextSelection _rpc_o1 _rpc_81 _rpc_s1\">jordi.martin@uab.cat<\/span><\/a><\/p>\n<p>Dra. Vero Mejia: <a href=\"mailto:veromejia1@hotmail.com\">veromejia1@hotmail.com<\/a><\/p>\n<p>Dra. Margalida Mestre Morey:\u00a0 <a class=\"o365button\"><span class=\"_rpc_61 allowTextSelection _rpc_o1 _rpc_81 _rpc_s1\">mmestrem@hotmail.com<\/span><\/a><\/p>\n<p>Dr. Francesc Mu\u00f1oz Ram\u00edrez: <a class=\"o365button\"><span class=\"_rpc_61 allowTextSelection _rpc_o1 _rpc_81 _rpc_s1\">franc.munoz@uab.cat<\/span><\/a><\/p>\n<p>Andrea Visioli: <a href=\"mailto:andrea.visioli@uab.cat\">andrea.visioli@uab.cat<\/a><\/p>\n","protected":false},"excerpt":{"rendered":"<p>\u00a0 Gen\u00e8ric: gurbuab@gmail.com Investigador Principal: Dr. Oriol Nel\u00b7lo i Colom: oriol.nello@uab.cat \u00a0 Membres del grup de recerca: Josep B\u00e1guena Latorre: baguenalj@diba.cat Dr. Joan Checa Rius: joan.checa@uab.cat Dr. Carles Donat Mu\u00f1oz: carles.donat@uab.cat Mar Esteve G\u00fcell: mar.esteve@uab.cat Dr. Joan L\u00f3pez Redondo: juan.lopez@uab.cat Dr. Jordi Mart\u00edn i Oriol: jordi.martin@uab.cat Dra. Vero Mejia: veromejia1@hotmail.com Dra. Margalida Mestre Morey:\u00a0 mmestrem@hotmail.com [&hellip;]<\/p>\n","protected":false},"author":2819,"featured_media":0,"parent":0,"menu_order":0,"comment_status":"closed","ping_status":"closed","template":"","meta":{"footnotes":""},"class_list":["post-94","page","type-page","status-publish","hentry"],"_links":{"self":[{"href":"https:\/\/webs.uab.cat\/gurb\/wp-json\/wp\/v2\/pages\/94","targetHints":{"allow":["GET"]}}],"collection":[{"href":"https:\/\/webs.uab.cat\/gurb\/wp-json\/wp\/v2\/pages"}],"about":[{"href":"https:\/\/webs.uab.cat\/gurb\/wp-json\/wp\/v2\/types\/page"}],"author":[{"embeddable":true,"href":"https:\/\/webs.uab.cat\/gurb\/wp-json\/wp\/v2\/users\/2819"}],"replies":[{"embeddable":true,"href":"https:\/\/webs.uab.cat\/gurb\/wp-json\/wp\/v2\/comments?post=94"}],"version-history":[{"count":0,"href":"https:\/\/webs.uab.cat\/gurb\/wp-json\/wp\/v2\/pages\/94\/revisions"}],"wp:attachment":[{"href":"https:\/\/webs.uab.cat\/gurb\/wp-json\/wp\/v2\/media?parent=94"}],"curies":[{"name":"wp","href":"https:\/\/api.w.org\/{rel}","templated":true}]}}