{"id":99,"date":"2014-07-09T12:55:11","date_gmt":"2014-07-09T10:55:11","guid":{"rendered":"http:\/\/gurbuab.wordpress.com\/?page_id=99"},"modified":"2014-07-09T12:55:11","modified_gmt":"2014-07-09T10:55:11","slug":"membres-2","status":"publish","type":"page","link":"https:\/\/webs.uab.cat\/gurb\/membres-2\/","title":{"rendered":"MEMBRES"},"content":{"rendered":"\n<div class=\"wp-block-columns is-layout-flex wp-container-core-columns-is-layout-9d6595d7 wp-block-columns-is-layout-flex\">\n<div class=\"wp-block-column is-layout-flow wp-block-column-is-layout-flow\" style=\"flex-basis:100%\">\n<div class=\"wp-block-group\"><div class=\"wp-block-group__inner-container is-layout-flow wp-block-group-is-layout-flow\"><\/div><\/div>\n<\/div>\n<\/div>\n\n\n\n<p><\/p>\n\n\n\n<figure class=\"wp-block-table\"><table class=\"has-fixed-layout\"><tbody><tr><td><a href=\"http:\/\/gurbuab.wordpress.com\/dr-oriol-nel%c2%b7lo-i-colom\/\"><img loading=\"lazy\" decoding=\"async\" width=\"124\" height=\"150\" src=\"https:\/\/webs.uab.cat\/gurb\/wp-content\/uploads\/sites\/586\/2015\/03\/img_web_nello2.jpg?w=124\" alt=\"img_web_nello\" \/><\/a><br \/><a href=\"http:\/\/gurbuab.wordpress.com\/dr-oriol-nel%c2%b7lo-i-colom\/\">Oriol Nel\u00b7lo i Colom<\/a><\/td><td><a href=\"http:\/\/gurbuab.wordpress.com\/josep-baguena-latorre\/\"><img loading=\"lazy\" decoding=\"async\" width=\"124\" height=\"150\" src=\"https:\/\/webs.uab.cat\/gurb\/wp-content\/uploads\/sites\/586\/2015\/03\/img_web_baguena1.jpg?w=124\" alt=\"img_web_baguena\" \/><\/a><br \/><a href=\"http:\/\/gurbuab.wordpress.com\/josep-baguena-latorre\/\">Josep B\u00e1guena Latorre<\/a><\/td><td><a href=\"http:\/\/gurbuab.wordpress.com\/laura-capel-tatjer\/\"><img loading=\"lazy\" decoding=\"async\" width=\"124\" height=\"150\" src=\"https:\/\/webs.uab.cat\/gurb\/wp-content\/uploads\/sites\/586\/2015\/03\/img_web_capel.jpg?w=124\" alt=\"img_web_capel\" \/><\/a><br \/><a href=\"http:\/\/gurbuab.wordpress.com\/laura-capel-tatjer\/\">Laura Capel Tatjer<\/a><\/td><\/tr><tr><td><a href=\"http:\/\/gurbuab.com\/joan-checa-rius\/\"><img loading=\"lazy\" decoding=\"async\" width=\"124\" height=\"149\" src=\"https:\/\/webs.uab.cat\/gurb\/wp-content\/uploads\/sites\/586\/2017\/11\/img_web_checa_small.jpg\" alt=\"img_web_checa_small\" \/><\/a><br \/><a href=\"http:\/\/gurbuab.com\/joan-checa-rius\/\">Joan Checa Rius<\/a><\/td><td><a href=\"http:\/\/gurbuab.com\/dr-carles-donat-munoz\/\"><img loading=\"lazy\" decoding=\"async\" width=\"124\" height=\"150\" src=\"https:\/\/webs.uab.cat\/gurb\/wp-content\/uploads\/sites\/586\/2015\/03\/img_web_donat.jpg?w=124\" alt=\"img_web_donat\" \/><\/a><br \/><a href=\"http:\/\/gurbuab.com\/dr-carles-donat-munoz\/\">Carles Donat Mu\u00f1oz<\/a><\/td><td><a href=\"http:\/\/gurbuab.com\/joan-lopez-redondo\/\"><img loading=\"lazy\" decoding=\"async\" width=\"124\" height=\"150\" src=\"https:\/\/webs.uab.cat\/gurb\/wp-content\/uploads\/sites\/586\/2015\/03\/img_web_lopez.jpg?w=124\" alt=\"img_web_lopez\" \/><\/a><br \/><a href=\"http:\/\/gurbuab.com\/joan-lopez-redondo\/\">Joan L\u00f3pez Redondo<\/a><\/td><\/tr><tr><td><a href=\"https:\/\/gurbuab.com\/jordi-martin-oriol\/\"><img loading=\"lazy\" decoding=\"async\" width=\"124\" height=\"150\" src=\"https:\/\/webs.uab.cat\/gurb\/wp-content\/uploads\/sites\/586\/2015\/03\/img_web_martin.jpg?w=124\" alt=\"img_web_martin\" \/><\/a><br \/><a href=\"https:\/\/gurbuab.com\/jordi-martin-oriol\/\">Jordi Mart\u00edn i Oriol<\/a><\/td><td><a href=\"http:\/\/gurbuab.com\/margalida-mestre-morey\/\"><img loading=\"lazy\" decoding=\"async\" width=\"124\" height=\"150\" src=\"https:\/\/webs.uab.cat\/gurb\/wp-content\/uploads\/sites\/586\/2015\/03\/img_web_mestre.jpg?w=124\" alt=\"img_web_mestre\" \/><\/a><br \/><a href=\"http:\/\/gurbuab.com\/margalida-mestre-morey\/\">Margalida Mestre Morey<\/a><\/td><td><a href=\"http:\/\/gurbuab.com\/dr-francesc-munoz-ramirez\/\"><img loading=\"lazy\" decoding=\"async\" width=\"124\" height=\"150\" src=\"https:\/\/webs.uab.cat\/gurb\/wp-content\/uploads\/sites\/586\/2015\/03\/img_web_munoz.jpg?w=124\" alt=\"img_web_munoz\" \/><\/a><br \/><a href=\"http:\/\/gurbuab.com\/dr-francesc-munoz-ramirez\/\">Francesc Mu\u00f1oz Ram\u00edrez<\/a><\/td><\/tr><tr><td><a rel=\"noreferrer noopener\" href=\"http:\/\/gurbuab.com\/aina-goma-garcia\/\" target=\"_blank\"><img loading=\"lazy\" decoding=\"async\" width=\"124\" height=\"149\" src=\"https:\/\/webs.uab.cat\/gurb\/wp-content\/uploads\/sites\/586\/2017\/11\/img_web_goma_small.jpg\" alt=\"img_web_goma_small\" \/><\/a><br \/><a rel=\"noreferrer noopener\" href=\"http:\/\/gurbuab.com\/aina-goma-garcia\/\" target=\"_blank\">Aina Gom\u00e0 Garcia<\/a><\/td><td><a rel=\"noreferrer noopener\" href=\"http:\/\/gurbuab.com\/vero-mejia-juarez\/\" target=\"_blank\"><img loading=\"lazy\" decoding=\"async\" width=\"124\" height=\"149\" src=\"https:\/\/webs.uab.cat\/gurb\/wp-content\/uploads\/sites\/586\/2017\/11\/img_web_mejia_small.jpg\" alt=\"img_web_mejia_small\" \/><\/a><br \/><a rel=\"noreferrer noopener\" href=\"http:\/\/gurbuab.com\/vero-mejia-juarez\/\" target=\"_blank\">Vero Mejia Ju\u00e1rez<\/a><\/td><td><a href=\"https:\/\/gurbuab.com\/mar-esteve-guell\/\" target=\"_blank\" rel=\"noreferrer noopener\"><img loading=\"lazy\" decoding=\"async\" width=\"248\" height=\"300\" class=\"wp-image-1916\" style=\"width:125px\" src=\"https:\/\/webs.uab.cat\/gurb\/wp-content\/uploads\/sites\/586\/2022\/01\/img_web_mar_esteve.jpg\" alt=\"\" \/><\/a><br \/><a href=\"https:\/\/gurbuab.com\/mar-esteve-guell\/\" target=\"_blank\" rel=\"noreferrer noopener\">Mar Esteve G\u00fcell<\/a><\/td><\/tr><tr><td><a href=\"https:\/\/gurbuab.com\/andrea-visioli\/\"><img decoding=\"async\" class=\"wp-image-2137\" style=\"width: 125px\" src=\"https:\/\/webs.uab.cat\/gurb\/wp-content\/uploads\/sites\/586\/2024\/08\/img_web_andrea_visioli.jpg\" alt=\"\" \/><\/a><br \/><a href=\"https:\/\/gurbuab.com\/andrea-visioli\/\">Andrea Visioli<\/a><\/td><td><\/td><td><\/td><\/tr><\/tbody><\/table><\/figure>\n\n\n\n<p><\/p>\n","protected":false},"excerpt":{"rendered":"<p>Oriol Nel\u00b7lo i Colom Josep B\u00e1guena Latorre Laura Capel Tatjer Joan Checa Rius Carles Donat Mu\u00f1oz Joan L\u00f3pez Redondo Jordi Mart\u00edn i Oriol Margalida Mestre Morey Francesc Mu\u00f1oz Ram\u00edrez Aina Gom\u00e0 Garcia Vero Mejia Ju\u00e1rez Mar Esteve G\u00fcell Andrea Visioli<\/p>\n","protected":false},"author":2819,"featured_media":0,"parent":0,"menu_order":0,"comment_status":"closed","ping_status":"closed","template":"","meta":{"footnotes":""},"class_list":["post-99","page","type-page","status-publish","hentry"],"_links":{"self":[{"href":"https:\/\/webs.uab.cat\/gurb\/wp-json\/wp\/v2\/pages\/99","targetHints":{"allow":["GET"]}}],"collection":[{"href":"https:\/\/webs.uab.cat\/gurb\/wp-json\/wp\/v2\/pages"}],"about":[{"href":"https:\/\/webs.uab.cat\/gurb\/wp-json\/wp\/v2\/types\/page"}],"author":[{"embeddable":true,"href":"https:\/\/webs.uab.cat\/gurb\/wp-json\/wp\/v2\/users\/2819"}],"replies":[{"embeddable":true,"href":"https:\/\/webs.uab.cat\/gurb\/wp-json\/wp\/v2\/comments?post=99"}],"version-history":[{"count":0,"href":"https:\/\/webs.uab.cat\/gurb\/wp-json\/wp\/v2\/pages\/99\/revisions"}],"wp:attachment":[{"href":"https:\/\/webs.uab.cat\/gurb\/wp-json\/wp\/v2\/media?parent=99"}],"curies":[{"name":"wp","href":"https:\/\/api.w.org\/{rel}","templated":true}]}}