{"id":126,"date":"2025-07-22T17:51:35","date_gmt":"2025-07-22T15:51:35","guid":{"rendered":"https:\/\/webs.uab.cat\/healthyminded\/?page_id=126"},"modified":"2025-10-01T16:38:46","modified_gmt":"2025-10-01T14:38:46","slug":"ramon_cladellas","status":"publish","type":"page","link":"https:\/\/webs.uab.cat\/healthyminded\/ramon_cladellas\/","title":{"rendered":"Ram\u00f3n Cladellas"},"content":{"rendered":"\n<div class=\"wp-block-columns alignfull is-layout-flex wp-container-core-columns-is-layout-9d6595d7 wp-block-columns-is-layout-flex\">\n<div class=\"wp-block-column is-vertically-aligned-top is-layout-flow wp-block-column-is-layout-flow\" style=\"flex-basis:40%\">\n<figure class=\"wp-block-image size-full is-resized is-style-rounded\"><img loading=\"lazy\" decoding=\"async\" width=\"402\" height=\"402\" src=\"https:\/\/webs.uab.cat\/healthyminded\/wp-content\/uploads\/sites\/664\/2025\/07\/Ramon-cp-1.jpg\" alt=\"\" class=\"wp-image-140\" style=\"width:203px\" srcset=\"https:\/\/webs.uab.cat\/healthyminded\/wp-content\/uploads\/sites\/664\/2025\/07\/Ramon-cp-1.jpg 402w, https:\/\/webs.uab.cat\/healthyminded\/wp-content\/uploads\/sites\/664\/2025\/07\/Ramon-cp-1-300x300.jpg 300w, https:\/\/webs.uab.cat\/healthyminded\/wp-content\/uploads\/sites\/664\/2025\/07\/Ramon-cp-1-150x150.jpg 150w\" sizes=\"auto, (max-width: 402px) 100vw, 402px\" \/><\/figure>\n<\/div>\n\n\n\n<div class=\"wp-block-column is-layout-flow wp-block-column-is-layout-flow\" style=\"flex-basis:66.66%\">\n<h2 class=\"wp-block-heading\">Ram\u00f3n Cladellas Pros<\/h2>\n\n\n\n<h4 class=\"wp-block-heading\">Funci\u00f3<\/h4>\n\n\n\n<p>Professor Agregat i director del Departament de Psicologia B\u00e0sica, Evolutiva i de l\u2019Educaci\u00f3.<\/p>\n\n\n\n<h4 class=\"wp-block-heading\">Contacte<\/h4>\n\n\n\n<p>Correu: ramon.cladellas@uab.cat<br>Tel\u00e8fon: +34 935812101<br>Despatx: B5-143<\/p>\n\n\n\n<h4 class=\"wp-block-heading\">Principals \u00e0mbits de treball<\/h4>\n\n\n\n<ul class=\"wp-block-list\">\n<li>L\u2019alta capacitat Intel.lectual i el seu desenvolupament educatiu<\/li>\n\n\n\n<li>La salut emocional vinculada al context formatiu i tecnol\u00f2gic<\/li>\n\n\n\n<li>La innovaci\u00f3 educativa i la transformaci\u00f3 de pr\u00e0ctiques docents i l\u2019\u00fas cr\u00edtic de la tecnolog\u00eda en entorns d\u2019aprenentatge.<\/li>\n<\/ul>\n\n\n\n<h4 class=\"wp-block-heading\">Projectes<\/h4>\n\n\n\n<ul class=\"wp-block-list\">\n<li>Promoting healthy digital teaching and learning in higher education (co-investigador principal)<\/li>\n\n\n\n<li>Evaluaci\u00f3n e intervenci\u00f3n psicol\u00f2gica sobre malestar emocional del personal sanitario que atiende a pacientes con enfermedad avanzada y\/o al final de la vida (investigador)<\/li>\n\n\n\n<li>Estudi PSY-COVID: la recerca al servei de propostes d&#8217;impacte social en salut mental i en conductes de prevenci\u00f3 davant la pandemia (investigador)<\/li>\n\n\n\n<li>Identificaci\u00f3n y Educaci\u00f3n de la Alta Capacidad: Redefinici\u00f3n desde la investigaci\u00f3n interdisciplinar (investigador)<\/li>\n\n\n\n<li>Alta capacidad intel\u00b7lectual: gesti\u00f3n de recursos cognitivos y expresi\u00f3n del talento (investigador)<\/li>\n\n\n\n<li>Dise\u00f1o, implementaci\u00f3n y evaluaci\u00f3n de un programa transdiagn\u00f3stico para la prevenci\u00f3n del consumo y abuso de sustancias (alcohol y c\u00e1nnabis), de la adicci\u00f3n a internet y del riesgo suicida en j\u00f3venes (investigador)<\/li>\n\n\n\n<li>Dise\u00f1o de escenarios instruccionales para grupos de alumnos con caracter\u00edsticas de personalidad diversas (investigador)<\/li>\n<\/ul>\n\n\n\n<p><strong>Formaci\u00f3:<\/strong><\/p>\n\n\n\n<p>Grau\/M\u00e0ster: Llicenciat en Filosofia i Lletres (secci\u00f3: Psicologia).<\/p>\n\n\n\n<ul class=\"wp-block-list\">\n<li>Especialitzaci\u00f3\/enfocament: Doctor en Psicologia l\u2019any 1999 amb el t\u00edtol de la tesi: Modelizaci\u00f3n de procesos cognitivos implicados en la soluci\u00f3n de laberintos: una propuesta orientada a la simulaci\u00f3n por ordenador. &nbsp;La simulaci\u00f3 per ordinador \u00e9s la vessant psicol\u00f3gica de la Intel.lig\u00e8ncia Artifcial.<\/li>\n<\/ul>\n<\/div>\n<\/div>\n","protected":false},"excerpt":{"rendered":"<p>Ram\u00f3n Cladellas Pros Funci\u00f3 Professor Agregat i director del Departament de Psicologia B\u00e0sica, Evolutiva i de l\u2019Educaci\u00f3. Contacte Correu: ramon.cladellas@uab.catTel\u00e8fon: +34 935812101Despatx: B5-143 Principals \u00e0mbits de treball Projectes Formaci\u00f3: Grau\/M\u00e0ster: Llicenciat en Filosofia i Lletres (secci\u00f3: Psicologia).<\/p>\n","protected":false},"author":3081,"featured_media":0,"parent":0,"menu_order":0,"comment_status":"closed","ping_status":"closed","template":"sidebar.php","meta":{"footnotes":""},"class_list":["post-126","page","type-page","status-publish","hentry"],"_links":{"self":[{"href":"https:\/\/webs.uab.cat\/healthyminded\/wp-json\/wp\/v2\/pages\/126","targetHints":{"allow":["GET"]}}],"collection":[{"href":"https:\/\/webs.uab.cat\/healthyminded\/wp-json\/wp\/v2\/pages"}],"about":[{"href":"https:\/\/webs.uab.cat\/healthyminded\/wp-json\/wp\/v2\/types\/page"}],"author":[{"embeddable":true,"href":"https:\/\/webs.uab.cat\/healthyminded\/wp-json\/wp\/v2\/users\/3081"}],"replies":[{"embeddable":true,"href":"https:\/\/webs.uab.cat\/healthyminded\/wp-json\/wp\/v2\/comments?post=126"}],"version-history":[{"count":19,"href":"https:\/\/webs.uab.cat\/healthyminded\/wp-json\/wp\/v2\/pages\/126\/revisions"}],"predecessor-version":[{"id":200,"href":"https:\/\/webs.uab.cat\/healthyminded\/wp-json\/wp\/v2\/pages\/126\/revisions\/200"}],"wp:attachment":[{"href":"https:\/\/webs.uab.cat\/healthyminded\/wp-json\/wp\/v2\/media?parent=126"}],"curies":[{"name":"wp","href":"https:\/\/api.w.org\/{rel}","templated":true}]}}