{"id":52,"date":"2016-01-19T12:04:47","date_gmt":"2016-01-19T12:04:47","guid":{"rendered":"https:\/\/webs.uab.cat\/hicoa\/grup\/"},"modified":"2022-07-22T17:02:09","modified_gmt":"2022-07-22T17:02:09","slug":"grup","status":"publish","type":"page","link":"https:\/\/webs.uab.cat\/hicoa\/grup\/","title":{"rendered":"Grup"},"content":{"rendered":"\n<h2 class=\"wp-block-heading\"><strong>Membres<\/strong><\/h2>\n\n\n\n<p><a href=\"https:\/\/webs.uab.cat\/hicoa\/borja-antela-bernardez\/\" data-type=\"page\" data-id=\"57\">Borja Antela Bern\u00e1rdez<br><\/a><a href=\"https:\/\/webs.uab.cat\/hicoa\/jordi-vidal\/\" data-type=\"page\" data-id=\"58\">Jordi Vidal<br><\/a><a href=\"https:\/\/webs.uab.cat\/hicoa\/jordi-cortadella\/\" data-type=\"page\" data-id=\"61\">Jordi Cortadella<\/a><br><a href=\"https:\/\/webs.uab.cat\/hicoa\/oriol-olesti\/\" data-type=\"page\" data-id=\"59\">Oriol Olesti<\/a><br><a href=\"https:\/\/webs.uab.cat\/hicoa\/isaias-arrayas\/\" data-type=\"page\" data-id=\"60\">Isaias Array\u00e1s<\/a><br>Rocio Da Riva<br><a href=\"https:\/\/webs.uab.cat\/hicoa\/maria-martinez\/\" data-type=\"page\" data-id=\"67\">Maria Mart\u00ednez<\/a><br><a href=\"https:\/\/webs.uab.cat\/hicoa\/jordi-morera\/\" data-type=\"page\" data-id=\"64\">Jordi Morera<\/a><br><a href=\"https:\/\/webs.uab.cat\/hicoa\/joan-oller-guzman\/\" data-type=\"page\" data-id=\"62\">Joan Oller<\/a><br><a href=\"https:\/\/webs.uab.cat\/hicoa\/claudia-zaragoza\/\" data-type=\"page\" data-id=\"68\">Cl\u00e0udia Zaragoz\u00e0<\/a><br><a href=\"https:\/\/webs.uab.cat\/hicoa\/carlos-heredia-chimeno\/\" data-type=\"page\" data-id=\"63\">Carlos Heredia Chimeno<\/a>*<br>Ariadna Mart\u00ednez Guimer\u00e0*<br>Maria Fern\u00e1ndez Villaespesa* <\/p>\n\n\n\n<h2 class=\"wp-block-heading\"><strong>Colaboradors Externs<\/strong><\/h2>\n\n\n\n<p><a href=\"https:\/\/webs.uab.cat\/hicoa\/cesar-sierra\/\" data-type=\"page\" data-id=\"70\">C\u00e9sar Sierra<\/a><br><a href=\"https:\/\/webs.uab.cat\/hicoa\/agnes-garcia-ventura-0\/\" data-type=\"page\" data-id=\"66\">Agnes Garcia Ventura<\/a> (FET) <\/p>\n","protected":false},"excerpt":{"rendered":"<p>Membres Borja Antela Bern\u00e1rdezJordi VidalJordi CortadellaOriol OlestiIsaias Array\u00e1sRocio Da RivaMaria Mart\u00ednezJordi MoreraJoan OllerCl\u00e0udia Zaragoz\u00e0Carlos Heredia Chimeno*Ariadna Mart\u00ednez Guimer\u00e0*Maria Fern\u00e1ndez Villaespesa* Colaboradors Externs C\u00e9sar SierraAgnes Garcia Ventura (FET)<\/p>\n","protected":false},"author":20,"featured_media":0,"parent":0,"menu_order":0,"comment_status":"closed","ping_status":"closed","template":"","meta":{"footnotes":""},"class_list":["post-52","page","type-page","status-publish","hentry"],"_links":{"self":[{"href":"https:\/\/webs.uab.cat\/hicoa\/wp-json\/wp\/v2\/pages\/52","targetHints":{"allow":["GET"]}}],"collection":[{"href":"https:\/\/webs.uab.cat\/hicoa\/wp-json\/wp\/v2\/pages"}],"about":[{"href":"https:\/\/webs.uab.cat\/hicoa\/wp-json\/wp\/v2\/types\/page"}],"author":[{"embeddable":true,"href":"https:\/\/webs.uab.cat\/hicoa\/wp-json\/wp\/v2\/users\/20"}],"replies":[{"embeddable":true,"href":"https:\/\/webs.uab.cat\/hicoa\/wp-json\/wp\/v2\/comments?post=52"}],"version-history":[{"count":3,"href":"https:\/\/webs.uab.cat\/hicoa\/wp-json\/wp\/v2\/pages\/52\/revisions"}],"predecessor-version":[{"id":127,"href":"https:\/\/webs.uab.cat\/hicoa\/wp-json\/wp\/v2\/pages\/52\/revisions\/127"}],"wp:attachment":[{"href":"https:\/\/webs.uab.cat\/hicoa\/wp-json\/wp\/v2\/media?parent=52"}],"curies":[{"name":"wp","href":"https:\/\/api.w.org\/{rel}","templated":true}]}}