{"id":57,"date":"2016-02-23T11:47:21","date_gmt":"2016-02-23T11:47:21","guid":{"rendered":"https:\/\/webs.uab.cat\/hicoa\/borja-antela-bernardez\/"},"modified":"2022-07-22T17:07:41","modified_gmt":"2022-07-22T17:07:41","slug":"borja-antela-bernardez","status":"publish","type":"page","link":"https:\/\/webs.uab.cat\/hicoa\/borja-antela-bernardez\/","title":{"rendered":"Borja Antela-Bern\u00e1rdez"},"content":{"rendered":"\n<div class=\"wp-block-media-text is-stacked-on-mobile\" style=\"grid-template-columns:36% auto\"><figure class=\"wp-block-media-text__media\"><img loading=\"lazy\" decoding=\"async\" width=\"200\" height=\"200\" src=\"https:\/\/webs.uab.cat\/hicoa\/wp-content\/uploads\/sites\/60\/2016\/02\/borja1.png\" alt=\"borja1\" class=\"wp-image-76 size-full\" srcset=\"https:\/\/webs.uab.cat\/hicoa\/wp-content\/uploads\/sites\/60\/2016\/02\/borja1.png 200w, https:\/\/webs.uab.cat\/hicoa\/wp-content\/uploads\/sites\/60\/2016\/02\/borja1-150x150.png 150w\" sizes=\"auto, (max-width: 200px) 100vw, 200px\" \/><\/figure><div class=\"wp-block-media-text__content\">\n<p class=\"has-small-font-size\">Professor Agregat \u2013 \u00c0rea de Historia Antiga, <a rel=\"noreferrer noopener\" href=\"http:\/\/www.uab.cat\/departament\/ciencies-antiguitat-edat-mitjana\/\" target=\"_blank\">Dept. Ci\u00e8ncies de l\u2019Antiguitat i l\u2019Edat Mitjana<\/a>, UAB.<\/p>\n\n\n\n<p class=\"has-small-font-size\"><br>Coordinador del Grup de Recerca Emergent Hist\u00f2ria del Conflicte a l\u2019Antiguitat (2014SGR01111)<\/p>\n<\/div><\/div>\n\n\n\n<p>Llicenciat en Hist\u00f2ria (2000) i Doctor en Hist\u00f2ria Antiga de Gr\u00e8cia (2004) per la <a rel=\"noreferrer noopener\" href=\"http:\/\/www.usc.es\/es\/index.html\" target=\"_blank\">Universidad de Santiago de Compostela<\/a>. Professor Associat (15\/09\/2005-13\/12\/2009) i posteriorment Professor Contractat Doctor (des de 14\/12\/2009) de la <a rel=\"noreferrer noopener\" href=\"http:\/\/www.uab.cat\/\" target=\"_blank\">Universitat Aut\u00f2noma de Barcelona<\/a>.<\/p>\n\n\n\n<p>Especialista en Hist\u00f2ria de Gr\u00e8cia Antiga, s&#8217;ha dedicat especialment a analitzar l&#8217;hegemonia maced\u00f2nia i la figura d\u2019Alexandre el Gran. No obstant aix\u00f2, tamb\u00e9 ha treballat altres q\u00fcestions amb detall, especialment la incid\u00e8ncia de la I Guerra Mitrid\u00e0tica sobre Atenes o el rerafons d&#8217;interessos de les Guerres Sertorianes, aix\u00ed com certs aspectes de la historiografia sobre el m\u00f3n antic.<\/p>\n\n\n\n<p>Des de 2005 ha publicat com autor tres llibres: <em>Alexandre Magno e Atenas<\/em> (Santiago de Compostela, 2005), <em>P\u00e9ricles no hi \u00e9s. Breu historia de l\u2019antiga Gr\u00e8cia<\/em> (Barcelona, 2009), <em>A pesca na Gallaecia Romana<\/em> (Santiago, 2010). Aix\u00ed mateix, com editor o coordinador, ha estat coeditor de diversos llibres: amb el Dr. A. \u00d1aco del Hoyo ha co-editat <em>Transforming Historical Landscapes in the Ancient Empires<\/em> (Oxford, 2009), amb el Dr. Jordi Vidal ha coeditat <em>La guerra en la Antig\u00fcedad desde el presente<\/em> (Zaragoza, 2011), <em>Fortificaciones y Torres de asedio en la guerra del mundo antiguo<\/em> (Zaragoza, 2012), <em>M\u00e1s all\u00e1 de la batalla.La violencia contra la poblaci\u00f3n en el mundo antiguo<\/em> (Zaragoza, 2013), <em>Animales en la guerra en la Antig\u00fcedad<\/em> (Zaragoza, 2014), <em>Central Asia in Antiquity. Interdisciplnary Approaches<\/em> (Oxford, 2014), i <em>Religi\u00f3 i Guerra a l\u2019Antiguitat<\/em> (Zaragoza 2015), aix\u00ed como el volum, m\u00e9s divulgatiu, <em>A l\u2019Atac! Grans batalles de la historia antiga<\/em> (RBA, 2012); finalment, amb C. Sierra ha editat <em>La historia antigua a trav\u00e9s del cine<\/em> (Barcelona, 2013). <\/p>\n\n\n\n<p>M\u00e9s rellevant resulten les seves publicacions en revistes: fins ara els seus articles han estat acceptats en revistes de alts \u00edndex de impacte (ERIH), com <em>Classical Quarterly, Zeitschrift f\u00fcr Papyrologie und Epigraphik<\/em> (en 4 ocasions), <em>Dialogues d\u2019Histoire Ancienne<\/em> (en 2 ocasions), <em>Athenaeum<\/em> (en 3 ocasions), <em>Klio<\/em>. Beitrage zur Alten Geschichte (en 3 ocasions), <em>Revue des \u00c9tudes Anciennes, L\u2019Antiquit\u00e9 Classique, Eirene, Geri\u00f3n, Faventia<\/em> (en 3 ocasions), <em>Latomus<\/em> (en 2 ocasions), <em>Aevum, Quaderni Urbinati d\u2019estudi classici, Pyrenae<\/em>, etc\u2026 Tamb\u00e9 ha participat en llibres colectius d\u2019avast internacional, com Current perspectives in Ancient Warfare (editor: G. Lee, Cambridge, 2015), <em>Tyrannical Government and the people<\/em> (editor: S. Lewis, Bourdeaux, 2016 [en premsa]), <em>Coin and the City<\/em> (editor: F. L\u00f3pez, Oxford, 2012), <em>Impact of the Empire IX<\/em> (Brill, 2011), \u2026<\/p>\n\n\n\n<p>Actualment es co-IP (amb Dr. Jordi Vidal) del Projecte \u201c<em>El impacto de la campa\u00f1a de Alejandro Magno<\/em>\u201d (HAR2014-57096-P), del MEC, i coordinador del SGR \u201cHist\u00f2ria del Conflicte a l\u2019Antiguitat\u201d, reconegut i finan\u00e7at per la Generalitat de Catalunya (2014SGR01111).<\/p>\n\n\n\n<p>Ha ocupat c\u00e0rrecs de gesti\u00f3 de tipus divers. Actualment es co-director del M\u00e0ster oficial de la Mediterr\u00e0nea antiga (UOC-UAB-UAH). Ha estat coordinador de Tercer Cicle del Dept. de Ci\u00e8ncies de l\u2019Antiguitat i la E. M. (2010-2012), aix\u00ed com coordinador de la nova proposta de programa de doctorat (2012-2014), entre d\u2019altres.<br>Des de 2010 ha organitzat diverses reunions cient\u00edfiques: el <strong>I Congreso espa\u00f1ol de Historiadores del s. IV a.C. griego<\/strong> (2011), la <strong>Jornada Cine y Antig\u00fcedad<\/strong> (2012), el <strong>Ist International Workshop Central Asia in Antiquity<\/strong> (2013), aix\u00ed com les anuals <strong>Jornadas de la guerra en la Antig\u00fcedad<\/strong>, que ja conten diverses edicions (anuals des de 2010).<\/p>\n\n\n\n<p>Es membre de diverses institucions de investigaci\u00f3 relacionades amb els seus interessos d\u2019estudi: el <a rel=\"noopener\" href=\"https:\/\/uwaterloo.ca\/waterloo-institute-for-hellenistic-studies\/\" target=\"_blank\">Waterloo Institute for Hellenistic Studies<\/a> (Otawa), la <a rel=\"noopener\" href=\"http:\/\/www.eurasia.org\/\" target=\"_blank\">Eurasia Foundation<\/a>, el <a rel=\"noopener\" href=\"http:\/\/www.icca.eu\/\" target=\"_blank\">Instituto de Ciencias de la Antig\u00fcedad<\/a> (UAM), la <a rel=\"noopener\" href=\"http:\/\/ccat.sas.upenn.edu\/rrice\/samh.html\" target=\"_blank\">Society of the Ancient Military Historians<\/a> (Illinois) o la <a rel=\"noopener\" href=\"http:\/\/www.open.ac.uk\/arts\/research\/crsn\/\" target=\"_blank\">Classical Reception Studies Network<\/a> (Open University, UK).<\/p>\n\n\n\n<h2 class=\"wp-block-heading\">Selecci\u00f3 de Publicacions:<\/h2>\n\n\n\n<h3 class=\"wp-block-heading\"><strong>Articles<\/strong><\/h3>\n\n\n\n<p>B. Antela-Bern\u00e1rdez, &#8220;Philip and Pausanias. A Killing Love and Macedonian Politics&#8221;, Classical Quarterly 2012. Journal Impact Factor: Journal Int1 (A) [ERIH, Carhus Plus 2010].<br>B. Antela-Bern\u00e1rdez, \u201cSimply the Best: Alexander\u2019s Last Words and Macedonian System of Succession\u201d Eirene (2011). Journal Impact Factor: Journal A [Carhus Plus 2010]<br>B. Antela-Bern\u00e1rdez, &#8220;\u00bfLa hu\u00edda de Sertorio? La b\u00fasqueda de aliados&#8221; Athenaeum 2011, pp. 399-409. Journal Int1 (A) [ERIH, Carhus Plus 2010].<br>J. Verdejo Manchado, B. Antela-Bern\u00e1rdez, \u201cA crown for Onaso and the Archon Athenion\u201d Zeitschrift f\u00fcr Epigraphik und Papyrologie, 2011, 91-96. Journal Impact Factor: Journal Int1 (A) [ERIH, Carhus Plus 2010].<br>B. Antela-Bern\u00e1rdez \u2018Alejandro Magno o la demostraci\u00f3n de la divinidad\u2019 Faventia 29\/1, 2009, 89-103. Journal Impact Factor: Journal A [Carhus Plus 2010].<br>B. Antela-Bern\u00e1rdez \u2018The Anchor and the Crown: Seleucos\u2019 use of the \u2018Anchor\u2019 coin type in 305 BC\u2019, Athenaeum 2009, 605-608. Journal Impact Factor: Journal Int1 (A) [ERIH, Carhus Plus 2010].<\/p>\n\n\n\n<h3 class=\"wp-block-heading\"><strong>Editor<\/strong><\/h3>\n\n\n\n<p>B. Antela-Bern\u00e1rdez, J. Vidal (eds.), Central Asia in Antiquity. Interdisciplinary Approaches, Oxford, British Archaeological Reports, 2014.ISBN: 9781407313115.<br>J. Vidal, B. Antela-Bern\u00e1rdez (eds.), M\u00e1s all\u00e1 de la batalla: La violencia contra la poblaci\u00f3n en el Mundo Antiguo, P\u00f3rtico, Zaragoza, 2013.ISBN: 978-84-7956-117-8.<br>B. Antela Bern\u00e1rdez,. &amp; T. \u00d1aco del Hoyo (eds), Transforming Historical Landscapes in the Ancient Empires: Proceedings of the Ist Workshop AREA, BAR Int.Ser. 1986, 2009. ISBN: 9781407304601.<\/p>\n\n\n\n<h3 class=\"wp-block-heading\"><strong>Llibres<\/strong><\/h3>\n\n\n\n<p>B. Antela Bern\u00e1rdez, Alexandre Magno e Atenas, Ed. Universidade de Santiago de Compostela,Santiago, 2005. ISBN: 9788497505154. <p>\u00a0<\/p> <\/p>\n","protected":false},"excerpt":{"rendered":"<p>Professor Agregat \u2013 \u00c0rea de Historia Antiga, Dept. Ci\u00e8ncies de l\u2019Antiguitat i l\u2019Edat Mitjana, UAB. Coordinador del Grup de Recerca Emergent Hist\u00f2ria del Conflicte a l\u2019Antiguitat (2014SGR01111) Llicenciat en Hist\u00f2ria (2000) i Doctor en Hist\u00f2ria Antiga de Gr\u00e8cia (2004) per la Universidad de Santiago de Compostela. Professor Associat (15\/09\/2005-13\/12\/2009) i posteriorment Professor Contractat Doctor (des [&hellip;]<\/p>\n","protected":false},"author":20,"featured_media":0,"parent":0,"menu_order":0,"comment_status":"closed","ping_status":"closed","template":"","meta":{"footnotes":""},"class_list":["post-57","page","type-page","status-publish","hentry"],"_links":{"self":[{"href":"https:\/\/webs.uab.cat\/hicoa\/wp-json\/wp\/v2\/pages\/57","targetHints":{"allow":["GET"]}}],"collection":[{"href":"https:\/\/webs.uab.cat\/hicoa\/wp-json\/wp\/v2\/pages"}],"about":[{"href":"https:\/\/webs.uab.cat\/hicoa\/wp-json\/wp\/v2\/types\/page"}],"author":[{"embeddable":true,"href":"https:\/\/webs.uab.cat\/hicoa\/wp-json\/wp\/v2\/users\/20"}],"replies":[{"embeddable":true,"href":"https:\/\/webs.uab.cat\/hicoa\/wp-json\/wp\/v2\/comments?post=57"}],"version-history":[{"count":6,"href":"https:\/\/webs.uab.cat\/hicoa\/wp-json\/wp\/v2\/pages\/57\/revisions"}],"predecessor-version":[{"id":136,"href":"https:\/\/webs.uab.cat\/hicoa\/wp-json\/wp\/v2\/pages\/57\/revisions\/136"}],"wp:attachment":[{"href":"https:\/\/webs.uab.cat\/hicoa\/wp-json\/wp\/v2\/media?parent=57"}],"curies":[{"name":"wp","href":"https:\/\/api.w.org\/{rel}","templated":true}]}}