{"id":58,"date":"2016-02-23T12:04:25","date_gmt":"2016-02-23T12:04:25","guid":{"rendered":"https:\/\/webs.uab.cat\/hicoa\/jordi-vidal\/"},"modified":"2022-07-22T17:12:03","modified_gmt":"2022-07-22T17:12:03","slug":"jordi-vidal","status":"publish","type":"page","link":"https:\/\/webs.uab.cat\/hicoa\/jordi-vidal\/","title":{"rendered":"Jordi Vidal"},"content":{"rendered":"\n<figure class=\"wp-block-image size-full is-resized\"><img loading=\"lazy\" decoding=\"async\" src=\"https:\/\/webs.uab.cat\/hicoa\/wp-content\/uploads\/sites\/60\/2016\/02\/Jordi-Vidal.jpg\" alt=\"Jordi Vidal\" class=\"wp-image-88\" width=\"250\" height=\"250\" srcset=\"https:\/\/webs.uab.cat\/hicoa\/wp-content\/uploads\/sites\/60\/2016\/02\/Jordi-Vidal.jpg 160w, https:\/\/webs.uab.cat\/hicoa\/wp-content\/uploads\/sites\/60\/2016\/02\/Jordi-Vidal-150x150.jpg 150w\" sizes=\"auto, (max-width: 250px) 100vw, 250px\" \/><\/figure>\n\n\n\n<p>Llicenciat en Hist\u00f2ria per la Universitat de Barcelona (1998) i Doctor en Filosofia i Lletres per la Universitat Aut\u00f2noma de Barcelona. Especialista a Pr\u00f2xim Orient Antic, s&#8217;ha dedicat de forma priorit\u00e0ria a l&#8217;estudi de la guerra durant l&#8217;Edat del Bronze, el seu impacte sobre la poblaci\u00f3 civil, aix\u00ed com a l&#8217;estudi dels or\u00edgens de l&#8217;orientalisme antic a Espanya.<\/p>\n\n\n\n<p>Fins avui ha gaudit de les seg\u00fcents beques i contractes competitius: becari FI (Universitat de Barcelona) (2000-2003), investigador \u201cJuan de la Cierva\u201d (Universitat de Barcelona) (2004-2007), becari postdoctoral \u201cBeatriu de Pin\u00f3s\u201d (School of Oriental and African Studies, University of London) (2007-2009), investigador postdoctoral \u201cBeatriu de Pin\u00f3s\u201d (Universitat de Barcelona) (2009-2100), investigador postdoctoral UAB-Banc de Santander (Universitat Aut\u00f2noma de Barcelona) (2010-2011), investigador \u201cRam\u00f3n y Cajal\u201d (Universitat Aut\u00f2noma de Barcelona) (2011-2016).<\/p>\n\n\n\n<p>Durant aquests anys ha publicat tres llibres com a autor (<em>Els llogarets de Ugarit<\/em>, 2005; <em>Regnes i imperis de Pr\u00f2xim Orient<\/em>, 2012; <em>Diccionari biogr\u00e0fic de l&#8217;orientalisme antic a Espanya<\/em>, 2013), deu llibres com a editor o co-editor, aix\u00ed com m\u00e9s de 70 articles i cap\u00edtols de llibre, molts d&#8217;ells apareguts en les principals revistes nacionals i internacionals relacionades amb l&#8217;orientalisme antic (<em>Journal of Near Eastern Studies, Journal of the American Oriental Society, Journal of the Economic and Social of the Orient, Journal of Near Eastern Religions, Altorientalische Forschungen, Ugarit Forschungen, Studi Micenei ed Egeo Anatolici, Rivista degli Studi Fenici, Aula Orientalis<\/em>, etc.). Aix\u00ed mateix ha participat, mitjan\u00e7ant pon\u00e8ncies i comunicacions, en 20 congressos i reunions cient\u00edfiques, tant a nivell nacional com a internacional.<br>Part d&#8217;aquesta recerca s&#8217;ha pogut dur a terme gr\u00e0cies a la concessi\u00f3, com a IP, de dos projectes de recerca competitius convocats per diferents ministeris espanyols: \u201c<em>L&#8217;impacte de la guerra sobre la poblaci\u00f3 civil durant el per\u00edode paleobabil\u00f2nic<\/em>\u201d (HAR2011-23572); \u201c<em>L&#8217;organitzaci\u00f3 militar en el Llevant Mediterrani durant el Bronze Final: Estudis prosopogr\u00e0fics<\/em>\u201d (*RYC2010-05622).<\/p>\n\n\n\n<p>Aix\u00ed mateix, ha dut a terme diferents estades de recerca a diversos centres estrangers (Londres, Cambridge, Oxford, Chicago, Beirut, Rosario), i ha rebut tres premis de diferents institucions p\u00fabliques (2004, Instituci\u00f3 dels Lletres Catalans) i privades (2008 i 2009, Fundaci\u00f3 Caixa Manlleu) en reconeixement a la seva labor investigadora. Des de 2004 \u00e9s fundador i director de la revista acad\u00e8mica <a rel=\"noopener\" href=\"http:\/\/ddd.uab.cat\/record\/116705?ln=es\" target=\"_blank\">Historiae<\/a>, al mateix temps que col\u00b7labora com a avaluador i membre del comit\u00e8 cient\u00edfic d&#8217;altres sis revistes nacionals i internacionals. Per tot aix\u00f2, en 2011 l&#8217;Ag\u00e8ncia Nacional d&#8217;Avaluaci\u00f3 de la Qualitat i Acreditaci\u00f3 li va concedir l&#8217;acreditaci\u00f3 per a la categoria de professor titular.<\/p>\n\n\n\n<h2 class=\"wp-block-heading\"><strong>Publicacions<\/strong><\/h2>\n\n\n\n<h3 class=\"wp-block-heading\"><strong>Llibres (com autor)<\/strong><\/h3>\n\n\n\n<p>Vidal, J., 2013: Diccionario biogr\u00e1fico del Orientalismo Antiguo en Espa\u00f1a. La Coru\u00f1a. Universidad de la Coru\u00f1a. ISBN: 978-84-616-6987-5. <\/p>\n\n\n\n<h3 class=\"wp-block-heading\"><strong style=\"font-size: revert; font-family: neue-haas-grotesk-display, -apple-system, BlinkMacSystemFont, &quot;Helvetica Neue&quot;, Helvetica, sans-serif; letter-spacing: 0.05rem;\">Llibres (com editor)<\/strong><\/h3>\n\n\n\n<p>Nadali, D. \/ Vidal, J. (eds.), 2014: The Other Face of the Battle. The impact of war on civilians in the Ancient Near East. M\u00fcnster. Ugarit Verlag. ISBN: 978-3-86835-102-6.<br>Vidal, J. \/ Antela, B. (eds.), 2013: M\u00e1s all\u00e1 de la batalla. La violencia contra la poblaci\u00f3n en el mundo antiguo. Zaragoza. P\u00f3rtico. ISBN: 978-84-7956-117-8.<br>Vidal, J. (ed.) 2010: Studies on War in the Ancient Near East. Collectes Essays on Military History. M\u00fcnster. Ugarit-Verlag. ISBN: 978-3-86835-035-7.<\/p>\n\n\n\n<h3 class=\"wp-block-heading\"><p><strong style=\"font-size: revert; font-family: neue-haas-grotesk-display, -apple-system, BlinkMacSystemFont, &quot;Helvetica Neue&quot;, Helvetica, sans-serif; letter-spacing: 0.05rem;\">Art\u00edcles<\/strong><\/p><\/h3>\n\n\n\n<p>Vidal, J., 2014: \u201cOn the Demography of Ugaritian Villages: A Research Note\u201d, Journal of the Economic and Social History of the Orient 57: 44-54.<br>Vidal, J., 2013: \u201c\u2018Kill them all!\u2019 Some Remarks on the Annihilation of the Ya\u2019ilanum Tribe (1781 B.C.E.)\u201d, Journal of the American Oriental Society 133: 683-689.<br>Vidal, J., 2013: \u201cCalculating Percentages of Battle Casualties: On the Reliability of Assyrian Annals and Reliefs from the 9th Century B.C.\u201d, Altorientalische Forschungen 40: 183-192.<br>Vidal, J., 2011: \u201cPrestige Weapons in an Amorite Context\u201d, Journal of Near Eastern Studies 70: 247-253.<br>Vidal, J., 2009: \u201cThe Siege of Razama. An example of aggressive defence in the Old Babylonian times\u201d, Altorientalische Forschungen 36: 365-371.<br>Vidal, J., 2006: \u201cUgarit and the Southern Levantine Sea-Ports\u201d, Journal of the Economic and Social History of the Orient 49: 269-279.<\/p>\n\n\n\n<h3 class=\"wp-block-heading\"><p><strong style=\"font-size: revert; background-color: rgb(255, 255, 255); font-family: neue-haas-grotesk-display, -apple-system, BlinkMacSystemFont, &quot;Helvetica Neue&quot;, Helvetica, sans-serif; letter-spacing: 0.05rem;\">Projectes<\/strong><\/p><\/h3>\n\n\n\n<p>Jordi Vidal (Investigador Principal): El impacto de la guerra sobre la poblaci\u00f3n civil durante el periodo paleobabil\u00f3nico (HAR2011-23572). Ministerio de Ciencia e Innovaci\u00f3n 2012-2014. 35000 euros.<br>Jordi Vidal (Investigador Principal): La organizaci\u00f3n militar en el Levante Mediterr\u00e1neo durante el Bronce Final: Estudios prosopogr\u00e1ficos (RYC2010-05622). Ministerio de Ciencia e Innovaci\u00f3n 2011-2013. 15000 euros.<\/p>\n","protected":false},"excerpt":{"rendered":"<p>Llicenciat en Hist\u00f2ria per la Universitat de Barcelona (1998) i Doctor en Filosofia i Lletres per la Universitat Aut\u00f2noma de Barcelona. Especialista a Pr\u00f2xim Orient Antic, s&#8217;ha dedicat de forma priorit\u00e0ria a l&#8217;estudi de la guerra durant l&#8217;Edat del Bronze, el seu impacte sobre la poblaci\u00f3 civil, aix\u00ed com a l&#8217;estudi dels or\u00edgens de l&#8217;orientalisme [&hellip;]<\/p>\n","protected":false},"author":20,"featured_media":0,"parent":0,"menu_order":0,"comment_status":"closed","ping_status":"closed","template":"","meta":{"footnotes":""},"class_list":["post-58","page","type-page","status-publish","hentry"],"_links":{"self":[{"href":"https:\/\/webs.uab.cat\/hicoa\/wp-json\/wp\/v2\/pages\/58","targetHints":{"allow":["GET"]}}],"collection":[{"href":"https:\/\/webs.uab.cat\/hicoa\/wp-json\/wp\/v2\/pages"}],"about":[{"href":"https:\/\/webs.uab.cat\/hicoa\/wp-json\/wp\/v2\/types\/page"}],"author":[{"embeddable":true,"href":"https:\/\/webs.uab.cat\/hicoa\/wp-json\/wp\/v2\/users\/20"}],"replies":[{"embeddable":true,"href":"https:\/\/webs.uab.cat\/hicoa\/wp-json\/wp\/v2\/comments?post=58"}],"version-history":[{"count":3,"href":"https:\/\/webs.uab.cat\/hicoa\/wp-json\/wp\/v2\/pages\/58\/revisions"}],"predecessor-version":[{"id":140,"href":"https:\/\/webs.uab.cat\/hicoa\/wp-json\/wp\/v2\/pages\/58\/revisions\/140"}],"wp:attachment":[{"href":"https:\/\/webs.uab.cat\/hicoa\/wp-json\/wp\/v2\/media?parent=58"}],"curies":[{"name":"wp","href":"https:\/\/api.w.org\/{rel}","templated":true}]}}