{"id":59,"date":"2016-02-23T12:11:07","date_gmt":"2016-02-23T12:11:07","guid":{"rendered":"https:\/\/webs.uab.cat\/hicoa\/oriol-olesti\/"},"modified":"2022-07-22T17:13:22","modified_gmt":"2022-07-22T17:13:22","slug":"oriol-olesti","status":"publish","type":"page","link":"https:\/\/webs.uab.cat\/hicoa\/oriol-olesti\/","title":{"rendered":"Oriol Olesti"},"content":{"rendered":"\n<div class=\"wp-block-media-text is-stacked-on-mobile\" style=\"grid-template-columns:34% auto\"><figure class=\"wp-block-media-text__media\"><img loading=\"lazy\" decoding=\"async\" width=\"200\" height=\"200\" src=\"https:\/\/webs.uab.cat\/hicoa\/wp-content\/uploads\/sites\/60\/2016\/02\/oriol1.png\" alt=\"oriol1\" class=\"wp-image-90 size-full\" srcset=\"https:\/\/webs.uab.cat\/hicoa\/wp-content\/uploads\/sites\/60\/2016\/02\/oriol1.png 200w, https:\/\/webs.uab.cat\/hicoa\/wp-content\/uploads\/sites\/60\/2016\/02\/oriol1-150x150.png 150w\" sizes=\"auto, (max-width: 200px) 100vw, 200px\" \/><\/figure><div class=\"wp-block-media-text__content\">\n<p>Prof. Titular \u2013 \u00c0rea d\u2019Hist\u00f2ria Antiga, Dept. de CC. de l\u2019Antiguitat i l\u2019E.M., UAB.<\/p>\n\n\n\n<p><\/p>\n<\/div><\/div>\n\n\n\n<p>Doctor en Hist\u00f2ria Antiga i Professor Titular (UAB). Dirigeix dos projectes de recerca sobre l&#8217;estudi del Paisatge Antic. Ha publicat recentment un manual al respecte: Paisajes de la Hispania Romana: la explotaci\u00f3n de los territorios del Imperio, Ed. DStoria. \u00c9s tamb\u00e9 actualment coordinador del Grau d&#8217;Arqueologia a la UAB. En la actualitat \u00e9s director cient\u00edfic del Jaciment del Castellot de Bolvir, Campus UAB.<\/p>\n","protected":false},"excerpt":{"rendered":"<p>Prof. Titular \u2013 \u00c0rea d\u2019Hist\u00f2ria Antiga, Dept. de CC. de l\u2019Antiguitat i l\u2019E.M., UAB. Doctor en Hist\u00f2ria Antiga i Professor Titular (UAB). Dirigeix dos projectes de recerca sobre l&#8217;estudi del Paisatge Antic. Ha publicat recentment un manual al respecte: Paisajes de la Hispania Romana: la explotaci\u00f3n de los territorios del Imperio, Ed. DStoria. \u00c9s tamb\u00e9 [&hellip;]<\/p>\n","protected":false},"author":20,"featured_media":0,"parent":0,"menu_order":0,"comment_status":"closed","ping_status":"closed","template":"","meta":{"footnotes":""},"class_list":["post-59","page","type-page","status-publish","hentry"],"_links":{"self":[{"href":"https:\/\/webs.uab.cat\/hicoa\/wp-json\/wp\/v2\/pages\/59","targetHints":{"allow":["GET"]}}],"collection":[{"href":"https:\/\/webs.uab.cat\/hicoa\/wp-json\/wp\/v2\/pages"}],"about":[{"href":"https:\/\/webs.uab.cat\/hicoa\/wp-json\/wp\/v2\/types\/page"}],"author":[{"embeddable":true,"href":"https:\/\/webs.uab.cat\/hicoa\/wp-json\/wp\/v2\/users\/20"}],"replies":[{"embeddable":true,"href":"https:\/\/webs.uab.cat\/hicoa\/wp-json\/wp\/v2\/comments?post=59"}],"version-history":[{"count":1,"href":"https:\/\/webs.uab.cat\/hicoa\/wp-json\/wp\/v2\/pages\/59\/revisions"}],"predecessor-version":[{"id":142,"href":"https:\/\/webs.uab.cat\/hicoa\/wp-json\/wp\/v2\/pages\/59\/revisions\/142"}],"wp:attachment":[{"href":"https:\/\/webs.uab.cat\/hicoa\/wp-json\/wp\/v2\/media?parent=59"}],"curies":[{"name":"wp","href":"https:\/\/api.w.org\/{rel}","templated":true}]}}