{"id":60,"date":"2016-02-23T12:13:12","date_gmt":"2016-02-23T12:13:12","guid":{"rendered":"https:\/\/webs.uab.cat\/hicoa\/isaias-arrayas\/"},"modified":"2022-07-22T17:13:59","modified_gmt":"2022-07-22T17:13:59","slug":"isaias-arrayas","status":"publish","type":"page","link":"https:\/\/webs.uab.cat\/hicoa\/isaias-arrayas\/","title":{"rendered":"Isaias Array\u00e1s"},"content":{"rendered":"\n<p><\/p>\n\n\n\n<div class=\"wp-block-media-text is-stacked-on-mobile\" style=\"grid-template-columns:34% auto\"><figure class=\"wp-block-media-text__media\"><img loading=\"lazy\" decoding=\"async\" width=\"200\" height=\"200\" src=\"https:\/\/webs.uab.cat\/hicoa\/wp-content\/uploads\/sites\/60\/2016\/02\/isaias1.png\" alt=\"isaias1\" class=\"wp-image-80 size-full\" srcset=\"https:\/\/webs.uab.cat\/hicoa\/wp-content\/uploads\/sites\/60\/2016\/02\/isaias1.png 200w, https:\/\/webs.uab.cat\/hicoa\/wp-content\/uploads\/sites\/60\/2016\/02\/isaias1-150x150.png 150w\" sizes=\"auto, (max-width: 200px) 100vw, 200px\" \/><\/figure><div class=\"wp-block-media-text__content\">\n<p class=\"has-small-font-size\">Professor Agregat \u2013 \u00c0rea d\u2019Hist\u00f2ria Antiga, Dept. de CC. de l\u2019Antiguitat i l\u2019E.M., UAB.<\/p>\n<\/div><\/div>\n\n\n\n<p>Dr. Isa\u00edas Array\u00e1s Morales, llicenciat i doctorat en Hist\u00f2ria per la Universitat Aut\u00f2noma de Barcelona (UAB), actualment, \u00e9s professor agregat del Departament de Ci\u00e8ncies de l\u2019Antiguitat i l\u2019Edat Mitjana d\u2019aquesta universitat. Al llarg de la seva traject\u00f2ria cient\u00edfica ha treballat diverses l\u00ednies d\u2019investigaci\u00f3 relatives al m\u00f3n rom\u00e0 tardo-republic\u00e0, entre les que cal destacar l\u2019estudi dels processos de transformaci\u00f3 i romanitzaci\u00f3 dels territoris del nord-est de la Pen\u00ednsula Ib\u00e8rica, una investigaci\u00f3 que, en els \u00faltims anys, s\u2019ha centrat sobretot en l\u2019an\u00e0lisi dels sistemes de gesti\u00f3 i control de l\u2019aigua desenvolupats en \u00e8poca romana. Aix\u00ed mateix, des de 2007, ha destinat gran part del seu esfor\u00e7 investigador en l\u2019an\u00e0lisi de l\u2019impacte de Roma a l\u2019Orient mediterrani, especialment a Anat\u00f2lia. Membre de diversos projectes de recerca al llarg de la seva traject\u00f2ria predoctoral i postdoctoral, el Dr. Array\u00e1s ha publicat nombrosos articles en revistes cient\u00edfiques d\u2019alt \u00edndex d\u2019impacte.<\/p>\n","protected":false},"excerpt":{"rendered":"<p>Professor Agregat \u2013 \u00c0rea d\u2019Hist\u00f2ria Antiga, Dept. de CC. de l\u2019Antiguitat i l\u2019E.M., UAB. Dr. Isa\u00edas Array\u00e1s Morales, llicenciat i doctorat en Hist\u00f2ria per la Universitat Aut\u00f2noma de Barcelona (UAB), actualment, \u00e9s professor agregat del Departament de Ci\u00e8ncies de l\u2019Antiguitat i l\u2019Edat Mitjana d\u2019aquesta universitat. Al llarg de la seva traject\u00f2ria cient\u00edfica ha treballat diverses [&hellip;]<\/p>\n","protected":false},"author":20,"featured_media":0,"parent":0,"menu_order":0,"comment_status":"closed","ping_status":"closed","template":"","meta":{"footnotes":""},"class_list":["post-60","page","type-page","status-publish","hentry"],"_links":{"self":[{"href":"https:\/\/webs.uab.cat\/hicoa\/wp-json\/wp\/v2\/pages\/60","targetHints":{"allow":["GET"]}}],"collection":[{"href":"https:\/\/webs.uab.cat\/hicoa\/wp-json\/wp\/v2\/pages"}],"about":[{"href":"https:\/\/webs.uab.cat\/hicoa\/wp-json\/wp\/v2\/types\/page"}],"author":[{"embeddable":true,"href":"https:\/\/webs.uab.cat\/hicoa\/wp-json\/wp\/v2\/users\/20"}],"replies":[{"embeddable":true,"href":"https:\/\/webs.uab.cat\/hicoa\/wp-json\/wp\/v2\/comments?post=60"}],"version-history":[{"count":1,"href":"https:\/\/webs.uab.cat\/hicoa\/wp-json\/wp\/v2\/pages\/60\/revisions"}],"predecessor-version":[{"id":143,"href":"https:\/\/webs.uab.cat\/hicoa\/wp-json\/wp\/v2\/pages\/60\/revisions\/143"}],"wp:attachment":[{"href":"https:\/\/webs.uab.cat\/hicoa\/wp-json\/wp\/v2\/media?parent=60"}],"curies":[{"name":"wp","href":"https:\/\/api.w.org\/{rel}","templated":true}]}}