{"id":61,"date":"2016-02-23T12:16:01","date_gmt":"2016-02-23T12:16:01","guid":{"rendered":"https:\/\/webs.uab.cat\/hicoa\/jordi-cortadella\/"},"modified":"2022-07-22T17:12:48","modified_gmt":"2022-07-22T17:12:48","slug":"jordi-cortadella","status":"publish","type":"page","link":"https:\/\/webs.uab.cat\/hicoa\/jordi-cortadella\/","title":{"rendered":"Jordi Cortadella"},"content":{"rendered":"\n<div class=\"wp-block-media-text is-stacked-on-mobile\" style=\"grid-template-columns:33% auto\"><figure class=\"wp-block-media-text__media\"><img loading=\"lazy\" decoding=\"async\" width=\"200\" height=\"200\" src=\"https:\/\/webs.uab.cat\/hicoa\/wp-content\/uploads\/sites\/60\/2016\/02\/Jordi-cortadella.jpg\" alt=\"Jordi cortadella\" class=\"wp-image-84 size-full\" srcset=\"https:\/\/webs.uab.cat\/hicoa\/wp-content\/uploads\/sites\/60\/2016\/02\/Jordi-cortadella.jpg 200w, https:\/\/webs.uab.cat\/hicoa\/wp-content\/uploads\/sites\/60\/2016\/02\/Jordi-cortadella-150x150.jpg 150w\" sizes=\"auto, (max-width: 200px) 100vw, 200px\" \/><\/figure><div class=\"wp-block-media-text__content\">\n<p>Professor Titular d\u2019Hist\u00f2ria Antiga \u2013 \u00c0rea de Historia Antiga, Dept. CC. de l\u2019Antiguitat i l\u2019E.M., UAB.<\/p>\n\n\n\n<p><\/p>\n<\/div><\/div>\n\n\n\n<p>Professor titular d&#8217;Hist\u00f2ria Antiga al Departament de Ci\u00e8ncies de l&#8217;Antiguitat i l&#8217;Edat Mitjana (UAB). La seva recerca ha estat adre\u00e7ada a l&#8217;estudi i l&#8217;an\u00e0lisi de q\u00fcestions historiogr\u00e0fiques, antigues i modernes. En els darrers anys tamb\u00e9 ha estudiat aspectes de la hist\u00f2ria de la guerra antiga, com ara els grups de reconstrucci\u00f3 hist\u00f2rica.<\/p>\n","protected":false},"excerpt":{"rendered":"<p>Professor Titular d\u2019Hist\u00f2ria Antiga \u2013 \u00c0rea de Historia Antiga, Dept. CC. de l\u2019Antiguitat i l\u2019E.M., UAB. Professor titular d&#8217;Hist\u00f2ria Antiga al Departament de Ci\u00e8ncies de l&#8217;Antiguitat i l&#8217;Edat Mitjana (UAB). La seva recerca ha estat adre\u00e7ada a l&#8217;estudi i l&#8217;an\u00e0lisi de q\u00fcestions historiogr\u00e0fiques, antigues i modernes. En els darrers anys tamb\u00e9 ha estudiat aspectes de [&hellip;]<\/p>\n","protected":false},"author":20,"featured_media":0,"parent":0,"menu_order":0,"comment_status":"closed","ping_status":"closed","template":"","meta":{"footnotes":""},"class_list":["post-61","page","type-page","status-publish","hentry"],"_links":{"self":[{"href":"https:\/\/webs.uab.cat\/hicoa\/wp-json\/wp\/v2\/pages\/61","targetHints":{"allow":["GET"]}}],"collection":[{"href":"https:\/\/webs.uab.cat\/hicoa\/wp-json\/wp\/v2\/pages"}],"about":[{"href":"https:\/\/webs.uab.cat\/hicoa\/wp-json\/wp\/v2\/types\/page"}],"author":[{"embeddable":true,"href":"https:\/\/webs.uab.cat\/hicoa\/wp-json\/wp\/v2\/users\/20"}],"replies":[{"embeddable":true,"href":"https:\/\/webs.uab.cat\/hicoa\/wp-json\/wp\/v2\/comments?post=61"}],"version-history":[{"count":1,"href":"https:\/\/webs.uab.cat\/hicoa\/wp-json\/wp\/v2\/pages\/61\/revisions"}],"predecessor-version":[{"id":141,"href":"https:\/\/webs.uab.cat\/hicoa\/wp-json\/wp\/v2\/pages\/61\/revisions\/141"}],"wp:attachment":[{"href":"https:\/\/webs.uab.cat\/hicoa\/wp-json\/wp\/v2\/media?parent=61"}],"curies":[{"name":"wp","href":"https:\/\/api.w.org\/{rel}","templated":true}]}}