{"id":62,"date":"2016-02-23T12:19:41","date_gmt":"2016-02-23T12:19:41","guid":{"rendered":"https:\/\/webs.uab.cat\/hicoa\/joan-oller-guzman\/"},"modified":"2016-02-23T12:19:41","modified_gmt":"2016-02-23T12:19:41","slug":"joan-oller-guzman","status":"publish","type":"page","link":"https:\/\/webs.uab.cat\/hicoa\/joan-oller-guzman\/","title":{"rendered":"Joan Oller Guzm\u00e1n"},"content":{"rendered":"<p>Professor Associat \u2013 \u00c0rea d\u2019Hist\u00f2ria Antiga, Dept. de CC. de l\u2019Antiguitat i l\u2019E.M., UAB.<\/p>\n<p align=\"justiffy\"><span class=\"inline inline-none\"><img loading=\"lazy\" decoding=\"async\" class=\"image image-_original \" style=\"float: left; border: 1px solid black; margin: 5px;\" title=\"\" src=\"http:\/\/grupsderecerca.uab.cat\/hicoa\/sites\/grupsderecerca.uab.cat.hicoa\/files\/images\/joan1.png\" alt=\"\" height=\"200\" width=\"200\"><\/span>Doctor en Hist\u00f2ria Antiga (UAB). Professor associat d&#8217;Hist\u00f2ria Antiga del Departament de Ci\u00e8ncies de l&#8217;Antiguitat i l&#8217;Edat Mitjana (UAB). Les seves principals l\u00ednies de recerca estan vinculades a l&#8217;estudi de l&#8217;evoluci\u00f3 del territori i poblament de l&#8217;\u00e0rea de la Laiet\u00e0nia Interior en \u00e8poca antiga.<\/p>\n<p><\/p>\n","protected":false},"excerpt":{"rendered":"<p>Professor Associat \u2013 \u00c0rea d\u2019Hist\u00f2ria Antiga, Dept. de CC. de l\u2019Antiguitat i l\u2019E.M., UAB. Doctor en Hist\u00f2ria Antiga (UAB). Professor associat d&#8217;Hist\u00f2ria Antiga del Departament de Ci\u00e8ncies de l&#8217;Antiguitat i l&#8217;Edat Mitjana (UAB). Les seves principals l\u00ednies de recerca estan vinculades a l&#8217;estudi de l&#8217;evoluci\u00f3 del territori i poblament de l&#8217;\u00e0rea de la Laiet\u00e0nia Interior [&hellip;]<\/p>\n","protected":false},"author":20,"featured_media":0,"parent":0,"menu_order":0,"comment_status":"closed","ping_status":"closed","template":"","meta":{"footnotes":""},"class_list":["post-62","page","type-page","status-publish","hentry"],"_links":{"self":[{"href":"https:\/\/webs.uab.cat\/hicoa\/wp-json\/wp\/v2\/pages\/62","targetHints":{"allow":["GET"]}}],"collection":[{"href":"https:\/\/webs.uab.cat\/hicoa\/wp-json\/wp\/v2\/pages"}],"about":[{"href":"https:\/\/webs.uab.cat\/hicoa\/wp-json\/wp\/v2\/types\/page"}],"author":[{"embeddable":true,"href":"https:\/\/webs.uab.cat\/hicoa\/wp-json\/wp\/v2\/users\/20"}],"replies":[{"embeddable":true,"href":"https:\/\/webs.uab.cat\/hicoa\/wp-json\/wp\/v2\/comments?post=62"}],"version-history":[{"count":0,"href":"https:\/\/webs.uab.cat\/hicoa\/wp-json\/wp\/v2\/pages\/62\/revisions"}],"wp:attachment":[{"href":"https:\/\/webs.uab.cat\/hicoa\/wp-json\/wp\/v2\/media?parent=62"}],"curies":[{"name":"wp","href":"https:\/\/api.w.org\/{rel}","templated":true}]}}