{"id":64,"date":"2016-02-23T12:26:53","date_gmt":"2016-02-23T12:26:53","guid":{"rendered":"https:\/\/webs.uab.cat\/hicoa\/jordi-morera\/"},"modified":"2016-02-23T12:26:53","modified_gmt":"2016-02-23T12:26:53","slug":"jordi-morera","status":"publish","type":"page","link":"https:\/\/webs.uab.cat\/hicoa\/jordi-morera\/","title":{"rendered":"Jordi Morera"},"content":{"rendered":"<p>Professor Associat \u2013 \u00c0rea d\u2019Hist\u00f2ria Antiga, Dept. de CC. de l\u2019Antiguitat i l\u2019E.M, UAB.<\/p>\n<p align=\"justify\"><strong><span class=\"inline inline-none\"><img loading=\"lazy\" decoding=\"async\" class=\"image image-_original \" style=\"float: left; border: 1px solid black; margin: 5px;\" title=\"\" src=\"http:\/\/grupsderecerca.uab.cat\/hicoa\/sites\/grupsderecerca.uab.cat.hicoa\/files\/images\/morera1.png\" alt=\"\" height=\"200\" width=\"200\"><\/span>Jordi Morera Camprub\u00ed<\/strong>. 38 anys. Llicenciat en Hist\u00f2ria per la UAB l\u2019any 2000. Arque\u00f2leg professional des de fa de 15 anys, amb m\u00e9s d\u2019una vuitantena de direccions arqueol\u00f2giques en jaciments que abasten des de l\u2019Edat del Ferro fins a l\u2019actualitat. De totes maneres, la meva especialitzaci\u00f3 \u00e9s el per\u00edode ib\u00e8ric i rom\u00e0. El 2009 vaig obtener el M\u00e0ster Interuniversitari en Arqueologia Cl\u00e0ssica. El 2013 vaig ser cofundador de l\u2019empresa d\u2019arqueologia <strong>Catarque\u00f2legs, SL<\/strong>. Des del 2013 s\u00f3c profesor associat a l\u2019\u00c0rea d\u2019HIst\u00f2ria Antiga del Departament de Ci\u00e8ncies de l\u2019Antiguitat i l\u2019Edat MItjana de la UAB. Actualment, redactant la tesi doctoral \u201c<em>Territori i Poblament de Cerdanya a l\u2019Antiguitat: la iberitzaci\u00f3 i romanitzaci\u00f3 de la vall cerdana<\/em>\u201d sota direcci\u00f3n del Dr. Oriol Olesti<\/p>\n","protected":false},"excerpt":{"rendered":"<p>Professor Associat \u2013 \u00c0rea d\u2019Hist\u00f2ria Antiga, Dept. de CC. de l\u2019Antiguitat i l\u2019E.M, UAB. Jordi Morera Camprub\u00ed. 38 anys. Llicenciat en Hist\u00f2ria per la UAB l\u2019any 2000. Arque\u00f2leg professional des de fa de 15 anys, amb m\u00e9s d\u2019una vuitantena de direccions arqueol\u00f2giques en jaciments que abasten des de l\u2019Edat del Ferro fins a l\u2019actualitat. De [&hellip;]<\/p>\n","protected":false},"author":20,"featured_media":0,"parent":0,"menu_order":0,"comment_status":"closed","ping_status":"closed","template":"","meta":{"footnotes":""},"class_list":["post-64","page","type-page","status-publish","hentry"],"_links":{"self":[{"href":"https:\/\/webs.uab.cat\/hicoa\/wp-json\/wp\/v2\/pages\/64","targetHints":{"allow":["GET"]}}],"collection":[{"href":"https:\/\/webs.uab.cat\/hicoa\/wp-json\/wp\/v2\/pages"}],"about":[{"href":"https:\/\/webs.uab.cat\/hicoa\/wp-json\/wp\/v2\/types\/page"}],"author":[{"embeddable":true,"href":"https:\/\/webs.uab.cat\/hicoa\/wp-json\/wp\/v2\/users\/20"}],"replies":[{"embeddable":true,"href":"https:\/\/webs.uab.cat\/hicoa\/wp-json\/wp\/v2\/comments?post=64"}],"version-history":[{"count":0,"href":"https:\/\/webs.uab.cat\/hicoa\/wp-json\/wp\/v2\/pages\/64\/revisions"}],"wp:attachment":[{"href":"https:\/\/webs.uab.cat\/hicoa\/wp-json\/wp\/v2\/media?parent=64"}],"curies":[{"name":"wp","href":"https:\/\/api.w.org\/{rel}","templated":true}]}}