{"id":70,"date":"2016-11-21T15:25:10","date_gmt":"2016-11-21T15:25:10","guid":{"rendered":"https:\/\/webs.uab.cat\/hicoa\/cesar-sierra\/"},"modified":"2016-11-21T15:25:10","modified_gmt":"2016-11-21T15:25:10","slug":"cesar-sierra","status":"publish","type":"page","link":"https:\/\/webs.uab.cat\/hicoa\/cesar-sierra\/","title":{"rendered":"C\u00e9sar Sierra"},"content":{"rendered":"<p class=\"rtejustify\"><img loading=\"lazy\" decoding=\"async\" class=\" size-full wp-image-69\" alt=\"s200_c_sar.sierra.jpg\" height=\"200\" src=\"https:\/\/webs.uab.cat\/hicoa\/wp-content\/uploads\/sites\/60\/2016\/11\/s200_c_sar.sierra.jpg\" style=\"float:left\" width=\"200\" srcset=\"https:\/\/webs.uab.cat\/hicoa\/wp-content\/uploads\/sites\/60\/2016\/11\/s200_c_sar.sierra.jpg 200w, https:\/\/webs.uab.cat\/hicoa\/wp-content\/uploads\/sites\/60\/2016\/11\/s200_c_sar.sierra-150x150.jpg 150w\" sizes=\"auto, (max-width: 200px) 100vw, 200px\" \/>Me dedico a la Historia antigua de Grecia y, en concreto, a la Historia de las ideas. Desde 2012 soy doctor en Historia antigua por la Universitat Aut\u00f2noma de Barcelona, mi tesis doctoral se titula&nbsp;<em>Fundamentos m\u00e9dico-filos\u00f3ficos en los discursos hist\u00f3rico pol\u00edticos en la antigua Grecia<\/em>.&nbsp;Actualmente soy investigador del programa Beatriu de Pin\u00f3s (Generalitat de Catalunya) y desarrollo un proyecto titulado&nbsp;<em>El laboratorio de hip\u00f3crates<\/em>&nbsp;en la Universit\u00e0 della Calabria.&nbsp;Durante mi etapa posdoctoral he orientado mi investigaci\u00f3n hacia el estudio de la medicina griega en el \u00e1mbito militar, paralelamente he continuado explorando ciertos puntos analizados durante la tesis doctoral, en especial, el campo de la historiograf\u00eda, la etnograf\u00eda, el pensamiento pol\u00edtico y la medicina hipocr\u00e1tica. Actualmente he iniciado una l\u00ednea de trabajo sobre historia de la historiograf\u00eda, analizando la obra de Arnaldo Momigliano y Gaetano De Sanctis.&nbsp;<\/p>\n","protected":false},"excerpt":{"rendered":"<p>Me dedico a la Historia antigua de Grecia y, en concreto, a la Historia de las ideas. Desde 2012 soy doctor en Historia antigua por la Universitat Aut\u00f2noma de Barcelona, mi tesis doctoral se titula&nbsp;Fundamentos m\u00e9dico-filos\u00f3ficos en los discursos hist\u00f3rico pol\u00edticos en la antigua Grecia.&nbsp;Actualmente soy investigador del programa Beatriu de Pin\u00f3s (Generalitat de Catalunya) [&hellip;]<\/p>\n","protected":false},"author":20,"featured_media":69,"parent":0,"menu_order":0,"comment_status":"closed","ping_status":"closed","template":"","meta":{"footnotes":""},"class_list":["post-70","page","type-page","status-publish","has-post-thumbnail","hentry"],"_links":{"self":[{"href":"https:\/\/webs.uab.cat\/hicoa\/wp-json\/wp\/v2\/pages\/70","targetHints":{"allow":["GET"]}}],"collection":[{"href":"https:\/\/webs.uab.cat\/hicoa\/wp-json\/wp\/v2\/pages"}],"about":[{"href":"https:\/\/webs.uab.cat\/hicoa\/wp-json\/wp\/v2\/types\/page"}],"author":[{"embeddable":true,"href":"https:\/\/webs.uab.cat\/hicoa\/wp-json\/wp\/v2\/users\/20"}],"replies":[{"embeddable":true,"href":"https:\/\/webs.uab.cat\/hicoa\/wp-json\/wp\/v2\/comments?post=70"}],"version-history":[{"count":0,"href":"https:\/\/webs.uab.cat\/hicoa\/wp-json\/wp\/v2\/pages\/70\/revisions"}],"wp:featuredmedia":[{"embeddable":true,"href":"https:\/\/webs.uab.cat\/hicoa\/wp-json\/wp\/v2\/media\/69"}],"wp:attachment":[{"href":"https:\/\/webs.uab.cat\/hicoa\/wp-json\/wp\/v2\/media?parent=70"}],"curies":[{"name":"wp","href":"https:\/\/api.w.org\/{rel}","templated":true}]}}