{"id":9,"date":"2009-05-25T13:07:54","date_gmt":"2009-05-25T13:07:54","guid":{"rendered":"https:\/\/webs.uab.cat\/hicoa\/inici\/"},"modified":"2022-07-22T08:41:36","modified_gmt":"2022-07-22T08:41:36","slug":"inici","status":"publish","type":"page","link":"https:\/\/webs.uab.cat\/hicoa\/","title":{"rendered":"Inici"},"content":{"rendered":"\n<figure class=\"wp-block-image is-resized\"><img loading=\"lazy\" decoding=\"async\" src=\"http:\/\/grupsderecerca.uab.cat\/hicoa\/sites\/grupsderecerca.uab.cat.hicoa\/files\/images\/NOUNOUrollover.gif\" alt=\"\" width=\"700\" height=\"292\" title=\"\"\/><\/figure>\n\n\n\n<p class=\"has-text-align-center\"><\/p>\n\n\n\n<p>Resulta significatiu que la primera obra historiogr\u00e0fica, les <em>Hist\u00f2ries<\/em> de Her\u00f2dot, sorgeixi arran d&#8217;un enfrontament b\u00e8l\u00b7lic com van ser les Guerres M\u00e8diques. Existien altres mecanismes en l&#8217;Antiguitat per registrar els successos b\u00e8l\u00b7lics i mantenir-los vius en el record. Des dels relats del poder del Pr\u00f2xim Orient antic, molt abans d&#8217;Homer, aquesta funci\u00f3 ja estava present en la concepci\u00f3 del relat sobre el passat. Al m\u00f3n grec, la poesia \u00e8pica tenia com a objecte representar manera incontestable el passat, que era el dels conflictes b\u00e8l\u00b7lics, a major gl\u00f2ria de l&#8217;aristocr\u00e0cia imperant, i en l&#8217;Atenes democr\u00e0tica la trag\u00e8dia <em>Els Perses<\/em>, d&#8217;\u00c8squil, posava sobre l&#8217;escena la situaci\u00f3 de les v\u00edctimes de la guerra. Per\u00f2 l&#8217;aparici\u00f3 del g\u00e8nere historiogr\u00e0fic, com a resultat d&#8217;un conflicte recent, va posar de manifest l&#8217;estreta relaci\u00f3 que d&#8217;ara endavant existiria entre guerra i historiografia. Aquesta relaci\u00f3 s&#8217;ha vist habitualment fossilitzada en la f\u00f3rmula m\u00e9s tradicional de la hist\u00f2ria pol\u00edtica, i probablement no podem parlar d&#8217;altres tend\u00e8ncies en relaci\u00f3 amb la producci\u00f3 historiogr\u00e0fica fins al s. XX, curiosament un moment de conflicte global i descarnat a nivell mundial. El nostre inter\u00e8s com a investigadors parteix de la hist\u00f2ria de l&#8217;Antiguitat per tractar de comprendre les tend\u00e8ncies i explicacions dels historiadors, antics i moderns.<\/p>\n","protected":false},"excerpt":{"rendered":"<p>Resulta significatiu que la primera obra historiogr\u00e0fica, les Hist\u00f2ries de Her\u00f2dot, sorgeixi arran d&#8217;un enfrontament b\u00e8l\u00b7lic com van ser les Guerres M\u00e8diques. Existien altres mecanismes en l&#8217;Antiguitat per registrar els successos b\u00e8l\u00b7lics i mantenir-los vius en el record. Des dels relats del poder del Pr\u00f2xim Orient antic, molt abans d&#8217;Homer, aquesta funci\u00f3 ja estava present [&hellip;]<\/p>\n","protected":false},"author":20,"featured_media":0,"parent":0,"menu_order":0,"comment_status":"closed","ping_status":"closed","template":"","meta":{"footnotes":""},"class_list":["post-9","page","type-page","status-publish","hentry"],"_links":{"self":[{"href":"https:\/\/webs.uab.cat\/hicoa\/wp-json\/wp\/v2\/pages\/9","targetHints":{"allow":["GET"]}}],"collection":[{"href":"https:\/\/webs.uab.cat\/hicoa\/wp-json\/wp\/v2\/pages"}],"about":[{"href":"https:\/\/webs.uab.cat\/hicoa\/wp-json\/wp\/v2\/types\/page"}],"author":[{"embeddable":true,"href":"https:\/\/webs.uab.cat\/hicoa\/wp-json\/wp\/v2\/users\/20"}],"replies":[{"embeddable":true,"href":"https:\/\/webs.uab.cat\/hicoa\/wp-json\/wp\/v2\/comments?post=9"}],"version-history":[{"count":2,"href":"https:\/\/webs.uab.cat\/hicoa\/wp-json\/wp\/v2\/pages\/9\/revisions"}],"predecessor-version":[{"id":123,"href":"https:\/\/webs.uab.cat\/hicoa\/wp-json\/wp\/v2\/pages\/9\/revisions\/123"}],"wp:attachment":[{"href":"https:\/\/webs.uab.cat\/hicoa\/wp-json\/wp\/v2\/media?parent=9"}],"curies":[{"name":"wp","href":"https:\/\/api.w.org\/{rel}","templated":true}]}}