{"id":187,"date":"2025-09-15T15:44:43","date_gmt":"2025-09-15T13:44:43","guid":{"rendered":"https:\/\/webs.uab.cat\/hntg\/?page_id=187"},"modified":"2025-11-24T17:51:11","modified_gmt":"2025-11-24T15:51:11","slug":"tinooooo","status":"publish","type":"page","link":"https:\/\/webs.uab.cat\/hntg\/tinooooo\/","title":{"rendered":"Ph.D. Constantino Dragicevic Rebolledo"},"content":{"rendered":"\n<figure class=\"wp-block-image size-full is-resized\"><img decoding=\"async\" src=\"https:\/\/webs.uab.cat\/hntg\/wp-content\/uploads\/sites\/673\/2025\/09\/WhatsApp-Image-2025-09-15-at-3.38.43-PM.jpeg\" alt=\"\" class=\"wp-image-194\" style=\"width:186px;height:auto\" \/><\/figure>\n\n\n\n<p>Since 2025 &nbsp;&nbsp;&nbsp;&nbsp; Post-Doctoral Researcher at Department of Microelectronics and System Electronics at <em>Universitat Aut\u00f2noma de Barcelona (UAB)<\/em><\/p>\n\n\n\n<p>2022-2025 &nbsp;&nbsp;&nbsp;&nbsp;&nbsp; Assistant Professor at <em>Departamento de Fonoaudiolog\u00eda, Facultad de Medicina, Universidad de Chile<\/em><\/p>\n\n\n\n<p>2020-2023&nbsp;&nbsp;&nbsp;&nbsp;&nbsp; National Post-Doc Fellowship, <em>Laboratorio de Neurosistemas<\/em>, <em>Departamento de Neurociencia, Facultad de Medicina, Universidad de Chile<\/em><\/p>\n\n\n\n<p>2011-2017&nbsp;&nbsp;&nbsp;&nbsp;&nbsp;&nbsp; Ph.D. in Biomedical Sciences, <em>Laboratorio Neurobiolog\u00eda de la Audici\u00f3n, Programa de Fisiolog\u00eda y Biof\u00edsica, Facultad de Medicina, Universidad de Chile<\/em> &nbsp;<\/p>\n\n\n\n<p>2005-2010&nbsp;&nbsp;&nbsp;&nbsp;&nbsp; Bachelor&#8217;s Degree in Physics, <em>Facultad de F\u00edsica, Pontificia Universidad Cat\u00f3lica de Chile<\/em><\/p>\n\n\n\n<p><\/p>\n\n\n\n<p><strong>Research and Interests:<\/strong><\/p>\n\n\n\n<p>Audio-Visual Neuroscience<\/p>\n\n\n\n<p>Cognitive Neuroscience<\/p>\n\n\n\n<p>Social Neuroscience<\/p>\n\n\n\n<p><a href=\"https:\/\/orcid.org\/0000-0002-1959-8271\"><strong>ORCID Profile<\/strong><\/a><\/p>\n\n\n\n<hr class=\"wp-block-separator has-alpha-channel-opacity\" \/>\n\n\n\n<p>Contact: <a href=\"mailto:Constantino.Dragicevic@uab.cat\">Constantino_dot_Dragicevic_at_uab_dot_cat<\/a><\/p>\n\n\n\n<p><\/p>\n","protected":false},"excerpt":{"rendered":"<p>Since 2025 &nbsp;&nbsp;&nbsp;&nbsp; Post-Doctoral Researcher at Department of Microelectronics and System Electronics at Universitat Aut\u00f2noma de Barcelona (UAB) 2022-2025 &nbsp;&nbsp;&nbsp;&nbsp;&nbsp; Assistant Professor at Departamento de Fonoaudiolog\u00eda, Facultad de Medicina, Universidad de Chile 2020-2023&nbsp;&nbsp;&nbsp;&nbsp;&nbsp; National Post-Doc Fellowship, Laboratorio de Neurosistemas, Departamento de Neurociencia, Facultad de Medicina, Universidad de Chile 2011-2017&nbsp;&nbsp;&nbsp;&nbsp;&nbsp;&nbsp; Ph.D. in Biomedical Sciences, Laboratorio Neurobiolog\u00eda [&hellip;]<\/p>\n","protected":false},"author":3098,"featured_media":0,"parent":0,"menu_order":0,"comment_status":"closed","ping_status":"closed","template":"","meta":{"footnotes":""},"class_list":["post-187","page","type-page","status-publish","hentry"],"_links":{"self":[{"href":"https:\/\/webs.uab.cat\/hntg\/wp-json\/wp\/v2\/pages\/187","targetHints":{"allow":["GET"]}}],"collection":[{"href":"https:\/\/webs.uab.cat\/hntg\/wp-json\/wp\/v2\/pages"}],"about":[{"href":"https:\/\/webs.uab.cat\/hntg\/wp-json\/wp\/v2\/types\/page"}],"author":[{"embeddable":true,"href":"https:\/\/webs.uab.cat\/hntg\/wp-json\/wp\/v2\/users\/3098"}],"replies":[{"embeddable":true,"href":"https:\/\/webs.uab.cat\/hntg\/wp-json\/wp\/v2\/comments?post=187"}],"version-history":[{"count":9,"href":"https:\/\/webs.uab.cat\/hntg\/wp-json\/wp\/v2\/pages\/187\/revisions"}],"predecessor-version":[{"id":329,"href":"https:\/\/webs.uab.cat\/hntg\/wp-json\/wp\/v2\/pages\/187\/revisions\/329"}],"wp:attachment":[{"href":"https:\/\/webs.uab.cat\/hntg\/wp-json\/wp\/v2\/media?parent=187"}],"curies":[{"name":"wp","href":"https:\/\/api.w.org\/{rel}","templated":true}]}}