{"id":172,"date":"2010-01-21T13:48:39","date_gmt":"2010-01-21T11:48:39","guid":{"rendered":"https:\/\/webs.uab.cat\/hpc4eas\/rd-projects\/"},"modified":"2025-10-28T15:01:06","modified_gmt":"2025-10-28T13:01:06","slug":"rd-projects","status":"publish","type":"page","link":"https:\/\/webs.uab.cat\/hpc4eas\/rd-projects\/","title":{"rendered":"R+D Projects"},"content":{"rendered":"\n<p>Many of our research projects are collaborations with other researchers at UAB or with leading research groups in other Universities and institutions as well as with industrial and commercial companies.<\/p>\n\n\n\n<p>Our research attracts funding from the major Spain Research Councils and the European Commission and other sponsors world-wide. This provides an internationally competitive infrastructure of equipment and maintaining a large body predoctoral &amp; postdoctoral research staff many of whom move on to others university lectureships or research-oriented posts in industry.<\/p>\n\n\n\n<p><strong>Last 10 years:<\/strong><\/p>\n\n\n\n<p><strong><strong>MODELING THE FILE INPUT\/OUTPUT BEHAVIOR OF PARALLEL SCIENTIFIC APPLICATIONS AND MACHINE LEARNING\/DEEP LEARNING IN HPC SYSTEMS.<\/strong><\/strong><\/p>\n\n\n\n<p>Asignaci\u00f3n de recursos de datos para la Red Espa\u00f1ola de Supercomputaci\u00f3n (RES). Convocatoria de Datos 2023. Investigador Principal: Edixon P\u00e1rraga. 2023-2027.<\/p>\n\n\n\n<p><strong>Resoluci\u00f3n Comit\u00e9 de Acceso Datos 2023 v1.1<\/strong><\/p>\n\n\n\n<p>PDF&nbsp;(www.res.es)<\/p>\n\n\n\n<p><a href=\"https:\/\/www.res.es\/sites\/default\/files\/Resoluciones\/2023\/Resoluci%C3%B3n%20Comit%C3%A9%20de%20Acceso%20Datos%202023%20v1.1.pdf\">https:\/\/www.res.es\/sites\/default\/files\/Resoluciones\/2023\/Resoluci%C3%B3n%20Comit%C3%A9%20de%20Acceso%20Datos%202023%20v1.1.pdf<\/a><\/p>\n\n\n\n<h6 class=\"wp-block-heading\">Consolidated Research Group (SGR).<\/h6>\n\n\n\n<div class=\"wp-block-group\"><div class=\"wp-block-group__inner-container is-layout-flow wp-block-group-is-layout-flow\">\n<p>Generalitat de Catalunya. Departament d\u2019Innovaci\u00f3 Universitat i Empresa <a rel=\"noopener\" href=\"http:\/\/www10.gencat.cat\/agaur_web\/generados\/castella\/home\/recurs\/doc\/resolucio_definitiva_sgr.pdf\" target=\"_blank\">(<\/a><a href=\"https:\/\/portalrecerca.csuc.cat\/sgr\/2017SGR0308\" target=\"_blank\" rel=\"noreferrer noopener\">GRR<\/a><a rel=\"noopener\" href=\"http:\/\/www10.gencat.cat\/agaur_web\/generados\/castella\/home\/recurs\/doc\/resolucio_definitiva_sgr.pdf\" target=\"_blank\">)<\/a><\/p>\n\n\n\n<ul class=\"wp-block-list\">\n<li>2021 SGR 00128<\/li>\n<\/ul>\n<\/div><\/div>\n\n\n\n<p><strong>COMPUTACI\u00d3N DE ALTAS PRESTACIONES Y ALGORITMOS HEUR\u00cdSTICOS PARA LA GESTI\u00d3N DE SISTEMAS SANITARIOS INTELIGENTES.<\/strong> <a href=\"https:\/\/www.aei.gob.es\/sites\/default\/files\/convocatory_info\/file\/2024-07\/PID2023-PRP-Texto%2BAnexos_fda.pdf\" data-type=\"link\" data-id=\"https:\/\/www.aei.gob.es\/sites\/default\/files\/convocatory_info\/file\/2024-07\/PID2023-PRP-Texto%2BAnexos_fda.pdf\" target=\"_blank\" rel=\"noreferrer noopener\">PID2023-147955NB-I00<\/a><\/p>\n\n\n\n<ul class=\"wp-block-list\">\n<li>Ministerio de Ciencia, Inovaci\u00f3n y Universidades. Spain.<\/li>\n\n\n\n<li>Institution: UAB. Dpto. de Arquitectura de Computadores y Sistemas Operativos.<\/li>\n\n\n\n<li>From 2024 to 2026. Number of Researchers: 33 (external reserachers inclued)<\/li>\n\n\n\n<li><strong>Aknowledgments<\/strong>: Agencia Estatal de Investigaci\u00f3n (AEI), Spain and the Fondo Europeo de Desarrollo Regional (FEDER) UE, under contract <a href=\"https:\/\/www.aei.gob.es\/sites\/default\/files\/convocatory_info\/file\/2024-07\/PID2023-PRP-Texto%2BAnexos_fda.pdf\" data-type=\"link\" data-id=\"https:\/\/www.aei.gob.es\/sites\/default\/files\/convocatory_info\/file\/2024-07\/PID2023-PRP-Texto%2BAnexos_fda.pdf\" target=\"_blank\" rel=\"noreferrer noopener\">PID2023-147955NB-I00<\/a>.<\/li>\n<\/ul>\n\n\n\n<figure class=\"wp-block-image size-full is-resized\"><img loading=\"lazy\" decoding=\"async\" width=\"507\" height=\"99\" src=\"https:\/\/webs.uab.cat\/hpc4eas\/wp-content\/uploads\/sites\/289\/2025\/10\/logoagenciaestatalinvestigacion.png\" alt=\"\" class=\"wp-image-1866\" style=\"width:485px;height:auto\" srcset=\"https:\/\/webs.uab.cat\/hpc4eas\/wp-content\/uploads\/sites\/289\/2025\/10\/logoagenciaestatalinvestigacion.png 507w, https:\/\/webs.uab.cat\/hpc4eas\/wp-content\/uploads\/sites\/289\/2025\/10\/logoagenciaestatalinvestigacion-300x59.png 300w\" sizes=\"auto, (max-width: 507px) 100vw, 507px\" \/><\/figure>\n\n\n\n<h6 class=\"wp-block-heading\">Our research is partially funded by the <strong>Fundacion Escuelas Universitarias Gimbernat (EUG).<\/strong><\/h6>\n\n\n\n<p>Agreement under a contract of collaboration and advice in research.<\/p>\n\n\n\n<figure class=\"wp-block-image size-full\"><img loading=\"lazy\" decoding=\"async\" width=\"149\" height=\"88\" src=\"https:\/\/webs.uab.cat\/hpc4eas\/wp-content\/uploads\/sites\/289\/2025\/10\/image-1.png\" alt=\"\" class=\"wp-image-1863\" \/><\/figure>\n\n\n\n<h6 class=\"wp-block-heading\"><strong>Computaci\u00f3n de Altas Prestaciones Eficiente y Segura para aplicaciones de Servicios de Salud Inteligentes. <u><a rel=\"noreferrer noopener\" href=\"https:\/\/www.aei.gob.es\/sites\/default\/files\/convocatory_info\/2021-08\/PRP_PID2020.pdf\" target=\"_blank\"> <\/a><\/u><\/strong><u><strong><a rel=\"noreferrer noopener\" href=\"https:\/\/www.aei.gob.es\/sites\/default\/files\/convocatory_info\/2021-08\/PRP_PID2020.pdf\" target=\"_blank\">PID2020-112496GB-I00<\/a><\/strong><\/u><\/h6>\n\n\n\n<ul class=\"wp-block-list\">\n<li>Ministerio de Ciencia e Inovaci\u00f3n. Spain.<\/li>\n\n\n\n<li>Institution: UAB. Dpto. de Arquitectura de Computadores y Sistemas Operativos.<\/li>\n\n\n\n<li>From 2021 to 2023. Number of Researchers: 30 (external reserachers inclued)<\/li>\n\n\n\n<li><strong>Aknowledgments<\/strong>: Agencia Estatal de Investigacin (AEI), Spain and the Fondo Europeo de Desarrollo Regional (FEDER) UE, under contract PID2020-112496GB-I00.<\/li>\n<\/ul>\n\n\n\n<figure class=\"wp-block-image size-large is-resized\"><img loading=\"lazy\" decoding=\"async\" width=\"1024\" height=\"408\" src=\"https:\/\/webs.uab.cat\/hpc4eas\/wp-content\/uploads\/sites\/289\/2025\/10\/Captura-de-pantalla-2025-10-27-113419-1024x408.png\" alt=\"\" class=\"wp-image-1861\" style=\"width:282px;height:auto\" srcset=\"https:\/\/webs.uab.cat\/hpc4eas\/wp-content\/uploads\/sites\/289\/2025\/10\/Captura-de-pantalla-2025-10-27-113419-1024x408.png 1024w, https:\/\/webs.uab.cat\/hpc4eas\/wp-content\/uploads\/sites\/289\/2025\/10\/Captura-de-pantalla-2025-10-27-113419-300x120.png 300w, https:\/\/webs.uab.cat\/hpc4eas\/wp-content\/uploads\/sites\/289\/2025\/10\/Captura-de-pantalla-2025-10-27-113419-768x306.png 768w, https:\/\/webs.uab.cat\/hpc4eas\/wp-content\/uploads\/sites\/289\/2025\/10\/Captura-de-pantalla-2025-10-27-113419-1200x478.png 1200w, https:\/\/webs.uab.cat\/hpc4eas\/wp-content\/uploads\/sites\/289\/2025\/10\/Captura-de-pantalla-2025-10-27-113419.png 1280w\" sizes=\"auto, (max-width: 1024px) 100vw, 1024px\" \/><\/figure>\n\n\n\n<h6 class=\"wp-block-heading\">Our research is partially funded by the <strong>Fundacion Escuelas Universitarias Gimbernat (EUG).<\/strong><\/h6>\n\n\n\n<p>Agreement under a contract of collaboration and advice in research.<\/p>\n\n\n\n<figure class=\"wp-block-image\"><img loading=\"lazy\" decoding=\"async\" width=\"149\" height=\"88\" src=\"https:\/\/webs.uab.cat\/hpc4eas\/wp-content\/uploads\/sites\/289\/2010\/01\/gimbernat.png\" alt=\"gimbernat.png\" class=\"wp-image-170\" \/><\/figure>\n\n\n\n<h6 class=\"wp-block-heading\"><u><strong>Computaci\u00f3n avanzada, simulaci\u00f3n y seguridad, ante el reto de las apalicaciones sociales<a href=\"https:\/\/sede.micinn.gob.es\/stfls\/eSede\/Ficheros\/2018\/Resolucion_concesion_Proyectos_Excelencia_2017.pdf\" target=\"_blank\" rel=\"noopener\"> TIN2017-84875-P<\/a><\/strong><\/u><\/h6>\n\n\n\n<ul class=\"wp-block-list\">\n<li>Ministerio de Econom\u00eda, Industria y Competitividad. Spain.<\/li>\n\n\n\n<li>Institution: UAB. Dpto. de Arquitectura de Computadores y Sistemas Operativos.<\/li>\n\n\n\n<li>From 2018 to 2020. Number of Researchers: 25<\/li>\n\n\n\n<li><strong>Acknowledgments<\/strong>: This research is supported by the Agencia Estatal de Investigaci\u00f3n (AEI), Spain and the Fondo Europeo de Desarrollo Regional (FEDER) UE, under contract TIN2017-84875-P.<\/li>\n<\/ul>\n\n\n\n<figure class=\"wp-block-image\"><img loading=\"lazy\" decoding=\"async\" width=\"252\" height=\"70\" src=\"https:\/\/webs.uab.cat\/hpc4eas\/wp-content\/uploads\/sites\/289\/2010\/01\/prj.png\" alt=\"prj.png\" class=\"wp-image-171\" \/><\/figure>\n\n\n\n<p><\/p>\n\n\n\n<h6 class=\"wp-block-heading\"><strong>Red de Computaci\u00f3n de Altas Prestaciones sobre Arquitecturas&nbsp; Paralelas Heterog\u00e9nas (<a href=\"https:\/\/capap-h.ceta-ciemat.es\/objetivos\/\" target=\"_blank\" rel=\"noopener\">CAPAP-H6<\/a>). <a href=\"https:\/\/sede.micinn.gob.es\/stfls\/eSede\/Ficheros\/2017\/RD-Redes-Excelencia-2016.pdf\" target=\"_blank\" rel=\"noopener\">TIN2016-81840-REDT<\/a><\/strong><\/h6>\n\n\n\n<ul class=\"wp-block-list\">\n<li>Redes de Excelencia, MINECO.<\/li>\n\n\n\n<li>From 1-1-2017 to 31-12-2018.<\/li>\n<\/ul>\n\n\n\n<h6 class=\"wp-block-heading\"><u><strong>Cloud Computing.<\/strong><\/u><\/h6>\n\n\n\n<ul class=\"wp-block-list\">\n<li><a href=\"https:\/\/www.cloudmas.com\/\" target=\"_blank\" rel=\"noopener\">CloudMas, AWS.<\/a><\/li>\n\n\n\n<li>Institution: UAB. Research group HPC4EAS.<\/li>\n\n\n\n<li>From 2016. Number of Researchers: 24<\/li>\n<\/ul>\n\n\n\n<h6 class=\"wp-block-heading\"><u><strong>Computaci\u00f3n eficiente y segura para la simulaci\u00f3n y optimizaci\u00f3n de aplicaciones socieales<a href=\"https:\/\/sede.micinn.gob.es\/stfls\/eSede\/Ficheros\/2015\/Anexo_Preseleccionados_PRD_Proyectos_Excelencia_2014.pdf\" target=\"_blank\" rel=\"noopener\"> TIN2014-53172-P<\/a><\/strong><\/u><\/h6>\n\n\n\n<ul class=\"wp-block-list\">\n<li>Ministerio de Econom\u00eda y Competitividad. Spain.<\/li>\n\n\n\n<li>Institution: UAB. Dpto. de Arquitectura de Computadores y Sistemas Operativos.<\/li>\n\n\n\n<li>From 2015 to 2017. Number of Researchers: 24<\/li>\n<\/ul>\n\n\n\n<h6 class=\"wp-block-heading\"><u><strong>Formaci\u00f3 i recerca en l\u2019\u00e0mbit de la gesti\u00f3 eficient i segura d\u2019hospitals. <a href=\"https:\/\/www.uab.cat\/doc\/resoluciofons2015\" target=\"_blank\" rel=\"noopener\">Convocat\u00f2ria XXXII. 18 de maig de 2015 <\/a><\/strong><\/u><\/h6>\n\n\n\n<ul class=\"wp-block-list\">\n<li>Fons de Solidaritat de la UAB. Spain.<\/li>\n\n\n\n<li>Institutions: Departamento de Inform\u00e1tica, Facultat Polit\u00e9cnica, Universidad Nacional de Asunci\u00f3n, Paraguay. UAB. Dpto. de Arquitectura de Computadores y Sistemas Operativos.<\/li>\n\n\n\n<li>Period: 2016. Number of Researchers: 7<\/li>\n<\/ul>\n\n\n\n<h6 class=\"wp-block-heading\"><u><strong>European Network for the Joint Evaluation of Connected Health Technologies (ENJECT). <a href=\"http:\/\/www.cost.eu\/COST_Actions\/TDP\/Actions\/TD1405\" target=\"_blank\" rel=\"noopener\">TD1405<\/a><\/strong><\/u><\/h6>\n\n\n\n<ul class=\"wp-block-list\">\n<li>European COST Action TD1405.<\/li>\n\n\n\n<li>From 2014 to 2017.<\/li>\n<\/ul>\n\n\n\n<h6 class=\"wp-block-heading\"><u><strong><a href=\"http:\/\/www.mosaic-med.eu\/web\/\" target=\"_blank\" rel=\"noopener\">MOSAIC &#8211; Cooperation with Mediterranean Partners to build Opportunities around ICT and Societal And Industrial Challenges of Horizon 2020 (MOSAIC-FP7-612076).<\/a><\/strong><\/u><\/h6>\n\n\n\n<ul class=\"wp-block-list\">\n<li>European Commission &#8211; ICT 7thFP.<\/li>\n\n\n\n<li>Institutions: <a href=\"http:\/\/www.mosaic-med.eu\/web\/partners\/\" target=\"_blank\" rel=\"noopener\">26 partners<\/a><\/li>\n\n\n\n<li>From 2014 to 2015.<\/li>\n<\/ul>\n\n\n\n<h6 class=\"wp-block-heading\"><u><strong>Computaci\u00f3n de Altas Prestaciones: Investigaci\u00f3n, Tecnolog\u00eda y Aplicaciones (CAPITA). <a href=\"https:\/\/sede.micinn.gob.es\/stfls\/eSede\/Ficheros\/2011\/Anexo_ayudas_concedidas_resolucion_parcial_definitiva.pdf\" target=\"_blank\" rel=\"noopener\">TIN2011-24384<\/a><\/strong><\/u><\/h6>\n\n\n\n<ul class=\"wp-block-list\">\n<li>Ministerio de Ciencia e Innovaci\u00f3n. Spain.<\/li>\n\n\n\n<li>Institution: UAB. Dpto. de Arquitectura de Computadores y Sistemas Operativos.<\/li>\n\n\n\n<li>From 2012 to 2014. Number of Researchers: 34<\/li>\n<\/ul>\n\n\n\n<h6 class=\"wp-block-heading\"><u><strong><a href=\"http:\/\/trustedci.org\/\" target=\"_blank\" rel=\"noopener\">Center for Trustworthy Scientific Cyberinfrastructure.<\/a> <\/strong><\/u><\/h6>\n\n\n\n<ul class=\"wp-block-list\">\n<li>NSF SDCI. US. <a href=\"http:\/\/static1.squarespace.com\/static\/5047a5a6e4b0dcecada15549\/t\/52443c14e4b0fe7d0ab513de\/1380203540397\/CTSC+Y1+Report.pdf\" target=\"_blank\" rel=\"noopener\">NSF ACI Grant #1234408<\/a><\/li>\n\n\n\n<li>Institutions: University of Wisconsin-Madison, University of Wisconsin-Milwaukee, Indiana University, University of Illinois, Pittsburgh Supercomputing Center.<\/li>\n\n\n\n<li>From 2012 to 2015.<\/li>\n\n\n\n<li>HPC4EAS Member (at the University of Wisconsin)<\/li>\n<\/ul>\n\n\n\n<h6 class=\"wp-block-heading\"><u><strong>Center for Secure Software. ICS.MD.CLG 984138<\/strong><\/u><\/h6>\n\n\n\n<ul class=\"wp-block-list\">\n<li>NATO<\/li>\n\n\n\n<li>Institutions: Universitat Aut\u00f2noma de Barcelona, Microsoft Haifa.<\/li>\n\n\n\n<li>From 2011 to 2013.<\/li>\n<\/ul>\n\n\n\n<h6 class=\"wp-block-heading\"><u><strong><a href=\"http:\/\/www.egi.eu\/\" target=\"_blank\" rel=\"noopener\">EGI-InSPIRE<\/a><\/strong><\/u><\/h6>\n\n\n\n<ul class=\"wp-block-list\">\n<li>EU Commission. <a href=\"https:\/\/documents.egi.eu\/public\/RetrieveFile?docid=506&amp;version=5&amp;filename=EGI-InSPIRE-May2011-V3.pdf\" target=\"_blank\" rel=\"noopener\">RI-261323.<\/a><\/li>\n\n\n\n<li>Institutions: <a href=\"http:\/\/www.egi.eu\/about\/egi-inspire\/EGI-InSPIRE_partners.html\">50 partners.<\/a><\/li>\n\n\n\n<li>From 2010 to 2014.<\/li>\n<\/ul>\n\n\n\n<h6 class=\"wp-block-heading\"><u><strong>Computaci\u00f3n de altas prestaciones y su aplicaci\u00f3n a la ciencia e ingenier\u00eda computacional (CAPACIC) TIN2007-64974<\/strong><\/u><\/h6>\n\n\n\n<ul class=\"wp-block-list\">\n<li>Comisi\u00f3n Interministerial de Ciencia y Tecnolog\u00eda (CICYT). Spain.<\/li>\n\n\n\n<li>Intitution: UAB. Dpto. de Arquitectura de Computadores y Sistemas Operativos.<\/li>\n\n\n\n<li>From 2007 to 2012. Number of Researchers: 42<\/li>\n\n\n\n<li>Project extended to 2013.<\/li>\n<\/ul>\n\n\n\n<h6 class=\"wp-block-heading\"><u><strong>Optimise HPC (High Performance Computing) Applications on Heterogeneous Architectures. <a href=\"http:\/\/www.itea2.org\/project\/index\/view?project=10013\" target=\"_blank\" rel=\"noopener\">H4H (Hybrid4HPC) ITEA2-09011<\/a><\/strong><\/u><\/h6>\n\n\n\n<ul class=\"wp-block-list\">\n<li>ITEA European Project. <strong>Award of Excellence in the category &#8220;Business Impact&#8221; (ITEA Consortium, Stockholm, Sweden)<\/strong><\/li>\n\n\n\n<li>Institution: 25 partners (research centers &amp; industries)<\/li>\n\n\n\n<li>From 2010 to 2012.<\/li>\n<\/ul>\n\n\n\n<h6 class=\"wp-block-heading\"><u><strong><a href=\"http:\/\/grupsderecerca.uab.cat\/hpc4eas\/content\/h4h-hybrid-high-performance-computing\" target=\"_blank\" rel=\"noopener\">Hybrid for High Performance Computing (H4H) TSI-020400-2010-120<\/a><\/strong><\/u><\/h6>\n\n\n\n<ul class=\"wp-block-list\">\n<li>Ministerio de Industria, Turismo y Comercio. Spain.<\/li>\n\n\n\n<li>Institution: 7 partners (research centers &amp; industries)<\/li>\n\n\n\n<li>From 2010 to 2012.<\/li>\n<\/ul>\n\n\n\n<h6 class=\"wp-block-heading\"><u><strong><a href=\"http:\/\/www.eu-emi.eu\/\" target=\"_blank\" rel=\"noopener\">European Middleware Initiative (EMI)<\/a><\/strong><\/u><\/h6>\n\n\n\n<ul class=\"wp-block-list\">\n<li>EU Commission.<a href=\"http:\/\/www.eu-emi.eu\/c\/document_library\/get_file?uuid=f669f073-73cd-423e-a978-83b8204edfa9&amp;groupId=14057\" target=\"_blank\" rel=\"noopener\"> INFSO-RI-261611<\/a><\/li>\n\n\n\n<li>Institutions: <a href=\"http:\/\/www.eu-emi.eu\/partners\">24 partners.<\/a><\/li>\n\n\n\n<li>From 2010 to 2012.<\/li>\n<\/ul>\n\n\n\n<h6 class=\"wp-block-heading\"><u><strong>European Network of Excellence on High-Performance and Embedded Architecture and Compilation (<a href=\"http:\/\/www.hipeac.net\/\" target=\"_blank\" rel=\"noopener\"><strong>HiPEAC-1&nbsp;FP6- IST004408, <\/strong>HiPEAC-2 FP7- ICT217068<\/a>)<\/strong><\/u><\/h6>\n\n\n\n<ul class=\"wp-block-list\">\n<li>European Union.<\/li>\n\n\n\n<li>Intitution:&nbsp;<a href=\"http:\/\/www.hipeac.net\/\" target=\"_blank\" rel=\"noopener\">http:\/\/www.hipeac.net\/ <\/a><\/li>\n\n\n\n<li>HiPEAC-1 from 2004 to 2008, HiPEAC-2 from 2008 to 2012.<\/li>\n<\/ul>\n\n\n\n<h6 class=\"wp-block-heading\"><strong><u>Advanced Computer Training&nbsp; (<a href=\"http:\/\/boe.es\/boe\/dias\/2011\/01\/26\/pdfs\/BOE-A-2011-1400.pdf\">B\/032871\/10<\/a>)<\/u><\/strong><\/h6>\n\n\n\n<ul class=\"wp-block-list\">\n<li>Agencia Espa\u00f1ola de Cooperaci\u00f3n Internacional para el Desarrollo (AECID). Spain.<\/li>\n\n\n\n<li>Institutions: Universidad Complutense, Universidad Nacional de La Plata, Universidad Nacional de San Lu\u00eds<\/li>\n\n\n\n<li>From 2010 to 2011.<\/li>\n<\/ul>\n\n\n\n<h6 class=\"wp-block-heading\"><strong><u>Advanced Computer Training <strong><u>(<a href=\"http:\/\/www.aecid.es\/galerias\/becas\/descargas\/2010_01_16_BOE_Concesixn_PCI_2009.pdf\" target=\"_blank\" rel=\"noopener\">B\/024918\/09<\/a>)<\/u><\/strong><\/u><\/strong><\/h6>\n\n\n\n<ul class=\"wp-block-list\">\n<li>Agencia Espa\u00f1ola de Cooperaci\u00f3n Internacional para el Desarrollo (AECID). Spain.<\/li>\n\n\n\n<li>Institutions: Universidad Complutense, Universidad Nacional de La Plata, Universidad Nacional de San Lu\u00eds.<\/li>\n\n\n\n<li>From 2009 to 2010.<\/li>\n<\/ul>\n\n\n\n<h6 class=\"wp-block-heading\"><u><strong>Intermittent failures treatment in the nodes of parallel computer. IP-VRS 01-07-2 (private funding)<\/strong><\/u><\/h6>\n\n\n\n<ul class=\"wp-block-list\">\n<li>Hewlett Packard. Spain.<\/li>\n\n\n\n<li>Institutions: UAB, Hewlett Packard.<\/li>\n\n\n\n<li>From 2008 to 2009.<\/li>\n<\/ul>\n\n\n\n<h6 class=\"wp-block-heading\"><u><strong>Grid Technology as a Driving Force for Regional Development CYTEDGRID &#8211; 506AC0293<\/strong><\/u><\/h6>\n\n\n\n<ul class=\"wp-block-list\">\n<li>Ciencia Y Tecnolog\u00eda para el Desarrollo (CYTED). Spain.<\/li>\n\n\n\n<li>Institutions: 15 Iberoamerican Universities &amp; Reseacrh Groups. <a href=\"http:\/\/www.cyted.org\/cyted_investigacion\/detalle_accion.php?un=9fd81843ad7f202f26c1a174c7357585&amp;lang=es\" target=\"_blank\" rel=\"noopener\">http:\/\/www.cyted.org\/<\/a><\/li>\n\n\n\n<li>Form 2006 to 2008.<\/li>\n<\/ul>\n\n\n\n<h6 class=\"wp-block-heading\"><u><strong>Desarrollo de un framework de simulaci\u00f3n temporal de redes de comunicaci\u00f3n IP-VRS-01-07 (private funding)<\/strong><\/u><\/h6>\n\n\n\n<ul class=\"wp-block-list\">\n<li>Hewlett Packard. Spain.<\/li>\n\n\n\n<li>Institutions: UAB, Hewlett Packard.<\/li>\n\n\n\n<li>From 2007 to 2008.<\/li>\n<\/ul>\n\n\n\n<hr class=\"wp-block-separator has-alpha-channel-opacity\" \/>\n\n\n\n<h5 class=\"wp-block-heading\"><u><strong>Consolidated Reseach Group (SGR), Grup Computaci\u00f3 d&#8217;Altes Prestacions per a Aplicacions Eficients i Simulaci\u00f3 (HPC4EAS)<\/strong><\/u><\/h5>\n\n\n\n<p>Generalitat de Catalunya. Departament d\u2019Innovaci\u00f3 Universitat i Empresa <a href=\"http:\/\/www10.gencat.cat\/agaur_web\/generados\/castella\/home\/recurs\/doc\/resolucio_definitiva_sgr.pdf\" target=\"_blank\" rel=\"noopener\">(GRR)<\/a><\/p>\n\n\n\n<ul class=\"wp-block-list\">\n<li>2021 SGR 00128<\/li>\n\n\n\n<li>2017 SGR 308.<\/li>\n\n\n\n<li>2014 SGR ID 1562.<\/li>\n<\/ul>\n\n\n\n<h5 class=\"wp-block-heading\"><u><strong>Consolidated Reseach Group (SGR), Grup d&#8217;Arquitectura de Computadors i Sistemes Operatius<\/strong><\/u> (Group that includes other researchers and that are not in HPC4EAS group).<\/h5>\n\n\n\n<p>Generalitat de Catalunya. Departament d\u2019Innovaci\u00f3 Universitat i Empresa <a href=\"http:\/\/www14.gencat.cat\/direc\/AppJava\/visible\/consulta.do?method=filtre&amp;idTipusUnitat=63\" target=\"_blank\" rel=\"noopener\">(GRR)<\/a><\/p>\n\n\n\n<ul class=\"wp-block-list\">\n<li>From 2005 to 2008: 2005SGR 00782.<\/li>\n\n\n\n<li>From 2008 to 2013: 2009 SGR 1006.<\/li>\n<\/ul>\n\n\n\n<hr class=\"wp-block-separator has-alpha-channel-opacity\" \/>\n\n\n\n<h2 class=\"wp-block-heading\"><strong>Academic Projects.<\/strong><\/h2>\n\n\n\n<p><u><strong>Skills Assessment and Monitoring under EEES: integrating a wiki tool to UAB Virtual Campus (<a href=\"http:\/\/www10.gencat.cat\/agaur_web\/AppJava\/catala\/a_beca.jsp?categoria=formacio&amp;id_beca=12561\" target=\"_blank\" rel=\"noopener\">2008MQD000178<\/a>)<\/strong><\/u><\/p>\n\n\n\n<ul class=\"wp-block-list\">\n<li><strong>AGAUR &#8211; Ag\u00e8ncia de Gesti\u00f3 d&#8217;Ajuts Universitaris i de Recerca. Catalonia. Spain<\/strong><\/li>\n\n\n\n<li><strong>From 2008 to 2010.<\/strong><\/li>\n\n\n\n<li><strong>Institution: UAB (Interdepartmental Project: Information Engineering, Educational Psychology, Spanish Language &amp; Literature, Geography, Chemistry, Art.<\/strong><\/li>\n\n\n\n<li><strong><a>HPC4EAS Researcher<\/a><\/strong><\/li>\n<\/ul>\n\n\n\n<p><strong><u><strong><a href=\"http:\/\/pagines.uab.cat\/unan_uab_innovadocencia\/\" target=\"_blank\" rel=\"noopener\">Initial training of teachers at the UNAM (Managua). An institutional development program through teacher training and technological improvements. <\/a>(<a href=\"http:\/\/www.boe.es\/boe\/dias\/2010\/01\/16\/pdfs\/BOE-A-2010-708.pdf\" target=\"_blank\" rel=\"noopener\">A1\/041892\/11<\/a>)<\/strong><\/u><\/strong><\/p>\n\n\n\n<ul class=\"wp-block-list\">\n<li><strong><strong>Agencia Espa\u00f1ola de Cooperaci\u00f3n Internacional para el Desarrollo (AECID). Spain.<\/strong><\/strong><\/li>\n\n\n\n<li><strong><strong>Institutions: Universitat Aut\u00f2noma de Barcelona, Universidad Nacional Aut\u00f3noma de Managua<\/strong><\/strong><\/li>\n\n\n\n<li><strong><strong>From 2011 to 2012.<\/strong><\/strong><\/li>\n\n\n\n<li><strong><strong><a>HPC4EAS Researcher<\/a><\/strong><\/strong><\/li>\n<\/ul>\n","protected":false},"excerpt":{"rendered":"<p>Many of our research projects are collaborations with other researchers at UAB or with leading research groups in other Universities and institutions as well as with industrial and commercial companies. Our research attracts funding from the major Spain Research Councils and the European Commission and other sponsors world-wide. This provides an internationally competitive infrastructure of [&hellip;]<\/p>\n","protected":false},"author":20,"featured_media":0,"parent":0,"menu_order":0,"comment_status":"closed","ping_status":"closed","template":"","meta":{"footnotes":""},"class_list":["post-172","page","type-page","status-publish","hentry"],"_links":{"self":[{"href":"https:\/\/webs.uab.cat\/hpc4eas\/wp-json\/wp\/v2\/pages\/172","targetHints":{"allow":["GET"]}}],"collection":[{"href":"https:\/\/webs.uab.cat\/hpc4eas\/wp-json\/wp\/v2\/pages"}],"about":[{"href":"https:\/\/webs.uab.cat\/hpc4eas\/wp-json\/wp\/v2\/types\/page"}],"author":[{"embeddable":true,"href":"https:\/\/webs.uab.cat\/hpc4eas\/wp-json\/wp\/v2\/users\/20"}],"replies":[{"embeddable":true,"href":"https:\/\/webs.uab.cat\/hpc4eas\/wp-json\/wp\/v2\/comments?post=172"}],"version-history":[{"count":17,"href":"https:\/\/webs.uab.cat\/hpc4eas\/wp-json\/wp\/v2\/pages\/172\/revisions"}],"predecessor-version":[{"id":1867,"href":"https:\/\/webs.uab.cat\/hpc4eas\/wp-json\/wp\/v2\/pages\/172\/revisions\/1867"}],"wp:attachment":[{"href":"https:\/\/webs.uab.cat\/hpc4eas\/wp-json\/wp\/v2\/media?parent=172"}],"curies":[{"name":"wp","href":"https:\/\/api.w.org\/{rel}","templated":true}]}}