{"id":2367,"date":"2022-11-30T15:55:56","date_gmt":"2022-11-30T13:55:56","guid":{"rendered":"https:\/\/webs.uab.cat\/hpca4se\/projectes\/"},"modified":"2022-11-30T16:13:47","modified_gmt":"2022-11-30T14:13:47","slug":"projectes","status":"publish","type":"page","link":"https:\/\/webs.uab.cat\/hpca4se\/es\/projectes\/","title":{"rendered":"Proyectos"},"content":{"rendered":"<div class=\"alignwide alignwide wp-block-pods-pods-block-list\">\r\n<table>\r\n  <tr>\r\n    <th width=\"40%\">Project<\/th>\r\n    <th width=\"20%\">Identifier<\/th>\r\n    <th width=\"20%\">Funding<\/th>\r\n\t <th width=\"20%\">Date<\/th>\r\n  <\/tr>\r\n\r\n  <tr>\r\n    <td><a href=\"https:\/\/webs.uab.cat\/hpca4se\/es\/projecte\/1-factos\/\">1-FACTOS: Tecnolog\u00edas avanzadas de computaci\u00f3n para resolver retos de la sociedad<\/a><\/td>\r\n    <td>PID2023-146193OB-100<\/td>\r\n    <td>Ministerio de Ciencia e Innovaci\u00f3n<\/td>\r\n    <td>01.09.2024 a 31.08.2027<\/td>\r\n  <\/tr>\r\n\r\n\r\n  <tr>\r\n    <td><a href=\"https:\/\/webs.uab.cat\/hpca4se\/es\/projecte\/1-salus-wildfire-risk-solutions-for-spain\/\">2-SALUS: Wildfire risk solutions for Spain<\/a><\/td>\r\n    <td><\/td>\r\n    <td><\/td>\r\n    <td><\/td>\r\n  <\/tr>\r\n\r\n\r\n  <tr>\r\n    <td><a href=\"https:\/\/webs.uab.cat\/hpca4se\/es\/projecte\/computacion-avanzada-para-los-retos-de-la-sociedad-digital-carol-2\/\">3-CAROL &#8211; Computaci\u00f3n Avanzada para los retos de la sociedad digital<\/a><\/td>\r\n    <td>Identificador Oficial: PID2020-113614RB-C21<\/td>\r\n    <td>Ministerio de Ciencia e Innovaci\u00f3n<\/td>\r\n    <td>De 01\/09\/2021 a 31\/08\/2024<\/td>\r\n  <\/tr>\r\n\r\n\r\n  <tr>\r\n    <td><a href=\"https:\/\/webs.uab.cat\/hpca4se\/es\/projecte\/autotune-automatic-online-tuning-2\/\">Autotune &#8211; Automatic Online Tuning<\/a><\/td>\r\n    <td>Identificador del proyecto:FP7-288038-AUTOTUNE<\/td>\r\n    <td>Entidad Financiadora: Comisi\u00f3n Europea<\/td>\r\n    <td>Fechas: desde el 18-01-2012 (sin fecha limite)<\/td>\r\n  <\/tr>\r\n\r\n\r\n  <tr>\r\n    <td><a href=\"https:\/\/webs.uab.cat\/hpca4se\/es\/projecte\/capap-h-0-3\/\">CAPAP-H<\/a><\/td>\r\n    <td>Identificador del proyecto:TIN2007-29664-E<\/td>\r\n    <td>Entidad financiadora:Ministerio de Educaci\u00f3n y Ciencia<\/td>\r\n    <td>Dates:Des de 2008 hasta la actualidad<\/td>\r\n  <\/tr>\r\n\r\n\r\n  <tr>\r\n    <td><a href=\"https:\/\/webs.uab.cat\/hpca4se\/es\/projecte\/caracterizacion-funcional-de-micrornas-en-produccion-y-sanidad-porcina\/\">Caracterizaci\u00f3n funcional de microRNAs en producci\u00f3n y sanidad porcina<\/a><\/td>\r\n    <td>Identificador de proyecto:AGL2010-22358-C02-01<\/td>\r\n    <td>Entidad financiadora:Ministerio de Ciencia e Innovaci\u00f3n<\/td>\r\n    <td>Fechas:Des del 01\/01\/2011 hasta el 31\/12\/2013<\/td>\r\n  <\/tr>\r\n\r\n\r\n  <tr>\r\n    <td><a href=\"https:\/\/webs.uab.cat\/hpca4se\/es\/projecte\/centro-para-el-software-seguro\/\">Centro para el Software Seguro<\/a><\/td>\r\n    <td>Identificador de proyecto:ICS.MD.CLG.984138<\/td>\r\n    <td>Entidad Financiadora:OTAN, Emmerging Security Challanges Division, SPS Programme<\/td>\r\n    <td>Fechas:Des del 26\/11\/2010 hasta el 26\/11\/2012<\/td>\r\n  <\/tr>\r\n\r\n\r\n  <tr>\r\n    <td><a href=\"https:\/\/webs.uab.cat\/hpca4se\/es\/projecte\/computacion-de-altas-prestaciones-y-su-aplicacion-la-ciencia-e-ingenieri-computacional\/\">Computaci\u00f3n de altas prestaciones y su aplicaci\u00f3n a la ciencia e ingenier\u00eda computacional<\/a><\/td>\r\n    <td>Identificador del Proyecto: TIN2007-64974<\/td>\r\n    <td>Entidad Financiadora: Ministerio de Educaci\u00f3n y Ciencia<\/td>\r\n    <td>Fechas:&nbsp;Desde el 01\/10\/2007 hasta el 03\/08\/2012<\/td>\r\n  <\/tr>\r\n\r\n\r\n  <tr>\r\n    <td><a href=\"https:\/\/webs.uab.cat\/hpca4se\/es\/projecte\/desarrollo-de-herramientas-bioinformaticas-para-el-analisis-de-la-variabilidad-del-adn\/\">Desarrollo de herramientas bioinform\u00e1ticas para el an\u00e1lisis de la variabilidad del ADN a escala geno<\/a><\/td>\r\n    <td>Identificador de proyecto:CGL2009-09346<\/td>\r\n    <td>Entidad financiadora:Ministerio de Ciencia e Innovaci\u00f3n<\/td>\r\n    <td>Fechas:Des del 01\/01\/2010 hasta el 31\/12\/2012<\/td>\r\n  <\/tr>\r\n\r\n\r\n  <tr>\r\n    <td><a href=\"https:\/\/webs.uab.cat\/hpca4se\/es\/projecte\/development-method-and-software-automatically-obtain-fire-perimeters-using-modisviirs-hot\/\">Development of a Method and software for automatically obtain fire perimeters using MODIS\/VIIRS hot-spots<\/a><\/td>\r\n    <td>Indentificador del proyecto: CCR.IES.C392492.X0<\/td>\r\n    <td>Entidad Financiadora:&nbsp;EU- Joint Research Centre &#8211; IES (Ispra)-Italy<\/td>\r\n    <td>Fechas: Desde ell 14\/12\/2015 hasta el 14\/05\/2016<\/td>\r\n  <\/tr>\r\n\r\n\r\n  <tr>\r\n    <td><a href=\"https:\/\/webs.uab.cat\/hpca4se\/es\/projecte\/drac-designing-risc-v-based-accelerators-for-next-generation-computers\/\">DRAC Designing RISC V based Accelerators for next generation computers<\/a><\/td>\r\n    <td>001-P-001723<\/td>\r\n    <td>Financiado por European Union Regional Development Fund within the framework of the ERDF Operational Program of Catalonia 2014-2020, with the support of Generalitat of Catalonia.<\/td>\r\n    <td>01\/06\/2019 &#8211; 31\/05\/2022<\/td>\r\n  <\/tr>\r\n\r\n\r\n  <tr>\r\n    <td><a href=\"https:\/\/webs.uab.cat\/hpca4se\/es\/projecte\/egi-engage-0-2\/\">EGI-Engage<\/a><\/td>\r\n    <td>Identificador del proyecto:TIN2011-28689-C02-01<\/td>\r\n    <td>Entidad Financiadora: Comisi\u00f3n Europea<\/td>\r\n    <td>Fechas: Des del 2015 hasta el 2017<\/td>\r\n  <\/tr>\r\n\r\n\r\n  <tr>\r\n    <td><a href=\"https:\/\/webs.uab.cat\/hpca4se\/es\/projecte\/egi-inspire-european-grid-initiative-integrated-sustainable-pan-european-infrastructure-3\/\">EGI-InSPIRE: European Grid Initiative: Integrated Sustainable Pan-European Infrastructure for Researchers in Europe<\/a><\/td>\r\n    <td>Identificador de proyecto:261323<\/td>\r\n    <td>Entidad financiadora:Comissi\u00f3n Europea<\/td>\r\n    <td>Fechas:Des del 01\/05\/2010 hasta el 30\/04\/2014<\/td>\r\n  <\/tr>\r\n\r\n\r\n  <tr>\r\n    <td><a href=\"https:\/\/webs.uab.cat\/hpca4se\/es\/projecte\/eina-de-suport-la-decisio-mitjans-aeris-en-incendis-forestals\/\">Eina de Suport a la decisi\u00f3 per a mitjans aeris en incendis forestals<\/a><\/td>\r\n    <td>Identificador del proyecto:&nbsp;CF613363<\/td>\r\n    <td>Entidad Financiadora:&nbsp;Helipistas SL<\/td>\r\n    <td>Fechas: Des del 5\/12\/2015 hasta el 14\/05\/2016<\/td>\r\n  <\/tr>\r\n\r\n\r\n  <tr>\r\n    <td><a href=\"https:\/\/webs.uab.cat\/hpca4se\/es\/projecte\/ejecucion-eficiente-de-aplicaciones-multidisciplinares-nuevos-desafios-en-la-era-multi-many\/\">Ejecuci\u00f3n eficiente de aplicaciones multidisciplinares: Nuevos desaf\u00edos en la era multi \/ many core<\/a><\/td>\r\n    <td>Identificador del proyecto:TIN2011-28689-C02-01<\/td>\r\n    <td>Entidad financiadora:Ministerio de Ciencia e Innovaci\u00f3n<\/td>\r\n    <td>Fechas:Del 01\/01\/2011 hasta el 31\/12\/2014<\/td>\r\n  <\/tr>\r\n\r\n\r\n<\/table>\r\n\n<p class=\"pods-pagination\">\n\n<span class=\"pods-pagination-advanced \">\n\t\n\t<span\n\t\tclass=\"pods-pagination-number pods-pagination-current \">1<\/span>\n\n\t\t\t<a href=\"\/hpca4se\/es\/wp-json\/wp\/v2\/pages\/2367?pg=2\"\n\t\t   class=\"pods-pagination-number pods-pagination-last pods-pagination-2 \">2<\/a>\n\t\t\t\t\t<a href=\"\/hpca4se\/es\/wp-json\/wp\/v2\/pages\/2367?pg=2\"\n\t\t\t   class=\"pods-pagination-label pods-pagination-next \">Siguiente &rsaquo;<\/a>\n\t\t\t\t\t\t\t<a href=\"\/hpca4se\/es\/wp-json\/wp\/v2\/pages\/2367?pg=2\"\n\t\t\t   class=\"pods-pagination-label pods-pagination-last \">\u00daltimo &raquo;<\/a>\n\t\t\t\t\n<\/span>\n\n<\/p>\n<\/div>","protected":false},"excerpt":{"rendered":"","protected":false},"author":20,"featured_media":0,"parent":0,"menu_order":0,"comment_status":"closed","ping_status":"closed","template":"","meta":{"footnotes":""},"class_list":["post-2367","page","type-page","status-publish","hentry"],"_links":{"self":[{"href":"https:\/\/webs.uab.cat\/hpca4se\/es\/wp-json\/wp\/v2\/pages\/2367","targetHints":{"allow":["GET"]}}],"collection":[{"href":"https:\/\/webs.uab.cat\/hpca4se\/es\/wp-json\/wp\/v2\/pages"}],"about":[{"href":"https:\/\/webs.uab.cat\/hpca4se\/es\/wp-json\/wp\/v2\/types\/page"}],"author":[{"embeddable":true,"href":"https:\/\/webs.uab.cat\/hpca4se\/es\/wp-json\/wp\/v2\/users\/20"}],"replies":[{"embeddable":true,"href":"https:\/\/webs.uab.cat\/hpca4se\/es\/wp-json\/wp\/v2\/comments?post=2367"}],"version-history":[{"count":3,"href":"https:\/\/webs.uab.cat\/hpca4se\/es\/wp-json\/wp\/v2\/pages\/2367\/revisions"}],"predecessor-version":[{"id":2617,"href":"https:\/\/webs.uab.cat\/hpca4se\/es\/wp-json\/wp\/v2\/pages\/2367\/revisions\/2617"}],"wp:attachment":[{"href":"https:\/\/webs.uab.cat\/hpca4se\/es\/wp-json\/wp\/v2\/media?parent=2367"}],"curies":[{"name":"wp","href":"https:\/\/api.w.org\/{rel}","templated":true}]}}