{"id":2379,"date":"2022-11-30T16:17:36","date_gmt":"2022-11-30T14:17:36","guid":{"rendered":"https:\/\/webs.uab.cat\/hpca4se\/projectes-nacionals\/"},"modified":"2022-11-30T16:18:39","modified_gmt":"2022-11-30T14:18:39","slug":"projectes-nacionals","status":"publish","type":"page","link":"https:\/\/webs.uab.cat\/hpca4se\/es\/projectes-nacionals\/","title":{"rendered":"Proyectos nacionales"},"content":{"rendered":"<div class=\"alignwide alignwide wp-block-pods-pods-block-list\">\r\n<table>\r\n  <tr>\r\n    <th width=\"40%\">Project<\/th>\r\n    <th width=\"20%\">Identifier<\/th>\r\n    <th width=\"20%\">Funding<\/th>\r\n\t <th width=\"20%\">Date<\/th>\r\n  <\/tr>\r\n\r\n  <tr>\r\n    <td><a href=\"https:\/\/webs.uab.cat\/hpca4se\/es\/projecte\/1-factos\/\">1-FACTOS: Tecnolog\u00edas avanzadas de computaci\u00f3n para resolver retos de la sociedad<\/a><\/td>\r\n    <td>PID2023-146193OB-100<\/td>\r\n    <td>Ministerio de Ciencia e Innovaci\u00f3n<\/td>\r\n    <td>01.09.2024 a 31.08.2027<\/td>\r\n  <\/tr>\r\n\r\n\r\n  <tr>\r\n    <td><a href=\"https:\/\/webs.uab.cat\/hpca4se\/es\/projecte\/computacion-avanzada-para-los-retos-de-la-sociedad-digital-carol-2\/\">3-CAROL &#8211; Computaci\u00f3n Avanzada para los retos de la sociedad digital<\/a><\/td>\r\n    <td>Identificador Oficial: PID2020-113614RB-C21<\/td>\r\n    <td>Ministerio de Ciencia e Innovaci\u00f3n<\/td>\r\n    <td>De 01\/09\/2021 a 31\/08\/2024<\/td>\r\n  <\/tr>\r\n\r\n\r\n  <tr>\r\n    <td><a href=\"https:\/\/webs.uab.cat\/hpca4se\/es\/projecte\/capap-h-0-3\/\">CAPAP-H<\/a><\/td>\r\n    <td>Identificador del proyecto:TIN2007-29664-E<\/td>\r\n    <td>Entidad financiadora:Ministerio de Educaci\u00f3n y Ciencia<\/td>\r\n    <td>Dates:Des de 2008 hasta la actualidad<\/td>\r\n  <\/tr>\r\n\r\n\r\n  <tr>\r\n    <td><a href=\"https:\/\/webs.uab.cat\/hpca4se\/es\/projecte\/caracterizacion-funcional-de-micrornas-en-produccion-y-sanidad-porcina\/\">Caracterizaci\u00f3n funcional de microRNAs en producci\u00f3n y sanidad porcina<\/a><\/td>\r\n    <td>Identificador de proyecto:AGL2010-22358-C02-01<\/td>\r\n    <td>Entidad financiadora:Ministerio de Ciencia e Innovaci\u00f3n<\/td>\r\n    <td>Fechas:Des del 01\/01\/2011 hasta el 31\/12\/2013<\/td>\r\n  <\/tr>\r\n\r\n\r\n  <tr>\r\n    <td><a href=\"https:\/\/webs.uab.cat\/hpca4se\/es\/projecte\/computacion-de-altas-prestaciones-y-su-aplicacion-la-ciencia-e-ingenieri-computacional\/\">Computaci\u00f3n de altas prestaciones y su aplicaci\u00f3n a la ciencia e ingenier\u00eda computacional<\/a><\/td>\r\n    <td>Identificador del Proyecto: TIN2007-64974<\/td>\r\n    <td>Entidad Financiadora: Ministerio de Educaci\u00f3n y Ciencia<\/td>\r\n    <td>Fechas:&nbsp;Desde el 01\/10\/2007 hasta el 03\/08\/2012<\/td>\r\n  <\/tr>\r\n\r\n\r\n  <tr>\r\n    <td><a href=\"https:\/\/webs.uab.cat\/hpca4se\/es\/projecte\/desarrollo-de-herramientas-bioinformaticas-para-el-analisis-de-la-variabilidad-del-adn\/\">Desarrollo de herramientas bioinform\u00e1ticas para el an\u00e1lisis de la variabilidad del ADN a escala geno<\/a><\/td>\r\n    <td>Identificador de proyecto:CGL2009-09346<\/td>\r\n    <td>Entidad financiadora:Ministerio de Ciencia e Innovaci\u00f3n<\/td>\r\n    <td>Fechas:Des del 01\/01\/2010 hasta el 31\/12\/2012<\/td>\r\n  <\/tr>\r\n\r\n\r\n  <tr>\r\n    <td><a href=\"https:\/\/webs.uab.cat\/hpca4se\/es\/projecte\/eina-de-suport-la-decisio-mitjans-aeris-en-incendis-forestals\/\">Eina de Suport a la decisi\u00f3 per a mitjans aeris en incendis forestals<\/a><\/td>\r\n    <td>Identificador del proyecto:&nbsp;CF613363<\/td>\r\n    <td>Entidad Financiadora:&nbsp;Helipistas SL<\/td>\r\n    <td>Fechas: Des del 5\/12\/2015 hasta el 14\/05\/2016<\/td>\r\n  <\/tr>\r\n\r\n\r\n  <tr>\r\n    <td><a href=\"https:\/\/webs.uab.cat\/hpca4se\/es\/projecte\/ejecucion-eficiente-de-aplicaciones-multidisciplinares-nuevos-desafios-en-la-era-multi-many\/\">Ejecuci\u00f3n eficiente de aplicaciones multidisciplinares: Nuevos desaf\u00edos en la era multi \/ many core<\/a><\/td>\r\n    <td>Identificador del proyecto:TIN2011-28689-C02-01<\/td>\r\n    <td>Entidad financiadora:Ministerio de Ciencia e Innovaci\u00f3n<\/td>\r\n    <td>Fechas:Del 01\/01\/2011 hasta el 31\/12\/2014<\/td>\r\n  <\/tr>\r\n\r\n\r\n  <tr>\r\n    <td><a href=\"https:\/\/webs.uab.cat\/hpca4se\/es\/projecte\/high-performance-computing-science-and-engineering-3\/\">High Performance Computing for Science and Engineering<\/a><\/td>\r\n    <td>Identificador del proyecto:2014 SGR 576<\/td>\r\n    <td>Entidad Financiadora:SGR, Generalitat de Catalunya<\/td>\r\n    <td>Fechas:Del 01\/01\/2014 hasta el 31\/12\/2016<\/td>\r\n  <\/tr>\r\n\r\n\r\n  <tr>\r\n    <td><a href=\"https:\/\/webs.uab.cat\/hpca4se\/es\/projecte\/organizacion-y-puesta-en-marcha-de-la-red-de-e-ciencia-en-espan\/\">Organizaci\u00f3n y Puesta en Marcha de la Red de e-Ciencia en Espa\u00f1a<\/a><\/td>\r\n    <td>Identificador del proyecto: CAC-2007-52<\/td>\r\n    <td>Entidad&nbsp;Financiadora: Ministerio de Educaci\u00f3n y Ciencia<\/td>\r\n    <td>Fechas:&nbsp;Desde 01\/01\/2007&nbsp;hasta 01\/01\/2009<\/td>\r\n  <\/tr>\r\n\r\n\r\n  <tr>\r\n    <td><a href=\"https:\/\/webs.uab.cat\/hpca4se\/es\/projecte\/pensamiento-computacional-e-ingenieria-del-rendimiento-para-aplicaciones-de-ciencias-de-la\/\">Pensamiento computacional e ingenier\u00eda del rendimiento para aplicaciones de ciencias de la vida y medioambientales<\/a><\/td>\r\n    <td>Identificador Oficial:&nbsp;TIN2014-53234-C2-1-R<\/td>\r\n    <td>Entidad financiadora: Ministerio de Economia y Competitividad (MINECO)<\/td>\r\n    <td>Duraci\u00f3n:&nbsp;Desde el 01\/01\/2015 hasta el 31\/12\/2017<\/td>\r\n  <\/tr>\r\n\r\n\r\n  <tr>\r\n    <td><a href=\"https:\/\/webs.uab.cat\/hpca4se\/es\/projecte\/processament-daltes-prestacions-arquitectura-entorns-de-desenvolupament-i-aplicacions-0-2\/\">Procesamiento de altas prestaciones: arquitectura, entornos de desarrollo y aplicaciones<\/a><\/td>\r\n    <td>Identificador del proyecto: TIN2004-03388<\/td>\r\n    <td>Entidad&nbsp;Financiadora: Ministerio de Educaci\u00f3n y Ciencia<\/td>\r\n    <td>Fechas:&nbsp;Desde 13\/12\/2004&nbsp;hasta 31\/03\/2008<\/td>\r\n  <\/tr>\r\n\r\n\r\n  <tr>\r\n    <td><a href=\"https:\/\/webs.uab.cat\/hpca4se\/es\/projecte\/projecte-mycore-2\/\">Projecte MyCore<\/a><\/td>\r\n    <td>Identificador Oficial: TIN2011-28689-C02-01<\/td>\r\n    <td>Entidad Finanzadora: Ministerio de Ciencia y Educaci\u00f3n<\/td>\r\n    <td>Fechas:&nbsp;Des del 01\/01\/2012 hasta el 31\/12\/2014<\/td>\r\n  <\/tr>\r\n\r\n\r\n  <tr>\r\n    <td><a href=\"https:\/\/webs.uab.cat\/hpca4se\/es\/projecte\/projecte-mycore-0\/\">Proyecto MyCore<\/a><\/td>\r\n    <td>Identificador Oficial: TIN2011-28689-C02-01<\/td>\r\n    <td>Entidad&nbsp;Financiadora: Ministerio de Ciencia y Educaci\u00f3n<\/td>\r\n    <td>Fechas:&nbsp;Desde 01\/01\/2012&nbsp;hasta 31\/12\/2014<\/td>\r\n  <\/tr>\r\n\r\n\r\n  <tr>\r\n    <td><a href=\"https:\/\/webs.uab.cat\/hpca4se\/es\/projecte\/red-de-computacion-de-altas-prestaciones-sobre-arquitecturas-paralelas\/\">Red de Computaci\u00f3n de Altas Prestaciones sobre Arquitecturas Paralelas<\/a><\/td>\r\n    <td>Identificador de proyecto:TIN2009-08058<\/td>\r\n    <td>Entidad financiadora:Ministerio de Educaci\u00f3n y Ciencia<\/td>\r\n    <td>Fechas:Del 01\/04\/2009 hasta el 31\/03\/2010<\/td>\r\n  <\/tr>\r\n\r\n\r\n<\/table>\r\n\n<p class=\"pods-pagination\">\n\n<span class=\"pods-pagination-advanced \">\n\t\n\t<span\n\t\tclass=\"pods-pagination-number pods-pagination-current \">1<\/span>\n\n\t\t\t<a href=\"\/hpca4se\/es\/wp-json\/wp\/v2\/pages\/2379?pg=2\"\n\t\t   class=\"pods-pagination-number pods-pagination-last pods-pagination-2 \">2<\/a>\n\t\t\t\t\t<a href=\"\/hpca4se\/es\/wp-json\/wp\/v2\/pages\/2379?pg=2\"\n\t\t\t   class=\"pods-pagination-label pods-pagination-next \">Siguiente &rsaquo;<\/a>\n\t\t\t\t\t\t\t<a href=\"\/hpca4se\/es\/wp-json\/wp\/v2\/pages\/2379?pg=2\"\n\t\t\t   class=\"pods-pagination-label pods-pagination-last \">\u00daltimo &raquo;<\/a>\n\t\t\t\t\n<\/span>\n\n<\/p>\n<\/div>","protected":false},"excerpt":{"rendered":"","protected":false},"author":20,"featured_media":0,"parent":0,"menu_order":0,"comment_status":"closed","ping_status":"closed","template":"","meta":{"footnotes":""},"class_list":["post-2379","page","type-page","status-publish","hentry"],"_links":{"self":[{"href":"https:\/\/webs.uab.cat\/hpca4se\/es\/wp-json\/wp\/v2\/pages\/2379","targetHints":{"allow":["GET"]}}],"collection":[{"href":"https:\/\/webs.uab.cat\/hpca4se\/es\/wp-json\/wp\/v2\/pages"}],"about":[{"href":"https:\/\/webs.uab.cat\/hpca4se\/es\/wp-json\/wp\/v2\/types\/page"}],"author":[{"embeddable":true,"href":"https:\/\/webs.uab.cat\/hpca4se\/es\/wp-json\/wp\/v2\/users\/20"}],"replies":[{"embeddable":true,"href":"https:\/\/webs.uab.cat\/hpca4se\/es\/wp-json\/wp\/v2\/comments?post=2379"}],"version-history":[{"count":2,"href":"https:\/\/webs.uab.cat\/hpca4se\/es\/wp-json\/wp\/v2\/pages\/2379\/revisions"}],"predecessor-version":[{"id":2383,"href":"https:\/\/webs.uab.cat\/hpca4se\/es\/wp-json\/wp\/v2\/pages\/2379\/revisions\/2383"}],"wp:attachment":[{"href":"https:\/\/webs.uab.cat\/hpca4se\/es\/wp-json\/wp\/v2\/media?parent=2379"}],"curies":[{"name":"wp","href":"https:\/\/api.w.org\/{rel}","templated":true}]}}