{"id":286,"date":"2009-05-25T13:07:54","date_gmt":"2009-05-25T11:07:54","guid":{"rendered":"https:\/\/webs.uab.cat\/hpca4se\/inici-2\/"},"modified":"2025-12-12T18:56:29","modified_gmt":"2025-12-12T16:56:29","slug":"inici-2","status":"publish","type":"page","link":"https:\/\/webs.uab.cat\/hpca4se\/es\/","title":{"rendered":"Inicio"},"content":{"rendered":"\n<figure class=\"wp-block-image\"><img decoding=\"async\" src=\"http:\/\/grupsderecerca.uab.cat\/hpca4se\/sites\/grupsderecerca.uab.cat.hpca4se\/files\/DSC08794.JPG\" alt=\"HPCA4SE\" \/><\/figure>\n\n\n\n<p>Desde HPCA4SE centramos nuestro inter\u00e9s en la investigaci\u00f3n y desarrollo en el \u00e1mbito de los sistemas de computaci\u00f3n de altas prestaciones. Nuestras aplicaciones est\u00e1n orientadas a los campos cient\u00edficos y de la ingenier\u00eda, y nos enfocamos tanto en l\u00edneas de investigaci\u00f3n b\u00e1sica como aplicada.<\/p>\n\n\n\n<p>Por eso nuestros investigadores trabajan en el estudio y utilizaci\u00f3n de plataformas de c\u00f3mputo avanzadas como procesadores multy\/many core o GPUs, sistemas distribuidos, supercomputadores, etc\u00e9tera. Los modelos y herramientas obtenidos resultan en una mejora de la facilidad de uso y rendimiento de estos sistemas.<\/p>\n\n\n\n<p>Entre nuestras actividades tambi\u00e9n contemplamos la explotaci\u00f3n de sistemas de c\u00f3mputo de altas prestaciones, mediante el an\u00e1lisis, desarrollo y sintonizaci\u00f3n, aplicada a diversos campos cient\u00edficos como la bioinform\u00e1tica, la simulaci\u00f3n de fen\u00f3menos naturales o componentes industriales, etc\u00e9tera.<\/p>\n\n\n\n<div class=\"wp-block-columns is-layout-flex wp-container-core-columns-is-layout-9d6595d7 wp-block-columns-is-layout-flex\">\n<div class=\"wp-block-column is-layout-flow wp-block-column-is-layout-flow\">\n<div class=\"wp-block-query is-layout-flow wp-block-query-is-layout-flow\">\n<h2 class=\"wp-block-heading\">Noticias<\/h2>\n\n\n<ul class=\"wp-block-post-template is-layout-flow wp-block-post-template-is-layout-flow\"><li class=\"wp-block-post post-2655 news type-news status-publish hentry\">\n<h2 class=\"wp-block-post-title\"><a href=\"https:\/\/webs.uab.cat\/hpca4se\/es\/news\/reunion-proyecto-factos\/\" target=\"_self\" >Reuni\u00f3n proyecto FACTOS<\/a><\/h2>\n\n\n\n<div class=\"wp-block-post-excerpt\"><p class=\"wp-block-post-excerpt__excerpt\">El dia 5 de diciembre de 2025 tuvo lugar la reuni\u00f3n de seguimiento del proyecto FACTOS. En la reuni\u00f3n participaron los distintos miembros del equipo de investigaci\u00f3n y de trabajo. Se revisaron las tareas y progresos realizados en las diferentes tareas y paquetes de trabajo y se plantearon posibles resultados y oportunidades para la colaboraci\u00f3n.&hellip; <\/p><\/div>\n\n\n<hr class=\"wp-block-separator has-css-opacity\" \/>\n\n\n<div class=\"wp-block-post-date\"><time datetime=\"2025-12-12T18:48:55+02:00\">12 de diciembre de 2025<\/time><\/div>\n<\/li><li class=\"wp-block-post post-2648 news type-news status-publish hentry\">\n<h2 class=\"wp-block-post-title\"><a href=\"https:\/\/webs.uab.cat\/hpca4se\/es\/news\/presentacio-tesis-doctoral-veronica-vidal\/\" target=\"_self\" >Presentaci\u00f3n tesis doctoral Ver\u00f2nica Vidal<\/a><\/h2>\n\n\n\n<div class=\"wp-block-post-excerpt\"><p class=\"wp-block-post-excerpt__excerpt\">El dia 20 de junio de 2025, en la Escuela de Ingenier\u00eda, se produjo la defensa de la tesis doctoral titulada \u00abModeling the Impact of Green Infrastructures on Urban Air Quality\u00ab, presentada por Ver\u00f2nica Vidal Canedo dentro del programa de Doctorado en Inform\u00e1tica de la Universitat Aut\u00f2noma de Barcelona (UAB). <\/p><\/div>\n\n\n<hr class=\"wp-block-separator has-css-opacity\" \/>\n\n\n<div class=\"wp-block-post-date\"><time datetime=\"2025-10-27T22:29:18+02:00\">27 de octubre de 2025<\/time><\/div>\n<\/li><li class=\"wp-block-post post-2618 news type-news status-publish hentry\">\n<h2 class=\"wp-block-post-title\"><a href=\"https:\/\/webs.uab.cat\/hpca4se\/es\/news\/nuevo-proyecto-factos-2023\/\" target=\"_self\" >Nuevo proyecto FACTOS-2023<\/a><\/h2>\n\n\n\n<div class=\"wp-block-post-excerpt\"><p class=\"wp-block-post-excerpt__excerpt\">Identificador Oficial: PID2023-146193OB-100Ministerio de Ciencia e Innovaci\u00f3n Investigadores principales: N\u00famero de investigadores participantes: 22 Fechas Proyecto:de 01\/09\/2024 a 31\/08\/2027 <\/p><\/div>\n\n\n<hr class=\"wp-block-separator has-css-opacity\" \/>\n\n\n<div class=\"wp-block-post-date\"><time datetime=\"2025-10-24T16:47:21+02:00\">24 de octubre de 2025<\/time><\/div>\n<\/li><\/ul><\/div>\n<\/div>\n<\/div>\n","protected":false},"excerpt":{"rendered":"<p>Desde HPCA4SE centramos nuestro inter\u00e9s en la investigaci\u00f3n y desarrollo en el \u00e1mbito de los sistemas de computaci\u00f3n de altas prestaciones. Nuestras aplicaciones est\u00e1n orientadas a los campos cient\u00edficos y de la ingenier\u00eda, y nos enfocamos tanto en l\u00edneas de investigaci\u00f3n b\u00e1sica como aplicada. Por eso nuestros investigadores trabajan en el estudio y utilizaci\u00f3n de [&hellip;]<\/p>\n","protected":false},"author":20,"featured_media":0,"parent":0,"menu_order":0,"comment_status":"closed","ping_status":"closed","template":"","meta":{"footnotes":""},"class_list":["post-286","page","type-page","status-publish","hentry"],"_links":{"self":[{"href":"https:\/\/webs.uab.cat\/hpca4se\/es\/wp-json\/wp\/v2\/pages\/286","targetHints":{"allow":["GET"]}}],"collection":[{"href":"https:\/\/webs.uab.cat\/hpca4se\/es\/wp-json\/wp\/v2\/pages"}],"about":[{"href":"https:\/\/webs.uab.cat\/hpca4se\/es\/wp-json\/wp\/v2\/types\/page"}],"author":[{"embeddable":true,"href":"https:\/\/webs.uab.cat\/hpca4se\/es\/wp-json\/wp\/v2\/users\/20"}],"replies":[{"embeddable":true,"href":"https:\/\/webs.uab.cat\/hpca4se\/es\/wp-json\/wp\/v2\/comments?post=286"}],"version-history":[{"count":3,"href":"https:\/\/webs.uab.cat\/hpca4se\/es\/wp-json\/wp\/v2\/pages\/286\/revisions"}],"predecessor-version":[{"id":2667,"href":"https:\/\/webs.uab.cat\/hpca4se\/es\/wp-json\/wp\/v2\/pages\/286\/revisions\/2667"}],"wp:attachment":[{"href":"https:\/\/webs.uab.cat\/hpca4se\/es\/wp-json\/wp\/v2\/media?parent=286"}],"curies":[{"name":"wp","href":"https:\/\/api.w.org\/{rel}","templated":true}]}}