{"id":288,"date":"2009-05-25T13:20:37","date_gmt":"2009-05-25T11:20:37","guid":{"rendered":"https:\/\/webs.uab.cat\/hpca4se\/investigacion\/"},"modified":"2010-01-21T13:44:51","modified_gmt":"2010-01-21T11:44:51","slug":"investigacion","status":"publish","type":"page","link":"https:\/\/webs.uab.cat\/hpca4se\/es\/investigacion\/","title":{"rendered":"Investigaci\u00f3n"},"content":{"rendered":"<p>L\u00edneas de investigaci\u00f3n:<\/p>\n<ul>\n<li><span style=\"font-family: Calibri,serif;\"><span style=\"font-size: small;\"><span style=\"font-family: Arial Narrow,serif;\"><span style=\"font-size: medium;\"><span lang=\"es-ES\"><strong style=\"line-height: 20.8px;\">Aplicaciones Medioambientales<\/strong><span style=\"line-height: 20.8px;\">: Aplicaci\u00f3n del c\u00f3mputo de altas prestaciones a aplicaciones medioambientales (incendios forestales, clima, meteorolog\u00eda, &#8230;. ). Se estudian los nuevos retos computacionales y de dise\u00f1o de estas aplicaciones multidisciplinares en la era multi\/many core.<\/span><\/strong><\/span><\/span><\/span><\/span><\/span><\/li>\n<li><strong style=\"line-height: 20.8px;\">Aplicaciones de Ciencias de la Vida:<\/strong><span style=\"line-height: 20.8px;\"> Aplicaci\u00f3n del c\u00f3mputo de altas prestaciones a aplicaciones cient\u00edficas en el \u00e1mbito de las Ciencias de la Vida (bioinform\u00e1tica, oncolog\u00eda, &#8230;.). El estudio de estas aplicaciones se centra tanto en mejorar tiempo de ejecuci\u00f3n, como en el tratamiento del volumen de datos implicados, eficiencia &#8230;<\/span><\/li>\n<li><span style=\"font-family: Calibri,serif;\"><span style=\"font-size: small;\"><span style=\"font-family: Arial Narrow,serif;\"><span style=\"font-size: medium;\"><span lang=\"es-ES\"><strong>Modelos de Programaci\u00f3n y Entornos de Ejecuci\u00f3n:<\/strong><\/span><\/span><\/span><span style=\"font-family: Arial Narrow,serif;\"><span style=\"font-size: medium;\"><span lang=\"es-ES\"> Se deben reconsiderar a la luz de las nuevas tendencias en la arquitectura (organizaci\u00f3n del c\u00f3mputo, memoria y comunicaciones) y de los requisitos de las aplicaciones seleccionadas. Es obligado el an\u00e1lisis de las soluciones existentes m\u00e1s adecuadas y el desarrollo de extensiones espec\u00edficas.<\/span><\/span><\/span><\/span><\/span><\/li>\n<li><span style=\"font-family: Calibri,serif;\"><span style=\"font-size: small;\"><span style=\"font-family: Arial Narrow,serif;\"><span style=\"font-size: medium;\"><span lang=\"es-ES\"><strong>Modelado, Evaluaci\u00f3n y Sintonizaci\u00f3n de Rendimiento:<\/strong><\/span><\/span><\/span><span style=\"font-family: Arial Narrow,serif;\"><span style=\"font-size: medium;\"><span lang=\"es-ES\"> Los modelos de rendimiento son cruciales para la programaci\u00f3n eficiente y la sintonizaci\u00f3n. Deben ampliarse o incluso redise\u00f1arse para incorporar las caracter\u00edsticas de sistemas de altas prestaciones actuales y futuros. Adem\u00e1s, deben replantearse los mecanismos de monitorizaci\u00f3n y sintonizaci\u00f3n para ser efectivos en sistemas multi\/many core a gran escala.<\/span><\/span><\/span><\/span><\/span><\/li>\n<li><span style=\"font-family: Calibri,serif;\"><span style=\"font-size: small;\"><span style=\"font-family: Arial Narrow,serif;\"><span style=\"font-size: medium;\"><span lang=\"es-ES\"><a href=\"http:\/\/grupsderecerca.uab.cat\/hpca4se\/content\/gpu-application-development-and-optimization-0\"><strong>Ingenier\u00eda del rendimiento de aplicaciones en GPU<\/strong><\/a><strong>:<\/strong>&nbsp;<\/span><\/span><\/span><span style=\"font-family: Arial Narrow,serif;\"><span style=\"font-size: medium;\"><span lang=\"es-ES\">Dise\u00f1o, desarrollo y optimizaci\u00f3n del rendimiento de aplicaciones cient\u00edficas en plataformas GPU\/Multi-core\/Aceleradoras computacionales.<\/span><\/span><\/span><\/span><\/span><\/li>\n<li><strong style=\"line-height: 20.8px;\">Mecanismos de Gesti\u00f3n de Recursos<\/strong><span style=\"line-height: 20.8px;\">: Las pol\u00edticas de distribuci\u00f3n, asignaci\u00f3n y planificaci\u00f3n deben analizarse en relaci\u00f3n al tipo de sistema y aplicaci\u00f3n considerado. Se investigar\u00e1n propuestas para sistemas cluster, peer-to-peer y cloud, que incluyan la gesti\u00f3n a nivel de n\u00facleo.<\/span><\/li>\n<\/ul>\n","protected":false},"excerpt":{"rendered":"<p>L\u00edneas de investigaci\u00f3n: Aplicaciones Medioambientales: Aplicaci\u00f3n del c\u00f3mputo de altas prestaciones a aplicaciones medioambientales (incendios forestales, clima, meteorolog\u00eda, &#8230;. ). Se estudian los nuevos retos computacionales y de dise\u00f1o de estas aplicaciones multidisciplinares en la era multi\/many core. Aplicaciones de Ciencias de la Vida: Aplicaci\u00f3n del c\u00f3mputo de altas prestaciones a aplicaciones cient\u00edficas en el [&hellip;]<\/p>\n","protected":false},"author":20,"featured_media":0,"parent":0,"menu_order":0,"comment_status":"closed","ping_status":"closed","template":"","meta":{"footnotes":""},"class_list":["post-288","page","type-page","status-publish","hentry"],"_links":{"self":[{"href":"https:\/\/webs.uab.cat\/hpca4se\/es\/wp-json\/wp\/v2\/pages\/288","targetHints":{"allow":["GET"]}}],"collection":[{"href":"https:\/\/webs.uab.cat\/hpca4se\/es\/wp-json\/wp\/v2\/pages"}],"about":[{"href":"https:\/\/webs.uab.cat\/hpca4se\/es\/wp-json\/wp\/v2\/types\/page"}],"author":[{"embeddable":true,"href":"https:\/\/webs.uab.cat\/hpca4se\/es\/wp-json\/wp\/v2\/users\/20"}],"replies":[{"embeddable":true,"href":"https:\/\/webs.uab.cat\/hpca4se\/es\/wp-json\/wp\/v2\/comments?post=288"}],"version-history":[{"count":0,"href":"https:\/\/webs.uab.cat\/hpca4se\/es\/wp-json\/wp\/v2\/pages\/288\/revisions"}],"wp:attachment":[{"href":"https:\/\/webs.uab.cat\/hpca4se\/es\/wp-json\/wp\/v2\/media?parent=288"}],"curies":[{"name":"wp","href":"https:\/\/api.w.org\/{rel}","templated":true}]}}