{"id":2375,"date":"2022-11-30T16:17:36","date_gmt":"2022-11-30T14:17:36","guid":{"rendered":"https:\/\/webs.uab.cat\/hpca4se\/?page_id=2375"},"modified":"2022-11-30T16:18:05","modified_gmt":"2022-11-30T14:18:05","slug":"projectes-nacionals","status":"publish","type":"page","link":"https:\/\/webs.uab.cat\/hpca4se\/projectes-nacionals\/","title":{"rendered":"Projectes nacionals"},"content":{"rendered":"<div class=\"alignwide alignwide wp-block-pods-pods-block-list\">\r\n<table>\r\n  <tr>\r\n    <th width=\"40%\">Project<\/th>\r\n    <th width=\"20%\">Identifier<\/th>\r\n    <th width=\"20%\">Funding<\/th>\r\n\t <th width=\"20%\">Date<\/th>\r\n  <\/tr>\r\n\r\n  <tr>\r\n    <td><a href=\"https:\/\/webs.uab.cat\/hpca4se\/projecte\/factos-2023\/\">1-FACTOS: Tecnologies avan\u00e7ades de computaci\u00f3 per a resoldre reptes de la societat<\/a><\/td>\r\n    <td>PID2023-146193OB-100<\/td>\r\n    <td>Ministerio de Ciencia e Innovaci\u00f3n<\/td>\r\n    <td>01.09.2024 a 31.08.2027<\/td>\r\n  <\/tr>\r\n\r\n\r\n  <tr>\r\n    <td><a href=\"https:\/\/webs.uab.cat\/hpca4se\/projecte\/3-carol-cat\/\">3-CAROL-Computaci\u00f3 Avan\u00e7ada per als reptes de la societat digital<\/a><\/td>\r\n    <td>Identificador Oficial: PID2020-113614RB-C21<\/td>\r\n    <td>Ministerio de Ciencia e Innovaci\u00f3n<\/td>\r\n    <td>De 01\/09\/2021 a 31\/08\/2024<\/td>\r\n  <\/tr>\r\n\r\n\r\n  <tr>\r\n    <td><a href=\"https:\/\/webs.uab.cat\/hpca4se\/projecte\/capap-h-0\/\">CAPAP-H<\/a><\/td>\r\n    <td>Identificador del projecte:TIN2007-29664-E<\/td>\r\n    <td>Entitat finan\u00e7adora:Ministerio de Educaci\u00f3n y Ciencia<\/td>\r\n    <td>Dates:Des de 2008 fins a l&#8217;actualitat<\/td>\r\n  <\/tr>\r\n\r\n\r\n  <tr>\r\n    <td><a href=\"https:\/\/webs.uab.cat\/hpca4se\/projecte\/caracteritzacio-funcional-de-micrornas-en-produccio-i-sanitat-porcina\/\">Caracteritzaci\u00f3 funcional de MicroRNAs en producci\u00f3 i sanitat porcina<\/a><\/td>\r\n    <td>Identificador de projecte:AGL2010-22358-C02-01<\/td>\r\n    <td>Entitat finan\u00e7adora:Ministerio de Ciencia e Innovaci\u00f3n<\/td>\r\n    <td>Dates:Des de l&#8217;01\/01\/2011 fins al 31\/12\/2013<\/td>\r\n  <\/tr>\r\n\r\n\r\n  <tr>\r\n    <td><a href=\"https:\/\/webs.uab.cat\/hpca4se\/projecte\/computacio-daltes-prestacions-i-laplicacio-la-ciencia-i-enginyeria-computacional\/\">Computaci\u00f3 d&#8217;altes prestacions i l&#8217;aplicaci\u00f3 a la ci\u00e8ncia i enginyeria computacional<\/a><\/td>\r\n    <td>Identificador del projecte: TIN2007-64974<\/td>\r\n    <td>Entitat finan\u00e7adora: Ministeri d&#8217;Educaci\u00f3 i Ci\u00e8ncia<\/td>\r\n    <td>Dates:&nbsp;Des de l&#8217;01\/10\/2007 fins al 03\/03\/2013<\/td>\r\n  <\/tr>\r\n\r\n\r\n  <tr>\r\n    <td><a href=\"https:\/\/webs.uab.cat\/hpca4se\/projecte\/desenvolupament-deines-bioinformatiques-lanalisi-de-la-variabilitat-de-ladn-escala-geno\/\">Desenvolupament d&#8217;eines bioinform\u00e0tiques per a l&#8217;an\u00e0lisi de la variabilitat de l&#8217;ADN a escala geno<\/a><\/td>\r\n    <td>Identificador del projecte:CGL2009-09346<\/td>\r\n    <td>Entitat finan\u00e7adora:Ministerio de Ciencia e Innovaci\u00f3n<\/td>\r\n    <td>Dates:De l&#8217;01\/01\/2010 fins a 31\/12\/2012<\/td>\r\n  <\/tr>\r\n\r\n\r\n  <tr>\r\n    <td><a href=\"https:\/\/webs.uab.cat\/hpca4se\/projecte\/eina-de-suport-la-decisio-mitjans-aeris-en-incendis-forestals-0\/\">Eina de Suport a la decisi\u00f3 per a mitjans aeris en incendis forestals<\/a><\/td>\r\n    <td>Identificador del projecte:&nbsp;CF613363<\/td>\r\n    <td>Entitat finan\u00e7adora:&nbsp;Helipistas SL<\/td>\r\n    <td>Dates:&nbsp;&nbsp;Des del 5\/12\/2015 hasta el 14\/05\/2016<\/td>\r\n  <\/tr>\r\n\r\n\r\n  <tr>\r\n    <td><a href=\"https:\/\/webs.uab.cat\/hpca4se\/projecte\/execucio-eficient-daplicacions-multidisciplinars-nous-desafiaments-en-lera-multimany-core\/\">Execuci\u00f3 eficient d&#8217;aplicacions multidisciplinars: Nous desafiaments en l&#8217;era multi\/many core<\/a><\/td>\r\n    <td>Identificador del projecte:TIN2011-28689-C02-01<\/td>\r\n    <td>Entitat finan\u00e7adora:Ministerio de Ciencia e Innovaci\u00f3n<\/td>\r\n    <td>Dates:De l&#8217;01\/01\/2011 fins al 31\/12\/2014<\/td>\r\n  <\/tr>\r\n\r\n\r\n  <tr>\r\n    <td><a href=\"https:\/\/webs.uab.cat\/hpca4se\/projecte\/gestio-de-recursos-en-sistemes-de-comput-heterogenis\/\">Gesti\u00f3 de recursos en sistemes de c\u00f2mput heterogenis<\/a><\/td>\r\n    <td>Identificador del projecte:TIN2008-05913<\/td>\r\n    <td>Entitat finan\u00e7adora:Ministerio de Educaci\u00f3n y Ciencia<\/td>\r\n    <td>Dates:Des de l&#8217;01\/01\/2011 fins al 31\/12\/2013<\/td>\r\n  <\/tr>\r\n\r\n\r\n  <tr>\r\n    <td><a href=\"https:\/\/webs.uab.cat\/hpca4se\/projecte\/high-performance-computing-science-and-engineering\/\">High Performance Computing for Science and Engineering<\/a><\/td>\r\n    <td>Identificador del projecte:2014 SGR 576<\/td>\r\n    <td>Entitat finan\u00e7adora:SGR, Generalitat de Catalunya<\/td>\r\n    <td>Dates:De l&#8217;01\/01\/2014 fins al 31\/12\/2016<\/td>\r\n  <\/tr>\r\n\r\n\r\n  <tr>\r\n    <td><a href=\"https:\/\/webs.uab.cat\/hpca4se\/projecte\/organitzacio-i-posada-en-marxa-de-la-xarxa-de-e-ciencia-espanya-0\/\">Organitzaci\u00f3 i Posada en marxa de la Xarxa de e-Ci\u00e8ncia a Espanya<\/a><\/td>\r\n    <td>Identificador del projecte: CAC-2007-52<\/td>\r\n    <td>Entitat finan\u00e7adora: Ministerio de Educaci\u00f3n y Ciencia<\/td>\r\n    <td>Dates: Des de l&#8217;01\/01\/2007 fins a l&#8217;01\/01\/2009<\/td>\r\n  <\/tr>\r\n\r\n\r\n  <tr>\r\n    <td><a href=\"https:\/\/webs.uab.cat\/hpca4se\/projecte\/pensament-computacional-i-enginyeria-del-rendiment-aplicacions-de-ciencies-de-la-vida-i\/\">Pensament computacional i enginyeria del rendiment per a aplicacions de ci\u00e8ncies de la vida i mediambientals<\/a><\/td>\r\n    <td>Identificador del projecte:TIN2014-53234-C2-1-R<\/td>\r\n    <td>Entitat finan\u00e7adora:Ministerio de Economia y Competitividad (MINECO)<\/td>\r\n    <td>Dates: Des del 01\/01\/2015 fins al 31\/12\/2017&nbsp;<\/td>\r\n  <\/tr>\r\n\r\n\r\n  <tr>\r\n    <td><a href=\"https:\/\/webs.uab.cat\/hpca4se\/projecte\/processament-daltes-prestacions-arquitectura-entorns-de-desenvolupament-i-aplicacions-0\/\">Processament d&#8217;altes prestacions: arquitectura, entorns de desenvolupament i aplicacions<\/a><\/td>\r\n    <td>Identificador del projecte: TIN2004-03388<\/td>\r\n    <td>Entitat finan\u00e7adora: Ministerio de Educaci\u00f3n y Ciencia<\/td>\r\n    <td>Dates: Des del 13\/12\/2004 fins al 31\/03\/2008<\/td>\r\n  <\/tr>\r\n\r\n\r\n  <tr>\r\n    <td><a href=\"https:\/\/webs.uab.cat\/hpca4se\/projecte\/projecte-mycore\/\">Projecte MyCore<\/a><\/td>\r\n    <td>Identificador del projecte:TIN2011-28689-C02-01<\/td>\r\n    <td>Entitat finan\u00e7adora:Ministerio de Ciencia y Educaci\u00f3n<\/td>\r\n    <td>Dates:&nbsp;Des de l&#8217;01\/01\/2012 fins al 31\/12\/2014<\/td>\r\n  <\/tr>\r\n\r\n\r\n  <tr>\r\n    <td><a href=\"https:\/\/webs.uab.cat\/hpca4se\/projecte\/supercomputacio-i-eciencia\/\">Supercomputaci\u00f3 i eCi\u00e8ncia<\/a><\/td>\r\n    <td>Identificador del projecte:CSD2007-00050<\/td>\r\n    <td>Entitat finan\u00e7adora:Ministerio de Ciencia e Innovaci\u00f3n<\/td>\r\n    <td>Dates:Des de l&#8217;01\/10\/2007 fins al 09\/12\/2013<\/td>\r\n  <\/tr>\r\n\r\n\r\n<\/table>\r\n\n<p class=\"pods-pagination\">\n\n<span class=\"pods-pagination-advanced \">\n\t\n\t<span\n\t\tclass=\"pods-pagination-number pods-pagination-current \">1<\/span>\n\n\t\t\t<a href=\"\/hpca4se\/wp-json\/wp\/v2\/pages\/2375?pg=2\"\n\t\t   class=\"pods-pagination-number pods-pagination-last pods-pagination-2 \">2<\/a>\n\t\t\t\t\t<a href=\"\/hpca4se\/wp-json\/wp\/v2\/pages\/2375?pg=2\"\n\t\t\t   class=\"pods-pagination-label pods-pagination-next \">Seg\u00fcent &rsaquo;<\/a>\n\t\t\t\t\t\t\t<a href=\"\/hpca4se\/wp-json\/wp\/v2\/pages\/2375?pg=2\"\n\t\t\t   class=\"pods-pagination-label pods-pagination-last \">\u00daltim &raquo;<\/a>\n\t\t\t\t\n<\/span>\n\n<\/p>\n<\/div>","protected":false},"excerpt":{"rendered":"","protected":false},"author":20,"featured_media":0,"parent":0,"menu_order":0,"comment_status":"closed","ping_status":"closed","template":"","meta":{"footnotes":""},"class_list":["post-2375","page","type-page","status-publish","hentry"],"_links":{"self":[{"href":"https:\/\/webs.uab.cat\/hpca4se\/wp-json\/wp\/v2\/pages\/2375","targetHints":{"allow":["GET"]}}],"collection":[{"href":"https:\/\/webs.uab.cat\/hpca4se\/wp-json\/wp\/v2\/pages"}],"about":[{"href":"https:\/\/webs.uab.cat\/hpca4se\/wp-json\/wp\/v2\/types\/page"}],"author":[{"embeddable":true,"href":"https:\/\/webs.uab.cat\/hpca4se\/wp-json\/wp\/v2\/users\/20"}],"replies":[{"embeddable":true,"href":"https:\/\/webs.uab.cat\/hpca4se\/wp-json\/wp\/v2\/comments?post=2375"}],"version-history":[{"count":2,"href":"https:\/\/webs.uab.cat\/hpca4se\/wp-json\/wp\/v2\/pages\/2375\/revisions"}],"predecessor-version":[{"id":2377,"href":"https:\/\/webs.uab.cat\/hpca4se\/wp-json\/wp\/v2\/pages\/2375\/revisions\/2377"}],"wp:attachment":[{"href":"https:\/\/webs.uab.cat\/hpca4se\/wp-json\/wp\/v2\/media?parent=2375"}],"curies":[{"name":"wp","href":"https:\/\/api.w.org\/{rel}","templated":true}]}}