{"id":2426,"date":"2022-11-30T16:37:15","date_gmt":"2022-11-30T14:37:15","guid":{"rendered":"https:\/\/webs.uab.cat\/hpca4se\/inatal%c2%b7lacions-de-comput\/"},"modified":"2022-11-30T16:39:11","modified_gmt":"2022-11-30T14:39:11","slug":"inatal%c2%b7lacions-de-comput","status":"publish","type":"page","link":"https:\/\/webs.uab.cat\/hpca4se\/inatal%c2%b7lacions-de-comput\/","title":{"rendered":"Inatal\u00b7lacions de c\u00f2mput"},"content":{"rendered":"<div class=\"alignwide alignwide wp-block-pods-pods-block-list\">\r\n<table>\r\n  <tr>\r\n\t  <th width=\"20%\">Name<\/th>\r\n    <th width=\"60%\">Technical specifications<\/th>\r\n    <th width=\"20%\">Image<\/th>\r\n  <\/tr>\r\n\r\n  <tr>\r\n\t  <td><strong>Bane<\/strong><\/td>\r\n    <td><p><strong>Technical Specifications<\/strong><\/p>\n<p>Main memoyr: 64GB DDR4 1866 MHz<br \/>Modules: 8x 8GB RDIMM<br \/>Processors: 2<br \/><span>Processor Type<\/span>: Intel(R) Xeon(R) CPU E5-2620 v3 @ 2.40GHz <br \/><span>Processor Clock Rate<\/span>: 2.4GHz<br \/>CPU cores: 6<br \/>Slots: 4x PCIe 3.0 (x8), 2x PCIe 3.0 (x16)<\/p>\n<p><strong>Coprocessors<\/strong><br \/>2x Nvidia K40c Kepler<\/p>\n<ul>\n<li>GPU: Tesla K40c<\/li>\n<li>Chip: GK110B<\/li>\n<li>Compute Capability: 3.5<\/li>\n<li>CUDA Cores: 2800<\/li>\n<li>Frecuencia (Base\/Boost): 745\/875 MHz<\/li>\n<li>Memory Clock Speed 3 GHz<\/li>\n<li>Total board memory: 12 GB GDDR5<\/li>\n<li>Memory interface: 384 bit<\/li>\n<li>Memory bandwidth: 288 GBytes\/s<\/li>\n<li>System interface: PCI Express 3.0 x16<\/li>\n<\/ul>\n<p>&nbsp;<\/p>\n<\/td>\r\n\t  <td><img decoding=\"async\" src=\"https:\/\/webs.uab.cat\/hpca4se\/wp-content\/uploads\/sites\/299\/2016\/06\/R730.png\" alt=\"Bane\"><\/td>\r\n\r\n\r\n  <tr>\r\n\t  <td><strong>Batman<\/strong><\/td>\r\n    <td><p><strong>Especificacions t\u00e8cniques<\/strong><br \/>Memory: 128GB<br \/>Modules: 16<br \/>Module Type: Hyundai DDR3 1600 MHz<br \/>Processors: 4<br \/>Processor Type: AMD Opteron(tm) Processor 6376<br \/>Processor Clock Rate: 2.3GHz<br \/>Cores per CPU: 16<\/p>\n<\/td>\r\n\t  <td><img decoding=\"async\" src=\"https:\/\/webs.uab.cat\/hpca4se\/wp-content\/uploads\/sites\/299\/2013\/07\/BatmanCatwoman2scaled2.jpg\" alt=\"Batman\"><\/td>\r\n\r\n\r\n  <tr>\r\n\t  <td><strong>Catwoman<\/strong><\/td>\r\n    <td><p><strong>Especificacions t\u00e8cniques<\/strong><br \/>Memory: 128GB<br \/>Modules: 16<br \/>Module Type: Hyundai DDR3 1600 MHz<br \/>Processors: 4<br \/>Processor Type: AMD Opteron(tm) Processor 6376<br \/>Processor Clock Rate: 2.3GHz<br \/>Cores per CPU: 16<\/p>\n<\/td>\r\n\t  <td><img decoding=\"async\" src=\"https:\/\/webs.uab.cat\/hpca4se\/wp-content\/uploads\/sites\/299\/2013\/07\/BatmanCatwoman2scaled2_0.jpg\" alt=\"Catwoman\"><\/td>\r\n\r\n\r\n  <tr>\r\n\t  <td><strong>Joker<\/strong><\/td>\r\n    <td><p><strong>Especificacions t\u00e8cniques<\/strong><br \/>Mem\u00f2ria: 32GB DDR3 1333 MHz<br \/>Moduls: 4x 8GB RDIMM<br \/>Processors: 1<br \/>Processor Type: Intel Xeon Processor E5-2430, 15 MBytes cach\u00e9<br \/>Processor Clock Rate: 2.2GHz<br \/>Cores per CPU: 6<br \/>Slots: 1x PCIe 2.0 (x8) with x4 bandwith, 1x PCIe 3.0 (x16) with x16 bandwith<\/p>\n<p><strong>Enmagatzemament<\/strong><br \/>LSI Logic MegaRAID SAS 2008, 2x HD 1TB (RAID1)<\/p>\n<\/td>\r\n\t  <td><img decoding=\"async\" src=\"https:\/\/webs.uab.cat\/hpca4se\/wp-content\/uploads\/sites\/299\/2014\/02\/Joker.jpg\" alt=\"Joker\"><\/td>\r\n\r\n\r\n  <tr>\r\n\t  <td><strong>Penguin<\/strong><\/td>\r\n    <td><p><strong>Especificacions t\u00e8cniques<\/strong><br \/>Memory: 128GB<br \/>Modules: 16<br \/>Module Type: 8GB DDR3 1600 MHz, Synchronous Registered (Buffered)<br \/>Processors: 4<br \/>Processor Type: Intel(R) Xeon(R) CPU E5-4620 0 @ 2.20GHz<br \/>Processor Clock Rate: 2.2GHz<br \/>Cores per CPU: 8<br \/>Threads per Core: 2<\/p>\n<\/td>\r\n\t  <td><img decoding=\"async\" src=\"https:\/\/webs.uab.cat\/hpca4se\/wp-content\/uploads\/sites\/299\/2016\/06\/r820_0.jpg\" alt=\"Penguin\"><\/td>\r\n\r\n\r\n  <tr>\r\n\t  <td><strong>Robin<\/strong><\/td>\r\n    <td><p><strong>Especificacions t\u00e8cniques<\/strong><br \/>Memory: 64GB DDR3 1600 MHz, ECC DIMM<br \/>Processors: 1<br \/>Processor Type: Intel\u00ae Xeon\u00ae CPU E5-2630<br \/>Processor Clock Rate: 2.3 GHz<br \/>Cores per CPU: 6<\/p>\n<p><strong>Enmagatzemament<\/strong><br \/>3x Hot-swap 3.5&#8243; SATA 1TB Segate 6.0 7.2K 128 MB Megalodon (RAID5)<\/p>\n<p><strong>Coprocesadors<\/strong><br \/> 1x Intel\u00ae Xeon Phi\u2122 Coprocessor 5110P<\/p>\n<ul style=\"list-style-type: none;\">\n<li>Cores: 60 (140 threads)<\/li>\n<li>Freq\u00fc\u00e8ncia: 1.0503 GHz<\/li>\n<li>Cache L2: 30 MBytes<\/li>\n<li>Mem\u00f2ria: 8 GBytes<\/li>\n<li>Canals de mem\u00f2ria: 16<\/li>\n<li>Ample de banda de mem\u00f2ria: 320 GBytes\/s<\/li>\n<li>Velocitat de la mem\u00f2ria GDDR5: 5 GT\/s<\/li>\n<li>Suporta mem\u00f2ria ECC<\/li>\n<\/ul>\n<p>1x Nvidia GTX Titan<\/p>\n<ul style=\"list-style-type: none;\">\n<li>GPU: GK110<\/li>\n<li>CUDA 3.5<\/li>\n<li>CUDA Cores: 2688\/288<\/li>\n<li>Layout: 14SMs, 5GPCs<\/li>\n<li>Freq\u00fc\u00e8ncia (Base\/Boost): 836\/876 MHz<\/li>\n<li>Mem\u00f2ria: 6144 MBytes<\/li>\n<li>Freq\u00fc\u00e8ncia de mem\u00f2ria: 1502 MHz \/ 6008 MHz efectius<\/li>\n<li>Mem\u00f2ria de v\u00eddeo: 6144 MBytes GDDR5<\/li>\n<li>Interf\u00edcie de Mem\u00f2ria: 384 bit<\/li>\n<li>Ample de banda de mem\u00f2ria: 285 GBytes\/s<\/li>\n<li>Tipus d&#8217;interf\u00edcie: PCIe 3.0 x16<\/li>\n<\/ul>\n<\/td>\r\n\t  <td><img decoding=\"async\" src=\"https:\/\/webs.uab.cat\/hpca4se\/wp-content\/uploads\/sites\/299\/2014\/02\/robin_0.jpg\" alt=\"Robin\"><\/td>\r\n\r\n\r\n  <tr>\r\n\t  <td><strong>Sandman<\/strong><\/td>\r\n    <td><p><strong>Especificacions t\u00e8cniques<\/strong><br \/><span>Mem\u00f2ria: 64GB DDR3 1600 MHz<\/span><br \/><span>Moduls:&nbsp;4x 8GB RDIMM<\/span><br \/><span>Processors: 2<\/span><br \/><span>Processor Type: &nbsp;Intel(R) Xeon(R) CPU E5-2620 v2<\/span><br \/><span>Processor Clock Rate: 2.10GHz<\/span><br \/><span>Cores per CPU: 6<\/span><br \/>Slots: 3x PCIe 3.0 (x8), 1x PCIe (x16)<\/p>\n<p><strong>Coprocesadors<\/strong><br \/>1x Intel\u00ae Xeon Phi\u2122 Coprocessor 7120<\/p>\n<p><strong>Enmagatzemament<\/strong><br \/>RAID bus controller: LSI Logic \/ Symbios Logic MegaRAID SAS 2208<\/p>\n<\/td>\r\n\t  <td><img decoding=\"async\" src=\"https:\/\/webs.uab.cat\/hpca4se\/wp-content\/uploads\/sites\/299\/2014\/02\/huberman.png\" alt=\"Sandman\"><\/td>\r\n\r\n\r\n  <tr>\r\n\t  <td><strong>Sandman<\/strong><\/td>\r\n    <td><\/td>\r\n\t  <td><img decoding=\"async\" src=\"\" alt=\"Sandman\"><\/td>\r\n\r\n\r\n<\/table>\r\n<\/div>","protected":false},"excerpt":{"rendered":"","protected":false},"author":20,"featured_media":0,"parent":0,"menu_order":0,"comment_status":"closed","ping_status":"closed","template":"","meta":{"footnotes":""},"class_list":["post-2426","page","type-page","status-publish","hentry"],"_links":{"self":[{"href":"https:\/\/webs.uab.cat\/hpca4se\/wp-json\/wp\/v2\/pages\/2426","targetHints":{"allow":["GET"]}}],"collection":[{"href":"https:\/\/webs.uab.cat\/hpca4se\/wp-json\/wp\/v2\/pages"}],"about":[{"href":"https:\/\/webs.uab.cat\/hpca4se\/wp-json\/wp\/v2\/types\/page"}],"author":[{"embeddable":true,"href":"https:\/\/webs.uab.cat\/hpca4se\/wp-json\/wp\/v2\/users\/20"}],"replies":[{"embeddable":true,"href":"https:\/\/webs.uab.cat\/hpca4se\/wp-json\/wp\/v2\/comments?post=2426"}],"version-history":[{"count":1,"href":"https:\/\/webs.uab.cat\/hpca4se\/wp-json\/wp\/v2\/pages\/2426\/revisions"}],"predecessor-version":[{"id":2428,"href":"https:\/\/webs.uab.cat\/hpca4se\/wp-json\/wp\/v2\/pages\/2426\/revisions\/2428"}],"wp:attachment":[{"href":"https:\/\/webs.uab.cat\/hpca4se\/wp-json\/wp\/v2\/media?parent=2426"}],"curies":[{"name":"wp","href":"https:\/\/api.w.org\/{rel}","templated":true}]}}