{"id":2493,"date":"2022-12-01T10:15:50","date_gmt":"2022-12-01T08:15:50","guid":{"rendered":"https:\/\/webs.uab.cat\/hpca4se\/ofertes-laborals\/"},"modified":"2022-12-01T10:17:33","modified_gmt":"2022-12-01T08:17:33","slug":"ofertes-laborals","status":"publish","type":"page","link":"https:\/\/webs.uab.cat\/hpca4se\/ofertes-laborals\/","title":{"rendered":"Ofertes laborals"},"content":{"rendered":"\r\n<ul class=\"news-grid\">\r\n\r\n\t\r\n<li class=\"news-list-item\">\r\n\t<a href=\"https:\/\/webs.uab.cat\/hpca4se\/positions\/13a-convocatoria-la-seleccio-de-personal-investigador-en-formacio-pif\/\"><strong>13a convocat\u00f2ria per a la selecci\u00f3 de personal investigador en formaci\u00f3 (PIF)<\/strong><\/a>\r\n<\/li>\r\n\t\r\n\t\r\n<li class=\"news-list-item\">\r\n\t<a href=\"https:\/\/webs.uab.cat\/hpca4se\/positions\/nova-placa-pif-en-la-linia-de-la-bioinformatica-0\/\"><strong>Nova pla\u00e7a PIF en la l\u00ednia de la bioinform\u00e0tica<\/strong><\/a>\r\n<\/li>\r\n\t\r\n\t\r\n<li class=\"news-list-item\">\r\n\t<a href=\"https:\/\/webs.uab.cat\/hpca4se\/positions\/prova-1\/\"><strong>prova<\/strong><\/a>\r\n<\/li>\r\n\t\r\n<\/ul>\r\n","protected":false},"excerpt":{"rendered":"","protected":false},"author":20,"featured_media":0,"parent":0,"menu_order":0,"comment_status":"closed","ping_status":"closed","template":"","meta":{"footnotes":""},"class_list":["post-2493","page","type-page","status-publish","hentry"],"_links":{"self":[{"href":"https:\/\/webs.uab.cat\/hpca4se\/wp-json\/wp\/v2\/pages\/2493","targetHints":{"allow":["GET"]}}],"collection":[{"href":"https:\/\/webs.uab.cat\/hpca4se\/wp-json\/wp\/v2\/pages"}],"about":[{"href":"https:\/\/webs.uab.cat\/hpca4se\/wp-json\/wp\/v2\/types\/page"}],"author":[{"embeddable":true,"href":"https:\/\/webs.uab.cat\/hpca4se\/wp-json\/wp\/v2\/users\/20"}],"replies":[{"embeddable":true,"href":"https:\/\/webs.uab.cat\/hpca4se\/wp-json\/wp\/v2\/comments?post=2493"}],"version-history":[{"count":3,"href":"https:\/\/webs.uab.cat\/hpca4se\/wp-json\/wp\/v2\/pages\/2493\/revisions"}],"predecessor-version":[{"id":2503,"href":"https:\/\/webs.uab.cat\/hpca4se\/wp-json\/wp\/v2\/pages\/2493\/revisions\/2503"}],"wp:attachment":[{"href":"https:\/\/webs.uab.cat\/hpca4se\/wp-json\/wp\/v2\/media?parent=2493"}],"curies":[{"name":"wp","href":"https:\/\/api.w.org\/{rel}","templated":true}]}}