{"id":256,"date":"2009-05-25T13:20:37","date_gmt":"2009-05-25T11:20:37","guid":{"rendered":"https:\/\/webs.uab.cat\/hpca4se\/recerca\/"},"modified":"2022-11-30T13:35:25","modified_gmt":"2022-11-30T11:35:25","slug":"recerca","status":"publish","type":"page","link":"https:\/\/webs.uab.cat\/hpca4se\/recerca\/","title":{"rendered":"Recerca"},"content":{"rendered":"\n<p>L\u00ednies de recerca del grup:<\/p>\n\n\n\n<ul class=\"wp-block-list\"><li><strong>Aplicacions Mediambientals:<\/strong> &nbsp;Aplicaci\u00f3 del c\u00f2mput d&#8217;altes prestacions a aplicacions mediambientals (incendis forestals, clima, meteorologia, &#8230;. ). S&#8217;estudien els nous reptes computacionals i de disseny d&#8217;aquestes aplicacions multidisciplinars en l&#8217;era multi\/many core.<\/li><li><span lang=\"es-ES\"><strong>Aplicacions de Ci\u00e8ncies de la Vida:<\/strong> &nbsp;&nbsp;Aplicaci\u00f3 del c\u00f2mput d&#8217;altes prestacions a aplicacions cient\u00edfiques en l&#8217;\u00e0mbit de les Ci\u00e8ncies de la Vida (bioinform\u00e0tica, oncologia, &#8230;.). &nbsp;L&#8217;estudi d&#8217;aquestes aplicacions es centra tant en millorar el temps d&#8217;execuci\u00f3, com en el tractament del volum de dades implicades, efici\u00e8ncia &#8230; <\/span><\/li><li><strong>Models de Programaci\u00f3 i Entorns d&#8217;Execuci\u00f3:<\/strong> &nbsp;S&#8217;han de reconsiderar a la llum de les noves tend\u00e8ncies en l&#8217;arquitectura (organitzaci\u00f3 del c\u00f2mput, mem\u00f2ria i comunicacions) i dels requisits de les aplicacions seleccionades. \u00c9s obligat l&#8217;an\u00e0lisi de les solucions existents m\u00e9s adequades i el desenvolupament d&#8217;extensions espec\u00edfiques.<\/li><li><strong>Modelat, Evaluaci\u00f3 i Sintonitzaci\u00f3 de Rendiment:<\/strong> &nbsp;Els models de rendiment s\u00f3n crucials per a la programaci\u00f3 eficient i la sintonitzaci\u00f3. Han d&#8217;ampliar-se o incl\u00fas redisenyar-se per a incorporar les caracter\u00edstiques de sistemes d&#8217;altes prestacions actuals i futurs. A m\u00e9s, han de replantejar-se els mecanismes de monitoritzaci\u00f3 i sintonitzaci\u00f3 per a ser efectius en sistemes multi\/many core a gran escala.<\/li><li><strong>Mecanismes de Gesti\u00f3 de Recursos:<\/strong> &nbsp;Les pol\u00edtiques de distribuci\u00f3, asignaci\u00f3 i planificaci\u00f3 han d&#8217;analitzar-se en relaci\u00f3 al tipus de sistema i aplicaci\u00f3 considerats. S&#8217;investigaran propostes per a sistemes cluster, peer-to-peer i cloud, que incloguin la gesti\u00f3 a nivell de core.<\/li><\/ul>\n","protected":false},"excerpt":{"rendered":"<p>L\u00ednies de recerca del grup: Aplicacions Mediambientals: &nbsp;Aplicaci\u00f3 del c\u00f2mput d&#8217;altes prestacions a aplicacions mediambientals (incendis forestals, clima, meteorologia, &#8230;. ). S&#8217;estudien els nous reptes computacionals i de disseny d&#8217;aquestes aplicacions multidisciplinars en l&#8217;era multi\/many core. Aplicacions de Ci\u00e8ncies de la Vida: &nbsp;&nbsp;Aplicaci\u00f3 del c\u00f2mput d&#8217;altes prestacions a aplicacions cient\u00edfiques en l&#8217;\u00e0mbit de les Ci\u00e8ncies [&hellip;]<\/p>\n","protected":false},"author":20,"featured_media":0,"parent":0,"menu_order":0,"comment_status":"closed","ping_status":"closed","template":"","meta":{"footnotes":""},"class_list":["post-256","page","type-page","status-publish","hentry"],"_links":{"self":[{"href":"https:\/\/webs.uab.cat\/hpca4se\/wp-json\/wp\/v2\/pages\/256","targetHints":{"allow":["GET"]}}],"collection":[{"href":"https:\/\/webs.uab.cat\/hpca4se\/wp-json\/wp\/v2\/pages"}],"about":[{"href":"https:\/\/webs.uab.cat\/hpca4se\/wp-json\/wp\/v2\/types\/page"}],"author":[{"embeddable":true,"href":"https:\/\/webs.uab.cat\/hpca4se\/wp-json\/wp\/v2\/users\/20"}],"replies":[{"embeddable":true,"href":"https:\/\/webs.uab.cat\/hpca4se\/wp-json\/wp\/v2\/comments?post=256"}],"version-history":[{"count":1,"href":"https:\/\/webs.uab.cat\/hpca4se\/wp-json\/wp\/v2\/pages\/256\/revisions"}],"predecessor-version":[{"id":2303,"href":"https:\/\/webs.uab.cat\/hpca4se\/wp-json\/wp\/v2\/pages\/256\/revisions\/2303"}],"wp:attachment":[{"href":"https:\/\/webs.uab.cat\/hpca4se\/wp-json\/wp\/v2\/media?parent=256"}],"curies":[{"name":"wp","href":"https:\/\/api.w.org\/{rel}","templated":true}]}}