{"id":69,"date":"2016-04-26T14:50:35","date_gmt":"2016-04-26T14:50:35","guid":{"rendered":"https:\/\/webs.uab.cat\/hrnases\/projects\/"},"modified":"2023-11-06T09:53:50","modified_gmt":"2023-11-06T09:53:50","slug":"projects","status":"publish","type":"page","link":"https:\/\/webs.uab.cat\/hrnases\/en\/projects\/","title":{"rendered":"Projects"},"content":{"rendered":"\n<h2 class=\"wp-block-heading\">Projects<\/h2>\n\n\n\n<ul class=\"wp-block-list\" style=\"font-size:16px\">\n<li><strong>PID2022-137872NB-I00<\/strong>. Host extracellular RNases shaping the regulatory RNA network during infection. Ministerio de Ciencia e Innovaci\u00f3n. Proyectos I+D+i. Programa  Estatal de Generaci\u00f3n de Conocimiento. 09\/2023-09\/2026. <\/li>\n\n\n\n<li><\/li>\n\n\n\n<li><strong>2021 PROD 00025<\/strong>. An RNase-based drug to target antimicrobial resistance. IP: Ester Boix. UAB. PRODUCTE. Convocat\u00f2ria d\u2019Ind\u00fastria del Coneixement. AGAUR, Generalitat de Catalunya. 10\/2022-5\/2024.<\/li>\n<\/ul>\n\n\n\n<ul class=\"wp-block-list\" style=\"font-size:26px\">\n<li><span style=\"font-size: 14px\"><span style=\"font-family: arial,helvetica,sans-serif\"><strong>PID2019-106123GB-I00<\/strong>. Escisi\u00f3n de RNAs no codificantes durante la respuesta inmunitaria a procesos infecciosos. Ministerio de Ciencia e Innovaci\u00f3n. Proyectos de I+D+i. Programas estatales de Generaci\u00f3n de Conocimiento.<\/span><\/span><\/li>\n<\/ul>\n\n\n\n<ul class=\"wp-block-list\" style=\"font-size:16px\">\n<li><strong>2019 LLAV 00002<\/strong>. <span style=\"font-size: 14px\"><span style=\"font-family: arial,helvetica,sans-serif\">Projecte cofinan\u00e7at per la Uni\u00f3 Europea a trav\u00e9s del Fons Europeu de Desenvolupament Regional (FEDER), amb el suport de la Secretaria d\u2019Universitats i Recerca del Departament d\u2019Empresa i Coneixement de la Generalitat de Catalunya.<\/span><\/span><\/li>\n<\/ul>\n\n\n\n<ul class=\"wp-block-list\">\n<li><span style=\"font-size: 14px\"><span style=\"font-family: arial,helvetica,sans-serif\"><strong>TV3-201803-10<\/strong>&nbsp; Projectes de Recerca biom\u00e8dica en malalties infeccioses. Conv. 2017. Fundaci\u00f3 la marat\u00f3 de TV3.<\/span><\/span><\/li>\n<\/ul>\n\n\n\n<ul class=\"wp-block-list\">\n<li><span style=\"font-size: 14px\"><span style=\"font-family: arial,helvetica,sans-serif\"><strong>2016 PROD 00060<\/strong>. A human derived peptide (hECP-5P36) as an novel antimicrobial agent to fight bacterial resistance. Producte. Convocat\u00f2ria d\u2019Ind\u00fastria del Coneixement. AGAUR, Generalitat de Catalunya. Co-financed with FEDER funds.<\/span><\/span><\/li>\n<\/ul>\n\n\n\n<ul class=\"wp-block-list\">\n<li><span style=\"font-size: 14px\"><span style=\"font-family: arial,helvetica,sans-serif\"><strong>SAF2015-66007-P<\/strong>. Human RNases to fight antimicrobial resistance. Learning from our own innate immunity to engineer peptide-based antibiotics. Ministerio de Economia y Competitividad (MINECO). Proyectos de I+D, del Programa estatal de fomento de la investigaci\u00f3n cient\u00edfica y t\u00e9cnica de excelencia. Co-financed with FEDER funds.<\/span><\/span><\/li>\n<\/ul>\n\n\n\n<p><span style=\"font-size: 16px\"><strong>Funding:<\/strong><\/span><\/p>\n\n\n\n<figure class=\"wp-block-image size-full is-resized\"><img loading=\"lazy\" decoding=\"async\" src=\"https:\/\/webs.uab.cat\/hrnases\/wp-content\/uploads\/sites\/67\/2022\/10\/blog5-495x321-1.jpg\" alt=\"\" class=\"wp-image-181\" width=\"345\" height=\"224\" srcset=\"https:\/\/webs.uab.cat\/hrnases\/wp-content\/uploads\/sites\/67\/2022\/10\/blog5-495x321-1.jpg 495w, https:\/\/webs.uab.cat\/hrnases\/wp-content\/uploads\/sites\/67\/2022\/10\/blog5-495x321-1-300x195.jpg 300w\" sizes=\"auto, (max-width: 345px) 100vw, 345px\" \/><\/figure>\n\n\n\n<figure class=\"wp-block-image is-resized\"><img loading=\"lazy\" decoding=\"async\" src=\"https:\/\/webs.uab.cat\/hrnases\/wp-content\/uploads\/sites\/67\/2016\/04\/logo_marato.jpg\" alt=\"\" class=\"wp-image-61\" width=\"249\" height=\"69\" srcset=\"https:\/\/webs.uab.cat\/hrnases\/wp-content\/uploads\/sites\/67\/2016\/04\/logo_marato.jpg 352w, https:\/\/webs.uab.cat\/hrnases\/wp-content\/uploads\/sites\/67\/2016\/04\/logo_marato-300x84.jpg 300w\" sizes=\"auto, (max-width: 249px) 100vw, 249px\" \/><\/figure>\n\n\n\n<p><\/p>\n\n\n\n<figure class=\"wp-block-image is-resized\"><img loading=\"lazy\" decoding=\"async\" src=\"https:\/\/webs.uab.cat\/hrnases\/wp-content\/uploads\/sites\/67\/2016\/04\/scunirec_h2.jpg\" alt=\"\" class=\"wp-image-64\" width=\"407\" height=\"62\" srcset=\"https:\/\/webs.uab.cat\/hrnases\/wp-content\/uploads\/sites\/67\/2016\/04\/scunirec_h2.jpg 800w, https:\/\/webs.uab.cat\/hrnases\/wp-content\/uploads\/sites\/67\/2016\/04\/scunirec_h2-300x46.jpg 300w, https:\/\/webs.uab.cat\/hrnases\/wp-content\/uploads\/sites\/67\/2016\/04\/scunirec_h2-768x118.jpg 768w\" sizes=\"auto, (max-width: 407px) 100vw, 407px\" \/><\/figure>\n\n\n\n<figure class=\"wp-block-image is-resized\"><img loading=\"lazy\" decoding=\"async\" src=\"https:\/\/webs.uab.cat\/hrnases\/wp-content\/uploads\/sites\/67\/2016\/04\/agaur.jpg\" alt=\"\" class=\"wp-image-67\" width=\"256\" height=\"117\" srcset=\"https:\/\/webs.uab.cat\/hrnases\/wp-content\/uploads\/sites\/67\/2016\/04\/agaur.jpg 691w, https:\/\/webs.uab.cat\/hrnases\/wp-content\/uploads\/sites\/67\/2016\/04\/agaur-300x136.jpg 300w\" sizes=\"auto, (max-width: 256px) 100vw, 256px\" \/><\/figure>\n","protected":false},"excerpt":{"rendered":"<p>Projects Funding:<\/p>\n","protected":false},"author":20,"featured_media":0,"parent":0,"menu_order":0,"comment_status":"closed","ping_status":"closed","template":"","meta":{"footnotes":""},"class_list":["post-69","page","type-page","status-publish","hentry"],"_links":{"self":[{"href":"https:\/\/webs.uab.cat\/hrnases\/en\/wp-json\/wp\/v2\/pages\/69","targetHints":{"allow":["GET"]}}],"collection":[{"href":"https:\/\/webs.uab.cat\/hrnases\/en\/wp-json\/wp\/v2\/pages"}],"about":[{"href":"https:\/\/webs.uab.cat\/hrnases\/en\/wp-json\/wp\/v2\/types\/page"}],"author":[{"embeddable":true,"href":"https:\/\/webs.uab.cat\/hrnases\/en\/wp-json\/wp\/v2\/users\/20"}],"replies":[{"embeddable":true,"href":"https:\/\/webs.uab.cat\/hrnases\/en\/wp-json\/wp\/v2\/comments?post=69"}],"version-history":[{"count":13,"href":"https:\/\/webs.uab.cat\/hrnases\/en\/wp-json\/wp\/v2\/pages\/69\/revisions"}],"predecessor-version":[{"id":212,"href":"https:\/\/webs.uab.cat\/hrnases\/en\/wp-json\/wp\/v2\/pages\/69\/revisions\/212"}],"wp:attachment":[{"href":"https:\/\/webs.uab.cat\/hrnases\/en\/wp-json\/wp\/v2\/media?parent=69"}],"curies":[{"name":"wp","href":"https:\/\/api.w.org\/{rel}","templated":true}]}}